{"id":1113,"date":"2017-11-26T20:00:00","date_gmt":"2017-11-26T19:00:00","guid":{"rendered":"http:\/\/aline-voinot.com\/?page_id=1113"},"modified":"2021-06-28T15:03:08","modified_gmt":"2021-06-28T13:03:08","slug":"7eme-coalition","status":"publish","type":"page","link":"https:\/\/aline-voinot.com\/index.php\/7eme-coalition\/","title":{"rendered":"7\u00e8me coalition"},"content":{"rendered":"<p>[vc_row full_width=\u00a0\u00bbstretch_row\u00a0\u00bb css=\u00a0\u00bb.vc_custom_1591985737682{background-color: #000000 !important;}\u00a0\u00bb][vc_column width=\u00a0\u00bb1\/2&Prime;][vc_row_inner][vc_column_inner css=\u00a0\u00bb.vc_custom_1519814829730{padding-right: 50px !important;}\u00a0\u00bb][vc_column_text]<\/p>\n<h6 style=\"text-align: center;\"><span style=\"color: #ffffff;\">SYNOPSIS<\/span><\/h6>\n<table>\n<tbody>\n<tr>\n<td width=\"88\"><span style=\"color: #ffffff;\"><strong>BELLLIGERANTS<\/strong><\/span><\/td>\n<td width=\"366\"><span style=\"color: #ffffff;\">Empire fran\u00e7ais et Royaume de Naples contre Empires Russe, Autrichien, Royaumes Angleterre, Prusse, Espagne, Su\u00e8de-Norv\u00e8ge, Pays-Bas, Sardaigne, Portugal et Sicile<\/span><\/td>\n<\/tr>\n<tr>\n<td width=\"88\"><span style=\"color: #ffffff;\"><strong>DATE<\/strong><\/span><\/td>\n<td width=\"366\"><span style=\"color: #ffffff;\">10 mars 1815 &#8211; 8 juillet 1815<\/span><\/td>\n<\/tr>\n<tr>\n<td width=\"88\"><span style=\"color: #ffffff;\"><strong>LIEU<\/strong><\/span><\/td>\n<td width=\"366\"><span style=\"color: #ffffff;\">France, Belgique<\/span><\/td>\n<\/tr>\n<tr>\n<td width=\"88\"><span style=\"color: #ffffff;\"><strong>CAUSUS BELLI<\/strong><\/span><\/td>\n<td width=\"366\"><span style=\"color: #ffffff;\">Napol\u00e9on qui a fuit l&rsquo;\u00eele d&rsquo;Elbe est d\u00e9clar\u00e9 hors la loi par les puissances pr\u00e9sentes au Congr\u00e8s de Vienne. L&rsquo;objectif de cette nouvelle coalition est de l&rsquo;arr\u00eater<\/span><\/td>\n<\/tr>\n<tr>\n<td width=\"88\"><span style=\"color: #ffffff;\"><strong>CONTEXTE<\/strong><\/span><\/td>\n<td width=\"366\"><span style=\"color: #ffffff;\">Tandis que toutes les puissances travaillent depuis pr\u00e8s d&rsquo;un an sur un trait\u00e9 qui r\u00e8glera les circonstances de la paix retrouv\u00e9e, la 7\u00e8me coalition est mont\u00e9e en toute h\u00e2te, 6 jours avant l&rsquo;arriv\u00e9e de Napol\u00e9on \u00e0 Paris<\/span><\/td>\n<\/tr>\n<tr>\n<td width=\"88\"><span style=\"color: #ffffff;\"><strong>R\u00c9SULTATS<\/strong><\/span><\/td>\n<td width=\"366\"><span style=\"color: #ffffff;\">Victoire des coalis\u00e9s<\/span><\/td>\n<\/tr>\n<tr>\n<td width=\"88\"><span style=\"color: #ffffff;\"><strong>CONS\u00c9QUENCES<\/strong><\/span><\/td>\n<td width=\"366\">\n<ul>\n<li><span style=\"color: #ffffff;\">Deuxi\u00e8me exil (d\u00e9finitif) de Napol\u00e9on sur l&rsquo;\u00eele Sainte-H\u00e9l\u00e8ne<\/span><\/li>\n<li><span style=\"color: #ffffff;\">Congr\u00e8s de Vienne<\/span><\/li>\n<li><span style=\"color: #ffffff;\">Trait\u00e9 de Paris<\/span><\/li>\n<li><span style=\"color: #ffffff;\">Fin des guerres napol\u00e9oniennes<\/span><\/li>\n<\/ul>\n<\/td>\n<\/tr>\n<\/tbody>\n<\/table>\n<p>[\/vc_column_text][\/vc_column_inner][\/vc_row_inner][\/vc_column][vc_column width=\u00a0\u00bb1\/4&Prime;][vc_column_text]<\/p>\n<h6 style=\"text-align: center;\"><span style=\"color: #ffffff;\">PREMIER EMPIRE FRANCAIS<\/span><\/h6>\n<p style=\"text-align: center;\"><span style=\"color: #ffffff;\">280 000 hommes<\/span><\/p>\n<p style=\"text-align: center;\"><span style=\"color: #ffffff;\">dont 68 000 tu\u00e9s, bless\u00e9s ou faits prisonniers<\/span><\/p>\n<p>[\/vc_column_text][vc_btn title=\u00a0\u00bbPrincipaux commandants\u00a0\u00bb shape=\u00a0\u00bbsquare\u00a0\u00bb color=\u00a0\u00bbmulled-wine\u00a0\u00bb size=\u00a0\u00bblg\u00a0\u00bb align=\u00a0\u00bbcenter\u00a0\u00bb i_align=\u00a0\u00bbright\u00a0\u00bb i_type=\u00a0\u00bbentypo\u00a0\u00bb i_icon_entypo=\u00a0\u00bbentypo-icon entypo-icon-user\u00a0\u00bb button_block=\u00a0\u00bbtrue\u00a0\u00bb add_icon=\u00a0\u00bbtrue\u00a0\u00bb][vc_column_text]<\/p>\n<ul>\n<li><span style=\"color: #ffffff;\"><a style=\"color: #ffffff;\" title=\"\" href=\"https:\/\/aline-voinot.com\/index.php\/napoleon-bonaparte\/\">Napol\u00e9on\u00a0<abbr class=\"abbr\" title=\"premier\">I<sup>er<\/sup><\/abbr><\/a><\/span><\/li>\n<li><span style=\"color: #ffffff;\"><a style=\"color: #ffffff;\" title=\"Michel Ney\" href=\"https:\/\/aline-voinot.com\/index.php\/michel-ney-duc-delchingen-prince-de-la-moskowa\/\">Michel Ney<\/a><\/span><\/li>\n<li><span style=\"color: #ffffff;\"><a style=\"color: #ffffff;\" title=\"Emmanuel de Grouchy\" href=\"https:\/\/aline-voinot.com\/index.php\/emmanuel-de-grouchy\/\">Emmanuel de Grouchy<\/a><\/span><\/li>\n<li><span style=\"color: #ffffff;\"><a style=\"color: #ffffff;\" title=\"Jean-de-Dieu Soult\" href=\"https:\/\/aline-voinot.com\/index.php\/jean-de-dieu-soult\/\">Jean-de-Dieu Soult<\/a><\/span><\/li>\n<li><span style=\"color: #ffffff;\"><a style=\"color: #ffffff;\" title=\"Louis Nicolas Davout\" href=\"https:\/\/fr.wikipedia.org\/wiki\/Louis_Nicolas_Davout\">Louis Nicolas Davout<\/a><\/span><\/li>\n<li><span style=\"color: #ffffff;\"><a style=\"color: #ffffff;\" title=\"R\u00e9my Joseph Isidore Exelmans\" href=\"https:\/\/fr.wikipedia.org\/wiki\/R%C3%A9my_Joseph_Isidore_Exelmans\">Isidore Exelmans<\/a><\/span><\/li>\n<li><span style=\"color: #ffffff;\"><a style=\"color: #ffffff;\" title=\"Joachim Murat\" href=\"https:\/\/fr.wikipedia.org\/wiki\/Joachim_Murat\">Joachim Murat<\/a><\/span><\/li>\n<li><\/li>\n<\/ul>\n<p>[\/vc_column_text][vc_btn title=\u00a0\u00bbTome 1&Prime; color=\u00a0\u00bbdanger\u00a0\u00bb size=\u00a0\u00bbxs\u00a0\u00bb][\/vc_column][vc_column width=\u00a0\u00bb1\/4&Prime;][vc_column_text]<\/p>\n<h6 style=\"text-align: center;\"><span style=\"color: #ffffff;\">SEPT\u00c8ME COALITION<\/span><\/h6>\n<p style=\"text-align: center;\"><span style=\"color: #ffffff;\">900 000 hommes dont 51 000 <\/span><\/p>\n<p style=\"text-align: center;\"><span style=\"color: #ffffff;\">tu\u00e9s, bless\u00e9s ou faits prisonniers<\/span><\/p>\n<p>[\/vc_column_text][vc_empty_space height=\u00a0\u00bb25px\u00a0\u00bb][vc_btn title=\u00a0\u00bbPrincipaux commandants\u00a0\u00bb shape=\u00a0\u00bbsquare\u00a0\u00bb color=\u00a0\u00bbmulled-wine\u00a0\u00bb size=\u00a0\u00bblg\u00a0\u00bb align=\u00a0\u00bbcenter\u00a0\u00bb i_align=\u00a0\u00bbright\u00a0\u00bb i_type=\u00a0\u00bbentypo\u00a0\u00bb i_icon_entypo=\u00a0\u00bbentypo-icon entypo-icon-user\u00a0\u00bb button_block=\u00a0\u00bbtrue\u00a0\u00bb add_icon=\u00a0\u00bbtrue\u00a0\u00bb][vc_column_text]<\/p>\n<ul>\n<li><span style=\"color: #ffffff;\"><a style=\"color: #ffffff;\" title=\"\" href=\"https:\/\/aline-voinot.com\/index.php\/arthur-wellesley-duc-de-wellington\/\">Arthur Wellesley de Wellington<\/a><\/span><\/li>\n<li><span style=\"color: #ffffff;\"><a style=\"color: #ffffff;\" title=\"Gebhard Leberecht von Bl\u00fccher\" href=\"https:\/\/fr.wikipedia.org\/wiki\/Gebhard_Leberecht_von_Bl%C3%BCcher\">Gebhard von Bl\u00fccher<\/a><\/span><\/li>\n<li><span style=\"color: #ffffff;\"><a style=\"color: #ffffff;\" title=\"Johann von Thielmann\" href=\"https:\/\/fr.wikipedia.org\/wiki\/Johann_von_Thielmann\">Johann von Thielmann<\/a><\/span><\/li>\n<li><span style=\"color: #ffffff;\"><a style=\"color: #ffffff;\" title=\"Friedrich Wilhelm B\u00fclow von Dennewitz\" href=\"https:\/\/fr.wikipedia.org\/wiki\/Friedrich_Wilhelm_B%C3%BClow_von_Dennewitz\">Friedrich von B\u00fclow<\/a><\/span><\/li>\n<li><span style=\"color: #ffffff;\"><a style=\"color: #ffffff;\" title=\"Adam Albert de Neipperg\" href=\"https:\/\/fr.wikipedia.org\/wiki\/Adam_Albert_de_Neipperg\">Adam Albert de Neipperg<\/a><\/span><\/li>\n<\/ul>\n<p>[\/vc_column_text][\/vc_column][\/vc_row][vc_row][vc_column][vc_row_inner][vc_column_inner width=\u00a0\u00bb1\/4&Prime;][vc_btn title=\u00a0\u00bbCampagne de Belgique\u00a0\u00bb shape=\u00a0\u00bbsquare\u00a0\u00bb color=\u00a0\u00bbprimary\u00a0\u00bb size=\u00a0\u00bblg\u00a0\u00bb align=\u00a0\u00bbcenter\u00a0\u00bb i_align=\u00a0\u00bbright\u00a0\u00bb i_icon_fontawesome=\u00a0\u00bbfa fa-eye\u00a0\u00bb add_icon=\u00a0\u00bbtrue\u00a0\u00bb link=\u00a0\u00bburl:http%3A%2F%2Faline-voinot.com%2Findex.php%2Fcampagne-de-belgique%2F|||\u00a0\u00bb][\/vc_column_inner][vc_column_inner width=\u00a0\u00bb1\/4&Prime;][vc_btn title=\u00a0\u00bbCampagne de France\u00a0\u00bb shape=\u00a0\u00bbsquare\u00a0\u00bb color=\u00a0\u00bbwhite\u00a0\u00bb size=\u00a0\u00bblg\u00a0\u00bb align=\u00a0\u00bbcenter\u00a0\u00bb][\/vc_column_inner][vc_column_inner width=\u00a0\u00bb1\/4&Prime;][vc_btn title=\u00a0\u00bbGuerre napolitaine\u00a0\u00bb shape=\u00a0\u00bbsquare\u00a0\u00bb color=\u00a0\u00bbwhite\u00a0\u00bb size=\u00a0\u00bblg\u00a0\u00bb align=\u00a0\u00bbcenter\u00a0\u00bb][\/vc_column_inner][vc_column_inner width=\u00a0\u00bb1\/4&Prime;][vc_btn title=\u00a0\u00bbGuerre de Vend\u00e9e &amp; de Chouannerie\u00a0\u00bb shape=\u00a0\u00bbsquare\u00a0\u00bb color=\u00a0\u00bbwhite\u00a0\u00bb size=\u00a0\u00bblg\u00a0\u00bb align=\u00a0\u00bbcenter\u00a0\u00bb link=\u00a0\u00bb|||\u00a0\u00bb][\/vc_column_inner][\/vc_row_inner][vc_column_text]<\/p>\n<p>[\/vc_column_text][\/vc_column][\/vc_row][vc_row][vc_column][vc_single_image image=\u00a0\u00bb24128&Prime; img_size=\u00a0\u00bbfull\u00a0\u00bb][vc_btn title=\u00a0\u00bbCarte de l&rsquo;Europe en 1815  Situation politique apr\u00e8s le Congr\u00e8s de Vienne en juin 1815 &#8211; source Alexander Altenhof (Wikipedia)\u00a0\u00bb shape=\u00a0\u00bbsquare\u00a0\u00bb color=\u00a0\u00bbmulled-wine\u00a0\u00bb size=\u00a0\u00bblg\u00a0\u00bb align=\u00a0\u00bbcenter\u00a0\u00bb i_align=\u00a0\u00bbright\u00a0\u00bb i_icon_fontawesome=\u00a0\u00bbfa fa-copyright\u00a0\u00bb button_block=\u00a0\u00bbtrue\u00a0\u00bb add_icon=\u00a0\u00bbtrue\u00a0\u00bb link=\u00a0\u00bburl:https%3A%2F%2Ffr.m.wikipedia.org%2Fwiki%2FFichier%3AEurope_1815_map_en.png||target:%20_blank|\u00a0\u00bb][\/vc_column][\/vc_row]<\/p>\n","protected":false},"excerpt":{"rendered":"<p>[vc_row full_width=\u00a0\u00bbstretch_row\u00a0\u00bb css=\u00a0\u00bb.vc_custom_1591985737682{background-color: #000000 !important;}\u00a0\u00bb][vc_column width=\u00a0\u00bb1\/2&Prime;][vc_row_inner][vc_column_inner css=\u00a0\u00bb.vc_custom_1519814829730{padding-right: 50px !important;}\u00a0\u00bb][vc_column_text] SYNOPSIS BELLLIGERANTS Empire fran\u00e7ais et Royaume de Naples contre Empires Russe, Autrichien, Royaumes Angleterre, Prusse, Espagne, Su\u00e8de-Norv\u00e8ge, Pays-Bas, Sardaigne, Portugal et Sicile DATE 10 mars 1815 &#8211; 8 juillet 1815 LIEU<\/p>\n","protected":false},"author":1,"featured_media":0,"parent":0,"menu_order":0,"comment_status":"closed","ping_status":"closed","template":"","meta":{"footnotes":""},"class_list":["post-1113","page","type-page","status-publish","hentry"],"yoast_head":"<!-- This site is optimized with the Yoast SEO plugin v22.8 - https:\/\/yoast.com\/wordpress\/plugins\/seo\/ -->\n<title>7\u00e8me coalition - L&#039;Histoire est un roman...<\/title>\n<meta name=\"robots\" content=\"index, follow, max-snippet:-1, max-image-preview:large, max-video-preview:-1\" \/>\n<link rel=\"canonical\" href=\"https:\/\/aline-voinot.com\/index.php\/7eme-coalition\/\" \/>\n<meta property=\"og:locale\" content=\"fr_FR\" \/>\n<meta property=\"og:type\" content=\"article\" \/>\n<meta property=\"og:title\" content=\"7\u00e8me coalition - L&#039;Histoire est un roman...\" \/>\n<meta property=\"og:description\" content=\"[vc_row full_width=\u00a0\u00bbstretch_row\u00a0\u00bb css=\u00a0\u00bb.vc_custom_1591985737682{background-color: #000000 !important;}\u00a0\u00bb][vc_column width=\u00a0\u00bb1\/2&Prime;][vc_row_inner][vc_column_inner css=\u00a0\u00bb.vc_custom_1519814829730{padding-right: 50px !important;}\u00a0\u00bb][vc_column_text] SYNOPSIS BELLLIGERANTS Empire fran\u00e7ais et Royaume de Naples contre Empires Russe, Autrichien, Royaumes Angleterre, Prusse, Espagne, Su\u00e8de-Norv\u00e8ge, Pays-Bas, Sardaigne, Portugal et Sicile DATE 10 mars 1815 &#8211; 8 juillet 1815 LIEU\" \/>\n<meta property=\"og:url\" content=\"https:\/\/aline-voinot.com\/index.php\/7eme-coalition\/\" \/>\n<meta property=\"og:site_name\" content=\"L&#039;Histoire est un roman...\" \/>\n<meta property=\"article:modified_time\" content=\"2021-06-28T13:03:08+00:00\" \/>\n<meta name=\"twitter:card\" content=\"summary_large_image\" \/>\n<meta name=\"twitter:label1\" content=\"Dur\u00e9e de lecture estim\u00e9e\" \/>\n\t<meta name=\"twitter:data1\" content=\"3 minutes\" \/>\n<script type=\"application\/ld+json\" class=\"yoast-schema-graph\">{\"@context\":\"https:\/\/schema.org\",\"@graph\":[{\"@type\":\"WebPage\",\"@id\":\"https:\/\/aline-voinot.com\/index.php\/7eme-coalition\/\",\"url\":\"https:\/\/aline-voinot.com\/index.php\/7eme-coalition\/\",\"name\":\"7\u00e8me coalition - L&#039;Histoire est un roman...\",\"isPartOf\":{\"@id\":\"https:\/\/aline-voinot.com\/#website\"},\"datePublished\":\"2017-11-26T19:00:00+00:00\",\"dateModified\":\"2021-06-28T13:03:08+00:00\",\"breadcrumb\":{\"@id\":\"https:\/\/aline-voinot.com\/index.php\/7eme-coalition\/#breadcrumb\"},\"inLanguage\":\"fr-FR\",\"potentialAction\":[{\"@type\":\"ReadAction\",\"target\":[\"https:\/\/aline-voinot.com\/index.php\/7eme-coalition\/\"]}]},{\"@type\":\"BreadcrumbList\",\"@id\":\"https:\/\/aline-voinot.com\/index.php\/7eme-coalition\/#breadcrumb\",\"itemListElement\":[{\"@type\":\"ListItem\",\"position\":1,\"name\":\"Accueil\",\"item\":\"https:\/\/aline-voinot.com\/\"},{\"@type\":\"ListItem\",\"position\":2,\"name\":\"7\u00e8me coalition\"}]},{\"@type\":\"WebSite\",\"@id\":\"https:\/\/aline-voinot.com\/#website\",\"url\":\"https:\/\/aline-voinot.com\/\",\"name\":\"L&#039;Histoire est un roman...\",\"description\":\"&quot;Destins connus, destins crois\u00e9s&quot; la premi\u00e8re encyclop\u00e9die romanc\u00e9e...\",\"potentialAction\":[{\"@type\":\"SearchAction\",\"target\":{\"@type\":\"EntryPoint\",\"urlTemplate\":\"https:\/\/aline-voinot.com\/?s={search_term_string}\"},\"query-input\":\"required name=search_term_string\"}],\"inLanguage\":\"fr-FR\"}]}<\/script>\n<!-- \/ Yoast SEO plugin. -->","yoast_head_json":{"title":"7\u00e8me coalition - L&#039;Histoire est un roman...","robots":{"index":"index","follow":"follow","max-snippet":"max-snippet:-1","max-image-preview":"max-image-preview:large","max-video-preview":"max-video-preview:-1"},"canonical":"https:\/\/aline-voinot.com\/index.php\/7eme-coalition\/","og_locale":"fr_FR","og_type":"article","og_title":"7\u00e8me coalition - L&#039;Histoire est un roman...","og_description":"[vc_row full_width=\u00a0\u00bbstretch_row\u00a0\u00bb css=\u00a0\u00bb.vc_custom_1591985737682{background-color: #000000 !important;}\u00a0\u00bb][vc_column width=\u00a0\u00bb1\/2&Prime;][vc_row_inner][vc_column_inner css=\u00a0\u00bb.vc_custom_1519814829730{padding-right: 50px !important;}\u00a0\u00bb][vc_column_text] SYNOPSIS BELLLIGERANTS Empire fran\u00e7ais et Royaume de Naples contre Empires Russe, Autrichien, Royaumes Angleterre, Prusse, Espagne, Su\u00e8de-Norv\u00e8ge, Pays-Bas, Sardaigne, Portugal et Sicile DATE 10 mars 1815 &#8211; 8 juillet 1815 LIEU","og_url":"https:\/\/aline-voinot.com\/index.php\/7eme-coalition\/","og_site_name":"L&#039;Histoire est un roman...","article_modified_time":"2021-06-28T13:03:08+00:00","twitter_card":"summary_large_image","twitter_misc":{"Dur\u00e9e de lecture estim\u00e9e":"3 minutes"},"schema":{"@context":"https:\/\/schema.org","@graph":[{"@type":"WebPage","@id":"https:\/\/aline-voinot.com\/index.php\/7eme-coalition\/","url":"https:\/\/aline-voinot.com\/index.php\/7eme-coalition\/","name":"7\u00e8me coalition - L&#039;Histoire est un roman...","isPartOf":{"@id":"https:\/\/aline-voinot.com\/#website"},"datePublished":"2017-11-26T19:00:00+00:00","dateModified":"2021-06-28T13:03:08+00:00","breadcrumb":{"@id":"https:\/\/aline-voinot.com\/index.php\/7eme-coalition\/#breadcrumb"},"inLanguage":"fr-FR","potentialAction":[{"@type":"ReadAction","target":["https:\/\/aline-voinot.com\/index.php\/7eme-coalition\/"]}]},{"@type":"BreadcrumbList","@id":"https:\/\/aline-voinot.com\/index.php\/7eme-coalition\/#breadcrumb","itemListElement":[{"@type":"ListItem","position":1,"name":"Accueil","item":"https:\/\/aline-voinot.com\/"},{"@type":"ListItem","position":2,"name":"7\u00e8me coalition"}]},{"@type":"WebSite","@id":"https:\/\/aline-voinot.com\/#website","url":"https:\/\/aline-voinot.com\/","name":"L&#039;Histoire est un roman...","description":"&quot;Destins connus, destins crois\u00e9s&quot; la premi\u00e8re encyclop\u00e9die romanc\u00e9e...","potentialAction":[{"@type":"SearchAction","target":{"@type":"EntryPoint","urlTemplate":"https:\/\/aline-voinot.com\/?s={search_term_string}"},"query-input":"required name=search_term_string"}],"inLanguage":"fr-FR"}]}},"_links":{"self":[{"href":"https:\/\/aline-voinot.com\/index.php\/wp-json\/wp\/v2\/pages\/1113","targetHints":{"allow":["GET"]}}],"collection":[{"href":"https:\/\/aline-voinot.com\/index.php\/wp-json\/wp\/v2\/pages"}],"about":[{"href":"https:\/\/aline-voinot.com\/index.php\/wp-json\/wp\/v2\/types\/page"}],"author":[{"embeddable":true,"href":"https:\/\/aline-voinot.com\/index.php\/wp-json\/wp\/v2\/users\/1"}],"replies":[{"embeddable":true,"href":"https:\/\/aline-voinot.com\/index.php\/wp-json\/wp\/v2\/comments?post=1113"}],"version-history":[{"count":0,"href":"https:\/\/aline-voinot.com\/index.php\/wp-json\/wp\/v2\/pages\/1113\/revisions"}],"wp:attachment":[{"href":"https:\/\/aline-voinot.com\/index.php\/wp-json\/wp\/v2\/media?parent=1113"}],"curies":[{"name":"wp","href":"https:\/\/api.w.org\/{rel}","templated":true}]}}