{"id":1195,"date":"2018-02-07T17:25:24","date_gmt":"2018-02-07T16:25:24","guid":{"rendered":"http:\/\/aline-voinot.com\/?page_id=1195"},"modified":"2022-11-19T23:13:35","modified_gmt":"2022-11-19T22:13:35","slug":"testament-de-ludwig-van-beethoven","status":"publish","type":"page","link":"https:\/\/aline-voinot.com\/index.php\/testament-de-ludwig-van-beethoven\/","title":{"rendered":"Le testament de Ludwig van Beethoven"},"content":{"rendered":"<p>[vc_row full_width=\u00a0\u00bbstretch_row\u00a0\u00bb css=\u00a0\u00bb.vc_custom_1513000693114{background-color: #272727 !important;}\u00a0\u00bb][vc_column width=\u00a0\u00bb1\/6&Prime;][vc_single_image image=\u00a0\u00bb1528&Prime; img_size=\u00a0\u00bb150X150&Prime; alignment=\u00a0\u00bbcenter\u00a0\u00bb][\/vc_column][vc_column width=\u00a0\u00bb1\/6&Prime;][vc_btn title=\u00a0\u00bbPortraits\u00a0\u00bb size=\u00a0\u00bblg\u00a0\u00bb align=\u00a0\u00bbcenter\u00a0\u00bb button_block=\u00a0\u00bbtrue\u00a0\u00bb link=\u00a0\u00bburl:http%3A%2F%2Faline-voinot.com%2Findex.php%2Fludwig-van-beethoven%2F|||\u00a0\u00bb][vc_btn title=\u00a0\u00bbR\u00e9sidences\u00a0\u00bb size=\u00a0\u00bblg\u00a0\u00bb align=\u00a0\u00bbcenter\u00a0\u00bb button_block=\u00a0\u00bbtrue\u00a0\u00bb link=\u00a0\u00bburl:http%3A%2F%2Faline-voinot.com%2Findex.php%2Fresidences-de-ludwig-van-beethoven%2F|||\u00a0\u00bb][\/vc_column][vc_column width=\u00a0\u00bb1\/6&Prime;][vc_btn title=\u00a0\u00bbR\u00e9seau Social\u00a0\u00bb size=\u00a0\u00bblg\u00a0\u00bb align=\u00a0\u00bbcenter\u00a0\u00bb button_block=\u00a0\u00bbtrue\u00a0\u00bb link=\u00a0\u00bburl:http%3A%2F%2Faline-voinot.com%2Findex.php%2Freseau-social-de-ludwig-van-beethoven%2F|||\u00a0\u00bb][vc_btn title=\u00a0\u00bbG\u00e9n\u00e9alogie\u00a0\u00bb size=\u00a0\u00bblg\u00a0\u00bb align=\u00a0\u00bbcenter\u00a0\u00bb button_block=\u00a0\u00bbtrue\u00a0\u00bb link=\u00a0\u00bburl:http%3A%2F%2Faline-voinot.com%2Findex.php%2Fgenealogie-de-ludwig-van-beethoven%2F|||\u00a0\u00bb][\/vc_column][vc_column width=\u00a0\u00bb1\/6&Prime;][vc_btn title=\u00a0\u00bb\u0152uvres\u00a0\u00bb size=\u00a0\u00bblg\u00a0\u00bb align=\u00a0\u00bbcenter\u00a0\u00bb button_block=\u00a0\u00bbtrue\u00a0\u00bb link=\u00a0\u00bburl:http%3A%2F%2Faline-voinot.com%2Findex.php%2Foeuvres-de-ludwig-van-beethoven%2F|||\u00a0\u00bb][vc_btn title=\u00a0\u00bbS\u00e9pulture\u00a0\u00bb size=\u00a0\u00bblg\u00a0\u00bb align=\u00a0\u00bbcenter\u00a0\u00bb button_block=\u00a0\u00bbtrue\u00a0\u00bb link=\u00a0\u00bburl:http%3A%2F%2Faline-voinot.com%2Findex.php%2Fsepulture-de-ludwig-van-beethoven%2F|||\u00a0\u00bb][\/vc_column][vc_column width=\u00a0\u00bb1\/6&Prime;][vc_btn title=\u00a0\u00bbWikipedia\u00a0\u00bb size=\u00a0\u00bblg\u00a0\u00bb align=\u00a0\u00bbcenter\u00a0\u00bb button_block=\u00a0\u00bbtrue\u00a0\u00bb link=\u00a0\u00bburl:https%3A%2F%2Ffr.wikipedia.org%2Fwiki%2FLudwig_van_Beethoven|||\u00a0\u00bb][vc_btn title=\u00a0\u00bbTestament\u00a0\u00bb color=\u00a0\u00bbdanger\u00a0\u00bb size=\u00a0\u00bblg\u00a0\u00bb align=\u00a0\u00bbcenter\u00a0\u00bb button_block=\u00a0\u00bbtrue\u00a0\u00bb link=\u00a0\u00bburl:http%3A%2F%2Faline-voinot.com%2Findex.php%2Ftestament-de-ludwig-van-beethoven%2F|||\u00a0\u00bb][\/vc_column][vc_column width=\u00a0\u00bb1\/6&Prime;][\/vc_column][\/vc_row][vc_column][\/vc_column][vc_row][vc_column][vc_empty_space][vc_btn title=\u00a0\u00bbTestament manuscrit de Ludwig van Beethoven\u00a0\u00bb shape=\u00a0\u00bbsquare\u00a0\u00bb color=\u00a0\u00bbinverse\u00a0\u00bb size=\u00a0\u00bblg\u00a0\u00bb align=\u00a0\u00bbcenter\u00a0\u00bb button_block=\u00a0\u00bbtrue\u00a0\u00bb][vc_single_image image=\u00a0\u00bb2446&Prime; img_size=\u00a0\u00bbfull\u00a0\u00bb alignment=\u00a0\u00bbcenter\u00a0\u00bb][\/vc_column][\/vc_row][vc_row][vc_column][vc_btn title=\u00a0\u00bbTraduction du testament de Ludwig van Beethoven\u00a0\u00bb shape=\u00a0\u00bbsquare\u00a0\u00bb color=\u00a0\u00bbdanger\u00a0\u00bb size=\u00a0\u00bblg\u00a0\u00bb align=\u00a0\u00bbcenter\u00a0\u00bb button_block=\u00a0\u00bbtrue\u00a0\u00bb][vc_column_text css=\u00a0\u00bb.vc_custom_1519644628159{padding-top: 10px !important;padding-bottom: 10px !important;background-color: #bcbcbc !important;}\u00a0\u00bb]<\/p>\n<p style=\"text-align: center;\"><span style=\"color: #000000;\">TRADUCTION DU TESTAMENT DE LUDWIG VAN BEETHOVEN<\/span><\/p>\n<p>[\/vc_column_text][vc_column_text]<\/p>\n<table border=\"0\" width=\"90%\" cellspacing=\"10\" cellpadding=\"10\" align=\"center\">\n<tbody>\n<tr>\n<td>\n<p class=\"ecrit\">A mes fr\u00e8res Carl et &nbsp;&nbsp;&nbsp;&nbsp;&nbsp;&nbsp; Beethowen<\/p>\n<p class=\"ecrit\">Oh ! Vous autres qui me croyez hostile, r\u00e9barbatif ou misanthrope, ou me d\u00e9clarez tel, comme vous me faites tort, car vous ne savez rien de la cause secr\u00e8te de ce qui vous semble tel. D\u00e8s l&rsquo;enfance mon coeur et mes sens \u00e9taient faits pour les tendres sentiments de bienveillance ; j&rsquo;\u00e9tais m\u00eame toujours pr\u00eat \u00e0 faire de grandes actions. Consid\u00e9rez donc que, depuis six ans, je suis dans un \u00e9tat d\u00e9sastreux, empir\u00e9 par des m\u00e9decins stupides, d&rsquo;ann\u00e9e en ann\u00e9e, tromp\u00e9 par l&rsquo;espoir d&rsquo;aller mieux et, finalement, forc\u00e9 d&rsquo;envisager un mal interminable, dont la gu\u00e9rison durerait des ann\u00e9es ou serait m\u00eame impossible.<\/p>\n<p class=\"ecrit\">N\u00e9 avec un temp\u00e9rament fougueux, sensible m\u00eame aux plaisirs de la soci\u00e9t\u00e9, je dus tr\u00e8s vite m&rsquo;isoler, passer ma vie dans la solitude. Si, de temps en temps, je voulais \u00e9chapper \u00e0 tout cela, comme j&rsquo;\u00e9tais durement repouss\u00e9 par la triste exp\u00e9rience, doubl\u00e9e de mon ou\u00efe si mauvaise. Il ne m&rsquo;\u00e9tait cependant pas possible de dire aux gens : parlez plus haut, criez, car je suis sourd.<\/p>\n<p class=\"ecrit\">Comment me serait-il possible d&rsquo;admettre la faiblesse d&rsquo;un sens qui chez moi devrait \u00eatre d&rsquo;un degr\u00e9 plus parfait que chez les autres, un sens que je poss\u00e9dais autrefois \u00e0 un tel degr\u00e9 de perfection que peu de gens de ma profession l&rsquo;ont, ou l&rsquo;ont eu.<\/p>\n<p class=\"ecrit\">Oh ! Je ne le puis, c&rsquo;est pourquoi vous devrez me pardonner, lorsque vous verrez que je me retire quand j&rsquo;aimerais tant me m\u00ealer \u00e0 vous. Mon malheur me fait doublement mal, car \u00e0 cause de lui, je suis m\u00e9connu. Pour moi il n&rsquo;y a ni r\u00e9cr\u00e9ation en soci\u00e9t\u00e9, ni fines conversations, ni \u00e9panchements mutuels. Il ne m&rsquo;est permis de me m\u00ealer \u00e0 la soci\u00e9t\u00e9 que lorsque la plus haute n\u00e9cessit\u00e9 l&rsquo;exige. Il me faut vivre comme un proscrit &#8211; quand je m&rsquo;approche d&rsquo;une soci\u00e9t\u00e9, une peur poignante d&rsquo;\u00eatre oblig\u00e9 de laisser voir mon \u00e9tat me saisit.<\/p>\n<p class=\"ecrit\">Il en fut ainsi pendant les six mois que je passais \u00e0 la campagne, ayant suivi le conseil de mon raisonnable m\u00e9decin, de m\u00e9nager, autant que possible, mon ou\u00efe, qui d\u00e9j\u00e0 correspondait presque \u00e0 mon actuelle disposition naturelle. Quelquefois, pouss\u00e9 par mon besoin de compagnie, je me laissais tout de m\u00eame tenter ; mais quelle humiliation quand quelqu&rsquo;un, \u00e0 c\u00f4t\u00e9 de moi, entendait une fl\u00fbte, et que moi je n&rsquo;entendais rien ; ou que quelqu&rsquo;un entendait chanter le berger et que je n&rsquo;entendais rien non plus.<\/p>\n<p class=\"ecrit\">De tels incidents me portaient presque au d\u00e9sespoir et il s&rsquo;en fallut de peu que je ne misse fin \u00e0 ma vie, mais seul, lui, l&rsquo;art m&rsquo;en retint. Oh ! Il me semblait impossible de quitter ce monde avant d&rsquo;avoir accompli ce \u00e0 quoi je me sentais dispos\u00e9 et, ainsi je prolongeai cette vie mis\u00e9rable, vraiment mis\u00e9rable, cette nature si fragile qu&rsquo;un assez rapide changement me fit passer du meilleur \u00e9tat dans le pire.<\/p>\n<p class=\"ecrit\">Patience, c&rsquo;est vous que d\u00e9sormais je dois choisir comme guide, comme on me le dit ; c&rsquo;est fait &#8211; j&rsquo;esp\u00e8re que ma d\u00e9cision de pers\u00e9v\u00e9rer sera durable, jusqu&rsquo;\u00e0 ce qu&rsquo;il plaise aux inexorables Parques de rompre le fil. Peut-\u00eatre les choses iront-elles mieux, peut-\u00eatre que non, je suis pr\u00eat \u00e0 subir mon sort, forc\u00e9 que je fus, d\u00e8s ma vingt-huiti\u00e8me ann\u00e9e, \u00e0 \u00eatre philosophe. Ce n&rsquo;est pas facile, et pour un artiste c&rsquo;est plus difficile que pour tout autre.<\/p>\n<p class=\"ecrit\">Divinit\u00e9, du haut tu vois sur mon \u00e2me, tu la connais, tu sais que l&rsquo;amour du prochain et le besoin de faire le bien l&rsquo;habitent. Oh ! Humains, quand vous lirez ceci, pensez que vous m&rsquo;avez fait du tort, que les malheureux se consolent d&rsquo;avoir trouv\u00e9 un de leurs semblables qui, malgr\u00e9 tous les obstacles de la nature, a fait tout ce qui \u00e9tait en son pouvoir pour \u00eatre recueilli dans le rang des artistes et des hommes dignes.<\/p>\n<p class=\"ecrit\">Vous, mes fr\u00e8res, Carl et &nbsp;&nbsp;&nbsp;&nbsp;&nbsp;&nbsp;, d\u00e8s que je serai mort, si le professeur Schmidt vit encore, priez-le, en mon nom, de faire une description de ma maladie et ajoutez cette feuille \u00e0 l&rsquo;histoire de ma maladie, afin qu&rsquo;au moins, apr\u00e8s ma mort, le monde se r\u00e9concilie avec moi autant que possible.<\/p>\n<p class=\"ecrit\">En m\u00eame temps, je vous d\u00e9clare ici, tous deux, h\u00e9ritiers de ma petite fortune (si l&rsquo;on peut dire ainsi). Partagez-l\u00e0 honn\u00eatement, entendez-vous<i>,&nbsp;<\/i>et aidez-vous mutuellement. Ce que vous m&rsquo;avez fait de mal, vous le savez, vous est depuis longtemps pardonn\u00e9. Toi, cher fr\u00e8re Carl, je te remercie en particulier de l&rsquo;attachement que tu m&rsquo;as prouv\u00e9 ces derniers temps. Mon vou est que vous ayez une vie meilleure que la mienne, exempte de soucis. Recommandez la vertu \u00e0 vos enfants, elle seule, et non l&rsquo;argent, peut les rendre heureux. J&rsquo;en parle par exp\u00e9rience, c&rsquo;est elle qui m&rsquo;a soutenu, m\u00eame dans le malheur, c&rsquo;est \u00e0 elle ainsi qu&rsquo;\u00e0 mon art que je dois de n&rsquo;avoir pas mis fin \u00e0 mes jours par un suicide. Adieu, aimez-vous ! Je remercie tous mes amis, en particulier le prince Lichnowski et le professeur Schmidt. Je d\u00e9sirerais que les instruments du prince L. soient gard\u00e9s chez l&rsquo;un de vous deux, mais qu&rsquo;aucune dispute ne s&rsquo;\u00e9l\u00e8ve entre vous \u00e0 cause d&rsquo;eux. D\u00e8s qu&rsquo;ils pourront vous \u00eatre d&rsquo;un plus grand profit, vendez-les.<\/p>\n<p class=\"ecrit\">Combien je serai heureux, si m\u00eame sous la tombe, je puis vous \u00eatre encore utile. Alors, ce serait fini, joyeux, je cours \u00e0 la rencontre de la mort. Si elle vient avant que je n&rsquo;aie eu l&rsquo;occasion de d\u00e9velopper toutes mes capacit\u00e9s artistiques, elle viendra trop t\u00f4t, malgr\u00e9 mon triste sort et, j&rsquo;aimerais bien qu&rsquo;elle vienne plus tard. Mais alors je serai aussi content ; ne me lib\u00e9rera-t-elle pas d&rsquo;un \u00e9tat de souffrances sans fin ? Viens quand tu voudras, je vais \u00e0 ta rencontre avec courage. Adieu, ne m&rsquo;oubliez pas apr\u00e8s ma mort, je ne l&rsquo;ai pas m\u00e9rit\u00e9 ayant dans ma vie souvent pens\u00e9 \u00e0 vous rendre heureux, soyez-le.<\/p>\n<\/td>\n<\/tr>\n<tr>\n<td align=\"center\">\n<table border=\"0\" width=\"100%\" cellspacing=\"0\" cellpadding=\"10\">\n<tbody>\n<tr>\n<td class=\"ecrit\">Heiglnstadt<br \/>\nle 6 octobre 1802<\/td>\n<td class=\"ecrit\" align=\"right\">Ludwig van Beethowen<\/td>\n<\/tr>\n<\/tbody>\n<\/table>\n<\/td>\n<\/tr>\n<\/tbody>\n<\/table>\n<p>[\/vc_column_text][vc_column_text]En savoir plus : <a href=\"https:\/\/fr.wikipedia.org\/wiki\/Testament_de_Heiligenstadt\" target=\"_blank\" rel=\"noopener\">WIKIPEDIA<\/a>[\/vc_column_text][\/vc_column][\/vc_row]<\/p>\n","protected":false},"excerpt":{"rendered":"<p>[vc_row full_width=\u00a0\u00bbstretch_row\u00a0\u00bb css=\u00a0\u00bb.vc_custom_1513000693114{background-color: #272727 !important;}\u00a0\u00bb][vc_column width=\u00a0\u00bb1\/6&Prime;][vc_single_image image=\u00a0\u00bb1528&Prime; img_size=\u00a0\u00bb150X150&Prime; alignment=\u00a0\u00bbcenter\u00a0\u00bb][\/vc_column][vc_column width=\u00a0\u00bb1\/6&Prime;][vc_btn title=\u00a0\u00bbPortraits\u00a0\u00bb size=\u00a0\u00bblg\u00a0\u00bb align=\u00a0\u00bbcenter\u00a0\u00bb button_block=\u00a0\u00bbtrue\u00a0\u00bb link=\u00a0\u00bburl:http%3A%2F%2Faline-voinot.com%2Findex.php%2Fludwig-van-beethoven%2F|||\u00a0\u00bb][vc_btn title=\u00a0\u00bbR\u00e9sidences\u00a0\u00bb size=\u00a0\u00bblg\u00a0\u00bb align=\u00a0\u00bbcenter\u00a0\u00bb button_block=\u00a0\u00bbtrue\u00a0\u00bb link=\u00a0\u00bburl:http%3A%2F%2Faline-voinot.com%2Findex.php%2Fresidences-de-ludwig-van-beethoven%2F|||\u00a0\u00bb][\/vc_column][vc_column width=\u00a0\u00bb1\/6&Prime;][vc_btn title=\u00a0\u00bbR\u00e9seau Social\u00a0\u00bb size=\u00a0\u00bblg\u00a0\u00bb align=\u00a0\u00bbcenter\u00a0\u00bb button_block=\u00a0\u00bbtrue\u00a0\u00bb link=\u00a0\u00bburl:http%3A%2F%2Faline-voinot.com%2Findex.php%2Freseau-social-de-ludwig-van-beethoven%2F|||\u00a0\u00bb][vc_btn title=\u00a0\u00bbG\u00e9n\u00e9alogie\u00a0\u00bb size=\u00a0\u00bblg\u00a0\u00bb align=\u00a0\u00bbcenter\u00a0\u00bb button_block=\u00a0\u00bbtrue\u00a0\u00bb link=\u00a0\u00bburl:http%3A%2F%2Faline-voinot.com%2Findex.php%2Fgenealogie-de-ludwig-van-beethoven%2F|||\u00a0\u00bb][\/vc_column][vc_column width=\u00a0\u00bb1\/6&Prime;][vc_btn title=\u00a0\u00bb\u0152uvres\u00a0\u00bb size=\u00a0\u00bblg\u00a0\u00bb align=\u00a0\u00bbcenter\u00a0\u00bb button_block=\u00a0\u00bbtrue\u00a0\u00bb link=\u00a0\u00bburl:http%3A%2F%2Faline-voinot.com%2Findex.php%2Foeuvres-de-ludwig-van-beethoven%2F|||\u00a0\u00bb][vc_btn title=\u00a0\u00bbS\u00e9pulture\u00a0\u00bb size=\u00a0\u00bblg\u00a0\u00bb<\/p>\n","protected":false},"author":1,"featured_media":0,"parent":0,"menu_order":0,"comment_status":"closed","ping_status":"closed","template":"","meta":{"footnotes":""},"class_list":["post-1195","page","type-page","status-publish","hentry"],"yoast_head":"<!-- This site is optimized with the Yoast SEO plugin v22.8 - https:\/\/yoast.com\/wordpress\/plugins\/seo\/ -->\n<title>Le testament de Ludwig van Beethoven - L&#039;Histoire est un roman...<\/title>\n<meta name=\"robots\" content=\"index, follow, max-snippet:-1, max-image-preview:large, max-video-preview:-1\" \/>\n<link rel=\"canonical\" href=\"https:\/\/aline-voinot.com\/index.php\/testament-de-ludwig-van-beethoven\/\" \/>\n<meta property=\"og:locale\" content=\"fr_FR\" \/>\n<meta property=\"og:type\" content=\"article\" \/>\n<meta property=\"og:title\" content=\"Le testament de Ludwig van Beethoven - L&#039;Histoire est un roman...\" \/>\n<meta property=\"og:description\" content=\"[vc_row full_width=\u00a0\u00bbstretch_row\u00a0\u00bb css=\u00a0\u00bb.vc_custom_1513000693114{background-color: #272727 !important;}\u00a0\u00bb][vc_column width=\u00a0\u00bb1\/6&Prime;][vc_single_image image=\u00a0\u00bb1528&Prime; img_size=\u00a0\u00bb150X150&Prime; alignment=\u00a0\u00bbcenter\u00a0\u00bb][\/vc_column][vc_column width=\u00a0\u00bb1\/6&Prime;][vc_btn title=\u00a0\u00bbPortraits\u00a0\u00bb size=\u00a0\u00bblg\u00a0\u00bb align=\u00a0\u00bbcenter\u00a0\u00bb button_block=\u00a0\u00bbtrue\u00a0\u00bb link=\u00a0\u00bburl:http%3A%2F%2Faline-voinot.com%2Findex.php%2Fludwig-van-beethoven%2F|||\u00a0\u00bb][vc_btn title=\u00a0\u00bbR\u00e9sidences\u00a0\u00bb size=\u00a0\u00bblg\u00a0\u00bb align=\u00a0\u00bbcenter\u00a0\u00bb button_block=\u00a0\u00bbtrue\u00a0\u00bb link=\u00a0\u00bburl:http%3A%2F%2Faline-voinot.com%2Findex.php%2Fresidences-de-ludwig-van-beethoven%2F|||\u00a0\u00bb][\/vc_column][vc_column width=\u00a0\u00bb1\/6&Prime;][vc_btn title=\u00a0\u00bbR\u00e9seau Social\u00a0\u00bb size=\u00a0\u00bblg\u00a0\u00bb align=\u00a0\u00bbcenter\u00a0\u00bb button_block=\u00a0\u00bbtrue\u00a0\u00bb link=\u00a0\u00bburl:http%3A%2F%2Faline-voinot.com%2Findex.php%2Freseau-social-de-ludwig-van-beethoven%2F|||\u00a0\u00bb][vc_btn title=\u00a0\u00bbG\u00e9n\u00e9alogie\u00a0\u00bb size=\u00a0\u00bblg\u00a0\u00bb align=\u00a0\u00bbcenter\u00a0\u00bb button_block=\u00a0\u00bbtrue\u00a0\u00bb link=\u00a0\u00bburl:http%3A%2F%2Faline-voinot.com%2Findex.php%2Fgenealogie-de-ludwig-van-beethoven%2F|||\u00a0\u00bb][\/vc_column][vc_column width=\u00a0\u00bb1\/6&Prime;][vc_btn title=\u00a0\u00bb\u0152uvres\u00a0\u00bb size=\u00a0\u00bblg\u00a0\u00bb align=\u00a0\u00bbcenter\u00a0\u00bb button_block=\u00a0\u00bbtrue\u00a0\u00bb link=\u00a0\u00bburl:http%3A%2F%2Faline-voinot.com%2Findex.php%2Foeuvres-de-ludwig-van-beethoven%2F|||\u00a0\u00bb][vc_btn title=\u00a0\u00bbS\u00e9pulture\u00a0\u00bb size=\u00a0\u00bblg\u00a0\u00bb\" \/>\n<meta property=\"og:url\" content=\"https:\/\/aline-voinot.com\/index.php\/testament-de-ludwig-van-beethoven\/\" \/>\n<meta property=\"og:site_name\" content=\"L&#039;Histoire est un roman...\" \/>\n<meta property=\"article:modified_time\" content=\"2022-11-19T22:13:35+00:00\" \/>\n<meta name=\"twitter:card\" content=\"summary_large_image\" \/>\n<meta name=\"twitter:label1\" content=\"Dur\u00e9e de lecture estim\u00e9e\" \/>\n\t<meta name=\"twitter:data1\" content=\"6 minutes\" \/>\n<script type=\"application\/ld+json\" class=\"yoast-schema-graph\">{\"@context\":\"https:\/\/schema.org\",\"@graph\":[{\"@type\":\"WebPage\",\"@id\":\"https:\/\/aline-voinot.com\/index.php\/testament-de-ludwig-van-beethoven\/\",\"url\":\"https:\/\/aline-voinot.com\/index.php\/testament-de-ludwig-van-beethoven\/\",\"name\":\"Le testament de Ludwig van Beethoven - L&#039;Histoire est un roman...\",\"isPartOf\":{\"@id\":\"https:\/\/aline-voinot.com\/#website\"},\"datePublished\":\"2018-02-07T16:25:24+00:00\",\"dateModified\":\"2022-11-19T22:13:35+00:00\",\"breadcrumb\":{\"@id\":\"https:\/\/aline-voinot.com\/index.php\/testament-de-ludwig-van-beethoven\/#breadcrumb\"},\"inLanguage\":\"fr-FR\",\"potentialAction\":[{\"@type\":\"ReadAction\",\"target\":[\"https:\/\/aline-voinot.com\/index.php\/testament-de-ludwig-van-beethoven\/\"]}]},{\"@type\":\"BreadcrumbList\",\"@id\":\"https:\/\/aline-voinot.com\/index.php\/testament-de-ludwig-van-beethoven\/#breadcrumb\",\"itemListElement\":[{\"@type\":\"ListItem\",\"position\":1,\"name\":\"Accueil\",\"item\":\"https:\/\/aline-voinot.com\/\"},{\"@type\":\"ListItem\",\"position\":2,\"name\":\"Le testament de Ludwig van Beethoven\"}]},{\"@type\":\"WebSite\",\"@id\":\"https:\/\/aline-voinot.com\/#website\",\"url\":\"https:\/\/aline-voinot.com\/\",\"name\":\"L&#039;Histoire est un roman...\",\"description\":\"&quot;Destins connus, destins crois\u00e9s&quot; la premi\u00e8re encyclop\u00e9die romanc\u00e9e...\",\"potentialAction\":[{\"@type\":\"SearchAction\",\"target\":{\"@type\":\"EntryPoint\",\"urlTemplate\":\"https:\/\/aline-voinot.com\/?s={search_term_string}\"},\"query-input\":\"required name=search_term_string\"}],\"inLanguage\":\"fr-FR\"}]}<\/script>\n<!-- \/ Yoast SEO plugin. -->","yoast_head_json":{"title":"Le testament de Ludwig van Beethoven - L&#039;Histoire est un roman...","robots":{"index":"index","follow":"follow","max-snippet":"max-snippet:-1","max-image-preview":"max-image-preview:large","max-video-preview":"max-video-preview:-1"},"canonical":"https:\/\/aline-voinot.com\/index.php\/testament-de-ludwig-van-beethoven\/","og_locale":"fr_FR","og_type":"article","og_title":"Le testament de Ludwig van Beethoven - L&#039;Histoire est un roman...","og_description":"[vc_row full_width=\u00a0\u00bbstretch_row\u00a0\u00bb css=\u00a0\u00bb.vc_custom_1513000693114{background-color: #272727 !important;}\u00a0\u00bb][vc_column width=\u00a0\u00bb1\/6&Prime;][vc_single_image image=\u00a0\u00bb1528&Prime; img_size=\u00a0\u00bb150X150&Prime; alignment=\u00a0\u00bbcenter\u00a0\u00bb][\/vc_column][vc_column width=\u00a0\u00bb1\/6&Prime;][vc_btn title=\u00a0\u00bbPortraits\u00a0\u00bb size=\u00a0\u00bblg\u00a0\u00bb align=\u00a0\u00bbcenter\u00a0\u00bb button_block=\u00a0\u00bbtrue\u00a0\u00bb link=\u00a0\u00bburl:http%3A%2F%2Faline-voinot.com%2Findex.php%2Fludwig-van-beethoven%2F|||\u00a0\u00bb][vc_btn title=\u00a0\u00bbR\u00e9sidences\u00a0\u00bb size=\u00a0\u00bblg\u00a0\u00bb align=\u00a0\u00bbcenter\u00a0\u00bb button_block=\u00a0\u00bbtrue\u00a0\u00bb link=\u00a0\u00bburl:http%3A%2F%2Faline-voinot.com%2Findex.php%2Fresidences-de-ludwig-van-beethoven%2F|||\u00a0\u00bb][\/vc_column][vc_column width=\u00a0\u00bb1\/6&Prime;][vc_btn title=\u00a0\u00bbR\u00e9seau Social\u00a0\u00bb size=\u00a0\u00bblg\u00a0\u00bb align=\u00a0\u00bbcenter\u00a0\u00bb button_block=\u00a0\u00bbtrue\u00a0\u00bb link=\u00a0\u00bburl:http%3A%2F%2Faline-voinot.com%2Findex.php%2Freseau-social-de-ludwig-van-beethoven%2F|||\u00a0\u00bb][vc_btn title=\u00a0\u00bbG\u00e9n\u00e9alogie\u00a0\u00bb size=\u00a0\u00bblg\u00a0\u00bb align=\u00a0\u00bbcenter\u00a0\u00bb button_block=\u00a0\u00bbtrue\u00a0\u00bb link=\u00a0\u00bburl:http%3A%2F%2Faline-voinot.com%2Findex.php%2Fgenealogie-de-ludwig-van-beethoven%2F|||\u00a0\u00bb][\/vc_column][vc_column width=\u00a0\u00bb1\/6&Prime;][vc_btn title=\u00a0\u00bb\u0152uvres\u00a0\u00bb size=\u00a0\u00bblg\u00a0\u00bb align=\u00a0\u00bbcenter\u00a0\u00bb button_block=\u00a0\u00bbtrue\u00a0\u00bb link=\u00a0\u00bburl:http%3A%2F%2Faline-voinot.com%2Findex.php%2Foeuvres-de-ludwig-van-beethoven%2F|||\u00a0\u00bb][vc_btn title=\u00a0\u00bbS\u00e9pulture\u00a0\u00bb size=\u00a0\u00bblg\u00a0\u00bb","og_url":"https:\/\/aline-voinot.com\/index.php\/testament-de-ludwig-van-beethoven\/","og_site_name":"L&#039;Histoire est un roman...","article_modified_time":"2022-11-19T22:13:35+00:00","twitter_card":"summary_large_image","twitter_misc":{"Dur\u00e9e de lecture estim\u00e9e":"6 minutes"},"schema":{"@context":"https:\/\/schema.org","@graph":[{"@type":"WebPage","@id":"https:\/\/aline-voinot.com\/index.php\/testament-de-ludwig-van-beethoven\/","url":"https:\/\/aline-voinot.com\/index.php\/testament-de-ludwig-van-beethoven\/","name":"Le testament de Ludwig van Beethoven - L&#039;Histoire est un roman...","isPartOf":{"@id":"https:\/\/aline-voinot.com\/#website"},"datePublished":"2018-02-07T16:25:24+00:00","dateModified":"2022-11-19T22:13:35+00:00","breadcrumb":{"@id":"https:\/\/aline-voinot.com\/index.php\/testament-de-ludwig-van-beethoven\/#breadcrumb"},"inLanguage":"fr-FR","potentialAction":[{"@type":"ReadAction","target":["https:\/\/aline-voinot.com\/index.php\/testament-de-ludwig-van-beethoven\/"]}]},{"@type":"BreadcrumbList","@id":"https:\/\/aline-voinot.com\/index.php\/testament-de-ludwig-van-beethoven\/#breadcrumb","itemListElement":[{"@type":"ListItem","position":1,"name":"Accueil","item":"https:\/\/aline-voinot.com\/"},{"@type":"ListItem","position":2,"name":"Le testament de Ludwig van Beethoven"}]},{"@type":"WebSite","@id":"https:\/\/aline-voinot.com\/#website","url":"https:\/\/aline-voinot.com\/","name":"L&#039;Histoire est un roman...","description":"&quot;Destins connus, destins crois\u00e9s&quot; la premi\u00e8re encyclop\u00e9die romanc\u00e9e...","potentialAction":[{"@type":"SearchAction","target":{"@type":"EntryPoint","urlTemplate":"https:\/\/aline-voinot.com\/?s={search_term_string}"},"query-input":"required name=search_term_string"}],"inLanguage":"fr-FR"}]}},"_links":{"self":[{"href":"https:\/\/aline-voinot.com\/index.php\/wp-json\/wp\/v2\/pages\/1195","targetHints":{"allow":["GET"]}}],"collection":[{"href":"https:\/\/aline-voinot.com\/index.php\/wp-json\/wp\/v2\/pages"}],"about":[{"href":"https:\/\/aline-voinot.com\/index.php\/wp-json\/wp\/v2\/types\/page"}],"author":[{"embeddable":true,"href":"https:\/\/aline-voinot.com\/index.php\/wp-json\/wp\/v2\/users\/1"}],"replies":[{"embeddable":true,"href":"https:\/\/aline-voinot.com\/index.php\/wp-json\/wp\/v2\/comments?post=1195"}],"version-history":[{"count":0,"href":"https:\/\/aline-voinot.com\/index.php\/wp-json\/wp\/v2\/pages\/1195\/revisions"}],"wp:attachment":[{"href":"https:\/\/aline-voinot.com\/index.php\/wp-json\/wp\/v2\/media?parent=1195"}],"curies":[{"name":"wp","href":"https:\/\/api.w.org\/{rel}","templated":true}]}}