{"id":14419,"date":"2019-02-12T14:15:49","date_gmt":"2019-02-12T13:15:49","guid":{"rendered":"http:\/\/aline-voinot.com\/?page_id=14419"},"modified":"2023-03-12T12:45:45","modified_gmt":"2023-03-12T11:45:45","slug":"sepulture-de-philippe-paul-de-segur","status":"publish","type":"page","link":"https:\/\/aline-voinot.com\/index.php\/sepulture-de-philippe-paul-de-segur\/","title":{"rendered":"S\u00e9pulture de Philippe Paul de S\u00e9gur"},"content":{"rendered":"<p>[vc_row][\/vc_row][vc_row][\/vc_row][vc_row][\/vc_row][vc_row][vc_column][vc_empty_space][vc_btn title=\u00a0\u00bbCimeti\u00e8re de Montmartre &#8211; 20 Av. Rachel, 75018 Paris (France) &#8211; Lien Visites, cliquez ici\u00a0\u00bb shape=\u00a0\u00bbsquare\u00a0\u00bb color=\u00a0\u00bbinverse\u00a0\u00bb size=\u00a0\u00bblg\u00a0\u00bb align=\u00a0\u00bbcenter\u00a0\u00bb i_align=\u00a0\u00bbright\u00a0\u00bb i_icon_fontawesome=\u00a0\u00bbfa fa-eye\u00a0\u00bb button_block=\u00a0\u00bbtrue\u00a0\u00bb add_icon=\u00a0\u00bbtrue\u00a0\u00bb link=\u00a0\u00bburl:https%3A%2F%2Fwww.paris.fr%2Flieux%2Fcimetiere-de-montmartre-5061||target:%20_blank|rel:nofollow\u00a0\u00bb][vc_btn title=\u00a0\u00bbPhilippe Paul de S\u00e9gur mourut  le 25 f\u00e9vrier 1873 \u00e0 Paris.\u00a0\u00bb shape=\u00a0\u00bbsquare\u00a0\u00bb color=\u00a0\u00bbdefault\u00a0\u00bb size=\u00a0\u00bblg\u00a0\u00bb align=\u00a0\u00bbcenter\u00a0\u00bb button_block=\u00a0\u00bbtrue\u00a0\u00bb link=\u00a0\u00bb|||\u00a0\u00bb][vc_btn title=\u00a0\u00bbDans le m\u00eame caveau se trouve : Philippe Henri, marquis de S\u00c9GUR (grand-p\u00e8re de Philippe), Louis Philippe (son p\u00e8re), et Guillaume de S\u00e9gur (Arri\u00e8re petit neveu)\u00a0\u00bb shape=\u00a0\u00bbsquare\u00a0\u00bb color=\u00a0\u00bbdefault\u00a0\u00bb size=\u00a0\u00bblg\u00a0\u00bb align=\u00a0\u00bbcenter\u00a0\u00bb button_block=\u00a0\u00bbtrue\u00a0\u00bb link=\u00a0\u00bb|||\u00a0\u00bb][vc_row_inner][vc_column_inner width=\u00a0\u00bb1\/4&Prime;][vc_single_image image=\u00a0\u00bb35912&Prime; img_size=\u00a0\u00bb350X350&Prime; alignment=\u00a0\u00bbcenter\u00a0\u00bb onclick=\u00a0\u00bblink_image\u00a0\u00bb css=\u00a0\u00bb.vc_custom_1677928300106{margin-bottom: -20px !important;}\u00a0\u00bb][vc_btn title=\u00a0\u00bbCaveau de la famille de S\u00e9gur &#8211; Montmartre &#8211; Photographie source www.landrucimetieres.fr\u00a0\u00bb shape=\u00a0\u00bbsquare\u00a0\u00bb color=\u00a0\u00bbdefault\u00a0\u00bb size=\u00a0\u00bblg\u00a0\u00bb align=\u00a0\u00bbcenter\u00a0\u00bb i_align=\u00a0\u00bbright\u00a0\u00bb i_icon_fontawesome=\u00a0\u00bbfa fa-eye\u00a0\u00bb button_block=\u00a0\u00bbtrue\u00a0\u00bb add_icon=\u00a0\u00bbtrue\u00a0\u00bb css=\u00a0\u00bb.vc_custom_1677928404540{margin-bottom: -10px !important;}\u00a0\u00bb link=\u00a0\u00bburl:https%3A%2F%2Fwww.landrucimetieres.fr%2Fspip%2Fspip.php%3Farticle282||target:%20_blank|\u00a0\u00bb][\/vc_column_inner][vc_column_inner width=\u00a0\u00bb1\/4&Prime;][vc_single_image image=\u00a0\u00bb35920&Prime; img_size=\u00a0\u00bb350X350&Prime; alignment=\u00a0\u00bbcenter\u00a0\u00bb onclick=\u00a0\u00bblink_image\u00a0\u00bb css=\u00a0\u00bb.vc_custom_1677956109964{margin-bottom: -20px !important;}\u00a0\u00bb][vc_btn title=\u00a0\u00bbEmplacement de la division 19 dans le cimeti\u00e8re de Montmartre &#8211; Source Alinebv &#8211; Travail personnel\u00a0\u00bb shape=\u00a0\u00bbsquare\u00a0\u00bb color=\u00a0\u00bbdefault\u00a0\u00bb size=\u00a0\u00bblg\u00a0\u00bb align=\u00a0\u00bbcenter\u00a0\u00bb button_block=\u00a0\u00bbtrue\u00a0\u00bb css=\u00a0\u00bb.vc_custom_1677928044782{margin-bottom: -10px !important;}\u00a0\u00bb link=\u00a0\u00bb||target:%20_blank|\u00a0\u00bb][\/vc_column_inner][vc_column_inner width=\u00a0\u00bb1\/4&Prime;][vc_column_text]<\/p>\n<p style=\"text-align: center;\">S\u00e9pultures de la Division 19 :<\/p>\n<ul>\n<li>\u00c9mile Zola, mais transf\u00e9r\u00e9 en 1912 au Panth\u00e9on<\/li>\n<\/ul>\n<p>[\/vc_column_text][\/vc_column_inner][vc_column_inner width=\u00a0\u00bb1\/4&Prime;][vc_gmaps link=\u00a0\u00bb#E-8_JTNDaWZyYW1lJTIwc3JjJTNEJTIyaHR0cHMlM0ElMkYlMkZ3d3cuZ29vZ2xlLmNvbSUyRm1hcHMlMkZlbWJlZCUzRnBiJTNEJTIxMW0xOCUyMTFtMTIlMjExbTMlMjExZDI4MjEuNTUyMDU2ODEzMTMzJTIxMmQyLjMyNjIwNjU4NjQ1ODQ0ODUlMjEzZDQ4Ljg4NjkzNzYxMzMwMDUyJTIxMm0zJTIxMWYwJTIxMmYwJTIxM2YwJTIxM20yJTIxMWkxMDI0JTIxMmk3NjglMjE0ZjEzLjElMjEzbTMlMjExbTIlMjExczB4NDdlNjZlNTFmNjhiNGFlNSUyNTNBMHhkNWU4NDNiYzk1ODY1NDBiJTIxMnNDaW1ldGklMjVDMyUyNUE4cmUlMjUyMGRlJTI1MjBNb250bWFydHJlJTIxNWUwJTIxM20yJTIxMXNmciUyMTJzZnIlMjE0djE2NjgyMTMyNjk5NzglMjE1bTIlMjExc2ZyJTIxMnNmciUyMiUyMHdpZHRoJTNEJTIyNjAwJTIyJTIwaGVpZ2h0JTNEJTIyNDUwJTIyJTIwc3R5bGUlM0QlMjJib3JkZXIlM0EwJTNCJTIyJTIwYWxsb3dmdWxsc2NyZWVuJTNEJTIyJTIyJTIwbG9hZGluZyUzRCUyMmxhenklMjIlMjByZWZlcnJlcnBvbGljeSUzRCUyMm5vLXJlZmVycmVyLXdoZW4tZG93bmdyYWRlJTIyJTNFJTNDJTJGaWZyYW1lJTNF\u00a0\u00bb size=\u00a0\u00bb350&Prime;][\/vc_column_inner][\/vc_row_inner][\/vc_column][\/vc_row][vc_row][\/vc_row]<\/p>\n","protected":false},"excerpt":{"rendered":"<p>[vc_row][\/vc_row][vc_row][\/vc_row][vc_row][\/vc_row][vc_row][vc_column][vc_empty_space][vc_btn title=\u00a0\u00bbCimeti\u00e8re de Montmartre &#8211; 20 Av. Rachel, 75018 Paris (France) &#8211; Lien Visites, cliquez ici\u00a0\u00bb shape=\u00a0\u00bbsquare\u00a0\u00bb color=\u00a0\u00bbinverse\u00a0\u00bb size=\u00a0\u00bblg\u00a0\u00bb align=\u00a0\u00bbcenter\u00a0\u00bb i_align=\u00a0\u00bbright\u00a0\u00bb i_icon_fontawesome=\u00a0\u00bbfa fa-eye\u00a0\u00bb button_block=\u00a0\u00bbtrue\u00a0\u00bb add_icon=\u00a0\u00bbtrue\u00a0\u00bb link=\u00a0\u00bburl:https%3A%2F%2Fwww.paris.fr%2Flieux%2Fcimetiere-de-montmartre-5061||target:%20_blank|rel:nofollow\u00a0\u00bb][vc_btn title=\u00a0\u00bbPhilippe Paul de S\u00e9gur mourut le 25 f\u00e9vrier 1873 \u00e0 Paris.\u00a0\u00bb shape=\u00a0\u00bbsquare\u00a0\u00bb color=\u00a0\u00bbdefault\u00a0\u00bb size=\u00a0\u00bblg\u00a0\u00bb<\/p>\n","protected":false},"author":1,"featured_media":0,"parent":0,"menu_order":0,"comment_status":"closed","ping_status":"closed","template":"","meta":{"footnotes":""},"class_list":["post-14419","page","type-page","status-publish","hentry"],"yoast_head":"<!-- This site is optimized with the Yoast SEO plugin v22.8 - https:\/\/yoast.com\/wordpress\/plugins\/seo\/ -->\n<title>S\u00e9pulture de Philippe Paul de S\u00e9gur - L&#039;Histoire est un roman...<\/title>\n<meta name=\"robots\" content=\"index, follow, max-snippet:-1, max-image-preview:large, max-video-preview:-1\" \/>\n<link rel=\"canonical\" href=\"https:\/\/aline-voinot.com\/index.php\/sepulture-de-philippe-paul-de-segur\/\" \/>\n<meta property=\"og:locale\" content=\"fr_FR\" \/>\n<meta property=\"og:type\" content=\"article\" \/>\n<meta property=\"og:title\" content=\"S\u00e9pulture de Philippe Paul de S\u00e9gur - L&#039;Histoire est un roman...\" \/>\n<meta property=\"og:description\" content=\"[vc_row][\/vc_row][vc_row][\/vc_row][vc_row][\/vc_row][vc_row][vc_column][vc_empty_space][vc_btn title=\u00a0\u00bbCimeti\u00e8re de Montmartre &#8211; 20 Av. Rachel, 75018 Paris (France) &#8211; Lien Visites, cliquez ici\u00a0\u00bb shape=\u00a0\u00bbsquare\u00a0\u00bb color=\u00a0\u00bbinverse\u00a0\u00bb size=\u00a0\u00bblg\u00a0\u00bb align=\u00a0\u00bbcenter\u00a0\u00bb i_align=\u00a0\u00bbright\u00a0\u00bb i_icon_fontawesome=\u00a0\u00bbfa fa-eye\u00a0\u00bb button_block=\u00a0\u00bbtrue\u00a0\u00bb add_icon=\u00a0\u00bbtrue\u00a0\u00bb link=\u00a0\u00bburl:https%3A%2F%2Fwww.paris.fr%2Flieux%2Fcimetiere-de-montmartre-5061||target:%20_blank|rel:nofollow\u00a0\u00bb][vc_btn title=\u00a0\u00bbPhilippe Paul de S\u00e9gur mourut le 25 f\u00e9vrier 1873 \u00e0 Paris.\u00a0\u00bb shape=\u00a0\u00bbsquare\u00a0\u00bb color=\u00a0\u00bbdefault\u00a0\u00bb size=\u00a0\u00bblg\u00a0\u00bb\" \/>\n<meta property=\"og:url\" content=\"https:\/\/aline-voinot.com\/index.php\/sepulture-de-philippe-paul-de-segur\/\" \/>\n<meta property=\"og:site_name\" content=\"L&#039;Histoire est un roman...\" \/>\n<meta property=\"article:modified_time\" content=\"2023-03-12T11:45:45+00:00\" \/>\n<meta name=\"twitter:card\" content=\"summary_large_image\" \/>\n<meta name=\"twitter:label1\" content=\"Dur\u00e9e de lecture estim\u00e9e\" \/>\n\t<meta name=\"twitter:data1\" content=\"1 minute\" \/>\n<script type=\"application\/ld+json\" class=\"yoast-schema-graph\">{\"@context\":\"https:\/\/schema.org\",\"@graph\":[{\"@type\":\"WebPage\",\"@id\":\"https:\/\/aline-voinot.com\/index.php\/sepulture-de-philippe-paul-de-segur\/\",\"url\":\"https:\/\/aline-voinot.com\/index.php\/sepulture-de-philippe-paul-de-segur\/\",\"name\":\"S\u00e9pulture de Philippe Paul de S\u00e9gur - L&#039;Histoire est un roman...\",\"isPartOf\":{\"@id\":\"https:\/\/aline-voinot.com\/#website\"},\"datePublished\":\"2019-02-12T13:15:49+00:00\",\"dateModified\":\"2023-03-12T11:45:45+00:00\",\"breadcrumb\":{\"@id\":\"https:\/\/aline-voinot.com\/index.php\/sepulture-de-philippe-paul-de-segur\/#breadcrumb\"},\"inLanguage\":\"fr-FR\",\"potentialAction\":[{\"@type\":\"ReadAction\",\"target\":[\"https:\/\/aline-voinot.com\/index.php\/sepulture-de-philippe-paul-de-segur\/\"]}]},{\"@type\":\"BreadcrumbList\",\"@id\":\"https:\/\/aline-voinot.com\/index.php\/sepulture-de-philippe-paul-de-segur\/#breadcrumb\",\"itemListElement\":[{\"@type\":\"ListItem\",\"position\":1,\"name\":\"Accueil\",\"item\":\"https:\/\/aline-voinot.com\/\"},{\"@type\":\"ListItem\",\"position\":2,\"name\":\"S\u00e9pulture de Philippe Paul de S\u00e9gur\"}]},{\"@type\":\"WebSite\",\"@id\":\"https:\/\/aline-voinot.com\/#website\",\"url\":\"https:\/\/aline-voinot.com\/\",\"name\":\"L&#039;Histoire est un roman...\",\"description\":\"&quot;Destins connus, destins crois\u00e9s&quot; la premi\u00e8re encyclop\u00e9die romanc\u00e9e...\",\"potentialAction\":[{\"@type\":\"SearchAction\",\"target\":{\"@type\":\"EntryPoint\",\"urlTemplate\":\"https:\/\/aline-voinot.com\/?s={search_term_string}\"},\"query-input\":\"required name=search_term_string\"}],\"inLanguage\":\"fr-FR\"}]}<\/script>\n<!-- \/ Yoast SEO plugin. -->","yoast_head_json":{"title":"S\u00e9pulture de Philippe Paul de S\u00e9gur - L&#039;Histoire est un roman...","robots":{"index":"index","follow":"follow","max-snippet":"max-snippet:-1","max-image-preview":"max-image-preview:large","max-video-preview":"max-video-preview:-1"},"canonical":"https:\/\/aline-voinot.com\/index.php\/sepulture-de-philippe-paul-de-segur\/","og_locale":"fr_FR","og_type":"article","og_title":"S\u00e9pulture de Philippe Paul de S\u00e9gur - L&#039;Histoire est un roman...","og_description":"[vc_row][\/vc_row][vc_row][\/vc_row][vc_row][\/vc_row][vc_row][vc_column][vc_empty_space][vc_btn title=\u00a0\u00bbCimeti\u00e8re de Montmartre &#8211; 20 Av. Rachel, 75018 Paris (France) &#8211; Lien Visites, cliquez ici\u00a0\u00bb shape=\u00a0\u00bbsquare\u00a0\u00bb color=\u00a0\u00bbinverse\u00a0\u00bb size=\u00a0\u00bblg\u00a0\u00bb align=\u00a0\u00bbcenter\u00a0\u00bb i_align=\u00a0\u00bbright\u00a0\u00bb i_icon_fontawesome=\u00a0\u00bbfa fa-eye\u00a0\u00bb button_block=\u00a0\u00bbtrue\u00a0\u00bb add_icon=\u00a0\u00bbtrue\u00a0\u00bb link=\u00a0\u00bburl:https%3A%2F%2Fwww.paris.fr%2Flieux%2Fcimetiere-de-montmartre-5061||target:%20_blank|rel:nofollow\u00a0\u00bb][vc_btn title=\u00a0\u00bbPhilippe Paul de S\u00e9gur mourut le 25 f\u00e9vrier 1873 \u00e0 Paris.\u00a0\u00bb shape=\u00a0\u00bbsquare\u00a0\u00bb color=\u00a0\u00bbdefault\u00a0\u00bb size=\u00a0\u00bblg\u00a0\u00bb","og_url":"https:\/\/aline-voinot.com\/index.php\/sepulture-de-philippe-paul-de-segur\/","og_site_name":"L&#039;Histoire est un roman...","article_modified_time":"2023-03-12T11:45:45+00:00","twitter_card":"summary_large_image","twitter_misc":{"Dur\u00e9e de lecture estim\u00e9e":"1 minute"},"schema":{"@context":"https:\/\/schema.org","@graph":[{"@type":"WebPage","@id":"https:\/\/aline-voinot.com\/index.php\/sepulture-de-philippe-paul-de-segur\/","url":"https:\/\/aline-voinot.com\/index.php\/sepulture-de-philippe-paul-de-segur\/","name":"S\u00e9pulture de Philippe Paul de S\u00e9gur - L&#039;Histoire est un roman...","isPartOf":{"@id":"https:\/\/aline-voinot.com\/#website"},"datePublished":"2019-02-12T13:15:49+00:00","dateModified":"2023-03-12T11:45:45+00:00","breadcrumb":{"@id":"https:\/\/aline-voinot.com\/index.php\/sepulture-de-philippe-paul-de-segur\/#breadcrumb"},"inLanguage":"fr-FR","potentialAction":[{"@type":"ReadAction","target":["https:\/\/aline-voinot.com\/index.php\/sepulture-de-philippe-paul-de-segur\/"]}]},{"@type":"BreadcrumbList","@id":"https:\/\/aline-voinot.com\/index.php\/sepulture-de-philippe-paul-de-segur\/#breadcrumb","itemListElement":[{"@type":"ListItem","position":1,"name":"Accueil","item":"https:\/\/aline-voinot.com\/"},{"@type":"ListItem","position":2,"name":"S\u00e9pulture de Philippe Paul de S\u00e9gur"}]},{"@type":"WebSite","@id":"https:\/\/aline-voinot.com\/#website","url":"https:\/\/aline-voinot.com\/","name":"L&#039;Histoire est un roman...","description":"&quot;Destins connus, destins crois\u00e9s&quot; la premi\u00e8re encyclop\u00e9die romanc\u00e9e...","potentialAction":[{"@type":"SearchAction","target":{"@type":"EntryPoint","urlTemplate":"https:\/\/aline-voinot.com\/?s={search_term_string}"},"query-input":"required name=search_term_string"}],"inLanguage":"fr-FR"}]}},"_links":{"self":[{"href":"https:\/\/aline-voinot.com\/index.php\/wp-json\/wp\/v2\/pages\/14419","targetHints":{"allow":["GET"]}}],"collection":[{"href":"https:\/\/aline-voinot.com\/index.php\/wp-json\/wp\/v2\/pages"}],"about":[{"href":"https:\/\/aline-voinot.com\/index.php\/wp-json\/wp\/v2\/types\/page"}],"author":[{"embeddable":true,"href":"https:\/\/aline-voinot.com\/index.php\/wp-json\/wp\/v2\/users\/1"}],"replies":[{"embeddable":true,"href":"https:\/\/aline-voinot.com\/index.php\/wp-json\/wp\/v2\/comments?post=14419"}],"version-history":[{"count":6,"href":"https:\/\/aline-voinot.com\/index.php\/wp-json\/wp\/v2\/pages\/14419\/revisions"}],"predecessor-version":[{"id":36000,"href":"https:\/\/aline-voinot.com\/index.php\/wp-json\/wp\/v2\/pages\/14419\/revisions\/36000"}],"wp:attachment":[{"href":"https:\/\/aline-voinot.com\/index.php\/wp-json\/wp\/v2\/media?parent=14419"}],"curies":[{"name":"wp","href":"https:\/\/api.w.org\/{rel}","templated":true}]}}