{"id":167,"date":"2017-10-22T07:09:29","date_gmt":"2017-10-22T05:09:29","guid":{"rendered":"http:\/\/aline-voinot.com\/?page_id=167"},"modified":"2023-03-11T14:29:40","modified_gmt":"2023-03-11T13:29:40","slug":"juridiques","status":"publish","type":"page","link":"https:\/\/aline-voinot.com\/index.php\/juridiques\/","title":{"rendered":"Juridiques"},"content":{"rendered":"<p>[vc_row equal_height=\u00a0\u00bbyes\u00a0\u00bb content_placement=\u00a0\u00bbtop\u00a0\u00bb css=\u00a0\u00bb.vc_custom_1546957968919{padding-top: 50px !important;padding-right: 50px !important;padding-bottom: 50px !important;padding-left: 50px !important;background-image: url(https:\/\/aline-voinot.com\/wp-content\/uploads\/2017\/11\/Inventions-2.png?id=899) !important;background-position: center !important;background-repeat: no-repeat !important;background-size: cover !important;}\u00a0\u00bb][vc_column css=\u00a0\u00bb.vc_custom_1510609365202{padding: 30px !important;background-color: rgba(39,39,39,0.76) !important;*background-color: rgb(39,39,39) !important;}\u00a0\u00bb][vc_icon type=\u00a0\u00bblinecons\u00a0\u00bb icon_linecons=\u00a0\u00bbvc_li vc_li-shop\u00a0\u00bb color=\u00a0\u00bbcustom\u00a0\u00bb size=\u00a0\u00bblg\u00a0\u00bb custom_color=\u00a0\u00bb#ffffff\u00a0\u00bb][vc_custom_heading text=\u00a0\u00bbLe Code civil de 1804,\u00a0\u00bb font_container=\u00a0\u00bbtag:h3|font_size:32|text_align:left|color:%23ffffff\u00a0\u00bb google_fonts=\u00a0\u00bbfont_family:Montserrat%3Aregular%2C700|font_style:400%20regular%3A400%3Anormal\u00a0\u00bb][vc_custom_heading text=\u00a0\u00bbUn mod\u00e8le juridique pour plus d&rsquo;une vingtaine de nations\u00a0\u00bb font_container=\u00a0\u00bbtag:h3|font_size:32|text_align:left|color:%23ffffff\u00a0\u00bb google_fonts=\u00a0\u00bbfont_family:Montserrat%3Aregular%2C700|font_style:400%20regular%3A400%3Anormal\u00a0\u00bb][vc_column_text]<\/p>\n<h4 class=\"p1\"><span style=\"color: #d8d8d8;\">Tous les pays d&rsquo;Am\u00e9rique du Sud, l&rsquo;Allemagne, l&rsquo;Espagne, l&rsquo;Italie, la Hollande, le Portugal, la Roumanie et m\u00eame le Japon se sont inspir\u00e9s du Code civil fran\u00e7ais de 1804.<\/span><\/h4>\n<p>[\/vc_column_text][\/vc_column][\/vc_row][vc_row][vc_column][vc_btn title=\u00a0\u00bbDROIT &#038; JUSTICE\u00a0\u00bb shape=\u00a0\u00bbsquare\u00a0\u00bb color=\u00a0\u00bbdanger\u00a0\u00bb size=\u00a0\u00bblg\u00a0\u00bb align=\u00a0\u00bbcenter\u00a0\u00bb button_block=\u00a0\u00bbtrue\u00a0\u00bb][vc_row_inner][vc_column_inner width=\u00a0\u00bb1\/6&Prime;][vc_single_image image=\u00a0\u00bb15265&Prime; img_size=\u00a0\u00bb250X250&Prime; add_caption=\u00a0\u00bbyes\u00a0\u00bb alignment=\u00a0\u00bbcenter\u00a0\u00bb onclick=\u00a0\u00bbcustom_link\u00a0\u00bb css=\u00a0\u00bb.vc_custom_1678541376930{margin-top: -10px !important;margin-right: -10px !important;margin-bottom: -10px !important;margin-left: -10px !important;border-top-width: -10px !important;border-right-width: -10px !important;border-bottom-width: -10px !important;border-left-width: -10px !important;}\u00a0\u00bb link=\u00a0\u00bbhttps:\/\/aline-voinot.com\/index.php\/francois-barbe-marbois\/\u00a0\u00bb][vc_btn title=\u00a0\u00bbFran\u00e7ois BARB2\u00c9-MARBOIS (1745-1837)\u00a0\u00bb shape=\u00a0\u00bbsquare\u00a0\u00bb color=\u00a0\u00bbdanger\u00a0\u00bb align=\u00a0\u00bbcenter\u00a0\u00bb i_align=\u00a0\u00bbright\u00a0\u00bb i_icon_fontawesome=\u00a0\u00bbfa fa-eye\u00a0\u00bb button_block=\u00a0\u00bbtrue\u00a0\u00bb add_icon=\u00a0\u00bbtrue\u00a0\u00bb link=\u00a0\u00bburl:http%3A%2F%2Faline-voinot.com%2Findex.php%2Ffrancois-barbe-marbois%2F|title:Fran%C3%A7ois%20Barb%C3%A9-Marbois||\u00a0\u00bb][vc_btn title=\u00a0\u00bbGarde des Sceaux, ministre de la Justice, premier pr\u00e9sident de la Cour des comptes\u00a0\u00bb shape=\u00a0\u00bbsquare\u00a0\u00bb color=\u00a0\u00bbdefault\u00a0\u00bb align=\u00a0\u00bbcenter\u00a0\u00bb button_block=\u00a0\u00bbtrue\u00a0\u00bb link=\u00a0\u00bb|||\u00a0\u00bb css=\u00a0\u00bb.vc_custom_1570015815119{margin-top: -20px !important;}\u00a0\u00bb][vc_column_text]<\/p>\n<p style=\"text-align: center;\">Fran\u00e7ais<\/p>\n<p><img loading=\"lazy\" decoding=\"async\" class=\"aligncenter wp-image-3271\" src=\"https:\/\/aline-voinot.com\/wp-content\/uploads\/2018\/02\/D-Re\u0301publique-franc\u0327aise-300x194.jpg\" alt=\"\" width=\"57\" height=\"37\" srcset=\"https:\/\/aline-voinot.com\/wp-content\/uploads\/2018\/02\/D-Re\u0301publique-franc\u0327aise-300x194.jpg 300w, https:\/\/aline-voinot.com\/wp-content\/uploads\/2018\/02\/D-Re\u0301publique-franc\u0327aise-768x497.jpg 768w, https:\/\/aline-voinot.com\/wp-content\/uploads\/2018\/02\/D-Re\u0301publique-franc\u0327aise-1024x662.jpg 1024w, https:\/\/aline-voinot.com\/wp-content\/uploads\/2018\/02\/D-Re\u0301publique-franc\u0327aise.jpg 1500w\" sizes=\"auto, (max-width: 57px) 100vw, 57px\" \/>[\/vc_column_text][\/vc_column_inner][vc_column_inner width=\u00a0\u00bb1\/6&Prime;][vc_single_image image=\u00a0\u00bb15419&Prime; img_size=\u00a0\u00bb250X250&Prime; add_caption=\u00a0\u00bbyes\u00a0\u00bb alignment=\u00a0\u00bbcenter\u00a0\u00bb css=\u00a0\u00bb.vc_custom_1569957661411{margin-top: -10px !important;margin-right: -10px !important;margin-bottom: -10px !important;margin-left: -10px !important;border-top-width: -10px !important;border-right-width: -10px !important;border-bottom-width: -10px !important;border-left-width: -10px !important;}\u00a0\u00bb][vc_btn title=\u00a0\u00bbF\u00e9lix Julien Jean BIGOT de PR\u00c9AMENEU (1747-1825)\u00a0\u00bb shape=\u00a0\u00bbsquare\u00a0\u00bb color=\u00a0\u00bbdanger\u00a0\u00bb align=\u00a0\u00bbcenter\u00a0\u00bb i_align=\u00a0\u00bbright\u00a0\u00bb i_icon_fontawesome=\u00a0\u00bbfa fa-bullseye\u00a0\u00bb button_block=\u00a0\u00bbtrue\u00a0\u00bb add_icon=\u00a0\u00bbtrue\u00a0\u00bb link=\u00a0\u00bburl:https%3A%2F%2Ffr.wikipedia.org%2Fwiki%2FF%25C3%25A9lix_Julien_Jean_Bigot_de_Pr%25C3%25A9ameneu||target:%20_blank|\u00a0\u00bb][vc_btn title=\u00a0\u00bbR\u00e9dacteur du Code civil\u00a0\u00bb shape=\u00a0\u00bbsquare\u00a0\u00bb color=\u00a0\u00bbdefault\u00a0\u00bb align=\u00a0\u00bbcenter\u00a0\u00bb button_block=\u00a0\u00bbtrue\u00a0\u00bb link=\u00a0\u00bb|||\u00a0\u00bb css=\u00a0\u00bb.vc_custom_1569954935126{margin-top: -20px !important;}\u00a0\u00bb][vc_column_text]<\/p>\n<p style=\"text-align: center;\">Fran\u00e7ais<\/p>\n<p><img loading=\"lazy\" decoding=\"async\" class=\"aligncenter wp-image-3271\" src=\"https:\/\/aline-voinot.com\/wp-content\/uploads\/2018\/02\/D-Re\u0301publique-franc\u0327aise-300x194.jpg\" alt=\"\" width=\"57\" height=\"37\" srcset=\"https:\/\/aline-voinot.com\/wp-content\/uploads\/2018\/02\/D-Re\u0301publique-franc\u0327aise-300x194.jpg 300w, https:\/\/aline-voinot.com\/wp-content\/uploads\/2018\/02\/D-Re\u0301publique-franc\u0327aise-768x497.jpg 768w, https:\/\/aline-voinot.com\/wp-content\/uploads\/2018\/02\/D-Re\u0301publique-franc\u0327aise-1024x662.jpg 1024w, https:\/\/aline-voinot.com\/wp-content\/uploads\/2018\/02\/D-Re\u0301publique-franc\u0327aise.jpg 1500w\" sizes=\"auto, (max-width: 57px) 100vw, 57px\" \/>[\/vc_column_text][\/vc_column_inner][vc_column_inner width=\u00a0\u00bb1\/6&Prime;][vc_single_image image=\u00a0\u00bb1556&Prime; img_size=\u00a0\u00bb250X250&Prime; add_caption=\u00a0\u00bbyes\u00a0\u00bb alignment=\u00a0\u00bbcenter\u00a0\u00bb onclick=\u00a0\u00bbcustom_link\u00a0\u00bb css=\u00a0\u00bb.vc_custom_1678541332832{margin-top: -10px !important;margin-right: -10px !important;margin-bottom: -10px !important;margin-left: -10px !important;border-top-width: -10px !important;border-right-width: -10px !important;border-bottom-width: -10px !important;border-left-width: -10px !important;}\u00a0\u00bb link=\u00a0\u00bbhttps:\/\/aline-voinot.com\/index.php\/jean-jacques-regis-de-cambaceres\/\u00a0\u00bb][vc_btn title=\u00a0\u00bbJean-Jacques r\u00e9gis de CAMBAC\u00c9R\u00c8S (1753-1824)\u00a0\u00bb shape=\u00a0\u00bbsquare\u00a0\u00bb color=\u00a0\u00bbdanger\u00a0\u00bb align=\u00a0\u00bbcenter\u00a0\u00bb i_align=\u00a0\u00bbright\u00a0\u00bb i_icon_fontawesome=\u00a0\u00bbfa fa-eye\u00a0\u00bb button_block=\u00a0\u00bbtrue\u00a0\u00bb add_icon=\u00a0\u00bbtrue\u00a0\u00bb link=\u00a0\u00bburl:http%3A%2F%2Faline-voinot.com%2Findex.php%2Fjean-jacques-regis-de-cambaceres%2F||target:%20_blank|\u00a0\u00bb][vc_btn title=\u00a0\u00bbInstigateur et Coordinateur des codes des lois fran\u00e7aises, coordinateur des r\u00e9dacteurs du code civil\u00a0\u00bb shape=\u00a0\u00bbsquare\u00a0\u00bb color=\u00a0\u00bbdefault\u00a0\u00bb align=\u00a0\u00bbcenter\u00a0\u00bb button_block=\u00a0\u00bbtrue\u00a0\u00bb link=\u00a0\u00bb|||\u00a0\u00bb css=\u00a0\u00bb.vc_custom_1569955267915{margin-top: -20px !important;}\u00a0\u00bb][vc_column_text]<\/p>\n<p style=\"text-align: center;\">Fran\u00e7ais<\/p>\n<p><img loading=\"lazy\" decoding=\"async\" class=\"aligncenter wp-image-3271\" src=\"https:\/\/aline-voinot.com\/wp-content\/uploads\/2018\/02\/D-Re\u0301publique-franc\u0327aise-300x194.jpg\" alt=\"\" width=\"57\" height=\"37\" srcset=\"https:\/\/aline-voinot.com\/wp-content\/uploads\/2018\/02\/D-Re\u0301publique-franc\u0327aise-300x194.jpg 300w, https:\/\/aline-voinot.com\/wp-content\/uploads\/2018\/02\/D-Re\u0301publique-franc\u0327aise-768x497.jpg 768w, https:\/\/aline-voinot.com\/wp-content\/uploads\/2018\/02\/D-Re\u0301publique-franc\u0327aise-1024x662.jpg 1024w, https:\/\/aline-voinot.com\/wp-content\/uploads\/2018\/02\/D-Re\u0301publique-franc\u0327aise.jpg 1500w\" sizes=\"auto, (max-width: 57px) 100vw, 57px\" \/>[\/vc_column_text][\/vc_column_inner][vc_column_inner width=\u00a0\u00bb1\/6&Prime;][vc_single_image image=\u00a0\u00bb15420&Prime; img_size=\u00a0\u00bb250X250&Prime; add_caption=\u00a0\u00bbyes\u00a0\u00bb alignment=\u00a0\u00bbcenter\u00a0\u00bb css=\u00a0\u00bb.vc_custom_1569957702907{margin-top: -10px !important;margin-right: -10px !important;margin-bottom: -10px !important;margin-left: -10px !important;border-top-width: -10px !important;border-right-width: -10px !important;border-bottom-width: -10px !important;border-left-width: -10px !important;}\u00a0\u00bb][vc_btn title=\u00a0\u00bbJacques de MALEVILLE (1741-1824)\u00a0\u00bb shape=\u00a0\u00bbsquare\u00a0\u00bb color=\u00a0\u00bbdanger\u00a0\u00bb align=\u00a0\u00bbcenter\u00a0\u00bb i_align=\u00a0\u00bbright\u00a0\u00bb i_icon_fontawesome=\u00a0\u00bbfa fa-bullseye\u00a0\u00bb button_block=\u00a0\u00bbtrue\u00a0\u00bb add_icon=\u00a0\u00bbtrue\u00a0\u00bb link=\u00a0\u00bburl:https%3A%2F%2Ffr.wikipedia.org%2Fwiki%2FJacques_de_Maleville||target:%20_blank|\u00a0\u00bb][vc_btn title=\u00a0\u00bbR\u00e9dacteur du Code civil\u00a0\u00bb shape=\u00a0\u00bbsquare\u00a0\u00bb color=\u00a0\u00bbdefault\u00a0\u00bb align=\u00a0\u00bbcenter\u00a0\u00bb button_block=\u00a0\u00bbtrue\u00a0\u00bb link=\u00a0\u00bb|||\u00a0\u00bb css=\u00a0\u00bb.vc_custom_1569955469053{margin-top: -20px !important;}\u00a0\u00bb][vc_column_text]<\/p>\n<p style=\"text-align: center;\">Fran\u00e7ais<\/p>\n<p><img loading=\"lazy\" decoding=\"async\" class=\"aligncenter wp-image-3271\" src=\"https:\/\/aline-voinot.com\/wp-content\/uploads\/2018\/02\/D-Re\u0301publique-franc\u0327aise-300x194.jpg\" alt=\"\" width=\"57\" height=\"37\" srcset=\"https:\/\/aline-voinot.com\/wp-content\/uploads\/2018\/02\/D-Re\u0301publique-franc\u0327aise-300x194.jpg 300w, https:\/\/aline-voinot.com\/wp-content\/uploads\/2018\/02\/D-Re\u0301publique-franc\u0327aise-768x497.jpg 768w, https:\/\/aline-voinot.com\/wp-content\/uploads\/2018\/02\/D-Re\u0301publique-franc\u0327aise-1024x662.jpg 1024w, https:\/\/aline-voinot.com\/wp-content\/uploads\/2018\/02\/D-Re\u0301publique-franc\u0327aise.jpg 1500w\" sizes=\"auto, (max-width: 57px) 100vw, 57px\" \/>[\/vc_column_text][\/vc_column_inner][vc_column_inner width=\u00a0\u00bb1\/6&Prime;][vc_single_image image=\u00a0\u00bb15421&Prime; img_size=\u00a0\u00bb250X250&Prime; add_caption=\u00a0\u00bbyes\u00a0\u00bb alignment=\u00a0\u00bbcenter\u00a0\u00bb css=\u00a0\u00bb.vc_custom_1569957719553{margin-top: -10px !important;margin-right: -10px !important;margin-bottom: -10px !important;margin-left: -10px !important;border-top-width: -10px !important;border-right-width: -10px !important;border-bottom-width: -10px !important;border-left-width: -10px !important;}\u00a0\u00bb][vc_btn title=\u00a0\u00bbJean-\u00c9tienne-Marie PORTALIS (1746-1807)\u00a0\u00bb shape=\u00a0\u00bbsquare\u00a0\u00bb color=\u00a0\u00bbdanger\u00a0\u00bb align=\u00a0\u00bbcenter\u00a0\u00bb i_align=\u00a0\u00bbright\u00a0\u00bb i_icon_fontawesome=\u00a0\u00bbfa fa-bullseye\u00a0\u00bb button_block=\u00a0\u00bbtrue\u00a0\u00bb add_icon=\u00a0\u00bbtrue\u00a0\u00bb link=\u00a0\u00bburl:https%3A%2F%2Ffr.wikipedia.org%2Fwiki%2FJean-%25C3%2589tienne-Marie_Portalis||target:%20_blank|\u00a0\u00bb][vc_btn title=\u00a0\u00bbR\u00e9dacteur du Code civil\u00a0\u00bb shape=\u00a0\u00bbsquare\u00a0\u00bb color=\u00a0\u00bbdefault\u00a0\u00bb align=\u00a0\u00bbcenter\u00a0\u00bb button_block=\u00a0\u00bbtrue\u00a0\u00bb link=\u00a0\u00bb|||\u00a0\u00bb css=\u00a0\u00bb.vc_custom_1569955469053{margin-top: -20px !important;}\u00a0\u00bb][vc_column_text]<\/p>\n<p style=\"text-align: center;\">Fran\u00e7ais<\/p>\n<p><img loading=\"lazy\" decoding=\"async\" class=\"aligncenter wp-image-3271\" src=\"https:\/\/aline-voinot.com\/wp-content\/uploads\/2018\/02\/D-Re\u0301publique-franc\u0327aise-300x194.jpg\" alt=\"\" width=\"57\" height=\"37\" srcset=\"https:\/\/aline-voinot.com\/wp-content\/uploads\/2018\/02\/D-Re\u0301publique-franc\u0327aise-300x194.jpg 300w, https:\/\/aline-voinot.com\/wp-content\/uploads\/2018\/02\/D-Re\u0301publique-franc\u0327aise-768x497.jpg 768w, https:\/\/aline-voinot.com\/wp-content\/uploads\/2018\/02\/D-Re\u0301publique-franc\u0327aise-1024x662.jpg 1024w, https:\/\/aline-voinot.com\/wp-content\/uploads\/2018\/02\/D-Re\u0301publique-franc\u0327aise.jpg 1500w\" sizes=\"auto, (max-width: 57px) 100vw, 57px\" \/>[\/vc_column_text][\/vc_column_inner][vc_column_inner width=\u00a0\u00bb1\/6&Prime;][vc_single_image image=\u00a0\u00bb15422&Prime; img_size=\u00a0\u00bb250X250&Prime; add_caption=\u00a0\u00bbyes\u00a0\u00bb alignment=\u00a0\u00bbcenter\u00a0\u00bb css=\u00a0\u00bb.vc_custom_1569957742308{margin-top: -10px !important;margin-right: -10px !important;margin-bottom: -10px !important;margin-left: -10px !important;border-top-width: -10px !important;border-right-width: -10px !important;border-bottom-width: -10px !important;border-left-width: -10px !important;}\u00a0\u00bb][vc_btn title=\u00a0\u00bbFran\u00e7ois Denis TRONCHET (1726-1806)\u00a0\u00bb shape=\u00a0\u00bbsquare\u00a0\u00bb color=\u00a0\u00bbdanger\u00a0\u00bb align=\u00a0\u00bbcenter\u00a0\u00bb i_align=\u00a0\u00bbright\u00a0\u00bb i_icon_fontawesome=\u00a0\u00bbfa fa-bullseye\u00a0\u00bb button_block=\u00a0\u00bbtrue\u00a0\u00bb add_icon=\u00a0\u00bbtrue\u00a0\u00bb link=\u00a0\u00bburl:https%3A%2F%2Ffr.wikipedia.org%2Fwiki%2FFran%25C3%25A7ois_Denis_Tronchet||target:%20_blank|\u00a0\u00bb][vc_btn title=\u00a0\u00bbR\u00e9dacteur du Code civil\u00a0\u00bb shape=\u00a0\u00bbsquare\u00a0\u00bb color=\u00a0\u00bbdefault\u00a0\u00bb align=\u00a0\u00bbcenter\u00a0\u00bb button_block=\u00a0\u00bbtrue\u00a0\u00bb link=\u00a0\u00bb|||\u00a0\u00bb css=\u00a0\u00bb.vc_custom_1569955469053{margin-top: -20px !important;}\u00a0\u00bb][vc_column_text]<\/p>\n<p style=\"text-align: center;\">Fran\u00e7ais<\/p>\n<p><img loading=\"lazy\" decoding=\"async\" class=\"aligncenter wp-image-3271\" src=\"https:\/\/aline-voinot.com\/wp-content\/uploads\/2018\/02\/D-Re\u0301publique-franc\u0327aise-300x194.jpg\" alt=\"\" width=\"57\" height=\"37\" srcset=\"https:\/\/aline-voinot.com\/wp-content\/uploads\/2018\/02\/D-Re\u0301publique-franc\u0327aise-300x194.jpg 300w, https:\/\/aline-voinot.com\/wp-content\/uploads\/2018\/02\/D-Re\u0301publique-franc\u0327aise-768x497.jpg 768w, https:\/\/aline-voinot.com\/wp-content\/uploads\/2018\/02\/D-Re\u0301publique-franc\u0327aise-1024x662.jpg 1024w, https:\/\/aline-voinot.com\/wp-content\/uploads\/2018\/02\/D-Re\u0301publique-franc\u0327aise.jpg 1500w\" sizes=\"auto, (max-width: 57px) 100vw, 57px\" \/>[\/vc_column_text][\/vc_column_inner][\/vc_row_inner][\/vc_column][\/vc_row]<\/p>\n","protected":false},"excerpt":{"rendered":"<p>[vc_row equal_height=\u00a0\u00bbyes\u00a0\u00bb content_placement=\u00a0\u00bbtop\u00a0\u00bb css=\u00a0\u00bb.vc_custom_1546957968919{padding-top: 50px !important;padding-right: 50px !important;padding-bottom: 50px !important;padding-left: 50px !important;background-image: url(https:\/\/aline-voinot.com\/wp-content\/uploads\/2017\/11\/Inventions-2.png?id=899) !important;background-position: center !important;background-repeat: no-repeat !important;background-size: cover !important;}\u00a0\u00bb][vc_column css=\u00a0\u00bb.vc_custom_1510609365202{padding: 30px !important;background-color: rgba(39,39,39,0.76) !important;*background-color: rgb(39,39,39) !important;}\u00a0\u00bb][vc_icon type=\u00a0\u00bblinecons\u00a0\u00bb icon_linecons=\u00a0\u00bbvc_li vc_li-shop\u00a0\u00bb color=\u00a0\u00bbcustom\u00a0\u00bb size=\u00a0\u00bblg\u00a0\u00bb custom_color=\u00a0\u00bb#ffffff\u00a0\u00bb][vc_custom_heading text=\u00a0\u00bbLe Code civil de 1804,\u00a0\u00bb font_container=\u00a0\u00bbtag:h3|font_size:32|text_align:left|color:%23ffffff\u00a0\u00bb google_fonts=\u00a0\u00bbfont_family:Montserrat%3Aregular%2C700|font_style:400%20regular%3A400%3Anormal\u00a0\u00bb][vc_custom_heading<\/p>\n","protected":false},"author":1,"featured_media":0,"parent":0,"menu_order":0,"comment_status":"closed","ping_status":"closed","template":"","meta":{"footnotes":""},"class_list":["post-167","page","type-page","status-publish","hentry"],"yoast_head":"<!-- This site is optimized with the Yoast SEO plugin v22.8 - https:\/\/yoast.com\/wordpress\/plugins\/seo\/ -->\n<title>Juridiques - L&#039;Histoire est un roman...<\/title>\n<meta name=\"robots\" content=\"index, follow, max-snippet:-1, max-image-preview:large, max-video-preview:-1\" \/>\n<link rel=\"canonical\" href=\"https:\/\/aline-voinot.com\/index.php\/juridiques\/\" \/>\n<meta property=\"og:locale\" content=\"fr_FR\" \/>\n<meta property=\"og:type\" content=\"article\" \/>\n<meta property=\"og:title\" content=\"Juridiques - L&#039;Histoire est un roman...\" \/>\n<meta property=\"og:description\" content=\"[vc_row equal_height=\u00a0\u00bbyes\u00a0\u00bb content_placement=\u00a0\u00bbtop\u00a0\u00bb css=\u00a0\u00bb.vc_custom_1546957968919{padding-top: 50px !important;padding-right: 50px !important;padding-bottom: 50px !important;padding-left: 50px !important;background-image: url(https:\/\/aline-voinot.com\/wp-content\/uploads\/2017\/11\/Inventions-2.png?id=899) !important;background-position: center !important;background-repeat: no-repeat !important;background-size: cover !important;}\u00a0\u00bb][vc_column css=\u00a0\u00bb.vc_custom_1510609365202{padding: 30px !important;background-color: rgba(39,39,39,0.76) !important;*background-color: rgb(39,39,39) !important;}\u00a0\u00bb][vc_icon type=\u00a0\u00bblinecons\u00a0\u00bb icon_linecons=\u00a0\u00bbvc_li vc_li-shop\u00a0\u00bb color=\u00a0\u00bbcustom\u00a0\u00bb size=\u00a0\u00bblg\u00a0\u00bb custom_color=\u00a0\u00bb#ffffff\u00a0\u00bb][vc_custom_heading text=\u00a0\u00bbLe Code civil de 1804,\u00a0\u00bb font_container=\u00a0\u00bbtag:h3|font_size:32|text_align:left|color:%23ffffff\u00a0\u00bb google_fonts=\u00a0\u00bbfont_family:Montserrat%3Aregular%2C700|font_style:400%20regular%3A400%3Anormal\u00a0\u00bb][vc_custom_heading\" \/>\n<meta property=\"og:url\" content=\"https:\/\/aline-voinot.com\/index.php\/juridiques\/\" \/>\n<meta property=\"og:site_name\" content=\"L&#039;Histoire est un roman...\" \/>\n<meta property=\"article:modified_time\" content=\"2023-03-11T13:29:40+00:00\" \/>\n<meta name=\"twitter:card\" content=\"summary_large_image\" \/>\n<meta name=\"twitter:label1\" content=\"Dur\u00e9e de lecture estim\u00e9e\" \/>\n\t<meta name=\"twitter:data1\" content=\"5 minutes\" \/>\n<script type=\"application\/ld+json\" class=\"yoast-schema-graph\">{\"@context\":\"https:\/\/schema.org\",\"@graph\":[{\"@type\":\"WebPage\",\"@id\":\"https:\/\/aline-voinot.com\/index.php\/juridiques\/\",\"url\":\"https:\/\/aline-voinot.com\/index.php\/juridiques\/\",\"name\":\"Juridiques - L&#039;Histoire est un roman...\",\"isPartOf\":{\"@id\":\"https:\/\/aline-voinot.com\/#website\"},\"datePublished\":\"2017-10-22T05:09:29+00:00\",\"dateModified\":\"2023-03-11T13:29:40+00:00\",\"breadcrumb\":{\"@id\":\"https:\/\/aline-voinot.com\/index.php\/juridiques\/#breadcrumb\"},\"inLanguage\":\"fr-FR\",\"potentialAction\":[{\"@type\":\"ReadAction\",\"target\":[\"https:\/\/aline-voinot.com\/index.php\/juridiques\/\"]}]},{\"@type\":\"BreadcrumbList\",\"@id\":\"https:\/\/aline-voinot.com\/index.php\/juridiques\/#breadcrumb\",\"itemListElement\":[{\"@type\":\"ListItem\",\"position\":1,\"name\":\"Accueil\",\"item\":\"https:\/\/aline-voinot.com\/\"},{\"@type\":\"ListItem\",\"position\":2,\"name\":\"Juridiques\"}]},{\"@type\":\"WebSite\",\"@id\":\"https:\/\/aline-voinot.com\/#website\",\"url\":\"https:\/\/aline-voinot.com\/\",\"name\":\"L&#039;Histoire est un roman...\",\"description\":\"&quot;Destins connus, destins crois\u00e9s&quot; la premi\u00e8re encyclop\u00e9die romanc\u00e9e...\",\"potentialAction\":[{\"@type\":\"SearchAction\",\"target\":{\"@type\":\"EntryPoint\",\"urlTemplate\":\"https:\/\/aline-voinot.com\/?s={search_term_string}\"},\"query-input\":\"required name=search_term_string\"}],\"inLanguage\":\"fr-FR\"}]}<\/script>\n<!-- \/ Yoast SEO plugin. -->","yoast_head_json":{"title":"Juridiques - L&#039;Histoire est un roman...","robots":{"index":"index","follow":"follow","max-snippet":"max-snippet:-1","max-image-preview":"max-image-preview:large","max-video-preview":"max-video-preview:-1"},"canonical":"https:\/\/aline-voinot.com\/index.php\/juridiques\/","og_locale":"fr_FR","og_type":"article","og_title":"Juridiques - L&#039;Histoire est un roman...","og_description":"[vc_row equal_height=\u00a0\u00bbyes\u00a0\u00bb content_placement=\u00a0\u00bbtop\u00a0\u00bb css=\u00a0\u00bb.vc_custom_1546957968919{padding-top: 50px !important;padding-right: 50px !important;padding-bottom: 50px !important;padding-left: 50px !important;background-image: url(https:\/\/aline-voinot.com\/wp-content\/uploads\/2017\/11\/Inventions-2.png?id=899) !important;background-position: center !important;background-repeat: no-repeat !important;background-size: cover !important;}\u00a0\u00bb][vc_column css=\u00a0\u00bb.vc_custom_1510609365202{padding: 30px !important;background-color: rgba(39,39,39,0.76) !important;*background-color: rgb(39,39,39) !important;}\u00a0\u00bb][vc_icon type=\u00a0\u00bblinecons\u00a0\u00bb icon_linecons=\u00a0\u00bbvc_li vc_li-shop\u00a0\u00bb color=\u00a0\u00bbcustom\u00a0\u00bb size=\u00a0\u00bblg\u00a0\u00bb custom_color=\u00a0\u00bb#ffffff\u00a0\u00bb][vc_custom_heading text=\u00a0\u00bbLe Code civil de 1804,\u00a0\u00bb font_container=\u00a0\u00bbtag:h3|font_size:32|text_align:left|color:%23ffffff\u00a0\u00bb google_fonts=\u00a0\u00bbfont_family:Montserrat%3Aregular%2C700|font_style:400%20regular%3A400%3Anormal\u00a0\u00bb][vc_custom_heading","og_url":"https:\/\/aline-voinot.com\/index.php\/juridiques\/","og_site_name":"L&#039;Histoire est un roman...","article_modified_time":"2023-03-11T13:29:40+00:00","twitter_card":"summary_large_image","twitter_misc":{"Dur\u00e9e de lecture estim\u00e9e":"5 minutes"},"schema":{"@context":"https:\/\/schema.org","@graph":[{"@type":"WebPage","@id":"https:\/\/aline-voinot.com\/index.php\/juridiques\/","url":"https:\/\/aline-voinot.com\/index.php\/juridiques\/","name":"Juridiques - L&#039;Histoire est un roman...","isPartOf":{"@id":"https:\/\/aline-voinot.com\/#website"},"datePublished":"2017-10-22T05:09:29+00:00","dateModified":"2023-03-11T13:29:40+00:00","breadcrumb":{"@id":"https:\/\/aline-voinot.com\/index.php\/juridiques\/#breadcrumb"},"inLanguage":"fr-FR","potentialAction":[{"@type":"ReadAction","target":["https:\/\/aline-voinot.com\/index.php\/juridiques\/"]}]},{"@type":"BreadcrumbList","@id":"https:\/\/aline-voinot.com\/index.php\/juridiques\/#breadcrumb","itemListElement":[{"@type":"ListItem","position":1,"name":"Accueil","item":"https:\/\/aline-voinot.com\/"},{"@type":"ListItem","position":2,"name":"Juridiques"}]},{"@type":"WebSite","@id":"https:\/\/aline-voinot.com\/#website","url":"https:\/\/aline-voinot.com\/","name":"L&#039;Histoire est un roman...","description":"&quot;Destins connus, destins crois\u00e9s&quot; la premi\u00e8re encyclop\u00e9die romanc\u00e9e...","potentialAction":[{"@type":"SearchAction","target":{"@type":"EntryPoint","urlTemplate":"https:\/\/aline-voinot.com\/?s={search_term_string}"},"query-input":"required name=search_term_string"}],"inLanguage":"fr-FR"}]}},"_links":{"self":[{"href":"https:\/\/aline-voinot.com\/index.php\/wp-json\/wp\/v2\/pages\/167","targetHints":{"allow":["GET"]}}],"collection":[{"href":"https:\/\/aline-voinot.com\/index.php\/wp-json\/wp\/v2\/pages"}],"about":[{"href":"https:\/\/aline-voinot.com\/index.php\/wp-json\/wp\/v2\/types\/page"}],"author":[{"embeddable":true,"href":"https:\/\/aline-voinot.com\/index.php\/wp-json\/wp\/v2\/users\/1"}],"replies":[{"embeddable":true,"href":"https:\/\/aline-voinot.com\/index.php\/wp-json\/wp\/v2\/comments?post=167"}],"version-history":[{"count":2,"href":"https:\/\/aline-voinot.com\/index.php\/wp-json\/wp\/v2\/pages\/167\/revisions"}],"predecessor-version":[{"id":35960,"href":"https:\/\/aline-voinot.com\/index.php\/wp-json\/wp\/v2\/pages\/167\/revisions\/35960"}],"wp:attachment":[{"href":"https:\/\/aline-voinot.com\/index.php\/wp-json\/wp\/v2\/media?parent=167"}],"curies":[{"name":"wp","href":"https:\/\/api.w.org\/{rel}","templated":true}]}}