{"id":189,"date":"2017-10-22T07:15:36","date_gmt":"2017-10-22T05:15:36","guid":{"rendered":"http:\/\/aline-voinot.com\/?page_id=189"},"modified":"2021-06-28T13:30:38","modified_gmt":"2021-06-28T11:30:38","slug":"3eme-coalition","status":"publish","type":"page","link":"https:\/\/aline-voinot.com\/index.php\/3eme-coalition\/","title":{"rendered":"3\u00e8me coalition (1805-1806)"},"content":{"rendered":"<p>[vc_row full_width=\u00a0\u00bbstretch_row\u00a0\u00bb css=\u00a0\u00bb.vc_custom_1519815156304{background-color: #272727 !important;}\u00a0\u00bb][vc_column width=\u00a0\u00bb1\/2&Prime;][vc_row_inner][vc_column_inner css=\u00a0\u00bb.vc_custom_1519814829730{padding-right: 50px !important;}\u00a0\u00bb][vc_column_text]<\/p>\n<h6 style=\"text-align: center;\"><span style=\"color: #ffffff;\">SYNOPSIS<\/span><\/h6>\n<table>\n<tbody>\n<tr>\n<td width=\"86\">\n<h6><span style=\"color: #ffffff;\">BELLLIGERANTS<\/span><\/h6>\n<\/td>\n<td width=\"369\">\n<h6><span style=\"color: #ffffff;\">Empire fran\u00e7ais contre 3e\u00a0coalition constitu\u00e9e de l&rsquo;Empire russe, l&rsquo;Empire d&rsquo;Autriche et la Su\u00e8de et la Prusse, coalition financ\u00e9e par le Royaume-Uni<\/span><\/h6>\n<\/td>\n<\/tr>\n<tr>\n<td width=\"86\">\n<h6><span style=\"color: #ffffff;\">DATE<\/span><\/h6>\n<\/td>\n<td width=\"369\">\n<h6><span style=\"color: #ffffff;\">1805<\/span><\/h6>\n<\/td>\n<\/tr>\n<tr>\n<td width=\"86\">\n<h6><span style=\"color: #ffffff;\">LIEU<\/span><\/h6>\n<\/td>\n<td width=\"369\">\n<h6><span style=\"color: #ffffff;\">Europe centrale, Italie, Espagne<\/span><\/h6>\n<\/td>\n<\/tr>\n<tr>\n<td width=\"86\">\n<h6><span style=\"color: #ffffff;\">R\u00c9SULTATS<\/span><\/h6>\n<\/td>\n<td width=\"369\">\n<h6><span style=\"color: #ffffff;\">Victoire fran\u00e7aise<\/span><\/h6>\n<\/td>\n<\/tr>\n<tr>\n<td width=\"86\">\n<h6><span style=\"color: #ffffff;\"><strong>CONS\u00c9QUENCES<\/strong><\/span><\/h6>\n<\/td>\n<td width=\"369\">\n<ul>\n<li>\n<h6><span style=\"color: #ffffff;\">Trait\u00e9 de Presbourg<\/span><\/h6>\n<\/li>\n<li>\n<h6><span style=\"color: #ffffff;\">Dissolution du Saint-Empire romain germanique<\/span><\/h6>\n<\/li>\n<li>\n<h6><span style=\"color: #ffffff;\">Cr\u00e9ation de la conf\u00e9d\u00e9ration du Rhin<\/span><\/h6>\n<\/li>\n<\/ul>\n<\/td>\n<\/tr>\n<\/tbody>\n<\/table>\n<h6 style=\"text-align: center;\"><span style=\"color: #ffffff;\">\u00a0<\/span><\/h6>\n<p>[\/vc_column_text][\/vc_column_inner][\/vc_row_inner][\/vc_column][vc_column width=\u00a0\u00bb1\/2&Prime;][vc_row_inner][vc_column_inner width=\u00a0\u00bb1\/2&Prime;][vc_column_text]<\/p>\n<h6 style=\"text-align: center;\"><span style=\"color: #ffffff;\">EMPIRE FRAN\u00c7AIS<\/span><\/h6>\n<p style=\"text-align: center;\"><span style=\"color: #ffffff;\">198 000 hommes<\/span><\/p>\n<p style=\"text-align: center;\"><span style=\"color: #ffffff;\">dont 45 000 tu\u00e9s, bless\u00e9s ou prisonniers<\/span><\/p>\n<p>[\/vc_column_text][vc_btn title=\u00a0\u00bbPrincipaux Commandants\u00a0\u00bb shape=\u00a0\u00bbsquare\u00a0\u00bb color=\u00a0\u00bbmulled-wine\u00a0\u00bb size=\u00a0\u00bblg\u00a0\u00bb align=\u00a0\u00bbcenter\u00a0\u00bb i_align=\u00a0\u00bbright\u00a0\u00bb i_type=\u00a0\u00bbentypo\u00a0\u00bb i_icon_entypo=\u00a0\u00bbentypo-icon entypo-icon-user\u00a0\u00bb button_block=\u00a0\u00bbtrue\u00a0\u00bb add_icon=\u00a0\u00bbtrue\u00a0\u00bb][vc_column_text]<\/p>\n<ul>\n<li><span style=\"color: #ffffff;\">Napol\u00e9on Ier<\/span><\/li>\n<li><span style=\"color: #ffffff;\">Andr\u00e9 Mass\u00e9na<\/span><\/li>\n<li><span style=\"color: #ffffff;\">Pierre-Charles Villeneuve<\/span><\/li>\n<li><span style=\"color: #ffffff;\">Michel Ney<\/span><\/li>\n<li><span style=\"color: #ffffff;\">Louis-Nicolas Davout<\/span><\/li>\n<li><span style=\"color: #ffffff;\">Pierre Augereau<\/span><\/li>\n<li><span style=\"color: #ffffff;\">Jean-Baptiste Bernadotte<\/span><\/li>\n<li><span style=\"color: #ffffff;\">Jean Lannes<\/span><\/li>\n<li><span style=\"color: #ffffff;\">Joachim Murat<\/span><\/li>\n<li><span style=\"color: #ffffff;\">Jean-de-Dieu Soult<\/span><\/li>\n<li><span style=\"color: #ffffff;\">Auguste Marmont<\/span><\/li>\n<li><span style=\"color: #ffffff;\">\u00c9douard Mortier<\/span><\/li>\n<\/ul>\n<p>[\/vc_column_text][vc_empty_space][vc_btn title=\u00a0\u00bbTome 1&Prime; color=\u00a0\u00bbdanger\u00a0\u00bb size=\u00a0\u00bbxs\u00a0\u00bb][\/vc_column_inner][vc_column_inner width=\u00a0\u00bb1\/2&Prime;][vc_column_text]<\/p>\n<h6 style=\"text-align: center;\"><span style=\"color: #ffffff;\">TROISI\u00c8ME COALITION<\/span><\/h6>\n<p style=\"text-align: center;\"><span style=\"color: #ffffff;\">198 000 hommes<\/span><\/p>\n<p style=\"text-align: center;\"><span style=\"color: #ffffff;\">dont 45 000 tu\u00e9s, bless\u00e9s ou prisonniers<\/span><\/p>\n<p>[\/vc_column_text][vc_btn title=\u00a0\u00bbPrincipaux Commandants\u00a0\u00bb shape=\u00a0\u00bbsquare\u00a0\u00bb color=\u00a0\u00bbmulled-wine\u00a0\u00bb size=\u00a0\u00bblg\u00a0\u00bb align=\u00a0\u00bbcenter\u00a0\u00bb i_align=\u00a0\u00bbright\u00a0\u00bb i_type=\u00a0\u00bbentypo\u00a0\u00bb i_icon_entypo=\u00a0\u00bbentypo-icon entypo-icon-user\u00a0\u00bb button_block=\u00a0\u00bbtrue\u00a0\u00bb add_icon=\u00a0\u00bbtrue\u00a0\u00bb][vc_column_text]<\/p>\n<ul>\n<li><span style=\"color: #ffffff;\">Fran\u00e7ois II du Saint-Empire Germanique<\/span><\/li>\n<li><span style=\"color: #ffffff;\">Karl Mack von Leiberich (Autriche)<\/span><\/li>\n<li><span style=\"color: #ffffff;\">Charles Louis d&rsquo;Autriche (Autriche)<\/span><\/li>\n<li><span style=\"color: #ffffff;\">Ferdinand d&rsquo;Autriche (Autriche)<\/span><\/li>\n<li><span style=\"color: #ffffff;\">Franz von Weyrother (Autriche)<\/span><\/li>\n<li><span style=\"color: #ffffff;\">Alexandre Ier de Russie\u00a0<\/span><\/li>\n<li><span style=\"color: #ffffff;\">Pierre de Bagration (Russie)<\/span><\/li>\n<li><span style=\"color: #ffffff;\">Mikha\u00efl Koutouzov (Russie)<\/span><\/li>\n<li><span style=\"color: #ffffff;\">William Pitt (Grande-Bretagne)<\/span><\/li>\n<li><span style=\"color: #ffffff;\">Horatio Nelson\u2020\u00a0(Grande-Bretagne)<\/span><\/li>\n<li><span style=\"color: #ffffff;\">Ferdinand Ier (Royaume Sicile)<\/span><\/li>\n<\/ul>\n<p>[\/vc_column_text][\/vc_column_inner][\/vc_row_inner][\/vc_column][\/vc_row][vc_row][vc_column][vc_column_text css=\u00a0\u00bb.vc_custom_1624386085144{padding-top: 5px !important;padding-right: 5px !important;padding-bottom: 5px !important;padding-left: 5px !important;}\u00a0\u00bb][\/vc_column_text][vc_row_inner][vc_column_inner width=\u00a0\u00bb1\/6&Prime;][vc_btn title=\u00a0\u00bbBatailles navales\u00a0\u00bb shape=\u00a0\u00bbsquare\u00a0\u00bb color=\u00a0\u00bbprimary\u00a0\u00bb size=\u00a0\u00bblg\u00a0\u00bb align=\u00a0\u00bbcenter\u00a0\u00bb i_align=\u00a0\u00bbright\u00a0\u00bb i_icon_fontawesome=\u00a0\u00bbfa fa-eye\u00a0\u00bb add_icon=\u00a0\u00bbtrue\u00a0\u00bb link=\u00a0\u00bburl:http%3A%2F%2Faline-voinot.com%2Findex.php%2Fbatailles-navales%2F||target:%20_blank|\u00a0\u00bb][\/vc_column_inner][vc_column_inner width=\u00a0\u00bb1\/6&Prime;][vc_btn title=\u00a0\u00bbCamp de Boulogne\u00a0\u00bb shape=\u00a0\u00bbsquare\u00a0\u00bb color=\u00a0\u00bbprimary\u00a0\u00bb size=\u00a0\u00bblg\u00a0\u00bb align=\u00a0\u00bbcenter\u00a0\u00bb i_align=\u00a0\u00bbright\u00a0\u00bb i_icon_fontawesome=\u00a0\u00bbfa fa-eye\u00a0\u00bb add_icon=\u00a0\u00bbtrue\u00a0\u00bb link=\u00a0\u00bburl:http%3A%2F%2Faline-voinot.com%2Findex.php%2Fcamp-de-boulogne%2F||target:%20_blank|\u00a0\u00bb][\/vc_column_inner][vc_column_inner width=\u00a0\u00bb1\/6&Prime;][vc_btn title=\u00a0\u00bbCampagne d&rsquo;Allemagne\u00a0\u00bb shape=\u00a0\u00bbsquare\u00a0\u00bb color=\u00a0\u00bbprimary\u00a0\u00bb size=\u00a0\u00bblg\u00a0\u00bb align=\u00a0\u00bbcenter\u00a0\u00bb i_align=\u00a0\u00bbright\u00a0\u00bb i_icon_fontawesome=\u00a0\u00bbfa fa-eye\u00a0\u00bb add_icon=\u00a0\u00bbtrue\u00a0\u00bb link=\u00a0\u00bburl:http%3A%2F%2Faline-voinot.com%2Findex.php%2Fcampagne-dallemagne%2F||target:%20_blank|\u00a0\u00bb][\/vc_column_inner][vc_column_inner width=\u00a0\u00bb1\/6&Prime;][vc_btn title=\u00a0\u00bbCampagne d&rsquo;Italie\u00a0\u00bb shape=\u00a0\u00bbsquare\u00a0\u00bb color=\u00a0\u00bbwhite\u00a0\u00bb size=\u00a0\u00bblg\u00a0\u00bb align=\u00a0\u00bbcenter\u00a0\u00bb link=\u00a0\u00bb|||\u00a0\u00bb][\/vc_column_inner][vc_column_inner width=\u00a0\u00bb1\/6&Prime;][vc_btn title=\u00a0\u00bbInvasion de Naples\u00a0\u00bb shape=\u00a0\u00bbsquare\u00a0\u00bb color=\u00a0\u00bbwhite\u00a0\u00bb size=\u00a0\u00bblg\u00a0\u00bb align=\u00a0\u00bbcenter\u00a0\u00bb link=\u00a0\u00bb|||\u00a0\u00bb][\/vc_column_inner][vc_column_inner width=\u00a0\u00bb1\/6&Prime;][\/vc_column_inner][\/vc_row_inner][vc_column_text]<\/p>\n<p>&nbsp;<\/p>\n<p>[\/vc_column_text][\/vc_column][\/vc_row][vc_row][vc_column][vc_single_image image=\u00a0\u00bb3353&Prime; img_size=\u00a0\u00bbfull\u00a0\u00bb onclick=\u00a0\u00bbcustom_link\u00a0\u00bb img_link_target=\u00a0\u00bb_blank\u00a0\u00bb link=\u00a0\u00bbhttps:\/\/www.westpoint.edu\/sites\/default\/files\/inline-images\/academics\/academic_departments\/history\/Napoleonic%20wars\/Nap14.pdf\u00a0\u00bb][vc_btn title=\u00a0\u00bbExpansion de l&rsquo;Europe &#8211; Red\u00e9ploiement de la Grande arm\u00e9e &#8211; Ao\u00fbt \u00e0 septembre 1805&Prime; shape=\u00a0\u00bbsquare\u00a0\u00bb color=\u00a0\u00bbmulled-wine\u00a0\u00bb size=\u00a0\u00bblg\u00a0\u00bb align=\u00a0\u00bbcenter\u00a0\u00bb i_align=\u00a0\u00bbright\u00a0\u00bb i_icon_fontawesome=\u00a0\u00bbfa fa-copyright\u00a0\u00bb button_block=\u00a0\u00bbtrue\u00a0\u00bb add_icon=\u00a0\u00bbtrue\u00a0\u00bb link=\u00a0\u00bburl:https%3A%2F%2Fwww.westpoint.edu%2Fsites%2Fdefault%2Ffiles%2Finline-images%2Facademics%2Facademic_departments%2Fhistory%2FNapoleonic%2520wars%2FNap14.pdf||target:%20_blank|\u00a0\u00bb][\/vc_column][\/vc_row]<\/p>\n","protected":false},"excerpt":{"rendered":"<p>[vc_row full_width=\u00a0\u00bbstretch_row\u00a0\u00bb css=\u00a0\u00bb.vc_custom_1519815156304{background-color: #272727 !important;}\u00a0\u00bb][vc_column width=\u00a0\u00bb1\/2&Prime;][vc_row_inner][vc_column_inner css=\u00a0\u00bb.vc_custom_1519814829730{padding-right: 50px !important;}\u00a0\u00bb][vc_column_text] SYNOPSIS BELLLIGERANTS Empire fran\u00e7ais contre 3e\u00a0coalition constitu\u00e9e de l&rsquo;Empire russe, l&rsquo;Empire d&rsquo;Autriche et la Su\u00e8de et la Prusse, coalition financ\u00e9e par le Royaume-Uni DATE 1805 LIEU Europe centrale, Italie, Espagne R\u00c9SULTATS<\/p>\n","protected":false},"author":1,"featured_media":0,"parent":0,"menu_order":0,"comment_status":"closed","ping_status":"closed","template":"","meta":{"footnotes":""},"class_list":["post-189","page","type-page","status-publish","hentry"],"yoast_head":"<!-- This site is optimized with the Yoast SEO plugin v22.8 - https:\/\/yoast.com\/wordpress\/plugins\/seo\/ -->\n<title>3\u00e8me coalition (1805-1806) - L&#039;Histoire est un roman...<\/title>\n<meta name=\"robots\" content=\"index, follow, max-snippet:-1, max-image-preview:large, max-video-preview:-1\" \/>\n<link rel=\"canonical\" href=\"https:\/\/aline-voinot.com\/index.php\/3eme-coalition\/\" \/>\n<meta property=\"og:locale\" content=\"fr_FR\" \/>\n<meta property=\"og:type\" content=\"article\" \/>\n<meta property=\"og:title\" content=\"3\u00e8me coalition (1805-1806) - L&#039;Histoire est un roman...\" \/>\n<meta property=\"og:description\" content=\"[vc_row full_width=\u00a0\u00bbstretch_row\u00a0\u00bb css=\u00a0\u00bb.vc_custom_1519815156304{background-color: #272727 !important;}\u00a0\u00bb][vc_column width=\u00a0\u00bb1\/2&Prime;][vc_row_inner][vc_column_inner css=\u00a0\u00bb.vc_custom_1519814829730{padding-right: 50px !important;}\u00a0\u00bb][vc_column_text] SYNOPSIS BELLLIGERANTS Empire fran\u00e7ais contre 3e\u00a0coalition constitu\u00e9e de l&rsquo;Empire russe, l&rsquo;Empire d&rsquo;Autriche et la Su\u00e8de et la Prusse, coalition financ\u00e9e par le Royaume-Uni DATE 1805 LIEU Europe centrale, Italie, Espagne R\u00c9SULTATS\" \/>\n<meta property=\"og:url\" content=\"https:\/\/aline-voinot.com\/index.php\/3eme-coalition\/\" \/>\n<meta property=\"og:site_name\" content=\"L&#039;Histoire est un roman...\" \/>\n<meta property=\"article:modified_time\" content=\"2021-06-28T11:30:38+00:00\" \/>\n<meta name=\"twitter:card\" content=\"summary_large_image\" \/>\n<meta name=\"twitter:label1\" content=\"Dur\u00e9e de lecture estim\u00e9e\" \/>\n\t<meta name=\"twitter:data1\" content=\"3 minutes\" \/>\n<script type=\"application\/ld+json\" class=\"yoast-schema-graph\">{\"@context\":\"https:\/\/schema.org\",\"@graph\":[{\"@type\":\"WebPage\",\"@id\":\"https:\/\/aline-voinot.com\/index.php\/3eme-coalition\/\",\"url\":\"https:\/\/aline-voinot.com\/index.php\/3eme-coalition\/\",\"name\":\"3\u00e8me coalition (1805-1806) - L&#039;Histoire est un roman...\",\"isPartOf\":{\"@id\":\"https:\/\/aline-voinot.com\/#website\"},\"datePublished\":\"2017-10-22T05:15:36+00:00\",\"dateModified\":\"2021-06-28T11:30:38+00:00\",\"breadcrumb\":{\"@id\":\"https:\/\/aline-voinot.com\/index.php\/3eme-coalition\/#breadcrumb\"},\"inLanguage\":\"fr-FR\",\"potentialAction\":[{\"@type\":\"ReadAction\",\"target\":[\"https:\/\/aline-voinot.com\/index.php\/3eme-coalition\/\"]}]},{\"@type\":\"BreadcrumbList\",\"@id\":\"https:\/\/aline-voinot.com\/index.php\/3eme-coalition\/#breadcrumb\",\"itemListElement\":[{\"@type\":\"ListItem\",\"position\":1,\"name\":\"Accueil\",\"item\":\"https:\/\/aline-voinot.com\/\"},{\"@type\":\"ListItem\",\"position\":2,\"name\":\"3\u00e8me coalition (1805-1806)\"}]},{\"@type\":\"WebSite\",\"@id\":\"https:\/\/aline-voinot.com\/#website\",\"url\":\"https:\/\/aline-voinot.com\/\",\"name\":\"L&#039;Histoire est un roman...\",\"description\":\"&quot;Destins connus, destins crois\u00e9s&quot; la premi\u00e8re encyclop\u00e9die romanc\u00e9e...\",\"potentialAction\":[{\"@type\":\"SearchAction\",\"target\":{\"@type\":\"EntryPoint\",\"urlTemplate\":\"https:\/\/aline-voinot.com\/?s={search_term_string}\"},\"query-input\":\"required name=search_term_string\"}],\"inLanguage\":\"fr-FR\"}]}<\/script>\n<!-- \/ Yoast SEO plugin. -->","yoast_head_json":{"title":"3\u00e8me coalition (1805-1806) - L&#039;Histoire est un roman...","robots":{"index":"index","follow":"follow","max-snippet":"max-snippet:-1","max-image-preview":"max-image-preview:large","max-video-preview":"max-video-preview:-1"},"canonical":"https:\/\/aline-voinot.com\/index.php\/3eme-coalition\/","og_locale":"fr_FR","og_type":"article","og_title":"3\u00e8me coalition (1805-1806) - L&#039;Histoire est un roman...","og_description":"[vc_row full_width=\u00a0\u00bbstretch_row\u00a0\u00bb css=\u00a0\u00bb.vc_custom_1519815156304{background-color: #272727 !important;}\u00a0\u00bb][vc_column width=\u00a0\u00bb1\/2&Prime;][vc_row_inner][vc_column_inner css=\u00a0\u00bb.vc_custom_1519814829730{padding-right: 50px !important;}\u00a0\u00bb][vc_column_text] SYNOPSIS BELLLIGERANTS Empire fran\u00e7ais contre 3e\u00a0coalition constitu\u00e9e de l&rsquo;Empire russe, l&rsquo;Empire d&rsquo;Autriche et la Su\u00e8de et la Prusse, coalition financ\u00e9e par le Royaume-Uni DATE 1805 LIEU Europe centrale, Italie, Espagne R\u00c9SULTATS","og_url":"https:\/\/aline-voinot.com\/index.php\/3eme-coalition\/","og_site_name":"L&#039;Histoire est un roman...","article_modified_time":"2021-06-28T11:30:38+00:00","twitter_card":"summary_large_image","twitter_misc":{"Dur\u00e9e de lecture estim\u00e9e":"3 minutes"},"schema":{"@context":"https:\/\/schema.org","@graph":[{"@type":"WebPage","@id":"https:\/\/aline-voinot.com\/index.php\/3eme-coalition\/","url":"https:\/\/aline-voinot.com\/index.php\/3eme-coalition\/","name":"3\u00e8me coalition (1805-1806) - L&#039;Histoire est un roman...","isPartOf":{"@id":"https:\/\/aline-voinot.com\/#website"},"datePublished":"2017-10-22T05:15:36+00:00","dateModified":"2021-06-28T11:30:38+00:00","breadcrumb":{"@id":"https:\/\/aline-voinot.com\/index.php\/3eme-coalition\/#breadcrumb"},"inLanguage":"fr-FR","potentialAction":[{"@type":"ReadAction","target":["https:\/\/aline-voinot.com\/index.php\/3eme-coalition\/"]}]},{"@type":"BreadcrumbList","@id":"https:\/\/aline-voinot.com\/index.php\/3eme-coalition\/#breadcrumb","itemListElement":[{"@type":"ListItem","position":1,"name":"Accueil","item":"https:\/\/aline-voinot.com\/"},{"@type":"ListItem","position":2,"name":"3\u00e8me coalition (1805-1806)"}]},{"@type":"WebSite","@id":"https:\/\/aline-voinot.com\/#website","url":"https:\/\/aline-voinot.com\/","name":"L&#039;Histoire est un roman...","description":"&quot;Destins connus, destins crois\u00e9s&quot; la premi\u00e8re encyclop\u00e9die romanc\u00e9e...","potentialAction":[{"@type":"SearchAction","target":{"@type":"EntryPoint","urlTemplate":"https:\/\/aline-voinot.com\/?s={search_term_string}"},"query-input":"required name=search_term_string"}],"inLanguage":"fr-FR"}]}},"_links":{"self":[{"href":"https:\/\/aline-voinot.com\/index.php\/wp-json\/wp\/v2\/pages\/189","targetHints":{"allow":["GET"]}}],"collection":[{"href":"https:\/\/aline-voinot.com\/index.php\/wp-json\/wp\/v2\/pages"}],"about":[{"href":"https:\/\/aline-voinot.com\/index.php\/wp-json\/wp\/v2\/types\/page"}],"author":[{"embeddable":true,"href":"https:\/\/aline-voinot.com\/index.php\/wp-json\/wp\/v2\/users\/1"}],"replies":[{"embeddable":true,"href":"https:\/\/aline-voinot.com\/index.php\/wp-json\/wp\/v2\/comments?post=189"}],"version-history":[{"count":0,"href":"https:\/\/aline-voinot.com\/index.php\/wp-json\/wp\/v2\/pages\/189\/revisions"}],"wp:attachment":[{"href":"https:\/\/aline-voinot.com\/index.php\/wp-json\/wp\/v2\/media?parent=189"}],"curies":[{"name":"wp","href":"https:\/\/api.w.org\/{rel}","templated":true}]}}