{"id":191,"date":"2017-10-22T07:15:36","date_gmt":"2017-10-22T05:15:36","guid":{"rendered":"http:\/\/aline-voinot.com\/?page_id=191"},"modified":"2021-06-28T13:30:06","modified_gmt":"2021-06-28T11:30:06","slug":"5eme-coalition","status":"publish","type":"page","link":"https:\/\/aline-voinot.com\/index.php\/5eme-coalition\/","title":{"rendered":"5\u00e8me coalition (10 avril &#8211; 14 octobre 1809)"},"content":{"rendered":"<p>[vc_row full_width=\u00a0\u00bbstretch_row\u00a0\u00bb css=\u00a0\u00bb.vc_custom_1519815156304{background-color: #272727 !important;}\u00a0\u00bb][vc_column width=\u00a0\u00bb1\/2&Prime;][vc_column_text]<\/p>\n<h6 style=\"text-align: center;\"><span style=\"color: #ffffff;\">SYNOPSIS<\/span><\/h6>\n<table>\n<tbody>\n<tr>\n<td width=\"86\"><span style=\"color: #ffffff;\">BELLLIGERANTS<\/span><\/td>\n<td width=\"369\"><span style=\"color: #ffffff;\">Empire fran\u00e7ais\u00a0 et la Bavi\u00e8re contre 4e\u00a0coalition \u00e0 l&rsquo;initiative de l&rsquo;Autriche et du du Royaume-Uni<\/span><\/td>\n<\/tr>\n<tr>\n<td width=\"86\"><span style=\"color: #ffffff;\">DATE<\/span><\/td>\n<td width=\"369\"><span style=\"color: #ffffff;\">10 avril au 14 octobre 1809<\/span><\/td>\n<\/tr>\n<tr>\n<td width=\"86\"><span style=\"color: #ffffff;\">LIEU<\/span><\/td>\n<td width=\"369\"><span style=\"color: #ffffff;\">Europe centrale, Pays-bas, Italie<\/span><\/td>\n<\/tr>\n<tr>\n<td width=\"86\"><span style=\"color: #ffffff;\">R\u00c9SULTATS<\/span><\/td>\n<td width=\"369\"><span style=\"color: #ffffff;\">Victoire fran\u00e7aise<\/span><\/td>\n<\/tr>\n<tr>\n<td width=\"86\"><span style=\"color: #ffffff;\"><strong>CONS\u00c9QUENCES<\/strong><\/span><\/td>\n<td width=\"369\">\n<ul>\n<li><span style=\"color: #ffffff;\"><em>Trait\u00e9 de Sch\u00f6nbrunn<\/em><\/span><\/li>\n<li><span style=\"color: #ffffff;\"><em>Mariage de Napol\u00e9on 1er et Marie-Louise d&rsquo;Autriche qui scelle l&rsquo;alliance franco-autrichienne<\/em><\/span><\/li>\n<li><span style=\"color: #ffffff;\">Dissolution de la Premi\u00e8re coalition<\/span><\/li>\n<\/ul>\n<\/td>\n<\/tr>\n<\/tbody>\n<\/table>\n<p style=\"text-align: center;\"><span style=\"color: #ffffff;\">\u00a0<\/span><\/p>\n<p>[\/vc_column_text][vc_btn title=\u00a0\u00bbTome 1&Prime; color=\u00a0\u00bbdanger\u00a0\u00bb size=\u00a0\u00bbxs\u00a0\u00bb][\/vc_column][vc_column width=\u00a0\u00bb1\/4&Prime;][vc_column_text]<\/p>\n<h6 style=\"text-align: center;\"><span style=\"color: #ffffff;\">EMPIRE FRAN\u00c7AIS<\/span><\/h6>\n<p style=\"text-align: center;\"><span style=\"color: #ffffff;\">275 000 hommes<\/span><\/p>\n<p style=\"text-align: center;\"><span style=\"color: #ffffff;\">dont plus de 100 000 hommes tu\u00e9s<\/span><\/p>\n<p>[\/vc_column_text][vc_btn title=\u00a0\u00bbPrincipaux commandants\u00a0\u00bb shape=\u00a0\u00bbsquare\u00a0\u00bb color=\u00a0\u00bbmulled-wine\u00a0\u00bb size=\u00a0\u00bblg\u00a0\u00bb align=\u00a0\u00bbcenter\u00a0\u00bb i_align=\u00a0\u00bbright\u00a0\u00bb i_type=\u00a0\u00bbentypo\u00a0\u00bb i_icon_entypo=\u00a0\u00bbentypo-icon entypo-icon-user\u00a0\u00bb add_icon=\u00a0\u00bbtrue\u00a0\u00bb][vc_column_text]<\/p>\n<p style=\"margin: 0cm; margin-bottom: .0001pt;\"><span style=\"color: #ffffff;\">Napol\u00e9on\u00a0I<sup>er<\/sup><\/span><\/p>\n<p style=\"margin: 0cm; margin-bottom: .0001pt;\"><span style=\"color: #ffffff;\">Louis Nicolas Davout (France)<\/span><\/p>\n<p style=\"margin: 0cm; margin-bottom: .0001pt;\"><span style=\"color: #ffffff;\">Jean Lannes\u00a0\u2020 (France)<\/span><\/p>\n<p style=\"margin: 0cm; margin-bottom: .0001pt;\"><span style=\"color: #ffffff;\">Andr\u00e9 Mass\u00e9na (France)<\/span><\/p>\n<p style=\"margin: 0cm; margin-bottom: .0001pt;\"><span style=\"color: #ffffff;\">Louis-Alexandre Berthier (France)<\/span><\/p>\n<p style=\"margin: 0cm; margin-bottom: .0001pt;\"><span style=\"color: #ffffff;\">Auguste Marmont (France),<\/span><\/p>\n<p style=\"margin: 0cm; margin-bottom: .0001pt;\"><span style=\"color: #ffffff;\">Maximilien\u00a0I<sup>er<\/sup> (Bavi\u00e8re)<\/span><\/p>\n<p style=\"margin: 0cm; margin-bottom: .0001pt;\"><span style=\"color: #ffffff;\">Prince Eug\u00e8ne (Royaume d\u2019Italie)<\/span><\/p>\n<p style=\"margin: 0cm; margin-bottom: .0001pt;\"><span style=\"color: #ffffff;\">J\u00f3zef Poniatowski (Pologne),<\/span><\/p>\n<p style=\"margin: 0cm; margin-bottom: .0001pt;\"><span style=\"color: #ffffff;\">Fr\u00e9d\u00e9ric-Auguste\u00a0I<sup>er<\/sup> (Saxe)<\/span><\/p>\n<p>[\/vc_column_text][\/vc_column][vc_column width=\u00a0\u00bb1\/4&Prime;][vc_column_text]<\/p>\n<h6 style=\"text-align: center;\"><span style=\"color: #ffffff;\">CINQUI\u00c8ME COALITION<\/span><\/h6>\n<p style=\"text-align: center;\"><span style=\"color: #ffffff;\">380 000 hommes<\/span><\/p>\n<p style=\"text-align: center;\"><span style=\"color: #ffffff;\">dont plus de 100 000 tu\u00e9s<\/span><\/p>\n<p>[\/vc_column_text][vc_btn title=\u00a0\u00bbPrincipaux commandants\u00a0\u00bb shape=\u00a0\u00bbsquare\u00a0\u00bb color=\u00a0\u00bbmulled-wine\u00a0\u00bb size=\u00a0\u00bblg\u00a0\u00bb align=\u00a0\u00bbcenter\u00a0\u00bb i_align=\u00a0\u00bbright\u00a0\u00bb i_type=\u00a0\u00bbentypo\u00a0\u00bb i_icon_entypo=\u00a0\u00bbentypo-icon entypo-icon-user\u00a0\u00bb add_icon=\u00a0\u00bbtrue\u00a0\u00bb][vc_column_text]<\/p>\n<p style=\"margin: 0cm; margin-bottom: .0001pt;\"><span style=\"color: #ffffff;\">Archiduc Charles (Autriche)<\/span><\/p>\n<p style=\"margin: 0cm; margin-bottom: .0001pt;\"><span style=\"color: #ffffff;\">Archiduc Jean (Autriche)<\/span><\/p>\n<p style=\"margin: 0cm; margin-bottom: .0001pt;\"><span style=\"color: #ffffff;\">Lord Chatham (Grande-Bretagne)<\/span><\/p>\n<p style=\"margin: 0cm; margin-bottom: .0001pt;\"><span style=\"color: #ffffff;\">Andreas Hofer (Tyrol)<\/span><\/p>\n<p style=\"margin: 0cm; margin-bottom: .0001pt;\"><span style=\"color: #ffffff;\">Fr\u00e9d\u00e9ric-Guillaume (Allemagne)<\/span><\/p>\n<p>[\/vc_column_text][\/vc_column][\/vc_row][vc_row][vc_column][vc_column_text css=\u00a0\u00bb.vc_custom_1624451943511{padding-top: 5px !important;padding-right: 5px !important;padding-bottom: 5px !important;padding-left: 5px !important;}\u00a0\u00bb]<\/p>\n<p class=\"p1\">1809, l\u2019Europe centrale est en guerre. Les principaux protagonistes sont la France et l&rsquo;Autriche et chacun eut \u00e0 d\u00e9nombrer d\u2019immenses pertes humaines. Napol\u00e9on ne dut sa victoire qu\u2019\u00e0 l\u2019absence de l\u2019Empire russe et du Royaume de Pusse qui n\u2019e particip\u00e8rent pas \u00e0 cette coalition. Sans ce soutien, l\u2019Autriche ne put r\u00e9sister \u00e0 une arm\u00e9e fran\u00e7aise en surnombre qui l\u2019emporta avec la sanglante\u00a0bataille de Wagram.<\/p>\n<p>[\/vc_column_text][vc_row_inner][vc_column_inner width=\u00a0\u00bb1\/4&Prime;][vc_btn title=\u00a0\u00bbGuerre d&rsquo;Espagne\u00a0\u00bb shape=\u00a0\u00bbsquare\u00a0\u00bb color=\u00a0\u00bbprimary\u00a0\u00bb size=\u00a0\u00bblg\u00a0\u00bb align=\u00a0\u00bbcenter\u00a0\u00bb i_align=\u00a0\u00bbright\u00a0\u00bb i_icon_fontawesome=\u00a0\u00bbfa fa-eye\u00a0\u00bb add_icon=\u00a0\u00bbtrue\u00a0\u00bb link=\u00a0\u00bburl:http%3A%2F%2Faline-voinot.com%2Findex.php%2Fguerre-despagne%2F|||\u00a0\u00bb][\/vc_column_inner][vc_column_inner width=\u00a0\u00bb1\/4&Prime;][vc_btn title=\u00a0\u00bbCampagne d&rsquo;Allemagne et d&rsquo;Autriche\u00a0\u00bb shape=\u00a0\u00bbsquare\u00a0\u00bb color=\u00a0\u00bbprimary\u00a0\u00bb size=\u00a0\u00bblg\u00a0\u00bb align=\u00a0\u00bbcenter\u00a0\u00bb i_align=\u00a0\u00bbright\u00a0\u00bb i_icon_fontawesome=\u00a0\u00bbfa fa-eye\u00a0\u00bb add_icon=\u00a0\u00bbtrue\u00a0\u00bb link=\u00a0\u00bburl:http%3A%2F%2Faline-voinot.com%2Findex.php%2Fcampagne-dallemagne-et-dautriche%2F|||\u00a0\u00bb][\/vc_column_inner][vc_column_inner width=\u00a0\u00bb1\/6&Prime;][vc_btn title=\u00a0\u00bbBatailles navales Martinique, Sable d&rsquo;Olonne, &#8230;\u00a0\u00bb shape=\u00a0\u00bbsquare\u00a0\u00bb color=\u00a0\u00bbwhite\u00a0\u00bb size=\u00a0\u00bblg\u00a0\u00bb align=\u00a0\u00bbcenter\u00a0\u00bb][\/vc_column_inner][vc_column_inner width=\u00a0\u00bb1\/6&Prime;][vc_btn title=\u00a0\u00bbCampagne de l&rsquo;\u00efle Maurice\u00a0\u00bb shape=\u00a0\u00bbsquare\u00a0\u00bb color=\u00a0\u00bbwhite\u00a0\u00bb size=\u00a0\u00bblg\u00a0\u00bb align=\u00a0\u00bbcenter\u00a0\u00bb][\/vc_column_inner][vc_column_inner width=\u00a0\u00bb1\/6&Prime;][vc_btn title=\u00a0\u00bbRebellion du Tyrol\u00a0\u00bb shape=\u00a0\u00bbsquare\u00a0\u00bb color=\u00a0\u00bbwhite\u00a0\u00bb size=\u00a0\u00bblg\u00a0\u00bb align=\u00a0\u00bbcenter\u00a0\u00bb][\/vc_column_inner][\/vc_row_inner][\/vc_column][\/vc_row][vc_row][vc_column][vc_single_image image=\u00a0\u00bb3360&Prime; img_size=\u00a0\u00bbfull\u00a0\u00bb onclick=\u00a0\u00bbcustom_link\u00a0\u00bb link=\u00a0\u00bbhttps:\/\/www.westpoint.edu\/sites\/default\/files\/inline-images\/academics\/academic_departments\/history\/Napoleonic%20wars\/Nap38.pdf\u00a0\u00bb][vc_btn title=\u00a0\u00bbL&rsquo;Europe en 1809 &#8211; La d\u00e9fense du grand-empire &#8211; Situation strat\u00e9gique au 1er f\u00e9vrier 1809&Prime; shape=\u00a0\u00bbsquare\u00a0\u00bb color=\u00a0\u00bbmulled-wine\u00a0\u00bb size=\u00a0\u00bblg\u00a0\u00bb align=\u00a0\u00bbcenter\u00a0\u00bb i_align=\u00a0\u00bbright\u00a0\u00bb i_icon_fontawesome=\u00a0\u00bbfa fa-copyright\u00a0\u00bb button_block=\u00a0\u00bbtrue\u00a0\u00bb add_icon=\u00a0\u00bbtrue\u00a0\u00bb link=\u00a0\u00bburl:https%3A%2F%2Fwww.westpoint.edu%2Fsites%2Fdefault%2Ffiles%2Finline-images%2Facademics%2Facademic_departments%2Fhistory%2FNapoleonic%2520wars%2FNap38.pdf||target:%20_blank|\u00a0\u00bb][\/vc_column][\/vc_row]<\/p>\n","protected":false},"excerpt":{"rendered":"<p>[vc_row full_width=\u00a0\u00bbstretch_row\u00a0\u00bb css=\u00a0\u00bb.vc_custom_1519815156304{background-color: #272727 !important;}\u00a0\u00bb][vc_column width=\u00a0\u00bb1\/2&Prime;][vc_column_text] SYNOPSIS BELLLIGERANTS Empire fran\u00e7ais\u00a0 et la Bavi\u00e8re contre 4e\u00a0coalition \u00e0 l&rsquo;initiative de l&rsquo;Autriche et du du Royaume-Uni DATE 10 avril au 14 octobre 1809 LIEU Europe centrale, Pays-bas, Italie R\u00c9SULTATS Victoire fran\u00e7aise CONS\u00c9QUENCES Trait\u00e9<\/p>\n","protected":false},"author":1,"featured_media":0,"parent":0,"menu_order":0,"comment_status":"closed","ping_status":"closed","template":"","meta":{"footnotes":""},"class_list":["post-191","page","type-page","status-publish","hentry"],"yoast_head":"<!-- This site is optimized with the Yoast SEO plugin v22.8 - https:\/\/yoast.com\/wordpress\/plugins\/seo\/ -->\n<title>5\u00e8me coalition (10 avril - 14 octobre 1809) - L&#039;Histoire est un roman...<\/title>\n<meta name=\"robots\" content=\"index, follow, max-snippet:-1, max-image-preview:large, max-video-preview:-1\" \/>\n<link rel=\"canonical\" href=\"https:\/\/aline-voinot.com\/index.php\/5eme-coalition\/\" \/>\n<meta property=\"og:locale\" content=\"fr_FR\" \/>\n<meta property=\"og:type\" content=\"article\" \/>\n<meta property=\"og:title\" content=\"5\u00e8me coalition (10 avril - 14 octobre 1809) - L&#039;Histoire est un roman...\" \/>\n<meta property=\"og:description\" content=\"[vc_row full_width=\u00a0\u00bbstretch_row\u00a0\u00bb css=\u00a0\u00bb.vc_custom_1519815156304{background-color: #272727 !important;}\u00a0\u00bb][vc_column width=\u00a0\u00bb1\/2&Prime;][vc_column_text] SYNOPSIS BELLLIGERANTS Empire fran\u00e7ais\u00a0 et la Bavi\u00e8re contre 4e\u00a0coalition \u00e0 l&rsquo;initiative de l&rsquo;Autriche et du du Royaume-Uni DATE 10 avril au 14 octobre 1809 LIEU Europe centrale, Pays-bas, Italie R\u00c9SULTATS Victoire fran\u00e7aise CONS\u00c9QUENCES Trait\u00e9\" \/>\n<meta property=\"og:url\" content=\"https:\/\/aline-voinot.com\/index.php\/5eme-coalition\/\" \/>\n<meta property=\"og:site_name\" content=\"L&#039;Histoire est un roman...\" \/>\n<meta property=\"article:modified_time\" content=\"2021-06-28T11:30:06+00:00\" \/>\n<meta name=\"twitter:card\" content=\"summary_large_image\" \/>\n<meta name=\"twitter:label1\" content=\"Dur\u00e9e de lecture estim\u00e9e\" \/>\n\t<meta name=\"twitter:data1\" content=\"3 minutes\" \/>\n<script type=\"application\/ld+json\" class=\"yoast-schema-graph\">{\"@context\":\"https:\/\/schema.org\",\"@graph\":[{\"@type\":\"WebPage\",\"@id\":\"https:\/\/aline-voinot.com\/index.php\/5eme-coalition\/\",\"url\":\"https:\/\/aline-voinot.com\/index.php\/5eme-coalition\/\",\"name\":\"5\u00e8me coalition (10 avril - 14 octobre 1809) - L&#039;Histoire est un roman...\",\"isPartOf\":{\"@id\":\"https:\/\/aline-voinot.com\/#website\"},\"datePublished\":\"2017-10-22T05:15:36+00:00\",\"dateModified\":\"2021-06-28T11:30:06+00:00\",\"breadcrumb\":{\"@id\":\"https:\/\/aline-voinot.com\/index.php\/5eme-coalition\/#breadcrumb\"},\"inLanguage\":\"fr-FR\",\"potentialAction\":[{\"@type\":\"ReadAction\",\"target\":[\"https:\/\/aline-voinot.com\/index.php\/5eme-coalition\/\"]}]},{\"@type\":\"BreadcrumbList\",\"@id\":\"https:\/\/aline-voinot.com\/index.php\/5eme-coalition\/#breadcrumb\",\"itemListElement\":[{\"@type\":\"ListItem\",\"position\":1,\"name\":\"Accueil\",\"item\":\"https:\/\/aline-voinot.com\/\"},{\"@type\":\"ListItem\",\"position\":2,\"name\":\"5\u00e8me coalition (10 avril &#8211; 14 octobre 1809)\"}]},{\"@type\":\"WebSite\",\"@id\":\"https:\/\/aline-voinot.com\/#website\",\"url\":\"https:\/\/aline-voinot.com\/\",\"name\":\"L&#039;Histoire est un roman...\",\"description\":\"&quot;Destins connus, destins crois\u00e9s&quot; la premi\u00e8re encyclop\u00e9die romanc\u00e9e...\",\"potentialAction\":[{\"@type\":\"SearchAction\",\"target\":{\"@type\":\"EntryPoint\",\"urlTemplate\":\"https:\/\/aline-voinot.com\/?s={search_term_string}\"},\"query-input\":\"required name=search_term_string\"}],\"inLanguage\":\"fr-FR\"}]}<\/script>\n<!-- \/ Yoast SEO plugin. -->","yoast_head_json":{"title":"5\u00e8me coalition (10 avril - 14 octobre 1809) - L&#039;Histoire est un roman...","robots":{"index":"index","follow":"follow","max-snippet":"max-snippet:-1","max-image-preview":"max-image-preview:large","max-video-preview":"max-video-preview:-1"},"canonical":"https:\/\/aline-voinot.com\/index.php\/5eme-coalition\/","og_locale":"fr_FR","og_type":"article","og_title":"5\u00e8me coalition (10 avril - 14 octobre 1809) - L&#039;Histoire est un roman...","og_description":"[vc_row full_width=\u00a0\u00bbstretch_row\u00a0\u00bb css=\u00a0\u00bb.vc_custom_1519815156304{background-color: #272727 !important;}\u00a0\u00bb][vc_column width=\u00a0\u00bb1\/2&Prime;][vc_column_text] SYNOPSIS BELLLIGERANTS Empire fran\u00e7ais\u00a0 et la Bavi\u00e8re contre 4e\u00a0coalition \u00e0 l&rsquo;initiative de l&rsquo;Autriche et du du Royaume-Uni DATE 10 avril au 14 octobre 1809 LIEU Europe centrale, Pays-bas, Italie R\u00c9SULTATS Victoire fran\u00e7aise CONS\u00c9QUENCES Trait\u00e9","og_url":"https:\/\/aline-voinot.com\/index.php\/5eme-coalition\/","og_site_name":"L&#039;Histoire est un roman...","article_modified_time":"2021-06-28T11:30:06+00:00","twitter_card":"summary_large_image","twitter_misc":{"Dur\u00e9e de lecture estim\u00e9e":"3 minutes"},"schema":{"@context":"https:\/\/schema.org","@graph":[{"@type":"WebPage","@id":"https:\/\/aline-voinot.com\/index.php\/5eme-coalition\/","url":"https:\/\/aline-voinot.com\/index.php\/5eme-coalition\/","name":"5\u00e8me coalition (10 avril - 14 octobre 1809) - L&#039;Histoire est un roman...","isPartOf":{"@id":"https:\/\/aline-voinot.com\/#website"},"datePublished":"2017-10-22T05:15:36+00:00","dateModified":"2021-06-28T11:30:06+00:00","breadcrumb":{"@id":"https:\/\/aline-voinot.com\/index.php\/5eme-coalition\/#breadcrumb"},"inLanguage":"fr-FR","potentialAction":[{"@type":"ReadAction","target":["https:\/\/aline-voinot.com\/index.php\/5eme-coalition\/"]}]},{"@type":"BreadcrumbList","@id":"https:\/\/aline-voinot.com\/index.php\/5eme-coalition\/#breadcrumb","itemListElement":[{"@type":"ListItem","position":1,"name":"Accueil","item":"https:\/\/aline-voinot.com\/"},{"@type":"ListItem","position":2,"name":"5\u00e8me coalition (10 avril &#8211; 14 octobre 1809)"}]},{"@type":"WebSite","@id":"https:\/\/aline-voinot.com\/#website","url":"https:\/\/aline-voinot.com\/","name":"L&#039;Histoire est un roman...","description":"&quot;Destins connus, destins crois\u00e9s&quot; la premi\u00e8re encyclop\u00e9die romanc\u00e9e...","potentialAction":[{"@type":"SearchAction","target":{"@type":"EntryPoint","urlTemplate":"https:\/\/aline-voinot.com\/?s={search_term_string}"},"query-input":"required name=search_term_string"}],"inLanguage":"fr-FR"}]}},"_links":{"self":[{"href":"https:\/\/aline-voinot.com\/index.php\/wp-json\/wp\/v2\/pages\/191","targetHints":{"allow":["GET"]}}],"collection":[{"href":"https:\/\/aline-voinot.com\/index.php\/wp-json\/wp\/v2\/pages"}],"about":[{"href":"https:\/\/aline-voinot.com\/index.php\/wp-json\/wp\/v2\/types\/page"}],"author":[{"embeddable":true,"href":"https:\/\/aline-voinot.com\/index.php\/wp-json\/wp\/v2\/users\/1"}],"replies":[{"embeddable":true,"href":"https:\/\/aline-voinot.com\/index.php\/wp-json\/wp\/v2\/comments?post=191"}],"version-history":[{"count":0,"href":"https:\/\/aline-voinot.com\/index.php\/wp-json\/wp\/v2\/pages\/191\/revisions"}],"wp:attachment":[{"href":"https:\/\/aline-voinot.com\/index.php\/wp-json\/wp\/v2\/media?parent=191"}],"curies":[{"name":"wp","href":"https:\/\/api.w.org\/{rel}","templated":true}]}}