{"id":192,"date":"2017-10-22T07:15:36","date_gmt":"2017-10-22T05:15:36","guid":{"rendered":"http:\/\/aline-voinot.com\/?page_id=192"},"modified":"2021-06-28T15:03:27","modified_gmt":"2021-06-28T13:03:27","slug":"6eme-coalition","status":"publish","type":"page","link":"https:\/\/aline-voinot.com\/index.php\/6eme-coalition\/","title":{"rendered":"6\u00e8me coalition (1812-1814)"},"content":{"rendered":"<p>[vc_row full_width=\u00a0\u00bbstretch_row\u00a0\u00bb css=\u00a0\u00bb.vc_custom_1519815156304{background-color: #272727 !important;}\u00a0\u00bb][vc_column width=\u00a0\u00bb1\/2&Prime;][vc_column_text]<\/p>\n<h6 style=\"text-align: center;\"><span style=\"color: #ffffff;\">SYNOPSIS<\/span><\/h6>\n<table>\n<tbody>\n<tr>\n<td width=\"86\">\n<h6><span style=\"color: #ffffff;\">BELLLIGERANTS<\/span><\/h6>\n<\/td>\n<td width=\"369\">\n<h6><span style=\"color: #ffffff;\">France contre 6e\u00a0coalition qui r\u00e9unit le Royaume-Uni et d&rsquo;Irlande, les empires Russe et Autrichien, les royaume de Prusse, Su\u00e8de et certains \u00e9tats allemands<\/span><\/h6>\n<\/td>\n<\/tr>\n<tr>\n<td width=\"86\">\n<h6><span style=\"color: #ffffff;\">DATE<\/span><\/h6>\n<\/td>\n<td width=\"369\">\n<h6><span style=\"color: #ffffff;\">1812-1814<\/span><\/h6>\n<\/td>\n<\/tr>\n<tr>\n<td width=\"86\">\n<h6><span style=\"color: #ffffff;\">LIEU<\/span><\/h6>\n<\/td>\n<td width=\"369\">\n<h6><span style=\"color: #ffffff;\">Europe<\/span><\/h6>\n<\/td>\n<\/tr>\n<tr>\n<td width=\"86\">\n<h6><span style=\"color: #ffffff;\">R\u00c9SULTATS<\/span><\/h6>\n<\/td>\n<td width=\"369\">\n<h6><span style=\"color: #ffffff;\">Victoire\u00a0 de la coalition<\/span><\/h6>\n<\/td>\n<\/tr>\n<tr>\n<td width=\"86\">\n<h6><span style=\"color: #ffffff;\"><strong>CONS\u00c9QUENCES<\/strong><\/span><\/h6>\n<\/td>\n<td width=\"369\">\n<ul>\n<li>\n<h6><span style=\"color: #ffffff;\">Trait\u00e9 de Vienne<\/span><\/h6>\n<\/li>\n<li>\n<h6><span style=\"color: #ffffff;\">Exil de Napol\u00e9on sur l&rsquo;\u00eele d&rsquo;Elbe<\/span><\/h6>\n<\/li>\n<\/ul>\n<\/td>\n<\/tr>\n<\/tbody>\n<\/table>\n<p>[\/vc_column_text][\/vc_column][vc_column width=\u00a0\u00bb1\/4&Prime;][vc_column_text]<\/p>\n<h6 style=\"text-align: center;\"><span style=\"color: #ffffff;\">EMPIRE FRAN\u00c7AIS<\/span><\/h6>\n<p>[\/vc_column_text][vc_btn title=\u00a0\u00bbPrincipaux commandants\u00a0\u00bb shape=\u00a0\u00bbsquare\u00a0\u00bb color=\u00a0\u00bbmulled-wine\u00a0\u00bb size=\u00a0\u00bblg\u00a0\u00bb align=\u00a0\u00bbcenter\u00a0\u00bb i_align=\u00a0\u00bbright\u00a0\u00bb i_type=\u00a0\u00bbentypo\u00a0\u00bb i_icon_entypo=\u00a0\u00bbentypo-icon entypo-icon-user\u00a0\u00bb button_block=\u00a0\u00bbtrue\u00a0\u00bb add_icon=\u00a0\u00bbtrue\u00a0\u00bb][vc_column_text]<\/p>\n<ul>\n<li><span style=\"color: #ffffff;\">Napol\u00e9on Ier <\/span><\/li>\n<li><span style=\"color: #ffffff;\">Michel Ney (France)<\/span><\/li>\n<li><span style=\"color: #ffffff;\">Auguste Marmont (France)<\/span><\/li>\n<li><span style=\"color: #ffffff;\">J\u00f3zef Antoni Poniatowski (Pologne)<\/span><\/li>\n<li><span style=\"color: #ffffff;\">Fr\u00e9d\u00e9ric-Auguste Ier de Saxe <\/span><\/li>\n<\/ul>\n<p>[\/vc_column_text][\/vc_column][vc_column width=\u00a0\u00bb1\/4&Prime;][vc_column_text]<\/p>\n<h6 style=\"text-align: center;\"><span style=\"color: #ffffff;\">SIXI\u00c8ME COALITION<\/span><\/h6>\n<p style=\"text-align: center;\">[\/vc_column_text][vc_btn title=\u00a0\u00bbPrincipaux commandants\u00a0\u00bb shape=\u00a0\u00bbsquare\u00a0\u00bb color=\u00a0\u00bbmulled-wine\u00a0\u00bb size=\u00a0\u00bblg\u00a0\u00bb align=\u00a0\u00bbcenter\u00a0\u00bb i_align=\u00a0\u00bbright\u00a0\u00bb i_type=\u00a0\u00bbentypo\u00a0\u00bb i_icon_entypo=\u00a0\u00bbentypo-icon entypo-icon-user\u00a0\u00bb button_block=\u00a0\u00bbtrue\u00a0\u00bb add_icon=\u00a0\u00bbtrue\u00a0\u00bb][vc_column_text]<\/p>\n<ul>\n<li><span style=\"color: #ffffff;\">Gebhard von Bl\u00fccher (Prusse)<\/span><\/li>\n<li><span style=\"color: #ffffff;\">Michel Barclay de Tolly (Russie)<\/span><\/li>\n<li><span style=\"color: #ffffff;\">Mikha\u00efl Koutousov (Russie)<\/span><\/li>\n<li><span style=\"color: #ffffff;\">Peter Wittgenstein (Russie)<\/span><\/li>\n<li><span style=\"color: #ffffff;\">Karl Philipp de Schwarzenberg (Autriche)<\/span><\/li>\n<li><span style=\"color: #ffffff;\">Karl Philipp von Wrede (Autriche) <\/span><\/li>\n<\/ul>\n<p>[\/vc_column_text][\/vc_column][\/vc_row][vc_row][vc_column][vc_row_inner][vc_column_inner width=\u00a0\u00bb1\/3&Prime;][vc_btn title=\u00a0\u00bbCampagne de Russie\u00a0\u00bb shape=\u00a0\u00bbsquare\u00a0\u00bb color=\u00a0\u00bbprimary\u00a0\u00bb size=\u00a0\u00bblg\u00a0\u00bb align=\u00a0\u00bbcenter\u00a0\u00bb link=\u00a0\u00bburl:http%3A%2F%2Faline-voinot.com%2Findex.php%2Fcampagne-de-russie%2F||target:%20_blank|\u00a0\u00bb][\/vc_column_inner][vc_column_inner width=\u00a0\u00bb1\/3&Prime;][vc_btn title=\u00a0\u00bbCampagne d&rsquo;Allemagne\u00a0\u00bb shape=\u00a0\u00bbsquare\u00a0\u00bb color=\u00a0\u00bbprimary\u00a0\u00bb size=\u00a0\u00bblg\u00a0\u00bb align=\u00a0\u00bbcenter\u00a0\u00bb link=\u00a0\u00bburl:http%3A%2F%2Faline-voinot.com%2Findex.php%2Fcampagne-allemagne%2F|||\u00a0\u00bb][\/vc_column_inner][vc_column_inner width=\u00a0\u00bb1\/3&Prime;][vc_btn title=\u00a0\u00bbCampagne de France\u00a0\u00bb shape=\u00a0\u00bbsquare\u00a0\u00bb color=\u00a0\u00bbprimary\u00a0\u00bb size=\u00a0\u00bblg\u00a0\u00bb align=\u00a0\u00bbcenter\u00a0\u00bb link=\u00a0\u00bburl:http%3A%2F%2Faline-voinot.com%2Findex.php%2Fcampagne-de-france%2F|||\u00a0\u00bb][\/vc_column_inner][\/vc_row_inner][vc_column_text]<\/p>\n<p>&nbsp;<\/p>\n<p>[\/vc_column_text][\/vc_column][\/vc_row][vc_row][vc_column][vc_single_image image=\u00a0\u00bb24150&Prime; img_size=\u00a0\u00bbfull\u00a0\u00bb][vc_btn title=\u00a0\u00bbLa situation de l&rsquo;Europe en 1813 &#8211; Campagne de Leipzig &#8211; 17 mars 1813&Prime; shape=\u00a0\u00bbsquare\u00a0\u00bb color=\u00a0\u00bbmulled-wine\u00a0\u00bb size=\u00a0\u00bblg\u00a0\u00bb align=\u00a0\u00bbcenter\u00a0\u00bb i_align=\u00a0\u00bbright\u00a0\u00bb i_icon_fontawesome=\u00a0\u00bbfa fa-copyright\u00a0\u00bb button_block=\u00a0\u00bbtrue\u00a0\u00bb add_icon=\u00a0\u00bbtrue\u00a0\u00bb link=\u00a0\u00bburl:https%3A%2F%2Fwww.westpoint.edu%2Fsites%2Fdefault%2Ffiles%2Finline-images%2Facademics%2Facademic_departments%2Fhistory%2FNapoleonic%2520wars%2FNap53.pdf||target:%20_blank|\u00a0\u00bb][\/vc_column][\/vc_row]<\/p>\n","protected":false},"excerpt":{"rendered":"<p>[vc_row full_width=\u00a0\u00bbstretch_row\u00a0\u00bb css=\u00a0\u00bb.vc_custom_1519815156304{background-color: #272727 !important;}\u00a0\u00bb][vc_column width=\u00a0\u00bb1\/2&Prime;][vc_column_text] SYNOPSIS BELLLIGERANTS France contre 6e\u00a0coalition qui r\u00e9unit le Royaume-Uni et d&rsquo;Irlande, les empires Russe et Autrichien, les royaume de Prusse, Su\u00e8de et certains \u00e9tats allemands DATE 1812-1814 LIEU Europe R\u00c9SULTATS Victoire\u00a0 de la coalition<\/p>\n","protected":false},"author":1,"featured_media":0,"parent":0,"menu_order":0,"comment_status":"closed","ping_status":"closed","template":"","meta":{"footnotes":""},"class_list":["post-192","page","type-page","status-publish","hentry"],"yoast_head":"<!-- This site is optimized with the Yoast SEO plugin v22.8 - https:\/\/yoast.com\/wordpress\/plugins\/seo\/ -->\n<title>6\u00e8me coalition (1812-1814) - L&#039;Histoire est un roman...<\/title>\n<meta name=\"robots\" content=\"index, follow, max-snippet:-1, max-image-preview:large, max-video-preview:-1\" \/>\n<link rel=\"canonical\" href=\"https:\/\/aline-voinot.com\/index.php\/6eme-coalition\/\" \/>\n<meta property=\"og:locale\" content=\"fr_FR\" \/>\n<meta property=\"og:type\" content=\"article\" \/>\n<meta property=\"og:title\" content=\"6\u00e8me coalition (1812-1814) - L&#039;Histoire est un roman...\" \/>\n<meta property=\"og:description\" content=\"[vc_row full_width=\u00a0\u00bbstretch_row\u00a0\u00bb css=\u00a0\u00bb.vc_custom_1519815156304{background-color: #272727 !important;}\u00a0\u00bb][vc_column width=\u00a0\u00bb1\/2&Prime;][vc_column_text] SYNOPSIS BELLLIGERANTS France contre 6e\u00a0coalition qui r\u00e9unit le Royaume-Uni et d&rsquo;Irlande, les empires Russe et Autrichien, les royaume de Prusse, Su\u00e8de et certains \u00e9tats allemands DATE 1812-1814 LIEU Europe R\u00c9SULTATS Victoire\u00a0 de la coalition\" \/>\n<meta property=\"og:url\" content=\"https:\/\/aline-voinot.com\/index.php\/6eme-coalition\/\" \/>\n<meta property=\"og:site_name\" content=\"L&#039;Histoire est un roman...\" \/>\n<meta property=\"article:modified_time\" content=\"2021-06-28T13:03:27+00:00\" \/>\n<meta name=\"twitter:card\" content=\"summary_large_image\" \/>\n<meta name=\"twitter:label1\" content=\"Dur\u00e9e de lecture estim\u00e9e\" \/>\n\t<meta name=\"twitter:data1\" content=\"2 minutes\" \/>\n<script type=\"application\/ld+json\" class=\"yoast-schema-graph\">{\"@context\":\"https:\/\/schema.org\",\"@graph\":[{\"@type\":\"WebPage\",\"@id\":\"https:\/\/aline-voinot.com\/index.php\/6eme-coalition\/\",\"url\":\"https:\/\/aline-voinot.com\/index.php\/6eme-coalition\/\",\"name\":\"6\u00e8me coalition (1812-1814) - L&#039;Histoire est un roman...\",\"isPartOf\":{\"@id\":\"https:\/\/aline-voinot.com\/#website\"},\"datePublished\":\"2017-10-22T05:15:36+00:00\",\"dateModified\":\"2021-06-28T13:03:27+00:00\",\"breadcrumb\":{\"@id\":\"https:\/\/aline-voinot.com\/index.php\/6eme-coalition\/#breadcrumb\"},\"inLanguage\":\"fr-FR\",\"potentialAction\":[{\"@type\":\"ReadAction\",\"target\":[\"https:\/\/aline-voinot.com\/index.php\/6eme-coalition\/\"]}]},{\"@type\":\"BreadcrumbList\",\"@id\":\"https:\/\/aline-voinot.com\/index.php\/6eme-coalition\/#breadcrumb\",\"itemListElement\":[{\"@type\":\"ListItem\",\"position\":1,\"name\":\"Accueil\",\"item\":\"https:\/\/aline-voinot.com\/\"},{\"@type\":\"ListItem\",\"position\":2,\"name\":\"6\u00e8me coalition (1812-1814)\"}]},{\"@type\":\"WebSite\",\"@id\":\"https:\/\/aline-voinot.com\/#website\",\"url\":\"https:\/\/aline-voinot.com\/\",\"name\":\"L&#039;Histoire est un roman...\",\"description\":\"&quot;Destins connus, destins crois\u00e9s&quot; la premi\u00e8re encyclop\u00e9die romanc\u00e9e...\",\"potentialAction\":[{\"@type\":\"SearchAction\",\"target\":{\"@type\":\"EntryPoint\",\"urlTemplate\":\"https:\/\/aline-voinot.com\/?s={search_term_string}\"},\"query-input\":\"required name=search_term_string\"}],\"inLanguage\":\"fr-FR\"}]}<\/script>\n<!-- \/ Yoast SEO plugin. -->","yoast_head_json":{"title":"6\u00e8me coalition (1812-1814) - L&#039;Histoire est un roman...","robots":{"index":"index","follow":"follow","max-snippet":"max-snippet:-1","max-image-preview":"max-image-preview:large","max-video-preview":"max-video-preview:-1"},"canonical":"https:\/\/aline-voinot.com\/index.php\/6eme-coalition\/","og_locale":"fr_FR","og_type":"article","og_title":"6\u00e8me coalition (1812-1814) - L&#039;Histoire est un roman...","og_description":"[vc_row full_width=\u00a0\u00bbstretch_row\u00a0\u00bb css=\u00a0\u00bb.vc_custom_1519815156304{background-color: #272727 !important;}\u00a0\u00bb][vc_column width=\u00a0\u00bb1\/2&Prime;][vc_column_text] SYNOPSIS BELLLIGERANTS France contre 6e\u00a0coalition qui r\u00e9unit le Royaume-Uni et d&rsquo;Irlande, les empires Russe et Autrichien, les royaume de Prusse, Su\u00e8de et certains \u00e9tats allemands DATE 1812-1814 LIEU Europe R\u00c9SULTATS Victoire\u00a0 de la coalition","og_url":"https:\/\/aline-voinot.com\/index.php\/6eme-coalition\/","og_site_name":"L&#039;Histoire est un roman...","article_modified_time":"2021-06-28T13:03:27+00:00","twitter_card":"summary_large_image","twitter_misc":{"Dur\u00e9e de lecture estim\u00e9e":"2 minutes"},"schema":{"@context":"https:\/\/schema.org","@graph":[{"@type":"WebPage","@id":"https:\/\/aline-voinot.com\/index.php\/6eme-coalition\/","url":"https:\/\/aline-voinot.com\/index.php\/6eme-coalition\/","name":"6\u00e8me coalition (1812-1814) - L&#039;Histoire est un roman...","isPartOf":{"@id":"https:\/\/aline-voinot.com\/#website"},"datePublished":"2017-10-22T05:15:36+00:00","dateModified":"2021-06-28T13:03:27+00:00","breadcrumb":{"@id":"https:\/\/aline-voinot.com\/index.php\/6eme-coalition\/#breadcrumb"},"inLanguage":"fr-FR","potentialAction":[{"@type":"ReadAction","target":["https:\/\/aline-voinot.com\/index.php\/6eme-coalition\/"]}]},{"@type":"BreadcrumbList","@id":"https:\/\/aline-voinot.com\/index.php\/6eme-coalition\/#breadcrumb","itemListElement":[{"@type":"ListItem","position":1,"name":"Accueil","item":"https:\/\/aline-voinot.com\/"},{"@type":"ListItem","position":2,"name":"6\u00e8me coalition (1812-1814)"}]},{"@type":"WebSite","@id":"https:\/\/aline-voinot.com\/#website","url":"https:\/\/aline-voinot.com\/","name":"L&#039;Histoire est un roman...","description":"&quot;Destins connus, destins crois\u00e9s&quot; la premi\u00e8re encyclop\u00e9die romanc\u00e9e...","potentialAction":[{"@type":"SearchAction","target":{"@type":"EntryPoint","urlTemplate":"https:\/\/aline-voinot.com\/?s={search_term_string}"},"query-input":"required name=search_term_string"}],"inLanguage":"fr-FR"}]}},"_links":{"self":[{"href":"https:\/\/aline-voinot.com\/index.php\/wp-json\/wp\/v2\/pages\/192","targetHints":{"allow":["GET"]}}],"collection":[{"href":"https:\/\/aline-voinot.com\/index.php\/wp-json\/wp\/v2\/pages"}],"about":[{"href":"https:\/\/aline-voinot.com\/index.php\/wp-json\/wp\/v2\/types\/page"}],"author":[{"embeddable":true,"href":"https:\/\/aline-voinot.com\/index.php\/wp-json\/wp\/v2\/users\/1"}],"replies":[{"embeddable":true,"href":"https:\/\/aline-voinot.com\/index.php\/wp-json\/wp\/v2\/comments?post=192"}],"version-history":[{"count":0,"href":"https:\/\/aline-voinot.com\/index.php\/wp-json\/wp\/v2\/pages\/192\/revisions"}],"wp:attachment":[{"href":"https:\/\/aline-voinot.com\/index.php\/wp-json\/wp\/v2\/media?parent=192"}],"curies":[{"name":"wp","href":"https:\/\/api.w.org\/{rel}","templated":true}]}}