{"id":22784,"date":"2020-05-18T15:41:26","date_gmt":"2020-05-18T13:41:26","guid":{"rendered":"http:\/\/aline-voinot.com\/?page_id=22784"},"modified":"2021-06-07T21:38:30","modified_gmt":"2021-06-07T19:38:30","slug":"musees","status":"publish","type":"page","link":"https:\/\/aline-voinot.com\/index.php\/musees\/","title":{"rendered":"Mus\u00e9es"},"content":{"rendered":"<p>[vc_row][vc_column][vc_btn title=\u00a0\u00bbVOUS PARTEZ EN VOYAGE ET VOUS VOULEZ VOIR LES \u0152UVRES  ET MONUMENT DE L&rsquo;\u00c8RE NAPOL\u00c9ON ?\u00a0\u00bb color=\u00a0\u00bbmulled-wine\u00a0\u00bb size=\u00a0\u00bblg\u00a0\u00bb align=\u00a0\u00bbcenter\u00a0\u00bb button_block=\u00a0\u00bbtrue\u00a0\u00bb][vc_column_text]<\/p>\n<h3 class=\"p1\" style=\"text-align: center;\"><\/h3>\n<h3 class=\"p1\" style=\"text-align: center;\"><b>Cliquez sur le pays puis sur la r\u00e9gion ou la ville de votre destination et d\u00e9couvrez les tr\u00e9sors de chaque mus\u00e9e et monument en relation avec cette saga historique !<\/b><\/h3>\n<p>[\/vc_column_text][\/vc_column][\/vc_row][vc_row][vc_column][vc_column_text]<\/p>\n<p style=\"text-align: center;\"><script type=\"text\/javascript\">function gm26_dV(){var data=google.visualization.arrayToDataTable([['Country','Value',{type:'string',role:'tooltip',p:{html:true}}],[{v:'AU',f:'Australie'},0,''],[{v:'AT',f:'Austria'},1,'Cliquer sur le pays pour en savoir plus<br \/>'],[{v:'BY',f:'Bi\u00e9lorusssie'},2,'Cliquer sur le pays pour en savoir plus'],[{v:'BE',f:'Belgique'},3,'Cliquer sur le pays pour en savoir plus<br \/>'],[{v:'BA',f:'Bosnie Herzegovine'},4,''],[{v:'BR',f:'Br\u00e9sil'},5,''],[{v:'BG',f:'Bulgarie'},6,''],[{v:'CA',f:'Canada'},7,'Cliquer sur le pays pour en savoir plus<br \/>'],[{v:'HR',f:'Croatie'},8,''],[{v:'CZ',f:'R\u00e9publique Tch\u00e8que'},9,''],[{v:'DK',f:'Danemark'},10,''],[{v:'DM',f:'Dominica'},11,''],[{v:'DO',f:'R\u00e9publique Dominicaine'},12,''],[{v:'EG',f:'\u00c9gypte'},13,'Cliquer sur le pays pour en savoir plus<br \/>'],[{v:'EE',f:'Estonie'},14,''],[{v:'FI',f:'Finlande'},15,''],[{v:'FR',f:'France'},16,'Cliquer sur le pays pour en savoir plus<br \/>'],[{v:'GF',f:'Guyane Fran\u00e7aise'},17,''],[{v:'DE',f:'Allemagne'},18,'Cliquer sur le pays pour en savoir plus<br \/>'],[{v:'GP',f:'Guadeloupe'},19,''],[{v:'GY',f:'Guyane'},20,''],[{v:'HT',f:'Haiti'},21,'Cliquer sur le pays pour en savoir plus<br \/>'],[{v:'VA',f:'Vatican'},22,''],[{v:'HU',f:'Hongrie'},23,''],[{v:'IT',f:'Italie'},24,'Cliquer sur le pays pour en savoir plus'],[{v:'LV',f:'Lettonie'},25,'Cliquer sur le pays pour en savoir plus'],[{v:'LI',f:'Liechtenstein'},26,''],[{v:'LT',f:'Lithuanie'},27,''],[{v:'LU',f:'Luxembourg'},28,''],[{v:'MO',f:'Macao'},29,''],[{v:'MK',f:'Macedonie'},30,''],[{v:'MG',f:'Madagascar'},31,''],[{v:'MV',f:'Maldives'},32,''],[{v:'MT',f:'Malte'},33,''],[{v:'MQ',f:'Martinique'},34,''],[{v:'MU',f:'Ile Maurice'},35,''],[{v:'YT',f:'Mayotte'},36,''],[{v:'MD',f:'Moldovie'},37,''],[{v:'MC',f:'Monaco'},38,''],[{v:'NL',f:'Hollande'},39,'Cliquer sur le pays pour en savoir plus<br \/>'],[{v:'NC',f:'Nouvelle Cal\u00e9donie'},40,''],[{v:'NZ',f:'Nouvelle Z\u00e9alande'},41,''],[{v:'NO',f:'Norway'},42,''],[{v:'PL',f:'Pologne'},43,'Cliquer sur le pays pour en savoir plus<br \/>'],[{v:'PT',f:'Portugal'},44,'Cliquer sur le pays pour en savoir plus<br \/>'],[{v:'RE',f:'R\u00e9union'},45,''],[{v:'RO',f:'Roumanie'},46,''],[{v:'RU',f:'Russie'},47,'Cliquer sur le pays pour en savoir plus<br \/>'],[{v:'SH',f:'Saint-H\u00e9l\u00e8ne'},48,'Cliquer sur le pays pour en savoir plus'],[{v:'RS',f:'Serbie'},49,''],[{v:'SC',f:'Seychelles'},50,''],[{v:'SK',f:'Slovakie'},51,''],[{v:'SI',f:'Slovenie'},52,''],[{v:'ES',f:'Espagne'},53,'Cliquer sur le pays pour en savoir plus<br \/>'],[{v:'SE',f:'Su\u00e8de'},54,'Cliquer sur le pays pour en savoir plus<br \/>'],[{v:'CH',f:'Suisse'},55,'Cliquer sur le pays pour en savoir plus<br \/>'],[{v:'UA',f:'Ukraine'},56,''],[{v:'AE',f:'\u00c9mirats Arabes Unis'},57,''],[{v:'GB',f:'Royaume-Uni'},58,'Cliquer sur le pays pour en savoir plus<br \/>'],[{v:'US',f:'\u00c9tats-Unis'},59,'Cliquer sur le pays pour en savoir plus']]);var gma26={'AU' : '','AT' : 'https:\/\/aline-voinot.com\/index.php\/le-consulat-et-le-premier-empire-en-autriche\/','BY' : 'https:\/\/aline-voinot.com\/index.php\/consulat-et-premier-empire-en-bielorussie\/','BE' : 'https:\/\/aline-voinot.com\/index.php\/le-consulat-et-le-premier-empire-en-belgique\/','BA' : '','BR' : '','BG' : '','CA' : 'https:\/\/aline-voinot.com\/index.php\/le-consulat-et-le-premier-empire-au-canada\/','HR' : '','CZ' : '','DK' : '','DM' : '','DO' : '','EG' : 'https:\/\/aline-voinot.com\/index.php\/le-consulat-et-le-premier-empire-en-egypte\/','EE' : '','FI' : '','FR' : 'https:\/\/aline-voinot.com\/index.php\/le-consulat-et-le-premier-empire-en-france\/','GF' : '','DE' : 'https:\/\/aline-voinot.com\/index.php\/le-consulat-et-le-premier-empire-en-allemagne\/','GP' : '','GY' : '','HT' : 'https:\/\/aline-voinot.com\/index.php\/consulat-et-premier-empire-en-haiti\/','VA' : '','HU' : '','IT' : 'https:\/\/aline-voinot.com\/index.php\/le-consulat-et-le-premier-empire-en-italie\/','LV' : 'https:\/\/aline-voinot.com\/index.php\/le-consulat-et-le-premier-empire-en-lettonie\/','LI' : '','LT' : '','LU' : '','MO' : '','MK' : '','MG' : '','MV' : '','MT' : '','MQ' : '','MU' : '','YT' : '','MD' : '','MC' : '','NL' : 'https:\/\/aline-voinot.com\/index.php\/le-consulat-et-le-premier-empire-en-hollande\/','NC' : '','NZ' : '','NO' : '','PL' : 'https:\/\/aline-voinot.com\/index.php\/le-consulat-et-le-premier-empire-en-pologne\/','PT' : 'https:\/\/aline-voinot.com\/index.php\/le-consulat-et-le-premier-empire-au-portugal\/','RE' : '','RO' : '','RU' : 'https:\/\/aline-voinot.com\/index.php\/le-consulat-et-le-premier-empire-en-russie\/','SH' : 'https:\/\/aline-voinot.com\/index.php\/le-consulat-et-le-premier-empire-en-sainte-helene\/','RS' : '','SC' : '','SK' : '','SI' : '','ES' : 'https:\/\/aline-voinot.com\/index.php\/le-consulat-et-le-premier-empire-en-espagne\/','SE' : 'https:\/\/aline-voinot.com\/index.php\/le-consulat-et-le-premier-empire-en-suede\/','CH' : 'https:\/\/aline-voinot.com\/index.php\/le-consulat-et-le-premier-empire-en-suisse\/','UA' : '','AE' : '','GB' : 'https:\/\/aline-voinot.com\/index.php\/le-consulat-et-le-premier-empire-au-royaume-uni\/','US' : 'https:\/\/aline-voinot.com\/index.php\/le-consulat-et-le-premier-empire-aux-etats-unis\/'};var gm26_mS=10*gm26_bW\/600;var options={backgroundColor:{fill:'#FFFFFF'},colorAxis:{minValue:0,maxValue:59,colors:['#b480af','#7576cd','#A797E8','#FAEB19','#6c199c','#789bb1','#332b9e','#82564d','#b32afe','#94d415','#cef514','#c3a91e','#F61979','#721bb0','#0190cf','#F74328','#2A4EDE','#e631c1','#F743F7','#9d605a','#acd791','#c5fd9e','#52f81e','#d251c5','#EB2D7F','#769919','#ec849d','#2ceb1a','#93c2d8','#a4286b','#7d957c','#46b25f','#cd57cc','#f644dd','#46b25f','#46b25f','#46b25f','#70059a','#58c770','#4c1c67','#cf70a8','#76448b','#6555d8','#5209b0','#F5A122','#061aeb','#3dd968','#4be7fa','#FA0A32','#66a24b','#0919ce','#FAEB19','#21982a','#aac351','#F244AC','#FAEB19','#F7A62D','#67a72c','#ebb216','#FC1E7E']},legend:'none',datalessRegionColor:'#f5f5f5',displayMode:'regions',enableRegionInteractivity:'true',resolution:'countries',sizeAxis:{minValue:0,maxValue:59,minSize:gm26_mS,maxSize:gm26_mS},region:'world',width:gm26_mW,height:gm26_mH,tooltip:{textStyle:{color:'#444444'},trigger:'focus',isHtml:true}};var chart=new google.visualization.GeoChart(document.getElementById('gm26_vis'));google.visualization.events.addListener(chart,'select',function(){if(gm26_mDX!=gm26_mUX||gm26_mDY!=gm26_mUY){chart.setSelection(null);return false;}var selection=chart.getSelection();if(selection.length>0){var slv=data.getValue(selection[0].row,0);if(gma26[slv]!=''){window.open(gma26[slv]);}chart.setSelection();}});chart.draw(data,options);}<\/script><div id='gm26_visb' style='border:1px solid #DFDFDF;border-radius:0%;opacity:0;overflow:hidden;position:relative;background-color:#FFFFFF'><div id='gmcontrols'><div id='compass'><div title='Pan Up' id='pan_up' onclick='gm26_u();' ><\/div><div title='Pan Left' id='pan_lt' onclick='gm26_l();' ><\/div><div title='Pan Right' id='pan_rt' onclick='gm26_r();' ><\/div><div title='Pan Down' id='pan_down' onclick='gm26_d();' ><\/div><\/div><div id='zoom'><div title='Zoom In' id='zoom_in' onclick='gm26_zO_p();'><\/div><div title='Zoom Out' id='zoom_out' onclick='gm26_zO_m();'><\/div><\/div><\/div><div id='gm26_vis' style='position:absolute;'><\/div><\/div>\t<style>\r\n\t.google-visualization-tooltip {\r\n\t\tbox-shadow: none;\r\n\t\t-moz-box-shadow: none;\r\n\t\t-webkit-box-shadow: none;\r\n\t\tfont-family: inherit;\r\n\t\tfont-family: 'Arial';\r\n\t\tmargin:0;\r\n\t\tword-wrap: normal;\r\n\t\tz-index: 9999;\r\n\t\tbox-sizing: initial;\r\n\t}\r\n\t.google-visualization-tooltip ul {\r\n\t\tpadding:8px !important;\r\n\t\tlist-style: none;\r\n\t\tmargin: 0 !important;\r\n\t}\r\n\t.google-visualization-tooltip li {\r\n\t\tborder: 0;\r\n\t\tfont-size: 100%;\r\n\t\tfont-size: 1em;\r\n\t\tline-height: 1.5em;\r\n\t\tlist-style: none;\r\n\t\tmargin: 0 !important;\r\n\t\toutline: 0;\r\n\t\tpadding: 0 !important;\r\n\t\ttext-decoration: none;\r\n\t\tvertical-align: baseline;\r\n\t}\r\n\t.google-visualization-tooltip img {\r\n\t\tborder: 0;\r\n\t\tmargin: 0 !important;\r\n\t\toutline: 0;\r\n\t\tpadding: 0 !important;\r\n\t\tvertical-align: baseline;\r\n\t\tbox-shadow: none;\r\n\t}\r\n\tul.google-visualization-tooltip-item-list,\r\n\tli.google-visualization-tooltip-item,\r\n\t.google-visualization-tooltip-item * {\r\n\t\tlist-style: none;\r\n\t\tmargin: 0;\r\n\t\tpadding: 0;\r\n\t}\r\n\t.google-visualization-tooltip-item,\r\n\t.google-visualization-tooltip > ul > li:first-child {\r\n\t\tmax-width:185px;\r\n\t}\r\n\t<\/style>\r\n\t<script>var gm26_bW=600, gm26_bH=380;var gm26_div=document.getElementById('gm26_vis'),gm26_mW=gm26_bW, gm26_mH=gm26_bH,gm26_cPX, gm26_cPY, gm26_tD=0, gm26_X=0, gm26_Y=0, gm26_eS=null, gm26_D,gm26_cMW, gm26_cMH, gm26_rX=0, gm26_rY=0, gm26_oX, gm26_oY,gm26_dT, gm26_dL, gm26_cX, gm26_cY, gm26_mCX, gm26_mCY,gm26_zVX,gm26_zVY, gm26_mDX, gm26_mDY, gm26_mUX, gm26_mUY;function gm26_zO(e){e=e?e:window.e;gm26_D=e.detail?e.detail\/-3:e.wheelDelta\/120;gm26_tD+=gm26_D;e.stopPropagation&&e.stopPropagation(); e.preventDefault&&e.preventDefault();gm26_eS&&window.clearTimeout(gm26_eS);var rect = gm26_div.getBoundingClientRect();gm26_cPX=e.clientX-rect.left; gm26_cPY = e.clientY - rect.top;gm26_eS=window.setTimeout(gm26_zOh,250);}function gm26_zOh(){gm26_Y=gm26_div.style.top; gm26_X=gm26_div.style.left;gm26_Y=gm26_Y.replace('px',''); gm26_X=gm26_X.replace('px','');gm26_cMW=gm26_mW; gm26_cMH=gm26_mH; gm26_rX=gm26_X; gm26_rY=gm26_Y;gm26_zVX=gm26_bW\/12; gm26_zVY=gm26_bH*gm26_zVX\/gm26_bW;gm26_mW+=gm26_tD*gm26_zVX*2; gm26_mH+=gm26_tD*gm26_zVY*2;gm26_X=gm26_rX-gm26_mW*gm26_cPX\/gm26_cMW+gm26_cPX;gm26_Y=gm26_rY-gm26_mH*gm26_cPY\/gm26_cMH+gm26_cPY;0<gm26_X&&(gm26_X=0);gm26_X<gm26_bW-gm26_mW&&(gm26_X=gm26_bW-gm26_mW);0<gm26_Y&&(gm26_Y=0);gm26_Y<gm26_bH-gm26_mH&&(gm26_Y=gm26_bH-gm26_mH);if(gm26_mW-1<gm26_bW){if(gm26_cMW==gm26_bW){gm26_mW=gm26_cMW; gm26_mH=gm26_cMH;gm26_X=gm26_rX; gm26_Y=gm26_rY; gm26_tD=0;return}gm26_mW=gm26_bW, gm26_mH=gm26_bH, gm26_X=gm26_Y=0}gm26_div.style.top=gm26_Y+'px'; gm26_div.style.left=gm26_X+'px';gm26_dV();gm26_tD=0}function gm26_mU(e){e.stopPropagation&&e.stopPropagation();e.preventDefault&&e.preventDefault();gm26_mUX=e.clientX; gm26_mUY=e.clientY;window.removeEventListener('mousemove',gm26_dM,!0)}function gm26_mD(e){e.stopPropagation&&e.stopPropagation();e.preventDefault&&e.preventDefault();gm26_dT=gm26_div.style.top; gm26_dL=gm26_div.style.left;gm26_dT=gm26_dT.replace('px',''); gm26_dL=gm26_dL.replace('px','');gm26_mDX=gm26_cX=e.clientX; gm26_mDY=gm26_cY=e.clientY;gm26_oX=gm26_cX-gm26_dL; gm26_oY=gm26_cY-gm26_dT;window.addEventListener('mousemove',gm26_dM,!0)}function gm26_dM(e){gm26_cX=e.clientX; gm26_cY=e.clientY;gm26_mCX=gm26_cX-gm26_oX; gm26_mCY=gm26_cY-gm26_oY;0<gm26_mCX&&(gm26_mCX=0);gm26_mCX<gm26_bW-gm26_mW&&(gm26_mCX=gm26_bW-gm26_mW);0<gm26_mCY&&(gm26_mCY=0);gm26_mCY<gm26_bH-gm26_mH&&(gm26_mCY=gm26_bH-gm26_mH);gm26_div.style.top=gm26_mCY+'px'; gm26_div.style.left=gm26_mCX+'px'}window.addEventListener('load', gm26_init, false);function gm26_init(){gm26_rS();window.addEventListener?(gm26_div.addEventListener('DOMMouseScroll',gm26_zO,!1),gm26_div.addEventListener('mousewheel',gm26_zO,!1),gm26_div.addEventListener('mousedown',gm26_mD,!1),window.addEventListener('mouseup',gm26_mU,!1),window.addEventListener('orientationchange', gm26_rS),window.addEventListener('resize', gm26_rS)):window.attachEvent&&(gm26_div.attachEvent('onmousewheel',gm26_zO),gm26_div.attachEvent('onmousedown',gm26_mD),window.attachEvent('onmouseup',gm26_mU),window.attachEvent('onresize', gm26_rS))};var gm26_rt = 380\/600;var gm26_vb = document.getElementById('gm26_visb');var gm26_bp = jQuery('#gm26_visb').parent();var gm26_cv;gm26_vb.style.height = gm26_rt*gm26_bp.width()+'px';var gm26_de = (function(){var gm26_tm = 0;return function(callback, ms){clearTimeout (gm26_tm);gm26_tm = setTimeout(callback, ms);};})();var gm_26_dW;function gm26_rS(){gm26_cv = gm26_bp.width();if (gm_26_dW!=gm26_cv&&gm26_cv>0){gm_26_dW=gm26_cv;gm26_cv -= 1*2;gm26_vb.style.opacity = 0;gm26_bW = gm26_cv;gm26_bH = gm26_rt*gm26_cv;gm26_mW = gm26_bW;gm26_mH = gm26_bH;gm26_div.style.left = 0;gm26_div.style.top = 0;gm26_vb.style.width = gm26_cv+'px';gm26_vb.style.height = gm26_bH+'px';gm26_de(function(){gm26_dV();gm26_vb.style.opacity = 1;}, 500);}}<\/script><script>function gm26_zO_p(){if (gm26_tD>0) gm26_tD *= 2;else gm26_tD = 1;gm26_eS&&window.clearTimeout(gm26_eS);gm26_cPX=gm26_bW\/2-gm26_div.offsetLeft;gm26_cPY=gm26_bH\/2-gm26_div.offsetTop;gm26_eS=window.setTimeout(gm26_zOh,250)}function gm26_zO_m(){if (gm26_tD<0) gm26_tD *= 2;else gm26_tD = -1;gm26_eS&&window.clearTimeout(gm26_eS);gm26_cPX=gm26_bW\/2-gm26_div.offsetLeft;gm26_cPY=gm26_bH\/2-gm26_div.offsetTop;gm26_eS=window.setTimeout(gm26_zOh,250)}function gm26_l(){gm26_dL=parseInt(gm26_div.style.left);if (gm26_dL<-50) gm26_div.style.left=gm26_dL+50+'px';else gm26_div.style.left='0px';}function gm26_r(){gm26_dL=parseInt(gm26_div.style.left);if (gm26_bW-gm26_mW<gm26_dL-50) gm26_div.style.left=gm26_dL-50+'px';else gm26_div.style.left=gm26_bW-gm26_mW+'px';}function gm26_u(){gm26_dT=parseInt(gm26_div.style.top);if (gm26_dT<-50) gm26_div.style.top=gm26_dT+50+'px';else gm26_div.style.top='0px';}function gm26_d(){gm26_dT=parseInt(gm26_div.style.top);if (gm26_bH-gm26_mH<gm26_dT-50) gm26_div.style.top=gm26_dT-50+'px';else gm26_div.style.top=gm26_bH-gm26_mH+'px';}<\/script><style>#gmcontrols{background:url(\"https:\/\/aline-voinot.com\/wp-content\/plugins\/google-interactive-maps\/img\/gmcontrols.png\") repeat scroll 0 0 rgba(0,0,0,0);height:132px;left:5px;position:absolute;top:5px;width:58px;z-index:9;}#compass{height:54px;left:2px;position:absolute;top:0;width:54px;}#pan_up{left:18px;top:0;}#pan_lt{left:0;top:18px;}#pan_rt{left:36px;top:18px;}#pan_down{left:18px;top:36px;}#zoom{height:62px;left:19px;position:absolute;top:66px;width:20px;}#zoom_in{left:0;top:0;}#zoom_out{left:0;top:42px;}#pan_up,#pan_lt,#pan_rt,#pan_down,#zoom_in,#zoom_out{cursor:pointer;position:absolute;height:18px;width:18px;}<\/style><\/p>\n<p>[\/vc_column_text][\/vc_column][\/vc_row][vc_row][vc_column width=\u00a0\u00bb1\/4&Prime;][\/vc_column][vc_column width=\u00a0\u00bb1\/4&Prime;][vc_btn title=\u00a0\u00bbSainte-H\u00e9l\u00e8ne\u00a0\u00bb shape=\u00a0\u00bbsquare\u00a0\u00bb color=\u00a0\u00bbdanger\u00a0\u00bb size=\u00a0\u00bbxs\u00a0\u00bb link=\u00a0\u00bburl:http%3A%2F%2Faline-voinot.com%2Findex.php%2Fsaint-helene%2F||target:%20_blank|rel:nofollow\u00a0\u00bb][\/vc_column][vc_column width=\u00a0\u00bb1\/4&Prime;][vc_column_text]Cliquer pour d\u00e9couvrir les mus\u00e9es et monuments \u00e0 Sainte-H\u00e9l\u00e8ne[\/vc_column_text][\/vc_column][\/vc_row]<\/p>\n","protected":false},"excerpt":{"rendered":"<p>[vc_row][vc_column][vc_btn title=\u00a0\u00bbVOUS PARTEZ EN VOYAGE ET VOUS VOULEZ VOIR LES \u0152UVRES ET MONUMENT DE L&rsquo;\u00c8RE NAPOL\u00c9ON ?\u00a0\u00bb color=\u00a0\u00bbmulled-wine\u00a0\u00bb size=\u00a0\u00bblg\u00a0\u00bb align=\u00a0\u00bbcenter\u00a0\u00bb button_block=\u00a0\u00bbtrue\u00a0\u00bb][vc_column_text] Cliquez sur le pays puis sur la r\u00e9gion ou la ville de votre destination et d\u00e9couvrez les tr\u00e9sors de<\/p>\n","protected":false},"author":1,"featured_media":0,"parent":0,"menu_order":0,"comment_status":"closed","ping_status":"closed","template":"","meta":{"footnotes":""},"class_list":["post-22784","page","type-page","status-publish","hentry"],"yoast_head":"<!-- This site is optimized with the Yoast SEO plugin v22.8 - https:\/\/yoast.com\/wordpress\/plugins\/seo\/ -->\n<title>Mus\u00e9es - L&#039;Histoire est un roman...<\/title>\n<meta name=\"robots\" content=\"index, follow, max-snippet:-1, max-image-preview:large, max-video-preview:-1\" \/>\n<link rel=\"canonical\" href=\"https:\/\/aline-voinot.com\/index.php\/musees\/\" \/>\n<meta property=\"og:locale\" content=\"fr_FR\" \/>\n<meta property=\"og:type\" content=\"article\" \/>\n<meta property=\"og:title\" content=\"Mus\u00e9es - L&#039;Histoire est un roman...\" \/>\n<meta property=\"og:description\" content=\"[vc_row][vc_column][vc_btn title=\u00a0\u00bbVOUS PARTEZ EN VOYAGE ET VOUS VOULEZ VOIR LES \u0152UVRES ET MONUMENT DE L&rsquo;\u00c8RE NAPOL\u00c9ON ?\u00a0\u00bb color=\u00a0\u00bbmulled-wine\u00a0\u00bb size=\u00a0\u00bblg\u00a0\u00bb align=\u00a0\u00bbcenter\u00a0\u00bb button_block=\u00a0\u00bbtrue\u00a0\u00bb][vc_column_text] Cliquez sur le pays puis sur la r\u00e9gion ou la ville de votre destination et d\u00e9couvrez les tr\u00e9sors de\" \/>\n<meta property=\"og:url\" content=\"https:\/\/aline-voinot.com\/index.php\/musees\/\" \/>\n<meta property=\"og:site_name\" content=\"L&#039;Histoire est un roman...\" \/>\n<meta property=\"article:modified_time\" content=\"2021-06-07T19:38:30+00:00\" \/>\n<meta name=\"twitter:card\" content=\"summary_large_image\" \/>\n<meta name=\"twitter:label1\" content=\"Dur\u00e9e de lecture estim\u00e9e\" \/>\n\t<meta name=\"twitter:data1\" content=\"1 minute\" \/>\n<script type=\"application\/ld+json\" class=\"yoast-schema-graph\">{\"@context\":\"https:\/\/schema.org\",\"@graph\":[{\"@type\":\"WebPage\",\"@id\":\"https:\/\/aline-voinot.com\/index.php\/musees\/\",\"url\":\"https:\/\/aline-voinot.com\/index.php\/musees\/\",\"name\":\"Mus\u00e9es - L&#039;Histoire est un roman...\",\"isPartOf\":{\"@id\":\"https:\/\/aline-voinot.com\/#website\"},\"datePublished\":\"2020-05-18T13:41:26+00:00\",\"dateModified\":\"2021-06-07T19:38:30+00:00\",\"breadcrumb\":{\"@id\":\"https:\/\/aline-voinot.com\/index.php\/musees\/#breadcrumb\"},\"inLanguage\":\"fr-FR\",\"potentialAction\":[{\"@type\":\"ReadAction\",\"target\":[\"https:\/\/aline-voinot.com\/index.php\/musees\/\"]}]},{\"@type\":\"BreadcrumbList\",\"@id\":\"https:\/\/aline-voinot.com\/index.php\/musees\/#breadcrumb\",\"itemListElement\":[{\"@type\":\"ListItem\",\"position\":1,\"name\":\"Accueil\",\"item\":\"https:\/\/aline-voinot.com\/\"},{\"@type\":\"ListItem\",\"position\":2,\"name\":\"Mus\u00e9es\"}]},{\"@type\":\"WebSite\",\"@id\":\"https:\/\/aline-voinot.com\/#website\",\"url\":\"https:\/\/aline-voinot.com\/\",\"name\":\"L&#039;Histoire est un roman...\",\"description\":\"&quot;Destins connus, destins crois\u00e9s&quot; la premi\u00e8re encyclop\u00e9die romanc\u00e9e...\",\"potentialAction\":[{\"@type\":\"SearchAction\",\"target\":{\"@type\":\"EntryPoint\",\"urlTemplate\":\"https:\/\/aline-voinot.com\/?s={search_term_string}\"},\"query-input\":\"required name=search_term_string\"}],\"inLanguage\":\"fr-FR\"}]}<\/script>\n<!-- \/ Yoast SEO plugin. -->","yoast_head_json":{"title":"Mus\u00e9es - L&#039;Histoire est un roman...","robots":{"index":"index","follow":"follow","max-snippet":"max-snippet:-1","max-image-preview":"max-image-preview:large","max-video-preview":"max-video-preview:-1"},"canonical":"https:\/\/aline-voinot.com\/index.php\/musees\/","og_locale":"fr_FR","og_type":"article","og_title":"Mus\u00e9es - L&#039;Histoire est un roman...","og_description":"[vc_row][vc_column][vc_btn title=\u00a0\u00bbVOUS PARTEZ EN VOYAGE ET VOUS VOULEZ VOIR LES \u0152UVRES ET MONUMENT DE L&rsquo;\u00c8RE NAPOL\u00c9ON ?\u00a0\u00bb color=\u00a0\u00bbmulled-wine\u00a0\u00bb size=\u00a0\u00bblg\u00a0\u00bb align=\u00a0\u00bbcenter\u00a0\u00bb button_block=\u00a0\u00bbtrue\u00a0\u00bb][vc_column_text] Cliquez sur le pays puis sur la r\u00e9gion ou la ville de votre destination et d\u00e9couvrez les tr\u00e9sors de","og_url":"https:\/\/aline-voinot.com\/index.php\/musees\/","og_site_name":"L&#039;Histoire est un roman...","article_modified_time":"2021-06-07T19:38:30+00:00","twitter_card":"summary_large_image","twitter_misc":{"Dur\u00e9e de lecture estim\u00e9e":"1 minute"},"schema":{"@context":"https:\/\/schema.org","@graph":[{"@type":"WebPage","@id":"https:\/\/aline-voinot.com\/index.php\/musees\/","url":"https:\/\/aline-voinot.com\/index.php\/musees\/","name":"Mus\u00e9es - L&#039;Histoire est un roman...","isPartOf":{"@id":"https:\/\/aline-voinot.com\/#website"},"datePublished":"2020-05-18T13:41:26+00:00","dateModified":"2021-06-07T19:38:30+00:00","breadcrumb":{"@id":"https:\/\/aline-voinot.com\/index.php\/musees\/#breadcrumb"},"inLanguage":"fr-FR","potentialAction":[{"@type":"ReadAction","target":["https:\/\/aline-voinot.com\/index.php\/musees\/"]}]},{"@type":"BreadcrumbList","@id":"https:\/\/aline-voinot.com\/index.php\/musees\/#breadcrumb","itemListElement":[{"@type":"ListItem","position":1,"name":"Accueil","item":"https:\/\/aline-voinot.com\/"},{"@type":"ListItem","position":2,"name":"Mus\u00e9es"}]},{"@type":"WebSite","@id":"https:\/\/aline-voinot.com\/#website","url":"https:\/\/aline-voinot.com\/","name":"L&#039;Histoire est un roman...","description":"&quot;Destins connus, destins crois\u00e9s&quot; la premi\u00e8re encyclop\u00e9die romanc\u00e9e...","potentialAction":[{"@type":"SearchAction","target":{"@type":"EntryPoint","urlTemplate":"https:\/\/aline-voinot.com\/?s={search_term_string}"},"query-input":"required name=search_term_string"}],"inLanguage":"fr-FR"}]}},"_links":{"self":[{"href":"https:\/\/aline-voinot.com\/index.php\/wp-json\/wp\/v2\/pages\/22784","targetHints":{"allow":["GET"]}}],"collection":[{"href":"https:\/\/aline-voinot.com\/index.php\/wp-json\/wp\/v2\/pages"}],"about":[{"href":"https:\/\/aline-voinot.com\/index.php\/wp-json\/wp\/v2\/types\/page"}],"author":[{"embeddable":true,"href":"https:\/\/aline-voinot.com\/index.php\/wp-json\/wp\/v2\/users\/1"}],"replies":[{"embeddable":true,"href":"https:\/\/aline-voinot.com\/index.php\/wp-json\/wp\/v2\/comments?post=22784"}],"version-history":[{"count":0,"href":"https:\/\/aline-voinot.com\/index.php\/wp-json\/wp\/v2\/pages\/22784\/revisions"}],"wp:attachment":[{"href":"https:\/\/aline-voinot.com\/index.php\/wp-json\/wp\/v2\/media?parent=22784"}],"curies":[{"name":"wp","href":"https:\/\/api.w.org\/{rel}","templated":true}]}}