{"id":23252,"date":"2020-05-24T12:41:38","date_gmt":"2020-05-24T10:41:38","guid":{"rendered":"http:\/\/aline-voinot.com\/?page_id=23252"},"modified":"2022-11-02T13:18:35","modified_gmt":"2022-11-02T12:18:35","slug":"louisiane","status":"publish","type":"page","link":"https:\/\/aline-voinot.com\/index.php\/louisiane\/","title":{"rendered":"Louisiane"},"content":{"rendered":"<p>[vc_row][vc_column][vc_btn title=\u00a0\u00bbVENTE DE LA LOUISIANE : TERRITOIRE CONCERN\u00c9\u00a0\u00bb shape=\u00a0\u00bbsquare\u00a0\u00bb color=\u00a0\u00bbwarning\u00a0\u00bb size=\u00a0\u00bblg\u00a0\u00bb align=\u00a0\u00bbcenter\u00a0\u00bb button_block=\u00a0\u00bbtrue\u00a0\u00bb][vc_custom_heading text=\u00a0\u00bbAvec la vente de la Louisiane, la France offre un territoire immense aux nouveaux \u00c9tats-Unis.\u00a0\u00bb font_container=\u00a0\u00bbtag:h2|text_align:center\u00a0\u00bb google_fonts=\u00a0\u00bbfont_family:Voces%3Aregular|font_style:400%20regular%3A400%3Anormal\u00a0\u00bb][\/vc_column][\/vc_row][vc_row][vc_column width=\u00a0\u00bb1\/2&Prime;][vc_single_image image=\u00a0\u00bb23262&Prime; img_size=\u00a0\u00bb650X450&Prime; css=\u00a0\u00bb.vc_custom_1590319656500{margin-bottom: -10px !important;}\u00a0\u00bb][vc_btn title=\u00a0\u00bbVente de la Louisiane par la France aux \u00c9tats-Unis d&rsquo;Am\u00e9rique en 1804 &#8211; Ernst Sch\u00fctte &#8211; Travail personnel\u00a0\u00bb shape=\u00a0\u00bbsquare\u00a0\u00bb color=\u00a0\u00bbmulled-wine\u00a0\u00bb size=\u00a0\u00bblg\u00a0\u00bb align=\u00a0\u00bbcenter\u00a0\u00bb button_block=\u00a0\u00bbtrue\u00a0\u00bb link=\u00a0\u00bburl:https%3A%2F%2Fcommons.wikimedia.org%2Fwiki%2FFile%3ALouisianaPurchase.png%23%2Fmedia%2FFile%3ALouisianaPurchase.png|||\u00a0\u00bb css=\u00a0\u00bb.vc_custom_1667389593413{margin-top: -25px !important;}\u00a0\u00bb][\/vc_column][vc_column width=\u00a0\u00bb1\/2&Prime;][vc_btn title=\u00a0\u00bbLa Louisiane fran\u00e7aise repr\u00e9sentait bien plus que le simple \u00e9tat de Louisiane actuel, pr\u00e8s du 1\/3 du territoire am\u00e9ricain actuel hors Alaska &#8211; Pour voir ce que les am\u00e9ricains voulaient acheter initialement cliquer ici\u00a0\u00bb shape=\u00a0\u00bbsquare\u00a0\u00bb color=\u00a0\u00bbdefault\u00a0\u00bb size=\u00a0\u00bblg\u00a0\u00bb align=\u00a0\u00bbcenter\u00a0\u00bb button_block=\u00a0\u00bbtrue\u00a0\u00bb css=\u00a0\u00bb.vc_custom_1667389495445{margin-top: -25px !important;}\u00a0\u00bb link=\u00a0\u00bburl:https%3A%2F%2Fcommons.wikimedia.org%2Fwiki%2FFile%3ALouisianaPurchase.png%23%2Fmedia%2FFile%3ALouisianaPurchase.png|||\u00a0\u00bb][vc_btn title=\u00a0\u00bb\u00c9tats actuels impliqu\u00e9s dans le rachat de la Louisiane fran\u00e7aise de l&rsquo;\u00e9poque ? Une partie du WISCONSIN, LOUISIANE, MONTANA, WYOMING, COLORADO, TEXAS, MISSISSIPPI, et la totali\u00e9 du DAKOTA SUD, NEBRASKA, KANSAS, OKLAHOMA, ARKANSAS, MISSOURIIOWA, I, MINNESOTA, DAKOTA NORD\u00a0\u00bb shape=\u00a0\u00bbsquare\u00a0\u00bb color=\u00a0\u00bbdefault\u00a0\u00bb size=\u00a0\u00bblg\u00a0\u00bb align=\u00a0\u00bbcenter\u00a0\u00bb button_block=\u00a0\u00bbtrue\u00a0\u00bb link=\u00a0\u00bburl:https%3A%2F%2Fcommons.wikimedia.org%2Fwiki%2FFile%3ALouisianaPurchase.png%23%2Fmedia%2FFile%3ALouisianaPurchase.png|||\u00a0\u00bb][vc_empty_space][\/vc_column][\/vc_row][vc_row][vc_column width=\u00a0\u00bb1\/2&Prime;][vc_single_image image=\u00a0\u00bb31564&Prime; img_size=\u00a0\u00bb650&#215;450&Prime; css=\u00a0\u00bb.vc_custom_1667390472105{margin-bottom: -10px !important;}\u00a0\u00bb][vc_btn title=\u00a0\u00bbCarte des \u00c9tats-Unis &#8211; Source \u00ab\u00a0 &#8211; The Jeffersonian system, 1801-1811\u00ab\u00a0, Internet archives page 70&Prime; shape=\u00a0\u00bbsquare\u00a0\u00bb color=\u00a0\u00bbmulled-wine\u00a0\u00bb size=\u00a0\u00bblg\u00a0\u00bb align=\u00a0\u00bbcenter\u00a0\u00bb i_align=\u00a0\u00bbright\u00a0\u00bb i_icon_fontawesome=\u00a0\u00bbfa fa-eye\u00a0\u00bb button_block=\u00a0\u00bbtrue\u00a0\u00bb add_icon=\u00a0\u00bbtrue\u00a0\u00bb css=\u00a0\u00bb.vc_custom_1667390594718{margin-top: -20px !important;}\u00a0\u00bb link=\u00a0\u00bburl:https%3A%2F%2Farchive.org%2Fdetails%2Fjeffersoniansyst0000unse_q0q5%2Fpage%2Fn97%2Fmode%2F2up|||\u00a0\u00bb][\/vc_column][vc_column width=\u00a0\u00bb1\/2&Prime;][vc_single_image image=\u00a0\u00bb24568&Prime; img_size=\u00a0\u00bb650X450&Prime; css=\u00a0\u00bb.vc_custom_1605168499469{margin-bottom: -10px !important;}\u00a0\u00bb][vc_btn title=\u00a0\u00bbDate d&rsquo;acquisition de chaque \u00e9tat des \u00c9tats-Unis &#8211; Source Jacques Leclerc &#8211;\u00a0\u00bb shape=\u00a0\u00bbsquare\u00a0\u00bb color=\u00a0\u00bbmulled-wine\u00a0\u00bb size=\u00a0\u00bblg\u00a0\u00bb align=\u00a0\u00bbcenter\u00a0\u00bb i_align=\u00a0\u00bbright\u00a0\u00bb i_icon_fontawesome=\u00a0\u00bbfa fa-eye\u00a0\u00bb button_block=\u00a0\u00bbtrue\u00a0\u00bb add_icon=\u00a0\u00bbtrue\u00a0\u00bb css=\u00a0\u00bb.vc_custom_1605168604905{margin-top: -25px !important;}\u00a0\u00bb link=\u00a0\u00bburl:http%3A%2F%2Fwww.axl.cefan.ulaval.ca%2Famnord%2Fusa_6-4histoire.htm|||\u00a0\u00bb][vc_empty_space][\/vc_column][\/vc_row][vc_row][vc_column][vc_btn title=\u00a0\u00bbVENTE DE LA LOUISIANE &#8211; SIGNATURE DU CONTRAT\u00a0\u00bb shape=\u00a0\u00bbsquare\u00a0\u00bb color=\u00a0\u00bbwarning\u00a0\u00bb size=\u00a0\u00bblg\u00a0\u00bb align=\u00a0\u00bbcenter\u00a0\u00bb button_block=\u00a0\u00bbtrue\u00a0\u00bb][\/vc_column][\/vc_row][vc_row][vc_column width=\u00a0\u00bb1\/3&Prime;][vc_single_image image=\u00a0\u00bb23257&Prime; img_size=\u00a0\u00bb450X350&Prime; onclick=\u00a0\u00bblink_image\u00a0\u00bb css=\u00a0\u00bb.vc_custom_1667389948432{margin-bottom: -5px !important;}\u00a0\u00bb][vc_btn title=\u00a0\u00bbVente de la Louisiane par la France &#8211; Auteur date de l&rsquo;\u0153uvre et lieu de conservation inconnus.  source photographie : www.grishaclapp.weebly.com\u00a0\u00bb shape=\u00a0\u00bbsquare\u00a0\u00bb color=\u00a0\u00bbmulled-wine\u00a0\u00bb size=\u00a0\u00bblg\u00a0\u00bb align=\u00a0\u00bbcenter\u00a0\u00bb i_align=\u00a0\u00bbright\u00a0\u00bb i_icon_fontawesome=\u00a0\u00bbfa fa-eye\u00a0\u00bb button_block=\u00a0\u00bbtrue\u00a0\u00bb add_icon=\u00a0\u00bbtrue\u00a0\u00bb css=\u00a0\u00bb.vc_custom_1667389384331{margin-top: -20px !important;}\u00a0\u00bb link=\u00a0\u00bburl:http%3A%2F%2Fgrishaclapp.weebly.com%2Fnegotiations.html|||\u00a0\u00bb][\/vc_column][vc_column width=\u00a0\u00bb1\/3&Prime;][vc_empty_space height=\u00a0\u00bb120px\u00a0\u00bb][vc_column_text]<\/p>\n<h5 style=\"text-align: center;\">\u00ab\u00a0En vendant la Louisiane aux \u00c9tats-Unis d&rsquo;Am\u00e9rique, la France offre \u00e0 notre beau pays la chance d&rsquo;\u00eatre une nation plus forte encore. Elle fera des fran\u00e7ais nos \u00e9ternels alli\u00e9s et nous lui resterons fid\u00e8les en signe de reconnaissance\u00a0\u00bb Thomas Jefferson<\/h5>\n<p>[\/vc_column_text][vc_empty_space][\/vc_column][vc_column width=\u00a0\u00bb1\/3&Prime;][vc_single_image image=\u00a0\u00bb23256&Prime; img_size=\u00a0\u00bb450X350&Prime; onclick=\u00a0\u00bblink_image\u00a0\u00bb css=\u00a0\u00bb.vc_custom_1667389977239{margin-bottom: -10px !important;}\u00a0\u00bb][vc_btn title=\u00a0\u00bbAchat de la Louisiane par les \u00c9tats-Unis &#8211; Date, auteur et lieu et conservation de  cette \u0153uvre inconnus.\u00a0\u00bb shape=\u00a0\u00bbsquare\u00a0\u00bb color=\u00a0\u00bbmulled-wine\u00a0\u00bb size=\u00a0\u00bblg\u00a0\u00bb align=\u00a0\u00bbcenter\u00a0\u00bb i_align=\u00a0\u00bbright\u00a0\u00bb i_icon_fontawesome=\u00a0\u00bbfa fa-eye\u00a0\u00bb button_block=\u00a0\u00bbtrue\u00a0\u00bb add_icon=\u00a0\u00bbtrue\u00a0\u00bb css=\u00a0\u00bb.vc_custom_1667389847549{margin-top: -20px !important;}\u00a0\u00bb link=\u00a0\u00bburl:https%3A%2F%2Fusconstituionmagner.weebly.com%2Fjefferson-and-the-louisiana-purchase.html|||\u00a0\u00bb][\/vc_column][\/vc_row][vc_row][vc_column][\/vc_column][\/vc_row][vc_row][vc_column][vc_btn title=\u00a0\u00bbLES PRINCIPAUX ACTEURS IMPLIQU\u00c9S DANS LA VENTE DE LA LOUISIANE\u00a0\u00bb shape=\u00a0\u00bbsquare\u00a0\u00bb color=\u00a0\u00bbwarning\u00a0\u00bb size=\u00a0\u00bblg\u00a0\u00bb align=\u00a0\u00bbcenter\u00a0\u00bb button_block=\u00a0\u00bbtrue\u00a0\u00bb][\/vc_column][\/vc_row][vc_row][vc_column width=\u00a0\u00bb1\/6&Prime;][vc_single_image image=\u00a0\u00bb1546&Prime; img_size=\u00a0\u00bb350X450&Prime; css=\u00a0\u00bb.vc_custom_1590321062027{margin-bottom: -20px !important;}\u00a0\u00bb][vc_btn title=\u00a0\u00bbNapol\u00e9on BONAPARTE (1769-1821) &#8211; Premier consul \u00a0\u00bb shape=\u00a0\u00bbsquare\u00a0\u00bb color=\u00a0\u00bbmulled-wine\u00a0\u00bb size=\u00a0\u00bblg\u00a0\u00bb align=\u00a0\u00bbcenter\u00a0\u00bb button_block=\u00a0\u00bbtrue\u00a0\u00bb css=\u00a0\u00bb.vc_custom_1590321410718{margin-top: -20px !important;}\u00a0\u00bb][\/vc_column][vc_column width=\u00a0\u00bb1\/6&Prime;][vc_single_image image=\u00a0\u00bb1521&Prime; img_size=\u00a0\u00bb350X450&Prime; css=\u00a0\u00bb.vc_custom_1590321070030{margin-bottom: -20px !important;}\u00a0\u00bb][vc_btn title=\u00a0\u00bbFran\u00e7ois BARB\u00c9-MARBOIS (1745-1837) &#8211; Ministre du Tr\u00e9sor\u00a0\u00bb shape=\u00a0\u00bbsquare\u00a0\u00bb color=\u00a0\u00bbmulled-wine\u00a0\u00bb size=\u00a0\u00bblg\u00a0\u00bb align=\u00a0\u00bbcenter\u00a0\u00bb button_block=\u00a0\u00bbtrue\u00a0\u00bb css=\u00a0\u00bb.vc_custom_1590321436375{margin-top: -20px !important;}\u00a0\u00bb][\/vc_column][vc_column width=\u00a0\u00bb1\/6&Prime;][vc_single_image image=\u00a0\u00bb1580&Prime; img_size=\u00a0\u00bb350X450&Prime; css=\u00a0\u00bb.vc_custom_1590321077139{margin-bottom: -20px !important;}\u00a0\u00bb][vc_btn title=\u00a0\u00bbPierre Samuel Du PONT de NEMOURS (1739-1817) &#8211; Diplomate fran\u00e7ais, interm\u00e9diaire au service des am\u00e9ricains\u00a0\u00bb shape=\u00a0\u00bbsquare\u00a0\u00bb color=\u00a0\u00bbmulled-wine\u00a0\u00bb size=\u00a0\u00bblg\u00a0\u00bb align=\u00a0\u00bbcenter\u00a0\u00bb button_block=\u00a0\u00bbtrue\u00a0\u00bb css=\u00a0\u00bb.vc_custom_1590321309363{margin-top: -20px !important;}\u00a0\u00bb][\/vc_column][vc_column width=\u00a0\u00bb1\/6&Prime;][vc_single_image image=\u00a0\u00bb1701&Prime; img_size=\u00a0\u00bb350X450&Prime; css=\u00a0\u00bb.vc_custom_1590321083844{margin-bottom: -20px !important;}\u00a0\u00bb][vc_btn title=\u00a0\u00bbJames MONROE (1758-1831) &#8211; N\u00e9gociateur futur 5\u00e8me Pr\u00e9sident des \u00c9tats-Unis\u00a0\u00bb shape=\u00a0\u00bbsquare\u00a0\u00bb color=\u00a0\u00bbmulled-wine\u00a0\u00bb size=\u00a0\u00bblg\u00a0\u00bb align=\u00a0\u00bbcenter\u00a0\u00bb button_block=\u00a0\u00bbtrue\u00a0\u00bb css=\u00a0\u00bb.vc_custom_1590321358473{margin-top: -20px !important;}\u00a0\u00bb][\/vc_column][vc_column width=\u00a0\u00bb1\/6&Prime;][vc_single_image image=\u00a0\u00bb1603&Prime; img_size=\u00a0\u00bb350X450&Prime; css=\u00a0\u00bb.vc_custom_1590321090004{margin-bottom: -20px !important;}\u00a0\u00bb][vc_btn title=\u00a0\u00bbThomas JEFFERSON (1777-1825) &#8211; 3\u00e8me Pr\u00e9sident des \u00c9tats-Unis\u00a0\u00bb shape=\u00a0\u00bbsquare\u00a0\u00bb color=\u00a0\u00bbmulled-wine\u00a0\u00bb size=\u00a0\u00bblg\u00a0\u00bb align=\u00a0\u00bbcenter\u00a0\u00bb button_block=\u00a0\u00bbtrue\u00a0\u00bb css=\u00a0\u00bb.vc_custom_1590321233878{margin-top: -20px !important;}\u00a0\u00bb][\/vc_column][vc_column width=\u00a0\u00bb1\/6&Prime;][vc_single_image image=\u00a0\u00bb23270&Prime; img_size=\u00a0\u00bb350X450&Prime; css=\u00a0\u00bb.vc_custom_1590321104885{margin-bottom: -20px !important;}\u00a0\u00bb][vc_btn title=\u00a0\u00bbRobert R. Livingston (1746-1813) &#8211; Ambassadeur des \u00c9tats-Unis en France\u00a0\u00bb shape=\u00a0\u00bbsquare\u00a0\u00bb color=\u00a0\u00bbmulled-wine\u00a0\u00bb size=\u00a0\u00bblg\u00a0\u00bb align=\u00a0\u00bbcenter\u00a0\u00bb button_block=\u00a0\u00bbtrue\u00a0\u00bb css=\u00a0\u00bb.vc_custom_1590321183946{margin-top: -20px !important;}\u00a0\u00bb][\/vc_column][\/vc_row][vc_row][vc_column][vc_btn title=\u00a0\u00bbDOCUMENTS OFFICIELS\u00a0\u00bb shape=\u00a0\u00bbsquare\u00a0\u00bb color=\u00a0\u00bbwarning\u00a0\u00bb size=\u00a0\u00bblg\u00a0\u00bb align=\u00a0\u00bbcenter\u00a0\u00bb button_block=\u00a0\u00bbtrue\u00a0\u00bb][vc_column_text]<\/p>\n<p>[\/vc_column_text][\/vc_column][\/vc_row][vc_row][vc_column width=\u00a0\u00bb1\/3&Prime;][vc_single_image image=\u00a0\u00bb23282&Prime; img_size=\u00a0\u00bb450X650&Prime; css=\u00a0\u00bb.vc_custom_1590322904298{margin-bottom: -20px !important;}\u00a0\u00bb][vc_btn title=\u00a0\u00bbCopie d&rsquo;actions \u00e9mises pour financer l&rsquo;achat de la Louisiane \u00e0 Amsterdam en 1804 par la firme Hope &amp; Co.\u00a0\u00bb shape=\u00a0\u00bbsquare\u00a0\u00bb color=\u00a0\u00bbmulled-wine\u00a0\u00bb size=\u00a0\u00bblg\u00a0\u00bb align=\u00a0\u00bbcenter\u00a0\u00bb i_align=\u00a0\u00bbright\u00a0\u00bb i_icon_fontawesome=\u00a0\u00bbfa fa-eye\u00a0\u00bb button_block=\u00a0\u00bbtrue\u00a0\u00bb add_icon=\u00a0\u00bbtrue\u00a0\u00bb css=\u00a0\u00bb.vc_custom_1590323253932{margin-top: -20px !important;}\u00a0\u00bb link=\u00a0\u00bburl:https%3A%2F%2Fcommons.wikimedia.org%2Fwiki%2FCategory%3ALouisiana_Purchase%23%2Fmedia%2FFile%3AAandeelLouisianaPurchase.jpg||target:%20_blank|\u00a0\u00bb][\/vc_column][vc_column width=\u00a0\u00bb1\/3&Prime;][vc_single_image image=\u00a0\u00bb23280&Prime; img_size=\u00a0\u00bb450X650&Prime; css=\u00a0\u00bb.vc_custom_1590322911179{margin-bottom: -20px !important;}\u00a0\u00bb][vc_btn title=\u00a0\u00bbLe trait\u00e9 original de la vente de la Louisiane, conserv\u00e9 aux National Archives \u00e0 Washington D.C.\u00a0\u00bb shape=\u00a0\u00bbsquare\u00a0\u00bb color=\u00a0\u00bbmulled-wine\u00a0\u00bb size=\u00a0\u00bblg\u00a0\u00bb align=\u00a0\u00bbcenter\u00a0\u00bb i_align=\u00a0\u00bbright\u00a0\u00bb i_icon_fontawesome=\u00a0\u00bbfa fa-eye\u00a0\u00bb button_block=\u00a0\u00bbtrue\u00a0\u00bb add_icon=\u00a0\u00bbtrue\u00a0\u00bb css=\u00a0\u00bb.vc_custom_1590323243729{margin-top: -20px !important;}\u00a0\u00bb link=\u00a0\u00bburl:https%3A%2F%2Ffr.wikipedia.org%2Fwiki%2FVente_de_la_Louisiane%23%2Fmedia%2FFichier%3ALouisiana_purchase_treaty.jpg||target:%20_blank|\u00a0\u00bb][\/vc_column][vc_column width=\u00a0\u00bb1\/3&Prime;][vc_single_image image=\u00a0\u00bb23281&Prime; img_size=\u00a0\u00bb450X650&Prime; css=\u00a0\u00bb.vc_custom_1590322924416{margin-bottom: -20px !important;}\u00a0\u00bb][vc_btn title=\u00a0\u00bbC\u00e9r\u00e9monie de remise de la Louisiane de la France aux \u00c9tats-Unis &#8211; Thure de Thulstrup &#8211; Louisiana State Museum, New Orleans (USA)\u00a0\u00bb shape=\u00a0\u00bbsquare\u00a0\u00bb color=\u00a0\u00bbmulled-wine\u00a0\u00bb size=\u00a0\u00bblg\u00a0\u00bb align=\u00a0\u00bbcenter\u00a0\u00bb i_align=\u00a0\u00bbright\u00a0\u00bb i_icon_fontawesome=\u00a0\u00bbfa fa-eye\u00a0\u00bb button_block=\u00a0\u00bbtrue\u00a0\u00bb add_icon=\u00a0\u00bbtrue\u00a0\u00bb css=\u00a0\u00bb.vc_custom_1590323202835{margin-top: -20px !important;}\u00a0\u00bb link=\u00a0\u00bburl:https%3A%2F%2Ffr.wikipedia.org%2Fwiki%2FVente_de_la_Louisiane%23%2Fmedia%2FFichier%3ALouisiana_Purchase_New_Orleans_Thure_de_Thulstrup.jpg||target:%20_blank|\u00a0\u00bb][\/vc_column][\/vc_row][vc_row][\/vc_row]<\/p>\n","protected":false},"excerpt":{"rendered":"<p>[vc_row][vc_column][vc_btn title=\u00a0\u00bbVENTE DE LA LOUISIANE : TERRITOIRE CONCERN\u00c9\u00a0\u00bb shape=\u00a0\u00bbsquare\u00a0\u00bb color=\u00a0\u00bbwarning\u00a0\u00bb size=\u00a0\u00bblg\u00a0\u00bb align=\u00a0\u00bbcenter\u00a0\u00bb button_block=\u00a0\u00bbtrue\u00a0\u00bb][vc_custom_heading text=\u00a0\u00bbAvec la vente de la Louisiane, la France offre un territoire immense aux nouveaux \u00c9tats-Unis.\u00a0\u00bb font_container=\u00a0\u00bbtag:h2|text_align:center\u00a0\u00bb google_fonts=\u00a0\u00bbfont_family:Voces%3Aregular|font_style:400%20regular%3A400%3Anormal\u00a0\u00bb][\/vc_column][\/vc_row][vc_row][vc_column width=\u00a0\u00bb1\/2&Prime;][vc_single_image image=\u00a0\u00bb23262&Prime; img_size=\u00a0\u00bb650X450&Prime; css=\u00a0\u00bb.vc_custom_1590319656500{margin-bottom: -10px !important;}\u00a0\u00bb][vc_btn title=\u00a0\u00bbVente de la Louisiane<\/p>\n","protected":false},"author":1,"featured_media":0,"parent":0,"menu_order":0,"comment_status":"closed","ping_status":"closed","template":"","meta":{"footnotes":""},"class_list":["post-23252","page","type-page","status-publish","hentry"],"yoast_head":"<!-- This site is optimized with the Yoast SEO plugin v22.8 - https:\/\/yoast.com\/wordpress\/plugins\/seo\/ -->\n<title>Louisiane - L&#039;Histoire est un roman...<\/title>\n<meta name=\"robots\" content=\"index, follow, max-snippet:-1, max-image-preview:large, max-video-preview:-1\" \/>\n<link rel=\"canonical\" href=\"https:\/\/aline-voinot.com\/index.php\/louisiane\/\" \/>\n<meta property=\"og:locale\" content=\"fr_FR\" \/>\n<meta property=\"og:type\" content=\"article\" \/>\n<meta property=\"og:title\" content=\"Louisiane - L&#039;Histoire est un roman...\" \/>\n<meta property=\"og:description\" content=\"[vc_row][vc_column][vc_btn title=\u00a0\u00bbVENTE DE LA LOUISIANE : TERRITOIRE CONCERN\u00c9\u00a0\u00bb shape=\u00a0\u00bbsquare\u00a0\u00bb color=\u00a0\u00bbwarning\u00a0\u00bb size=\u00a0\u00bblg\u00a0\u00bb align=\u00a0\u00bbcenter\u00a0\u00bb button_block=\u00a0\u00bbtrue\u00a0\u00bb][vc_custom_heading text=\u00a0\u00bbAvec la vente de la Louisiane, la France offre un territoire immense aux nouveaux \u00c9tats-Unis.\u00a0\u00bb font_container=\u00a0\u00bbtag:h2|text_align:center\u00a0\u00bb google_fonts=\u00a0\u00bbfont_family:Voces%3Aregular|font_style:400%20regular%3A400%3Anormal\u00a0\u00bb][\/vc_column][\/vc_row][vc_row][vc_column width=\u00a0\u00bb1\/2&Prime;][vc_single_image image=\u00a0\u00bb23262&Prime; img_size=\u00a0\u00bb650X450&Prime; css=\u00a0\u00bb.vc_custom_1590319656500{margin-bottom: -10px !important;}\u00a0\u00bb][vc_btn title=\u00a0\u00bbVente de la Louisiane\" \/>\n<meta property=\"og:url\" content=\"https:\/\/aline-voinot.com\/index.php\/louisiane\/\" \/>\n<meta property=\"og:site_name\" content=\"L&#039;Histoire est un roman...\" \/>\n<meta property=\"article:modified_time\" content=\"2022-11-02T12:18:35+00:00\" \/>\n<meta name=\"twitter:card\" content=\"summary_large_image\" \/>\n<meta name=\"twitter:label1\" content=\"Dur\u00e9e de lecture estim\u00e9e\" \/>\n\t<meta name=\"twitter:data1\" content=\"7 minutes\" \/>\n<script type=\"application\/ld+json\" class=\"yoast-schema-graph\">{\"@context\":\"https:\/\/schema.org\",\"@graph\":[{\"@type\":\"WebPage\",\"@id\":\"https:\/\/aline-voinot.com\/index.php\/louisiane\/\",\"url\":\"https:\/\/aline-voinot.com\/index.php\/louisiane\/\",\"name\":\"Louisiane - L&#039;Histoire est un roman...\",\"isPartOf\":{\"@id\":\"https:\/\/aline-voinot.com\/#website\"},\"datePublished\":\"2020-05-24T10:41:38+00:00\",\"dateModified\":\"2022-11-02T12:18:35+00:00\",\"breadcrumb\":{\"@id\":\"https:\/\/aline-voinot.com\/index.php\/louisiane\/#breadcrumb\"},\"inLanguage\":\"fr-FR\",\"potentialAction\":[{\"@type\":\"ReadAction\",\"target\":[\"https:\/\/aline-voinot.com\/index.php\/louisiane\/\"]}]},{\"@type\":\"BreadcrumbList\",\"@id\":\"https:\/\/aline-voinot.com\/index.php\/louisiane\/#breadcrumb\",\"itemListElement\":[{\"@type\":\"ListItem\",\"position\":1,\"name\":\"Accueil\",\"item\":\"https:\/\/aline-voinot.com\/\"},{\"@type\":\"ListItem\",\"position\":2,\"name\":\"Louisiane\"}]},{\"@type\":\"WebSite\",\"@id\":\"https:\/\/aline-voinot.com\/#website\",\"url\":\"https:\/\/aline-voinot.com\/\",\"name\":\"L&#039;Histoire est un roman...\",\"description\":\"&quot;Destins connus, destins crois\u00e9s&quot; la premi\u00e8re encyclop\u00e9die romanc\u00e9e...\",\"potentialAction\":[{\"@type\":\"SearchAction\",\"target\":{\"@type\":\"EntryPoint\",\"urlTemplate\":\"https:\/\/aline-voinot.com\/?s={search_term_string}\"},\"query-input\":\"required name=search_term_string\"}],\"inLanguage\":\"fr-FR\"}]}<\/script>\n<!-- \/ Yoast SEO plugin. -->","yoast_head_json":{"title":"Louisiane - L&#039;Histoire est un roman...","robots":{"index":"index","follow":"follow","max-snippet":"max-snippet:-1","max-image-preview":"max-image-preview:large","max-video-preview":"max-video-preview:-1"},"canonical":"https:\/\/aline-voinot.com\/index.php\/louisiane\/","og_locale":"fr_FR","og_type":"article","og_title":"Louisiane - L&#039;Histoire est un roman...","og_description":"[vc_row][vc_column][vc_btn title=\u00a0\u00bbVENTE DE LA LOUISIANE : TERRITOIRE CONCERN\u00c9\u00a0\u00bb shape=\u00a0\u00bbsquare\u00a0\u00bb color=\u00a0\u00bbwarning\u00a0\u00bb size=\u00a0\u00bblg\u00a0\u00bb align=\u00a0\u00bbcenter\u00a0\u00bb button_block=\u00a0\u00bbtrue\u00a0\u00bb][vc_custom_heading text=\u00a0\u00bbAvec la vente de la Louisiane, la France offre un territoire immense aux nouveaux \u00c9tats-Unis.\u00a0\u00bb font_container=\u00a0\u00bbtag:h2|text_align:center\u00a0\u00bb google_fonts=\u00a0\u00bbfont_family:Voces%3Aregular|font_style:400%20regular%3A400%3Anormal\u00a0\u00bb][\/vc_column][\/vc_row][vc_row][vc_column width=\u00a0\u00bb1\/2&Prime;][vc_single_image image=\u00a0\u00bb23262&Prime; img_size=\u00a0\u00bb650X450&Prime; css=\u00a0\u00bb.vc_custom_1590319656500{margin-bottom: -10px !important;}\u00a0\u00bb][vc_btn title=\u00a0\u00bbVente de la Louisiane","og_url":"https:\/\/aline-voinot.com\/index.php\/louisiane\/","og_site_name":"L&#039;Histoire est un roman...","article_modified_time":"2022-11-02T12:18:35+00:00","twitter_card":"summary_large_image","twitter_misc":{"Dur\u00e9e de lecture estim\u00e9e":"7 minutes"},"schema":{"@context":"https:\/\/schema.org","@graph":[{"@type":"WebPage","@id":"https:\/\/aline-voinot.com\/index.php\/louisiane\/","url":"https:\/\/aline-voinot.com\/index.php\/louisiane\/","name":"Louisiane - L&#039;Histoire est un roman...","isPartOf":{"@id":"https:\/\/aline-voinot.com\/#website"},"datePublished":"2020-05-24T10:41:38+00:00","dateModified":"2022-11-02T12:18:35+00:00","breadcrumb":{"@id":"https:\/\/aline-voinot.com\/index.php\/louisiane\/#breadcrumb"},"inLanguage":"fr-FR","potentialAction":[{"@type":"ReadAction","target":["https:\/\/aline-voinot.com\/index.php\/louisiane\/"]}]},{"@type":"BreadcrumbList","@id":"https:\/\/aline-voinot.com\/index.php\/louisiane\/#breadcrumb","itemListElement":[{"@type":"ListItem","position":1,"name":"Accueil","item":"https:\/\/aline-voinot.com\/"},{"@type":"ListItem","position":2,"name":"Louisiane"}]},{"@type":"WebSite","@id":"https:\/\/aline-voinot.com\/#website","url":"https:\/\/aline-voinot.com\/","name":"L&#039;Histoire est un roman...","description":"&quot;Destins connus, destins crois\u00e9s&quot; la premi\u00e8re encyclop\u00e9die romanc\u00e9e...","potentialAction":[{"@type":"SearchAction","target":{"@type":"EntryPoint","urlTemplate":"https:\/\/aline-voinot.com\/?s={search_term_string}"},"query-input":"required name=search_term_string"}],"inLanguage":"fr-FR"}]}},"_links":{"self":[{"href":"https:\/\/aline-voinot.com\/index.php\/wp-json\/wp\/v2\/pages\/23252","targetHints":{"allow":["GET"]}}],"collection":[{"href":"https:\/\/aline-voinot.com\/index.php\/wp-json\/wp\/v2\/pages"}],"about":[{"href":"https:\/\/aline-voinot.com\/index.php\/wp-json\/wp\/v2\/types\/page"}],"author":[{"embeddable":true,"href":"https:\/\/aline-voinot.com\/index.php\/wp-json\/wp\/v2\/users\/1"}],"replies":[{"embeddable":true,"href":"https:\/\/aline-voinot.com\/index.php\/wp-json\/wp\/v2\/comments?post=23252"}],"version-history":[{"count":0,"href":"https:\/\/aline-voinot.com\/index.php\/wp-json\/wp\/v2\/pages\/23252\/revisions"}],"wp:attachment":[{"href":"https:\/\/aline-voinot.com\/index.php\/wp-json\/wp\/v2\/media?parent=23252"}],"curies":[{"name":"wp","href":"https:\/\/api.w.org\/{rel}","templated":true}]}}