{"id":23687,"date":"2020-06-05T17:24:07","date_gmt":"2020-06-05T15:24:07","guid":{"rendered":"http:\/\/aline-voinot.com\/?page_id=23687"},"modified":"2020-06-05T17:24:08","modified_gmt":"2020-06-05T15:24:08","slug":"les-coalitions-vrai-ou-faux","status":"publish","type":"page","link":"https:\/\/aline-voinot.com\/index.php\/les-coalitions-vrai-ou-faux\/","title":{"rendered":"Les coalitions : Vrai ou Faux"},"content":{"rendered":"\n            <div class=\"oxi-addons-container noLightbox oxi-image-hover-wrapper-194 \" id=\"oxi-image-hover-wrapper-194\">\n                <div class=\"oxi-addons-row\">\n                    \n            <div class=\"oxi-image-hover-style oxi-bt-col-lg-3 oxi-bt-col-md-6 oxi-bt-col-sm-12                         \"  >\n                <div class=\"oxi-image-hover-style-flipbox\">\n                                            <a  href=\"https:\/\/aline-voinot.com\/index.php\/1ere-coalition\/\" target=\"_blank\">\n                                                    <div class=\"oxi-image-hover oxi-image-flipbox-hover oxi-image-flipbox-hover-style-2 oxi-image-flipbox-hover-194-4972\">\n                            <div class=\"oxi-image-hover-figure oxi-image-flip-left-to-right \">\n                                <div class=\"oxi-image-hover-figure-frontend\">\n                                    <div class=\"oxi-image-hover-figure-front-section  image-hover-align-center-center\">\n                                                                                    <div class=\"oxi-image-hover-heading  \">La Premi\u00e8re coalition<\/div>\n                                                                                        <div class=\"oxi-image-hover-content\">La Premi\u00e8re Coalition est une alliance form\u00e9e entre 1792 et 1797 par les puissances europ\u00e9ennes contre le royaume de France puis contre la R\u00e9publique fran\u00e7aise.<\/div>\n                                                                                <\/div>\n                                <\/div>\n                                <div class=\"oxi-image-hover-figure-backend\">\n                                    <div class=\"oxi-image-hover-figure-back-section image-hover-align-center-center\">\n                                                                                    <div class=\"oxi-image-hover-content    \">VRAI<\/div>\n                                                                                <\/div>\n                                <\/div>\n                            <\/div>\n                        <\/div>\n                                                <\/a>\n\t\t\t\t\t\t\t                <\/div>\n                            <\/div>\n            \n            <div class=\"oxi-image-hover-style oxi-bt-col-lg-3 oxi-bt-col-md-6 oxi-bt-col-sm-12                         \"  >\n                <div class=\"oxi-image-hover-style-flipbox\">\n                                            <a  href=\"https:\/\/aline-voinot.com\/index.php\/2eme-coalition\/\" target=\"_blank\">\n                                                    <div class=\"oxi-image-hover oxi-image-flipbox-hover oxi-image-flipbox-hover-style-2 oxi-image-flipbox-hover-194-4973\">\n                            <div class=\"oxi-image-hover-figure oxi-image-flip-left-to-right \">\n                                <div class=\"oxi-image-hover-figure-frontend\">\n                                    <div class=\"oxi-image-hover-figure-front-section  image-hover-align-center-center\">\n                                                                                    <div class=\"oxi-image-hover-heading  \">La Deuxi\u00e8me coalition<\/div>\n                                                                                        <div class=\"oxi-image-hover-content\">La Deuxi\u00e8me Coalition (1798-1802) est le deuxi\u00e8me groupement de plusieurs puissances europ\u00e9ennes pour contenir Napol\u00e9on Bonaparte<\/div>\n                                                                                <\/div>\n                                <\/div>\n                                <div class=\"oxi-image-hover-figure-backend\">\n                                    <div class=\"oxi-image-hover-figure-back-section image-hover-align-center-center\">\n                                                                                    <div class=\"oxi-image-hover-content    \">FAUX<br><br>La Deuxi\u00e8me Coalition (1798-1802) est le deuxi\u00e8me groupement de plusieurs puissances europ\u00e9ennes pour contenir LA FRANCE R\u00c9VOLUTIONNAIRE. C'\u00e9tait avant l'accession au pouvoir de Napol\u00e9on Bonaparte<\/div>\n                                                                                <\/div>\n                                <\/div>\n                            <\/div>\n                        <\/div>\n                                                <\/a>\n\t\t\t\t\t\t\t                <\/div>\n                            <\/div>\n            \n            <div class=\"oxi-image-hover-style oxi-bt-col-lg-3 oxi-bt-col-md-6 oxi-bt-col-sm-12                         \"  >\n                <div class=\"oxi-image-hover-style-flipbox\">\n                                            <a  href=\"https:\/\/aline-voinot.com\/index.php\/3eme-coalition\/\" target=\"_blank\">\n                                                    <div class=\"oxi-image-hover oxi-image-flipbox-hover oxi-image-flipbox-hover-style-2 oxi-image-flipbox-hover-194-4974\">\n                            <div class=\"oxi-image-hover-figure oxi-image-flip-left-to-right \">\n                                <div class=\"oxi-image-hover-figure-frontend\">\n                                    <div class=\"oxi-image-hover-figure-front-section  image-hover-align-center-center\">\n                                                                                    <div class=\"oxi-image-hover-heading  \">La Troisi\u00e8me coalition<\/div>\n                                                                                        <div class=\"oxi-image-hover-content\">La Troisi\u00e8me Coalition a \u00e9t\u00e9 conclue en 1805 contre le Premier consul entre le Royaume-Uni, l'Empire russe, l'empire d'Autriche et la Su\u00e8de, afin de lutter contre les progr\u00e8s de la domination fran\u00e7aise en Europe<\/div>\n                                                                                <\/div>\n                                <\/div>\n                                <div class=\"oxi-image-hover-figure-backend\">\n                                    <div class=\"oxi-image-hover-figure-back-section image-hover-align-center-center\">\n                                                                                    <div class=\"oxi-image-hover-content    \">FAUX<br><br>Elle a \u00e9t\u00e9 conclue avec NAPOL\u00c9ON 1er. En 1805, Bonaparte \u00e9tait Empereur des Fran\u00e7ais et non plus Premier consul<\/div>\n                                                                                <\/div>\n                                <\/div>\n                            <\/div>\n                        <\/div>\n                                                <\/a>\n\t\t\t\t\t\t\t                <\/div>\n                            <\/div>\n            \n            <div class=\"oxi-image-hover-style oxi-bt-col-lg-3 oxi-bt-col-md-6 oxi-bt-col-sm-12                         \"  >\n                <div class=\"oxi-image-hover-style-flipbox\">\n                                            <a  href=\"https:\/\/aline-voinot.com\/index.php\/4eme-coalition\/\" target=\"_blank\">\n                                                    <div class=\"oxi-image-hover oxi-image-flipbox-hover oxi-image-flipbox-hover-style-2 oxi-image-flipbox-hover-194-4975\">\n                            <div class=\"oxi-image-hover-figure oxi-image-flip-left-to-right \">\n                                <div class=\"oxi-image-hover-figure-frontend\">\n                                    <div class=\"oxi-image-hover-figure-front-section  image-hover-align-center-center\">\n                                                                                    <div class=\"oxi-image-hover-heading  \">La Quatri\u00e8me coalition<\/div>\n                                                                                        <div class=\"oxi-image-hover-content\">La Quatri\u00e8me Coalition (1806 \u2013 1807) fut form\u00e9e le 1er octobre 1806 contre la France napol\u00e9onienne par le Royaume-Uni, la Russie, la Su\u00e8de et la Prusse, cette derni\u00e8re refusant la nouvelle organisation de l'Allemagne<\/div>\n                                                                                <\/div>\n                                <\/div>\n                                <div class=\"oxi-image-hover-figure-backend\">\n                                    <div class=\"oxi-image-hover-figure-back-section image-hover-align-center-center\">\n                                                                                    <div class=\"oxi-image-hover-content    \">VRAI<\/div>\n                                                                                <\/div>\n                                <\/div>\n                            <\/div>\n                        <\/div>\n                                                <\/a>\n\t\t\t\t\t\t\t                <\/div>\n                            <\/div>\n            \n            <div class=\"oxi-image-hover-style oxi-bt-col-lg-3 oxi-bt-col-md-6 oxi-bt-col-sm-12                         \"  >\n                <div class=\"oxi-image-hover-style-flipbox\">\n                                            <a  href=\"https:\/\/aline-voinot.com\/index.php\/5eme-coalition\/\" target=\"_blank\">\n                                                    <div class=\"oxi-image-hover oxi-image-flipbox-hover oxi-image-flipbox-hover-style-2 oxi-image-flipbox-hover-194-4976\">\n                            <div class=\"oxi-image-hover-figure oxi-image-flip-left-to-right \">\n                                <div class=\"oxi-image-hover-figure-frontend\">\n                                    <div class=\"oxi-image-hover-figure-front-section  image-hover-align-center-center\">\n                                                                                    <div class=\"oxi-image-hover-heading  \">La Cinqui\u00e8me coalition<\/div>\n                                                                                        <div class=\"oxi-image-hover-content\">La Russie n'a pas pris part \u00e0 la Cinqui\u00e8me coalition ?<\/div>\n                                                                                <\/div>\n                                <\/div>\n                                <div class=\"oxi-image-hover-figure-backend\">\n                                    <div class=\"oxi-image-hover-figure-back-section image-hover-align-center-center\">\n                                                                                    <div class=\"oxi-image-hover-content    \">VRAI <br><br>La Cinqui\u00e8me Coalition fut men\u00e9e par l'Empire d'Autriche et le Royaume-Uni contre l'Empire fran\u00e7ais de Napol\u00e9on et la Bavi\u00e8re<\/div>\n                                                                                <\/div>\n                                <\/div>\n                            <\/div>\n                        <\/div>\n                                                <\/a>\n\t\t\t\t\t\t\t                <\/div>\n                            <\/div>\n            \n            <div class=\"oxi-image-hover-style oxi-bt-col-lg-3 oxi-bt-col-md-6 oxi-bt-col-sm-12                         \"  >\n                <div class=\"oxi-image-hover-style-flipbox\">\n                                            <a  href=\"https:\/\/aline-voinot.com\/index.php\/6eme-coalition\/\" target=\"_blank\">\n                                                    <div class=\"oxi-image-hover oxi-image-flipbox-hover oxi-image-flipbox-hover-style-2 oxi-image-flipbox-hover-194-4977\">\n                            <div class=\"oxi-image-hover-figure oxi-image-flip-left-to-right \">\n                                <div class=\"oxi-image-hover-figure-frontend\">\n                                    <div class=\"oxi-image-hover-figure-front-section  image-hover-align-center-center\">\n                                                                                    <div class=\"oxi-image-hover-heading  \">La Sixi\u00e8me coalition<\/div>\n                                                                                        <div class=\"oxi-image-hover-content\">La Sixi\u00e8me coalition d\u00e9buta en 1812<\/div>\n                                                                                <\/div>\n                                <\/div>\n                                <div class=\"oxi-image-hover-figure-backend\">\n                                    <div class=\"oxi-image-hover-figure-back-section image-hover-align-center-center\">\n                                                                                    <div class=\"oxi-image-hover-content    \">VRAI<br><br>La Sixi\u00e8me Coalition se d\u00e9roula de 1812 \u00e0 1814. Elle r\u00e9unit le Royaume-Uni de Grande-Bretagne et d'Irlande et l'Empire russe, puis plus tard par la Prusse, la Su\u00e8de et l'Empire d'Autriche contre Napol\u00e9on 1er<\/div>\n                                                                                <\/div>\n                                <\/div>\n                            <\/div>\n                        <\/div>\n                                                <\/a>\n\t\t\t\t\t\t\t                <\/div>\n                            <\/div>\n            \n            <div class=\"oxi-image-hover-style oxi-bt-col-lg-3 oxi-bt-col-md-6 oxi-bt-col-sm-12                         \"  >\n                <div class=\"oxi-image-hover-style-flipbox\">\n                                            <a  href=\"https:\/\/aline-voinot.com\/index.php\/7eme-coalition\/\" target=\"_blank\">\n                                                    <div class=\"oxi-image-hover oxi-image-flipbox-hover oxi-image-flipbox-hover-style-2 oxi-image-flipbox-hover-194-4978\">\n                            <div class=\"oxi-image-hover-figure oxi-image-flip-left-to-right \">\n                                <div class=\"oxi-image-hover-figure-frontend\">\n                                    <div class=\"oxi-image-hover-figure-front-section  image-hover-align-center-center\">\n                                                                                    <div class=\"oxi-image-hover-heading  \">La Septi\u00e8me coalition<\/div>\n                                                                                        <div class=\"oxi-image-hover-content\">Elle est form\u00e9e en toute h\u00e2te en 1815 apr\u00e8s le retour de Napol\u00e9on Ier qui s'est \u00e9chapp\u00e9 de Sainte-H\u00e9l\u00e8ne et avant son entr\u00e9e \u00e0 Paris<\/div>\n                                                                                <\/div>\n                                <\/div>\n                                <div class=\"oxi-image-hover-figure-backend\">\n                                    <div class=\"oxi-image-hover-figure-back-section image-hover-align-center-center\">\n                                                                                    <div class=\"oxi-image-hover-content    \">FAUX<br><br>Napol\u00e9on s'est \u00e9chapp\u00e9 de l'\u00eele d'Elbe. Le reste de l'affirmation est vrai<\/div>\n                                                                                <\/div>\n                                <\/div>\n                            <\/div>\n                        <\/div>\n                                                <\/a>\n\t\t\t\t\t\t\t                <\/div>\n                            <\/div>\n            \n            <div class=\"oxi-image-hover-style oxi-bt-col-lg-3 oxi-bt-col-md-6 oxi-bt-col-sm-12                         \"  >\n                <div class=\"oxi-image-hover-style-flipbox\">\n                                            <div class=\"oxi-image-hover oxi-image-flipbox-hover oxi-image-flipbox-hover-style-2 oxi-image-flipbox-hover-194-4979\">\n                            <div class=\"oxi-image-hover-figure oxi-image-flip-left-to-right \">\n                                <div class=\"oxi-image-hover-figure-frontend\">\n                                    <div class=\"oxi-image-hover-figure-front-section  image-hover-align-center-center\">\n                                                                                    <div class=\"oxi-image-hover-heading  \">La Huiti\u00e8me coalition<\/div>\n                                                                                        <div class=\"oxi-image-hover-content\">LA huiti\u00e8me coalition fut men\u00e9e par les Anglais, les Russes et les Autrichiens. Elle conduisit Napol\u00e9on \u00e0 se rendre aux Anglais qui le d\u00e9port\u00e8rent \u00e0 Sainte-H\u00e9l\u00e8ne<\/div>\n                                                                                <\/div>\n                                <\/div>\n                                <div class=\"oxi-image-hover-figure-backend\">\n                                    <div class=\"oxi-image-hover-figure-back-section image-hover-align-center-center\">\n                                                                                    <div class=\"oxi-image-hover-content    \">FAUX<br><br>Il n'y a pas eu de huiti\u00e8me coalition<\/div>\n                                                                                <\/div>\n                                <\/div>\n                            <\/div>\n                        <\/div>\n                                        <\/div>\n                            <\/div>\n                            <\/div>\n            <\/div>\n\t\t\t\n","protected":false},"excerpt":{"rendered":"La Premi\u00e8re coalition La Premi\u00e8re Coalition est une alliance form\u00e9e entre 1792 et 1797 par les puissances europ\u00e9ennes contre le royaume de France puis contre la R\u00e9publique fran\u00e7aise. VRAI La Deuxi\u00e8me coalition La Deuxi\u00e8me Coalition (1798-1802) est le deuxi\u00e8me groupement","protected":false},"author":1,"featured_media":0,"parent":0,"menu_order":0,"comment_status":"closed","ping_status":"closed","template":"","meta":{"footnotes":""},"class_list":["post-23687","page","type-page","status-publish","hentry"],"yoast_head":"<!-- This site is optimized with the Yoast SEO plugin v22.8 - https:\/\/yoast.com\/wordpress\/plugins\/seo\/ -->\n<title>Les coalitions : Vrai ou Faux - L&#039;Histoire est un roman...<\/title>\n<meta name=\"robots\" content=\"index, follow, max-snippet:-1, max-image-preview:large, max-video-preview:-1\" \/>\n<link rel=\"canonical\" href=\"https:\/\/aline-voinot.com\/index.php\/les-coalitions-vrai-ou-faux\/\" \/>\n<meta property=\"og:locale\" content=\"fr_FR\" \/>\n<meta property=\"og:type\" content=\"article\" \/>\n<meta property=\"og:title\" content=\"Les coalitions : Vrai ou Faux - L&#039;Histoire est un roman...\" \/>\n<meta property=\"og:url\" content=\"https:\/\/aline-voinot.com\/index.php\/les-coalitions-vrai-ou-faux\/\" \/>\n<meta property=\"og:site_name\" content=\"L&#039;Histoire est un roman...\" \/>\n<meta property=\"article:modified_time\" content=\"2020-06-05T15:24:08+00:00\" \/>\n<meta name=\"twitter:card\" content=\"summary_large_image\" \/>\n<script type=\"application\/ld+json\" class=\"yoast-schema-graph\">{\"@context\":\"https:\/\/schema.org\",\"@graph\":[{\"@type\":\"WebPage\",\"@id\":\"https:\/\/aline-voinot.com\/index.php\/les-coalitions-vrai-ou-faux\/\",\"url\":\"https:\/\/aline-voinot.com\/index.php\/les-coalitions-vrai-ou-faux\/\",\"name\":\"Les coalitions : Vrai ou Faux - L&#039;Histoire est un roman...\",\"isPartOf\":{\"@id\":\"https:\/\/aline-voinot.com\/#website\"},\"datePublished\":\"2020-06-05T15:24:07+00:00\",\"dateModified\":\"2020-06-05T15:24:08+00:00\",\"breadcrumb\":{\"@id\":\"https:\/\/aline-voinot.com\/index.php\/les-coalitions-vrai-ou-faux\/#breadcrumb\"},\"inLanguage\":\"fr-FR\",\"potentialAction\":[{\"@type\":\"ReadAction\",\"target\":[\"https:\/\/aline-voinot.com\/index.php\/les-coalitions-vrai-ou-faux\/\"]}]},{\"@type\":\"BreadcrumbList\",\"@id\":\"https:\/\/aline-voinot.com\/index.php\/les-coalitions-vrai-ou-faux\/#breadcrumb\",\"itemListElement\":[{\"@type\":\"ListItem\",\"position\":1,\"name\":\"Accueil\",\"item\":\"https:\/\/aline-voinot.com\/\"},{\"@type\":\"ListItem\",\"position\":2,\"name\":\"Les coalitions : Vrai ou Faux\"}]},{\"@type\":\"WebSite\",\"@id\":\"https:\/\/aline-voinot.com\/#website\",\"url\":\"https:\/\/aline-voinot.com\/\",\"name\":\"L&#039;Histoire est un roman...\",\"description\":\"&quot;Destins connus, destins crois\u00e9s&quot; la premi\u00e8re encyclop\u00e9die romanc\u00e9e...\",\"potentialAction\":[{\"@type\":\"SearchAction\",\"target\":{\"@type\":\"EntryPoint\",\"urlTemplate\":\"https:\/\/aline-voinot.com\/?s={search_term_string}\"},\"query-input\":\"required name=search_term_string\"}],\"inLanguage\":\"fr-FR\"}]}<\/script>\n<!-- \/ Yoast SEO plugin. -->","yoast_head_json":{"title":"Les coalitions : Vrai ou Faux - L&#039;Histoire est un roman...","robots":{"index":"index","follow":"follow","max-snippet":"max-snippet:-1","max-image-preview":"max-image-preview:large","max-video-preview":"max-video-preview:-1"},"canonical":"https:\/\/aline-voinot.com\/index.php\/les-coalitions-vrai-ou-faux\/","og_locale":"fr_FR","og_type":"article","og_title":"Les coalitions : Vrai ou Faux - L&#039;Histoire est un roman...","og_url":"https:\/\/aline-voinot.com\/index.php\/les-coalitions-vrai-ou-faux\/","og_site_name":"L&#039;Histoire est un roman...","article_modified_time":"2020-06-05T15:24:08+00:00","twitter_card":"summary_large_image","schema":{"@context":"https:\/\/schema.org","@graph":[{"@type":"WebPage","@id":"https:\/\/aline-voinot.com\/index.php\/les-coalitions-vrai-ou-faux\/","url":"https:\/\/aline-voinot.com\/index.php\/les-coalitions-vrai-ou-faux\/","name":"Les coalitions : Vrai ou Faux - L&#039;Histoire est un roman...","isPartOf":{"@id":"https:\/\/aline-voinot.com\/#website"},"datePublished":"2020-06-05T15:24:07+00:00","dateModified":"2020-06-05T15:24:08+00:00","breadcrumb":{"@id":"https:\/\/aline-voinot.com\/index.php\/les-coalitions-vrai-ou-faux\/#breadcrumb"},"inLanguage":"fr-FR","potentialAction":[{"@type":"ReadAction","target":["https:\/\/aline-voinot.com\/index.php\/les-coalitions-vrai-ou-faux\/"]}]},{"@type":"BreadcrumbList","@id":"https:\/\/aline-voinot.com\/index.php\/les-coalitions-vrai-ou-faux\/#breadcrumb","itemListElement":[{"@type":"ListItem","position":1,"name":"Accueil","item":"https:\/\/aline-voinot.com\/"},{"@type":"ListItem","position":2,"name":"Les coalitions : Vrai ou Faux"}]},{"@type":"WebSite","@id":"https:\/\/aline-voinot.com\/#website","url":"https:\/\/aline-voinot.com\/","name":"L&#039;Histoire est un roman...","description":"&quot;Destins connus, destins crois\u00e9s&quot; la premi\u00e8re encyclop\u00e9die romanc\u00e9e...","potentialAction":[{"@type":"SearchAction","target":{"@type":"EntryPoint","urlTemplate":"https:\/\/aline-voinot.com\/?s={search_term_string}"},"query-input":"required name=search_term_string"}],"inLanguage":"fr-FR"}]}},"_links":{"self":[{"href":"https:\/\/aline-voinot.com\/index.php\/wp-json\/wp\/v2\/pages\/23687","targetHints":{"allow":["GET"]}}],"collection":[{"href":"https:\/\/aline-voinot.com\/index.php\/wp-json\/wp\/v2\/pages"}],"about":[{"href":"https:\/\/aline-voinot.com\/index.php\/wp-json\/wp\/v2\/types\/page"}],"author":[{"embeddable":true,"href":"https:\/\/aline-voinot.com\/index.php\/wp-json\/wp\/v2\/users\/1"}],"replies":[{"embeddable":true,"href":"https:\/\/aline-voinot.com\/index.php\/wp-json\/wp\/v2\/comments?post=23687"}],"version-history":[{"count":0,"href":"https:\/\/aline-voinot.com\/index.php\/wp-json\/wp\/v2\/pages\/23687\/revisions"}],"wp:attachment":[{"href":"https:\/\/aline-voinot.com\/index.php\/wp-json\/wp\/v2\/media?parent=23687"}],"curies":[{"name":"wp","href":"https:\/\/api.w.org\/{rel}","templated":true}]}}