{"id":23878,"date":"2020-06-07T12:14:12","date_gmt":"2020-06-07T10:14:12","guid":{"rendered":"http:\/\/aline-voinot.com\/?page_id=23878"},"modified":"2021-06-22T20:38:54","modified_gmt":"2021-06-22T18:38:54","slug":"campagne-de-napoleon-en-espagne","status":"publish","type":"page","link":"https:\/\/aline-voinot.com\/index.php\/campagne-de-napoleon-en-espagne\/","title":{"rendered":"Campagne de Napol\u00e9on en Espagne"},"content":{"rendered":"[vc_row][vc_column][vc_column_text]<\/p>\n\n<p>[\/vc_column_text][\/vc_column][\/vc_row][vc_row full_width=\u00a0\u00bbstretch_row\u00a0\u00bb css=\u00a0\u00bb.vc_custom_1519929301374{background-color: #376092 !important;}\u00a0\u00bb][vc_column width=\u00a0\u00bb1\/2&Prime;][vc_column_text]<\/p>\n<h6 style=\"text-align: center;\"><span style=\"color: #ffffff;\"><strong>SYNOPSIS<\/strong><\/span><\/h6>\n<table>\n<tbody>\n<tr>\n<td width=\"88\"><span style=\"color: #ffffff;\"><strong>BELLLIGERANTS<\/strong><\/span><\/td>\n<td width=\"365\"><span style=\"color: #ffffff;\"><strong>Empire fran\u00e7ais contre Grande-Bretagne, Royaume d&rsquo;Espagne<\/strong><\/span><\/td>\n<\/tr>\n<tr>\n<td width=\"88\"><span style=\"color: #ffffff;\"><strong>DATE<\/strong><\/span><\/td>\n<td width=\"365\"><span style=\"color: #ffffff;\"><strong>5 novembre 1808 au 17 janvier 1809<\/strong><\/span><\/td>\n<\/tr>\n<tr>\n<td width=\"88\"><span style=\"color: #ffffff;\"><strong>LIEU<\/strong><\/span><\/td>\n<td width=\"365\"><span style=\"color: #ffffff;\"><strong>Espagne<\/strong><\/span><\/td>\n<\/tr>\n<tr>\n<td width=\"88\"><span style=\"color: #ffffff;\"><strong>CONTEXTE<\/strong><\/span><\/td>\n<td width=\"365\"><span style=\"color: #ffffff;\"><strong>Dans le cadre de la guerre d&rsquo;ind\u00e9pendance espagnole, Napol\u00e9on d\u00e9cide d&rsquo;intervenir personnellement face \u00e0 la d\u00e9route de son arm\u00e9e. Il arrive avec une partie de la Grande Arm\u00e9e intialement bas\u00e9e en Allemagne<\/strong><\/span><\/td>\n<\/tr>\n<tr>\n<td width=\"88\"><span style=\"color: #ffffff;\"><strong>R\u00c9SULTATS<\/strong><\/span><\/td>\n<td width=\"365\"><span style=\"color: #ffffff;\"><strong>Victoire fran\u00e7aise mais non d\u00e9cisive<\/strong><\/span><\/td>\n<\/tr>\n<tr>\n<td width=\"88\"><span style=\"color: #ffffff;\"><strong>CONS\u00c9QUENCES<\/strong><\/span><\/td>\n<td width=\"365\">\n<p><span style=\"color: #ffffff;\"><b>Apr\u00e8s cette intervention magistrale qui a \u00e0 nouveau d\u00e9montr\u00e9 son g\u00e9nie tactique militaire, Napol\u00e9on est contraint de repartir s&rsquo;occuper de la 5\u00e8me coalition lev\u00e9e contre lui. La guerrilla persiste et les mar\u00e9chaux qui se jalousaient les uns les autres furent incapables de mettre fin \u00e0 la guerre et subirent plusieurs d\u00e9faites face aux arm\u00e9es anglo-portugaises command\u00e9es par un nouveau g\u00e9n\u00e9ral britannique, <a class=\"mw-redirect\" style=\"color: #ffffff;\" title=\"Arthur Wellesley\" href=\"https:\/\/aline-voinot.com\/index.php\/arthur-wellesley-duc-de-wellington\/\">Arthur Wellesley<\/a>, le futur Wellington. Napol\u00e9on d\u00fbt laisser 200 000 hommes en Espagne qui lui firent d\u00e9faut lors de la campagne de Russie.<\/b><\/span><\/p>\n<\/td>\n<\/tr>\n<\/tbody>\n<\/table>\n<p>[\/vc_column_text][\/vc_column][vc_column width=\u00a0\u00bb1\/4&Prime;][vc_column_text]<\/p>\n<h6 style=\"text-align: center;\"><span style=\"color: #ffffff;\">PREMIER EMPIRE FRAN\u00c7AIS<\/span><\/h6>\n<p style=\"text-align: center;\"><span style=\"color: #ffffff;\">200 000 hommes<\/span><\/p>\n<p style=\"text-align: center;\"><span style=\"color: #ffffff;\">Pertes inconnues<\/span><\/p>\n<p>[\/vc_column_text][vc_btn title=\u00a0\u00bbPrincipax commandants\u00a0\u00bb shape=\u00a0\u00bbsquare\u00a0\u00bb color=\u00a0\u00bbmulled-wine\u00a0\u00bb size=\u00a0\u00bblg\u00a0\u00bb align=\u00a0\u00bbright\u00a0\u00bb i_align=\u00a0\u00bbright\u00a0\u00bb i_icon_fontawesome=\u00a0\u00bbfa fa-eye\u00a0\u00bb button_block=\u00a0\u00bbtrue\u00a0\u00bb add_icon=\u00a0\u00bbtrue\u00a0\u00bb][vc_column_text]<\/p>\n<p><span style=\"color: #ffffff;\">Napol\u00e9on Ier<\/span><\/p>\n<p>[\/vc_column_text][vc_btn title=\u00a0\u00bbTome 1&Prime; color=\u00a0\u00bbdanger\u00a0\u00bb size=\u00a0\u00bbxs\u00a0\u00bb][\/vc_column][vc_column width=\u00a0\u00bb1\/4&Prime;][vc_column_text]<\/p>\n<h6 style=\"text-align: center;\"><span style=\"color: #ffffff;\">QUATRIEME COALITION<\/span><\/h6>\n<p style=\"text-align: center;\"><span style=\"color: #ffffff;\">125 000 Espagnols<\/span><\/p>\n<p style=\"text-align: center;\"><span style=\"color: #ffffff;\">32 000 Britanniques<\/span><\/p>\n<p>[\/vc_column_text][vc_btn title=\u00a0\u00bbPrincipax commandants\u00a0\u00bb shape=\u00a0\u00bbsquare\u00a0\u00bb color=\u00a0\u00bbmulled-wine\u00a0\u00bb size=\u00a0\u00bblg\u00a0\u00bb align=\u00a0\u00bbright\u00a0\u00bb i_align=\u00a0\u00bbright\u00a0\u00bb i_icon_fontawesome=\u00a0\u00bbfa fa-eye\u00a0\u00bb button_block=\u00a0\u00bbtrue\u00a0\u00bb add_icon=\u00a0\u00bbtrue\u00a0\u00bb][vc_column_text]<\/p>\n<p><span style=\"color: #ffffff;\"><strong>Arthur Wellesley (Grande-Bretagne)<br \/><\/strong><\/span><\/p>\n<p><span style=\"color: #ffffff;\"><a style=\"color: #ffffff;\" title=\"Joaqu\u00edn Blake y Joyes\" href=\"https:\/\/fr.wikipedia.org\/wiki\/Joaqu%C3%ADn_Blake_y_Joyes\">Joaqu\u00edn Blake y Joyes<\/a><\/span><br \/><span style=\"color: #ffffff;\"><a style=\"color: #ffffff;\" title=\"Francisco Javier Casta\u00f1os\" href=\"https:\/\/fr.wikipedia.org\/wiki\/Francisco_Javier_Casta%C3%B1os\">Francisco Javier Casta\u00f1os<\/a><\/span><br \/><span style=\"color: #ffffff;\"><a style=\"color: #ffffff;\" title=\"John Moore (militaire britannique)\" href=\"https:\/\/fr.wikipedia.org\/wiki\/John_Moore_(militaire_britannique)\">John Moore<\/a><\/span><\/p>\n<p>[\/vc_column_text][\/vc_column][\/vc_row][vc_row][vc_column][vc_row_inner][vc_column_inner width=\u00a0\u00bb1\/3&Prime;][vc_single_image image=\u00a0\u00bb23984&Prime; img_size=\u00a0\u00bbfull\u00a0\u00bb alignment=\u00a0\u00bbcenter\u00a0\u00bb onclick=\u00a0\u00bblink_image\u00a0\u00bb css=\u00a0\u00bb.vc_custom_1591701950383{margin-bottom: -10px !important;}\u00a0\u00bb][vc_btn title=\u00a0\u00bbSie\u0300ge de Roses ou sie\u0300ge de Rosas &#8211; 7 novembre au 5 de\u0301cembre 1808 &#8211; Auteur et lieu de conservation inconnu\u00a0\u00bb style=\u00a0\u00bbclassic\u00a0\u00bb shape=\u00a0\u00bbsquare\u00a0\u00bb color=\u00a0\u00bbdefault\u00a0\u00bb align=\u00a0\u00bbcenter\u00a0\u00bb i_align=\u00a0\u00bbright\u00a0\u00bb i_icon_fontawesome=\u00a0\u00bbfa fa-eye\u00a0\u00bb button_block=\u00a0\u00bbtrue\u00a0\u00bb add_icon=\u00a0\u00bbtrue\u00a0\u00bb css=\u00a0\u00bb.vc_custom_1591527309362{margin-top: -5px !important;margin-left: -5px !important;}\u00a0\u00bb link=\u00a0\u00bburl:https%3A%2F%2Ffr.wikipedia.org%2Fwiki%2FSi%25C3%25A8ge_de_Roses_(1808)%23%2Fmedia%2FFichier%3ARoses_setge_1808.png||target:%20_blank|\u00a0\u00bb][\/vc_column_inner][vc_column_inner width=\u00a0\u00bb1\/3&Prime;][vc_single_image image=\u00a0\u00bb23979&Prime; img_size=\u00a0\u00bbfull\u00a0\u00bb alignment=\u00a0\u00bbcenter\u00a0\u00bb onclick=\u00a0\u00bblink_image\u00a0\u00bb css=\u00a0\u00bb.vc_custom_1591701976127{margin-bottom: -10px !important;}\u00a0\u00bb][vc_btn title=\u00a0\u00bbCampagne de Napole\u0301on Ier en Espagne &#8211; Bataille de Tudela &#8211; Janvier Suchodolski &#8211; Muse\u0301e national de Varsovie (Pologne)\u00a0\u00bb style=\u00a0\u00bbclassic\u00a0\u00bb shape=\u00a0\u00bbsquare\u00a0\u00bb color=\u00a0\u00bbdefault\u00a0\u00bb align=\u00a0\u00bbcenter\u00a0\u00bb i_align=\u00a0\u00bbright\u00a0\u00bb i_icon_fontawesome=\u00a0\u00bbfa fa-eye\u00a0\u00bb add_icon=\u00a0\u00bbtrue\u00a0\u00bb css=\u00a0\u00bb.vc_custom_1591527386702{margin-top: -5px !important;margin-left: -5px !important;}\u00a0\u00bb link=\u00a0\u00bburl:https%3A%2F%2Ffr.wikipedia.org%2Fwiki%2FBataille_de_Tudela%23%2Fmedia%2FFichier%3ALa_batalla_de_Tudela%2C_por_January_Suchodolski.jpg||target:%20_blank|\u00a0\u00bb][\/vc_column_inner][vc_column_inner width=\u00a0\u00bb1\/3&Prime;][vc_single_image image=\u00a0\u00bb23975&Prime; img_size=\u00a0\u00bbfull\u00a0\u00bb alignment=\u00a0\u00bbcenter\u00a0\u00bb onclick=\u00a0\u00bblink_image\u00a0\u00bb css=\u00a0\u00bb.vc_custom_1591701997529{margin-bottom: -10px !important;}\u00a0\u00bb][vc_btn title=\u00a0\u00bbBataille de Somosierra &#8211; 30 novembre 1808 &#8211; Bataille du col de Somo Sierra en Castille &#8211; Louis-Franc\u0327ois Lejeune &#8211; Cha\u0302teau de Versailles (France)\u00a0\u00bb style=\u00a0\u00bbclassic\u00a0\u00bb shape=\u00a0\u00bbsquare\u00a0\u00bb color=\u00a0\u00bbdefault\u00a0\u00bb align=\u00a0\u00bbcenter\u00a0\u00bb i_align=\u00a0\u00bbright\u00a0\u00bb i_icon_fontawesome=\u00a0\u00bbfa fa-eye\u00a0\u00bb add_icon=\u00a0\u00bbtrue\u00a0\u00bb css=\u00a0\u00bb.vc_custom_1591527512931{margin-top: -5px !important;margin-left: -5px !important;}\u00a0\u00bb link=\u00a0\u00bburl:https%3A%2F%2Ffr.wikipedia.org%2Fwiki%2FBataille_de_Somosierra_(1808)%23%2Fmedia%2FFichier%3ALa_bataille_de_Somo-Sierra.jpg||target:%20_blank|\u00a0\u00bb][\/vc_column_inner][\/vc_row_inner][vc_row_inner][vc_column_inner width=\u00a0\u00bb1\/3&Prime;][vc_single_image image=\u00a0\u00bb23978&Prime; img_size=\u00a0\u00bbfull\u00a0\u00bb alignment=\u00a0\u00bbcenter\u00a0\u00bb onclick=\u00a0\u00bblink_image\u00a0\u00bb css=\u00a0\u00bb.vc_custom_1591702032311{margin-bottom: -10px !important;}\u00a0\u00bb][vc_btn title=\u00a0\u00bbNapol\u00e9on recevant la capitulation de Madrid le 4 d\u00e9cembre 1808 &#8211; 1810 &#8211; Antoine-Jean Gros &#8211; Ch\u00e2teau de Versailles (France)\u00a0\u00bb style=\u00a0\u00bbclassic\u00a0\u00bb shape=\u00a0\u00bbsquare\u00a0\u00bb color=\u00a0\u00bbdefault\u00a0\u00bb align=\u00a0\u00bbcenter\u00a0\u00bb i_align=\u00a0\u00bbright\u00a0\u00bb i_icon_fontawesome=\u00a0\u00bbfa fa-eye\u00a0\u00bb add_icon=\u00a0\u00bbtrue\u00a0\u00bb css=\u00a0\u00bb.vc_custom_1591526217283{margin-top: -5px !important;margin-left: -5px !important;}\u00a0\u00bb link=\u00a0\u00bburl:https%3A%2F%2Ffr.wikipedia.org%2Fwiki%2FCampagne_de_Napol%25C3%25A9on_Ier_en_Espagne%23%2Fmedia%2FFichier%3AAntoine-Jean_Gros_-_Capitulation_de_Madrid%2C_le_4_d%25C3%25A9cembre_1808.jpg||target:%20_blank|\u00a0\u00bb][\/vc_column_inner][vc_column_inner width=\u00a0\u00bb1\/3&Prime;][vc_single_image image=\u00a0\u00bb23981&Prime; img_size=\u00a0\u00bbfull\u00a0\u00bb alignment=\u00a0\u00bbcenter\u00a0\u00bb onclick=\u00a0\u00bblink_image\u00a0\u00bb css=\u00a0\u00bb.vc_custom_1591702596419{margin-bottom: -10px !important;}\u00a0\u00bb][vc_btn title=\u00a0\u00bbBataille de Cardedeu &#8211; 16 de\u0301cembre 1808 &#8211; Jean-Charles Langlois &#8211; Lieu de conservation inconnu\u00a0\u00bb style=\u00a0\u00bbclassic\u00a0\u00bb shape=\u00a0\u00bbsquare\u00a0\u00bb color=\u00a0\u00bbdefault\u00a0\u00bb align=\u00a0\u00bbcenter\u00a0\u00bb i_align=\u00a0\u00bbright\u00a0\u00bb i_icon_fontawesome=\u00a0\u00bbfa fa-eye\u00a0\u00bb add_icon=\u00a0\u00bbtrue\u00a0\u00bb css=\u00a0\u00bb.vc_custom_1591527737605{margin-top: -5px !important;margin-left: -5px !important;}\u00a0\u00bb link=\u00a0\u00bburl:https%3A%2F%2Ffr.wikipedia.org%2Fwiki%2FBataille_de_Cardedeu%23%2Fmedia%2FFichier%3ABataille_de_Cardedeu.jpg||target:%20_blank|\u00a0\u00bb][\/vc_column_inner][vc_column_inner width=\u00a0\u00bb1\/3&Prime;][vc_single_image image=\u00a0\u00bb23983&Prime; img_size=\u00a0\u00bbfull\u00a0\u00bb alignment=\u00a0\u00bbcenter\u00a0\u00bb onclick=\u00a0\u00bblink_image\u00a0\u00bb css=\u00a0\u00bb.vc_custom_1591702611442{margin-bottom: -10px !important;}\u00a0\u00bb][vc_btn title=\u00a0\u00bbEpisode du sie\u0300ge de Saragosse &#8211; Assaut du monaste\u0300re de Santa Engracia &#8211; 8 fe\u0301vrier 1809 &#8211; Louis-Franc\u0327ois Baron Lejeune &#8211; Lieu de conservation inconnu\u00a0\u00bb style=\u00a0\u00bbclassic\u00a0\u00bb shape=\u00a0\u00bbsquare\u00a0\u00bb color=\u00a0\u00bbdefault\u00a0\u00bb align=\u00a0\u00bbcenter\u00a0\u00bb i_align=\u00a0\u00bbright\u00a0\u00bb i_icon_fontawesome=\u00a0\u00bbfa fa-eye\u00a0\u00bb add_icon=\u00a0\u00bbtrue\u00a0\u00bb css=\u00a0\u00bb.vc_custom_1591527819125{margin-top: -5px !important;margin-left: -5px !important;}\u00a0\u00bb link=\u00a0\u00bburl:https%3A%2F%2Ffr.wikipedia.org%2Fwiki%2FSi%25C3%25A8ge_de_Saragosse_(1809)%23%2Fmedia%2FFichier%3ASanta_Engracia_-_Lejeune.jpg||target:%20_blank|\u00a0\u00bb][\/vc_column_inner][\/vc_row_inner][vc_row_inner][vc_column_inner width=\u00a0\u00bb1\/3&Prime;][vc_single_image image=\u00a0\u00bb23986&Prime; img_size=\u00a0\u00bbfull\u00a0\u00bb alignment=\u00a0\u00bbcenter\u00a0\u00bb onclick=\u00a0\u00bblink_image\u00a0\u00bb css=\u00a0\u00bb.vc_custom_1591702719168{margin-bottom: -10px !important;}\u00a0\u00bb][vc_btn title=\u00a0\u00bbBataille de Molins de Rei &#8211; 21 de\u0301cembre 1808 &#8211; Le ge\u0301ne\u0301ral Gouvion-Saint-Cyr a\u0300 la bataille de Molins de Rei &#8211; Jean-Charles Langlois &#8211; Lieu de conservation inconnu\u00a0\u00bb style=\u00a0\u00bbclassic\u00a0\u00bb shape=\u00a0\u00bbsquare\u00a0\u00bb color=\u00a0\u00bbdefault\u00a0\u00bb size=\u00a0\u00bblg\u00a0\u00bb align=\u00a0\u00bbcenter\u00a0\u00bb i_align=\u00a0\u00bbright\u00a0\u00bb i_icon_fontawesome=\u00a0\u00bbfa fa-eye\u00a0\u00bb button_block=\u00a0\u00bbtrue\u00a0\u00bb add_icon=\u00a0\u00bbtrue\u00a0\u00bb css=\u00a0\u00bb.vc_custom_1591528971414{margin-top: -5px !important;margin-left: -5px !important;}\u00a0\u00bb link=\u00a0\u00bburl:https%3A%2F%2Ffr.wikipedia.org%2Fwiki%2FBataille_de_Molins_de_Rei%23%2Fmedia%2FFichier%3ABataille_de_Molins_de_Rei.jpg||target:%20_blank|\u00a0\u00bb][\/vc_column_inner][vc_column_inner width=\u00a0\u00bb1\/3&Prime;][vc_single_image image=\u00a0\u00bb23982&Prime; img_size=\u00a0\u00bbfull\u00a0\u00bb alignment=\u00a0\u00bbcenter\u00a0\u00bb onclick=\u00a0\u00bblink_image\u00a0\u00bb css=\u00a0\u00bb.vc_custom_1591702734618{margin-bottom: -10px !important;}\u00a0\u00bb][vc_btn title=\u00a0\u00bb Le sie\u0300ge de Girona de 1809 &#8211; Ramon Marti\u0301 Alsina &#8211; Muse\u0301e d&rsquo;Art de Ge\u0301rone (Espagne)\u00a0\u00bb style=\u00a0\u00bbclassic\u00a0\u00bb shape=\u00a0\u00bbsquare\u00a0\u00bb color=\u00a0\u00bbdefault\u00a0\u00bb align=\u00a0\u00bbcenter\u00a0\u00bb i_align=\u00a0\u00bbright\u00a0\u00bb i_icon_fontawesome=\u00a0\u00bbfa fa-eye\u00a0\u00bb add_icon=\u00a0\u00bbtrue\u00a0\u00bb css=\u00a0\u00bb.vc_custom_1591527983510{margin-top: -5px !important;margin-left: -5px !important;}\u00a0\u00bb link=\u00a0\u00bburl:https%3A%2F%2Ffr.wikipedia.org%2Fwiki%2FSi%25C3%25A8ge_de_G%25C3%25A9rone_(1809)%23%2Fmedia%2FFichier%3ASi%25C3%25A8ge_de_Gerone.jpg||target:%20_blank|\u00a0\u00bb][\/vc_column_inner][vc_column_inner width=\u00a0\u00bb1\/3&Prime;][\/vc_column_inner][\/vc_row_inner][vc_column_text css=\u00a0\u00bb.vc_custom_1521019712993{padding-top: 10px !important;padding-bottom: 10px !important;background-color: #272727 !important;}\u00a0\u00bb]<\/p>\n<p style=\"text-align: center;\"><span style=\"color: #ffffff;\">\u00c9V\u00c9NEMENTS &#8211; H\u00c9RITAGES<\/span><\/p>\n<p>[\/vc_column_text][vc_column_text]<\/p>\n<p>Fort de son succ\u00e8s, l&rsquo;Empereur occupa rapidement Madrid, r\u00e9tablissant la domination fran\u00e7aise. Cependant, l&rsquo;Empereur fran\u00e7ais n&rsquo;a pas le temps de savourer son succ\u00e8s. \u00c0 Paris, Fouch\u00e9, Talleyrand et les Murat (Caroline, sa s\u0153ur et Joachim, son beau-fr\u00e8re) fomentent un coup d&rsquo;\u00c9tat. Napol\u00e9on rentre en toute h\u00e2te le 17 d\u00e9cembre 1809.<\/p>\n<p>Une guerre contre l&rsquo;Autriche se pr\u00e9pare \u00e9galement.\u00a0 Napol\u00e9on doit orchestrer la riposte, all\u00e9g\u00e9 de plus de 200 000 hommes qui resteront \u00e0 s&rsquo;\u00e9puiser en Espagne inutilement contre une gu\u00e9rilla incessante et des forces anglaises bien d\u00e9cid\u00e9es \u00e0 ne pas se laisser faire.<\/p>\n<p>[\/vc_column_text][\/vc_column][\/vc_row][vc_row][vc_column width=\u00a0\u00bb1\/4&Prime;][vc_single_image image=\u00a0\u00bb1586&Prime; img_size=\u00a0\u00bbfull\u00a0\u00bb alignment=\u00a0\u00bbcenter\u00a0\u00bb onclick=\u00a0\u00bblink_image\u00a0\u00bb css=\u00a0\u00bb.vc_custom_1591528559994{margin-bottom: -10px !important;}\u00a0\u00bb][vc_btn title=\u00a0\u00bbJoseph Fouch\u00e9\u00a0\u00bb shape=\u00a0\u00bbsquare\u00a0\u00bb size=\u00a0\u00bblg\u00a0\u00bb align=\u00a0\u00bbcenter\u00a0\u00bb i_align=\u00a0\u00bbright\u00a0\u00bb i_icon_fontawesome=\u00a0\u00bbfa fa-eye\u00a0\u00bb button_block=\u00a0\u00bbtrue\u00a0\u00bb add_icon=\u00a0\u00bbtrue\u00a0\u00bb link=\u00a0\u00bburl:http%3A%2F%2Faline-voinot.com%2Findex.php%2Fjoseph-fouche%2F|title:Charles-Maurice%20de%20Talleyrand||\u00a0\u00bb][\/vc_column][vc_column width=\u00a0\u00bb1\/4&Prime;][vc_single_image image=\u00a0\u00bb1817&Prime; img_size=\u00a0\u00bbfull\u00a0\u00bb alignment=\u00a0\u00bbcenter\u00a0\u00bb onclick=\u00a0\u00bblink_image\u00a0\u00bb css=\u00a0\u00bb.vc_custom_1591528599130{margin-bottom: -10px !important;}\u00a0\u00bb][vc_btn title=\u00a0\u00bbCharles-Maurice de Talleyrand\u00a0\u00bb shape=\u00a0\u00bbsquare\u00a0\u00bb size=\u00a0\u00bblg\u00a0\u00bb align=\u00a0\u00bbcenter\u00a0\u00bb i_align=\u00a0\u00bbright\u00a0\u00bb i_icon_fontawesome=\u00a0\u00bbfa fa-eye\u00a0\u00bb button_block=\u00a0\u00bbtrue\u00a0\u00bb add_icon=\u00a0\u00bbtrue\u00a0\u00bb link=\u00a0\u00bburl:http%3A%2F%2Faline-voinot.com%2Findex.php%2Fcharles-maurice-de-talleyrand%2F|title:Charles-Maurice%20de%20Talleyrand||\u00a0\u00bb][\/vc_column][vc_column width=\u00a0\u00bb1\/4&Prime;][vc_single_image image=\u00a0\u00bb1536&Prime; img_size=\u00a0\u00bbfull\u00a0\u00bb alignment=\u00a0\u00bbcenter\u00a0\u00bb onclick=\u00a0\u00bblink_image\u00a0\u00bb css=\u00a0\u00bb.vc_custom_1591528677387{margin-bottom: -10px !important;}\u00a0\u00bb][vc_btn title=\u00a0\u00bbCaroline Bonaparte\u00a0\u00bb shape=\u00a0\u00bbsquare\u00a0\u00bb size=\u00a0\u00bblg\u00a0\u00bb align=\u00a0\u00bbcenter\u00a0\u00bb i_align=\u00a0\u00bbright\u00a0\u00bb i_icon_fontawesome=\u00a0\u00bbfa fa-eye\u00a0\u00bb button_block=\u00a0\u00bbtrue\u00a0\u00bb add_icon=\u00a0\u00bbtrue\u00a0\u00bb link=\u00a0\u00bburl:http%3A%2F%2Faline-voinot.com%2Findex.php%2Fcaroline-bonaparte%2F|||\u00a0\u00bb][\/vc_column][vc_column width=\u00a0\u00bb1\/4&Prime;][vc_single_image image=\u00a0\u00bb1705&Prime; img_size=\u00a0\u00bbfull\u00a0\u00bb alignment=\u00a0\u00bbcenter\u00a0\u00bb onclick=\u00a0\u00bblink_image\u00a0\u00bb css=\u00a0\u00bb.vc_custom_1591528802552{margin-bottom: -10px !important;}\u00a0\u00bb][vc_btn title=\u00a0\u00bbJoachim Murat\u00a0\u00bb shape=\u00a0\u00bbsquare\u00a0\u00bb size=\u00a0\u00bblg\u00a0\u00bb align=\u00a0\u00bbcenter\u00a0\u00bb i_align=\u00a0\u00bbright\u00a0\u00bb i_icon_fontawesome=\u00a0\u00bbfa fa-eye\u00a0\u00bb button_block=\u00a0\u00bbtrue\u00a0\u00bb add_icon=\u00a0\u00bbtrue\u00a0\u00bb link=\u00a0\u00bburl:http%3A%2F%2Faline-voinot.com%2Findex.php%2Fjoachim-murat-grand-duc-de-berg-et-de-cleves%2F|||\u00a0\u00bb][\/vc_column][\/vc_row][vc_row][vc_column][vc_column_text]<\/p>\n[\/vc_column_text][\/vc_column][\/vc_row]","protected":false},"excerpt":{"rendered":"<p>[vc_row][vc_column][vc_column_text] [\/vc_column_text][\/vc_column][\/vc_row]<\/p>\n","protected":false},"author":1,"featured_media":0,"parent":0,"menu_order":0,"comment_status":"closed","ping_status":"closed","template":"","meta":{"footnotes":""},"class_list":["post-23878","page","type-page","status-publish","hentry"],"yoast_head":"<!-- This site is optimized with the Yoast SEO plugin v22.8 - https:\/\/yoast.com\/wordpress\/plugins\/seo\/ -->\n<title>Campagne de Napol\u00e9on en Espagne - L&#039;Histoire est un roman...<\/title>\n<meta name=\"robots\" content=\"index, follow, max-snippet:-1, max-image-preview:large, max-video-preview:-1\" \/>\n<link rel=\"canonical\" href=\"https:\/\/aline-voinot.com\/index.php\/campagne-de-napoleon-en-espagne\/\" \/>\n<meta property=\"og:locale\" content=\"fr_FR\" \/>\n<meta property=\"og:type\" content=\"article\" \/>\n<meta property=\"og:title\" content=\"Campagne de Napol\u00e9on en Espagne - L&#039;Histoire est un roman...\" \/>\n<meta property=\"og:description\" content=\"[vc_row][vc_column][vc_column_text] [\/vc_column_text][\/vc_column][\/vc_row]\" \/>\n<meta property=\"og:url\" content=\"https:\/\/aline-voinot.com\/index.php\/campagne-de-napoleon-en-espagne\/\" \/>\n<meta property=\"og:site_name\" content=\"L&#039;Histoire est un roman...\" \/>\n<meta property=\"article:modified_time\" content=\"2021-06-22T18:38:54+00:00\" \/>\n<meta name=\"twitter:card\" content=\"summary_large_image\" \/>\n<meta name=\"twitter:label1\" content=\"Dur\u00e9e de lecture estim\u00e9e\" \/>\n\t<meta name=\"twitter:data1\" content=\"8 minutes\" \/>\n<script type=\"application\/ld+json\" class=\"yoast-schema-graph\">{\"@context\":\"https:\/\/schema.org\",\"@graph\":[{\"@type\":\"WebPage\",\"@id\":\"https:\/\/aline-voinot.com\/index.php\/campagne-de-napoleon-en-espagne\/\",\"url\":\"https:\/\/aline-voinot.com\/index.php\/campagne-de-napoleon-en-espagne\/\",\"name\":\"Campagne de Napol\u00e9on en Espagne - L&#039;Histoire est un roman...\",\"isPartOf\":{\"@id\":\"https:\/\/aline-voinot.com\/#website\"},\"datePublished\":\"2020-06-07T10:14:12+00:00\",\"dateModified\":\"2021-06-22T18:38:54+00:00\",\"breadcrumb\":{\"@id\":\"https:\/\/aline-voinot.com\/index.php\/campagne-de-napoleon-en-espagne\/#breadcrumb\"},\"inLanguage\":\"fr-FR\",\"potentialAction\":[{\"@type\":\"ReadAction\",\"target\":[\"https:\/\/aline-voinot.com\/index.php\/campagne-de-napoleon-en-espagne\/\"]}]},{\"@type\":\"BreadcrumbList\",\"@id\":\"https:\/\/aline-voinot.com\/index.php\/campagne-de-napoleon-en-espagne\/#breadcrumb\",\"itemListElement\":[{\"@type\":\"ListItem\",\"position\":1,\"name\":\"Accueil\",\"item\":\"https:\/\/aline-voinot.com\/\"},{\"@type\":\"ListItem\",\"position\":2,\"name\":\"Campagne de Napol\u00e9on en Espagne\"}]},{\"@type\":\"WebSite\",\"@id\":\"https:\/\/aline-voinot.com\/#website\",\"url\":\"https:\/\/aline-voinot.com\/\",\"name\":\"L&#039;Histoire est un roman...\",\"description\":\"&quot;Destins connus, destins crois\u00e9s&quot; la premi\u00e8re encyclop\u00e9die romanc\u00e9e...\",\"potentialAction\":[{\"@type\":\"SearchAction\",\"target\":{\"@type\":\"EntryPoint\",\"urlTemplate\":\"https:\/\/aline-voinot.com\/?s={search_term_string}\"},\"query-input\":\"required name=search_term_string\"}],\"inLanguage\":\"fr-FR\"}]}<\/script>\n<!-- \/ Yoast SEO plugin. -->","yoast_head_json":{"title":"Campagne de Napol\u00e9on en Espagne - L&#039;Histoire est un roman...","robots":{"index":"index","follow":"follow","max-snippet":"max-snippet:-1","max-image-preview":"max-image-preview:large","max-video-preview":"max-video-preview:-1"},"canonical":"https:\/\/aline-voinot.com\/index.php\/campagne-de-napoleon-en-espagne\/","og_locale":"fr_FR","og_type":"article","og_title":"Campagne de Napol\u00e9on en Espagne - L&#039;Histoire est un roman...","og_description":"[vc_row][vc_column][vc_column_text] [\/vc_column_text][\/vc_column][\/vc_row]","og_url":"https:\/\/aline-voinot.com\/index.php\/campagne-de-napoleon-en-espagne\/","og_site_name":"L&#039;Histoire est un roman...","article_modified_time":"2021-06-22T18:38:54+00:00","twitter_card":"summary_large_image","twitter_misc":{"Dur\u00e9e de lecture estim\u00e9e":"8 minutes"},"schema":{"@context":"https:\/\/schema.org","@graph":[{"@type":"WebPage","@id":"https:\/\/aline-voinot.com\/index.php\/campagne-de-napoleon-en-espagne\/","url":"https:\/\/aline-voinot.com\/index.php\/campagne-de-napoleon-en-espagne\/","name":"Campagne de Napol\u00e9on en Espagne - L&#039;Histoire est un roman...","isPartOf":{"@id":"https:\/\/aline-voinot.com\/#website"},"datePublished":"2020-06-07T10:14:12+00:00","dateModified":"2021-06-22T18:38:54+00:00","breadcrumb":{"@id":"https:\/\/aline-voinot.com\/index.php\/campagne-de-napoleon-en-espagne\/#breadcrumb"},"inLanguage":"fr-FR","potentialAction":[{"@type":"ReadAction","target":["https:\/\/aline-voinot.com\/index.php\/campagne-de-napoleon-en-espagne\/"]}]},{"@type":"BreadcrumbList","@id":"https:\/\/aline-voinot.com\/index.php\/campagne-de-napoleon-en-espagne\/#breadcrumb","itemListElement":[{"@type":"ListItem","position":1,"name":"Accueil","item":"https:\/\/aline-voinot.com\/"},{"@type":"ListItem","position":2,"name":"Campagne de Napol\u00e9on en Espagne"}]},{"@type":"WebSite","@id":"https:\/\/aline-voinot.com\/#website","url":"https:\/\/aline-voinot.com\/","name":"L&#039;Histoire est un roman...","description":"&quot;Destins connus, destins crois\u00e9s&quot; la premi\u00e8re encyclop\u00e9die romanc\u00e9e...","potentialAction":[{"@type":"SearchAction","target":{"@type":"EntryPoint","urlTemplate":"https:\/\/aline-voinot.com\/?s={search_term_string}"},"query-input":"required name=search_term_string"}],"inLanguage":"fr-FR"}]}},"_links":{"self":[{"href":"https:\/\/aline-voinot.com\/index.php\/wp-json\/wp\/v2\/pages\/23878","targetHints":{"allow":["GET"]}}],"collection":[{"href":"https:\/\/aline-voinot.com\/index.php\/wp-json\/wp\/v2\/pages"}],"about":[{"href":"https:\/\/aline-voinot.com\/index.php\/wp-json\/wp\/v2\/types\/page"}],"author":[{"embeddable":true,"href":"https:\/\/aline-voinot.com\/index.php\/wp-json\/wp\/v2\/users\/1"}],"replies":[{"embeddable":true,"href":"https:\/\/aline-voinot.com\/index.php\/wp-json\/wp\/v2\/comments?post=23878"}],"version-history":[{"count":0,"href":"https:\/\/aline-voinot.com\/index.php\/wp-json\/wp\/v2\/pages\/23878\/revisions"}],"wp:attachment":[{"href":"https:\/\/aline-voinot.com\/index.php\/wp-json\/wp\/v2\/media?parent=23878"}],"curies":[{"name":"wp","href":"https:\/\/api.w.org\/{rel}","templated":true}]}}