{"id":24133,"date":"2020-06-12T20:13:10","date_gmt":"2020-06-12T18:13:10","guid":{"rendered":"http:\/\/aline-voinot.com\/?page_id=24133"},"modified":"2020-06-12T20:47:16","modified_gmt":"2020-06-12T18:47:16","slug":"le-congres-de-vienne","status":"publish","type":"page","link":"https:\/\/aline-voinot.com\/index.php\/le-congres-de-vienne\/","title":{"rendered":"Le Congr\u00e8s de Vienne"},"content":{"rendered":"<p>[vc_row][vc_column][vc_btn title=\u00a0\u00bbLE CONGR\u00c8S DE VIENNE\u00a0\u00bb shape=\u00a0\u00bbsquare\u00a0\u00bb color=\u00a0\u00bbdanger\u00a0\u00bb size=\u00a0\u00bblg\u00a0\u00bb align=\u00a0\u00bbcenter\u00a0\u00bb button_block=\u00a0\u00bbtrue\u00a0\u00bb][\/vc_column][\/vc_row][vc_row][vc_column][vc_column_text]<\/p>\n<p>Le\u00a0<b>congr\u00e8s de Vienne<\/b> eut lieu \u00e0 Vienne (Autriche) du 18 septembre 1814 au 9 juin 1815. Il dura plus que pr\u00e9vu \u00e0 cause de l&rsquo;\u00e9chapp\u00e9e de Napol\u00e9on de l&rsquo;\u00eele d&rsquo;Elbe. Les repr\u00e9sentant des pays vainqueurs et vaincus se sont r\u00e9unis pour d\u00e9cider du sort de chacun. C&rsquo;est le premier grand congr\u00e8s international regroupant les repr\u00e9sentants de plusieurs puissances<\/p>\n<p>[\/vc_column_text][\/vc_column][\/vc_row][vc_row][vc_column width=\u00a0\u00bb1\/2&Prime;][vc_single_image image=\u00a0\u00bb19786&Prime; img_size=\u00a0\u00bbfull\u00a0\u00bb onclick=\u00a0\u00bblink_image\u00a0\u00bb css=\u00a0\u00bb.vc_custom_1591980960707{margin-bottom: -10px !important;}\u00a0\u00bb][\/vc_column][vc_column width=\u00a0\u00bb1\/2&Prime;][vc_single_image image=\u00a0\u00bb19771&Prime; img_size=\u00a0\u00bbfull\u00a0\u00bb onclick=\u00a0\u00bblink_image\u00a0\u00bb css=\u00a0\u00bb.vc_custom_1591981294757{margin-bottom: -10px !important;}\u00a0\u00bb][\/vc_column][\/vc_row][vc_row][vc_column][vc_btn title=\u00a0\u00bbLe congr\u00e8s de Vienne &#8211; 18 septembre 1814 au 9 juin 1815 &#8211; Jean-Baptiste Isabey &#8211; Lieu de conservation inconnu\u00a0\u00bb style=\u00a0\u00bbclassic\u00a0\u00bb shape=\u00a0\u00bbsquare\u00a0\u00bb color=\u00a0\u00bbdefault\u00a0\u00bb size=\u00a0\u00bblg\u00a0\u00bb align=\u00a0\u00bbcenter\u00a0\u00bb i_align=\u00a0\u00bbright\u00a0\u00bb i_icon_fontawesome=\u00a0\u00bbfa fa-eye\u00a0\u00bb button_block=\u00a0\u00bbtrue\u00a0\u00bb add_icon=\u00a0\u00bbtrue\u00a0\u00bb css=\u00a0\u00bb.vc_custom_1591981492453{margin-top: -5px !important;margin-left: -5px !important;}\u00a0\u00bb link=\u00a0\u00bburl:https%3A%2F%2Fwww.wikidata.org%2Fwiki%2FQ2724511%23%2Fmedia%2FFile%3ASadler%2C_Battle_of_Waterloo.jpg||target:%20_blank|\u00a0\u00bb][\/vc_column][\/vc_row][vc_row][vc_column][vc_column_text]Congr\u00e8s de Vienne &#8211; Isabay &#8211; Repr\u00e9sent\u00e9 sur le tableau &#8211; <a href=\"https:\/\/aline-voinot.com\/index.php\/arthur-wellesley-duc-de-wellington\/\">Duc de Wellington<\/a> (UK), 2. Joaquim Lobo da Silveira (Portugal) 3. Antonio Saldanha da Gama (Portugal) 4. Comte L\u00f6wenhielm (Sweden) 5. Jean de Noailles (France), 6. Prince de Metternich (Austriche), 7. Dupin de Elder (France), 8. Comte Nesselrode (Russie), 9.Duc de Palmela (Portugal), 10.Vicomte Castlereagh (UK), 11. Duc de Dalberg (France) 12. Ignaz Heinrich von Wessenberg (Confederation du Rhin), 13. Andreas Razumovsky (Russie), 14.Charles Stewart, 3e Marquis de Londonderry (UK), 15.Pedro Gomez Labrador, Marquis de Labrador (Espagne), 16.Richard Le Poer Trench, 2nd Earl of Clancarty (UK) ,17.Wacken (Recorder), 18.Friedrich von Gentz (Secr\u00e9taire du Congres), 19.Baron Friedrich Wilhelm Christian Karl Ferdinand von Humboldt (Prusse), 20.William Schaw Cathcart, 1st Earl Cathcart (UK) 21.Prince Karl August von Hardenberg, 22.<a href=\"https:\/\/aline-voinot.com\/index.php\/charles-maurice-de-talleyrand\/\">Talleyrand<\/a> (France), 23.Comte Gustav Ernst de Stackelberg (Russie), 24.probablement <a href=\"https:\/\/aline-voinot.com\/index.php\/francois-ier-dautriche\/\">Francois II<\/a>, Empereur d&rsquo;Autriche, 25.Comte Wenzel Anton Kaunitz[\/vc_column_text][\/vc_column][\/vc_row][vc_row][vc_column width=\u00a0\u00bb1\/3&Prime;][vc_custom_heading text=\u00a0\u00bbContexte\u00a0\u00bb font_container=\u00a0\u00bbtag:h2|text_align:center\u00a0\u00bb google_fonts=\u00a0\u00bbfont_family:Voces%3Aregular|font_style:400%20regular%3A400%3Anormal\u00a0\u00bb][vc_column_text]<\/p>\n<ul>\n<li>En 1813 la sixi\u00e8me coalition prend l&rsquo;ascendant\u00a0 sur Napol\u00e9on Ier<\/li>\n<li>Paris est envahit par les alli\u00e9s le <time class=\"nowrap\" datetime=\"1814-03-31\" data-sort-value=\"1814-03-31\">31 mars 1814<\/time> et les mar\u00e9chaux forcent l&rsquo;Empereur \u00e0 abdiquer<\/li>\n<li>S\u00e9nat proclame <a title=\"Louis XVIII\" href=\"https:\/\/aline-voinot.com\/index.php\/louis-xviii-louis-stanislas-xavier-de-france\/\"><span class=\"nowrap\">Louis\u00a0<abbr class=\"abbr\" title=\"18\"><span class=\"romain\">XVIII<\/span><\/abbr><\/span><\/a><span class=\"nowrap\"><abbr class=\"abbr\" title=\"18\"><span class=\"romain\"> roi de France. Ce dernier rentre en France et arrive au ch\u00e2teau des Tuileries<\/span><\/abbr><\/span><\/li>\n<li>Le trait\u00e9 de Paris du <time class=\"nowrap\" datetime=\"1814-05-30\" data-sort-value=\"1814-05-30\">30 mai 1814 <\/time>r\u00e8gle en partie le sort de la France, car un congr\u00e8s doit se r\u00e9unir \u00e0 Vienne pour r\u00e9gler le sort des territoires repris \u00e0 Napol\u00e9on, congr\u00e8s qui d\u00e9bute le <time class=\"nowrap\" datetime=\"1814-11-01\" data-sort-value=\"1814-11-01\"><abbr class=\"abbr\" title=\"premier\">1<sup>er<\/sup><\/abbr>\u00a0novembre 1814<\/time><\/li>\n<li><sup id=\"cite_ref-P404_1-2\" class=\"reference\"><\/sup>Le congr\u00e8s se poursuit pendant les Cent-Jours<\/li>\n<li>Apr\u00e8s la bataille de Waterloo, Napol\u00e9on abdique pour la seconde fois de mani\u00e8re d\u00e9finitive<\/li>\n<li>La France se voit inflig\u00e9 un second trait\u00e9 de Paris beaucoup plus s\u00e9v\u00e8re que celui de 1814<\/li>\n<\/ul>\n<p>[\/vc_column_text][\/vc_column][vc_column width=\u00a0\u00bb1\/3&Prime;][vc_custom_heading text=\u00a0\u00bbRed\u00e9finition des fronti\u00e8res\u00a0\u00bb font_container=\u00a0\u00bbtag:h2|text_align:center\u00a0\u00bb google_fonts=\u00a0\u00bbfont_family:Voces%3Aregular|font_style:400%20regular%3A400%3Anormal\u00a0\u00bb][vc_single_image image=\u00a0\u00bb24128&Prime; img_size=\u00a0\u00bbfull\u00a0\u00bb onclick=\u00a0\u00bblink_image\u00a0\u00bb css=\u00a0\u00bb.vc_custom_1591982563108{margin-bottom: -10px !important;}\u00a0\u00bb][vc_btn title=\u00a0\u00bbL&rsquo;Europe en 1815 &#8211; Situation politique apr\u00e8s le Congress de Vienna en June 1815 &#8211; Red\u00e9finition des fronti\u00e8res &#8211; d&rsquo;apr\u00e8s Alexander Altenhof\u00a0\u00bb style=\u00a0\u00bbclassic\u00a0\u00bb shape=\u00a0\u00bbsquare\u00a0\u00bb color=\u00a0\u00bbdefault\u00a0\u00bb size=\u00a0\u00bblg\u00a0\u00bb align=\u00a0\u00bbcenter\u00a0\u00bb i_align=\u00a0\u00bbright\u00a0\u00bb i_icon_fontawesome=\u00a0\u00bbfa fa-eye\u00a0\u00bb button_block=\u00a0\u00bbtrue\u00a0\u00bb add_icon=\u00a0\u00bbtrue\u00a0\u00bb css=\u00a0\u00bb.vc_custom_1591982686065{margin-top: -5px !important;margin-left: -5px !important;}\u00a0\u00bb link=\u00a0\u00bburl:https%3A%2F%2Ffr.wikipedia.org%2Fwiki%2FCongr%25C3%25A8s_de_Vienne%23%2Fmedia%2FFichier%3AEurope_1815_map_en.png||target:%20_blank|\u00a0\u00bb][\/vc_column][vc_column width=\u00a0\u00bb1\/3&Prime;][vc_custom_heading text=\u00a0\u00bbCons\u00e9quences\u00a0\u00bb font_container=\u00a0\u00bbtag:h2|text_align:center\u00a0\u00bb google_fonts=\u00a0\u00bbfont_family:Voces%3Aregular|font_style:400%20regular%3A400%3Anormal\u00a0\u00bb][vc_column_text]<\/p>\n<ul>\n<li>Retour des rois l\u00e9gitimes dans leurs royaumes, sans tenir compte \u00ab\u00a0du droit des nationalit\u00e9\u00a0\u00bb. L&rsquo;Allemagne libre et unifi\u00e9e tant souhait\u00e9 par le peuple ne se fera pas, de m\u00eame que l&rsquo;unification des territoires italiens, ce qui laisse place \u00e0 des r\u00e9voltes qui secoueront l&rsquo;Europe trente ans plus tard<\/li>\n<li>Red\u00e9finitions des fronti\u00e8res des \u00c9tats europ\u00e9ens<\/li>\n<li>Discussion sur la libre circulation navale<\/li>\n<li>Abolition de la traite n\u00e9gri\u00e8re (et non pas de l&rsquo;esclavage qui persiste en particulier aux \u00c9tats-Unis<\/li>\n<\/ul>\n<p>[\/vc_column_text][\/vc_column][\/vc_row][vc_row][vc_column width=\u00a0\u00bb1\/2&Prime;][vc_custom_heading text=\u00a0\u00bbL&rsquo;Allemagne reste morcel\u00e9e\u00a0\u00bb font_container=\u00a0\u00bbtag:h2|text_align:center\u00a0\u00bb google_fonts=\u00a0\u00bbfont_family:Voces%3Aregular|font_style:400%20regular%3A400%3Anormal\u00a0\u00bb][vc_single_image image=\u00a0\u00bb24141&Prime; img_size=\u00a0\u00bbfull\u00a0\u00bb onclick=\u00a0\u00bblink_image\u00a0\u00bb css=\u00a0\u00bb.vc_custom_1591987072849{margin-bottom: -10px !important;}\u00a0\u00bb][vc_btn title=\u00a0\u00bbLa division politique de l&rsquo;Allemagne et la Conf\u00e9d\u00e9ration germanique apr\u00e8s le Congr\u00e8s de Vienne\u00a0\u00bb style=\u00a0\u00bbclassic\u00a0\u00bb shape=\u00a0\u00bbsquare\u00a0\u00bb color=\u00a0\u00bbdefault\u00a0\u00bb size=\u00a0\u00bblg\u00a0\u00bb align=\u00a0\u00bbcenter\u00a0\u00bb i_align=\u00a0\u00bbright\u00a0\u00bb i_icon_fontawesome=\u00a0\u00bbfa fa-eye\u00a0\u00bb button_block=\u00a0\u00bbtrue\u00a0\u00bb add_icon=\u00a0\u00bbtrue\u00a0\u00bb css=\u00a0\u00bb.vc_custom_1591986798781{margin-top: -5px !important;margin-left: -5px !important;}\u00a0\u00bb link=\u00a0\u00bburl:https%3A%2F%2Ffr.vikidia.org%2Fwiki%2FCongr%25C3%25A8s_de_Vienne%23%2Fmedia%2FFile%3ADeutscher_Bund.png||target:%20_blank|\u00a0\u00bb][\/vc_column][vc_column width=\u00a0\u00bb1\/2&Prime;][vc_custom_heading text=\u00a0\u00bbLes territoires italiens ne seront pas unifi\u00e9s\u00a0\u00bb font_container=\u00a0\u00bbtag:h2|text_align:center\u00a0\u00bb google_fonts=\u00a0\u00bbfont_family:Voces%3Aregular|font_style:400%20regular%3A400%3Anormal\u00a0\u00bb][vc_single_image image=\u00a0\u00bb24142&Prime; img_size=\u00a0\u00bb400&#215;590&Prime; alignment=\u00a0\u00bbcenter\u00a0\u00bb onclick=\u00a0\u00bblink_image\u00a0\u00bb css=\u00a0\u00bb.vc_custom_1591987248764{margin-bottom: -10px !important;}\u00a0\u00bb][vc_btn title=\u00a0\u00bbLa division territoriale de l&rsquo;Italie en 1859, avant l&rsquo;unification italienne &#8211; d&rsquo;apr\u00e8s Alexandrin\u00a0\u00bb style=\u00a0\u00bbclassic\u00a0\u00bb shape=\u00a0\u00bbsquare\u00a0\u00bb color=\u00a0\u00bbdefault\u00a0\u00bb size=\u00a0\u00bblg\u00a0\u00bb align=\u00a0\u00bbcenter\u00a0\u00bb i_align=\u00a0\u00bbright\u00a0\u00bb i_icon_fontawesome=\u00a0\u00bbfa fa-eye\u00a0\u00bb button_block=\u00a0\u00bbtrue\u00a0\u00bb add_icon=\u00a0\u00bbtrue\u00a0\u00bb css=\u00a0\u00bb.vc_custom_1591987301284{margin-top: -5px !important;margin-left: -5px !important;}\u00a0\u00bb link=\u00a0\u00bburl:https%3A%2F%2Ffr.vikidia.org%2Fwiki%2FCongr%25C3%25A8s_de_Vienne%23%2Fmedia%2FFile%3AItalie_1859.jpg||target:%20_blank|\u00a0\u00bb][\/vc_column][\/vc_row]<\/p>\n","protected":false},"excerpt":{"rendered":"<p>[vc_row][vc_column][vc_btn title=\u00a0\u00bbLE CONGR\u00c8S DE VIENNE\u00a0\u00bb shape=\u00a0\u00bbsquare\u00a0\u00bb color=\u00a0\u00bbdanger\u00a0\u00bb size=\u00a0\u00bblg\u00a0\u00bb align=\u00a0\u00bbcenter\u00a0\u00bb button_block=\u00a0\u00bbtrue\u00a0\u00bb][\/vc_column][\/vc_row][vc_row][vc_column][vc_column_text] Le\u00a0congr\u00e8s de Vienne eut lieu \u00e0 Vienne (Autriche) du 18 septembre 1814 au 9 juin 1815. Il dura plus que pr\u00e9vu \u00e0 cause de l&rsquo;\u00e9chapp\u00e9e de Napol\u00e9on de l&rsquo;\u00eele d&rsquo;Elbe.<\/p>\n","protected":false},"author":1,"featured_media":0,"parent":0,"menu_order":0,"comment_status":"closed","ping_status":"closed","template":"","meta":{"footnotes":""},"class_list":["post-24133","page","type-page","status-publish","hentry"],"yoast_head":"<!-- This site is optimized with the Yoast SEO plugin v22.8 - https:\/\/yoast.com\/wordpress\/plugins\/seo\/ -->\n<title>Le Congr\u00e8s de Vienne - L&#039;Histoire est un roman...<\/title>\n<meta name=\"robots\" content=\"index, follow, max-snippet:-1, max-image-preview:large, max-video-preview:-1\" \/>\n<link rel=\"canonical\" href=\"https:\/\/aline-voinot.com\/index.php\/le-congres-de-vienne\/\" \/>\n<meta property=\"og:locale\" content=\"fr_FR\" \/>\n<meta property=\"og:type\" content=\"article\" \/>\n<meta property=\"og:title\" content=\"Le Congr\u00e8s de Vienne - L&#039;Histoire est un roman...\" \/>\n<meta property=\"og:description\" content=\"[vc_row][vc_column][vc_btn title=\u00a0\u00bbLE CONGR\u00c8S DE VIENNE\u00a0\u00bb shape=\u00a0\u00bbsquare\u00a0\u00bb color=\u00a0\u00bbdanger\u00a0\u00bb size=\u00a0\u00bblg\u00a0\u00bb align=\u00a0\u00bbcenter\u00a0\u00bb button_block=\u00a0\u00bbtrue\u00a0\u00bb][\/vc_column][\/vc_row][vc_row][vc_column][vc_column_text] Le\u00a0congr\u00e8s de Vienne eut lieu \u00e0 Vienne (Autriche) du 18 septembre 1814 au 9 juin 1815. Il dura plus que pr\u00e9vu \u00e0 cause de l&rsquo;\u00e9chapp\u00e9e de Napol\u00e9on de l&rsquo;\u00eele d&rsquo;Elbe.\" \/>\n<meta property=\"og:url\" content=\"https:\/\/aline-voinot.com\/index.php\/le-congres-de-vienne\/\" \/>\n<meta property=\"og:site_name\" content=\"L&#039;Histoire est un roman...\" \/>\n<meta property=\"article:modified_time\" content=\"2020-06-12T18:47:16+00:00\" \/>\n<meta name=\"twitter:card\" content=\"summary_large_image\" \/>\n<meta name=\"twitter:label1\" content=\"Dur\u00e9e de lecture estim\u00e9e\" \/>\n\t<meta name=\"twitter:data1\" content=\"5 minutes\" \/>\n<script type=\"application\/ld+json\" class=\"yoast-schema-graph\">{\"@context\":\"https:\/\/schema.org\",\"@graph\":[{\"@type\":\"WebPage\",\"@id\":\"https:\/\/aline-voinot.com\/index.php\/le-congres-de-vienne\/\",\"url\":\"https:\/\/aline-voinot.com\/index.php\/le-congres-de-vienne\/\",\"name\":\"Le Congr\u00e8s de Vienne - L&#039;Histoire est un roman...\",\"isPartOf\":{\"@id\":\"https:\/\/aline-voinot.com\/#website\"},\"datePublished\":\"2020-06-12T18:13:10+00:00\",\"dateModified\":\"2020-06-12T18:47:16+00:00\",\"breadcrumb\":{\"@id\":\"https:\/\/aline-voinot.com\/index.php\/le-congres-de-vienne\/#breadcrumb\"},\"inLanguage\":\"fr-FR\",\"potentialAction\":[{\"@type\":\"ReadAction\",\"target\":[\"https:\/\/aline-voinot.com\/index.php\/le-congres-de-vienne\/\"]}]},{\"@type\":\"BreadcrumbList\",\"@id\":\"https:\/\/aline-voinot.com\/index.php\/le-congres-de-vienne\/#breadcrumb\",\"itemListElement\":[{\"@type\":\"ListItem\",\"position\":1,\"name\":\"Accueil\",\"item\":\"https:\/\/aline-voinot.com\/\"},{\"@type\":\"ListItem\",\"position\":2,\"name\":\"Le Congr\u00e8s de Vienne\"}]},{\"@type\":\"WebSite\",\"@id\":\"https:\/\/aline-voinot.com\/#website\",\"url\":\"https:\/\/aline-voinot.com\/\",\"name\":\"L&#039;Histoire est un roman...\",\"description\":\"&quot;Destins connus, destins crois\u00e9s&quot; la premi\u00e8re encyclop\u00e9die romanc\u00e9e...\",\"potentialAction\":[{\"@type\":\"SearchAction\",\"target\":{\"@type\":\"EntryPoint\",\"urlTemplate\":\"https:\/\/aline-voinot.com\/?s={search_term_string}\"},\"query-input\":\"required name=search_term_string\"}],\"inLanguage\":\"fr-FR\"}]}<\/script>\n<!-- \/ Yoast SEO plugin. -->","yoast_head_json":{"title":"Le Congr\u00e8s de Vienne - L&#039;Histoire est un roman...","robots":{"index":"index","follow":"follow","max-snippet":"max-snippet:-1","max-image-preview":"max-image-preview:large","max-video-preview":"max-video-preview:-1"},"canonical":"https:\/\/aline-voinot.com\/index.php\/le-congres-de-vienne\/","og_locale":"fr_FR","og_type":"article","og_title":"Le Congr\u00e8s de Vienne - L&#039;Histoire est un roman...","og_description":"[vc_row][vc_column][vc_btn title=\u00a0\u00bbLE CONGR\u00c8S DE VIENNE\u00a0\u00bb shape=\u00a0\u00bbsquare\u00a0\u00bb color=\u00a0\u00bbdanger\u00a0\u00bb size=\u00a0\u00bblg\u00a0\u00bb align=\u00a0\u00bbcenter\u00a0\u00bb button_block=\u00a0\u00bbtrue\u00a0\u00bb][\/vc_column][\/vc_row][vc_row][vc_column][vc_column_text] Le\u00a0congr\u00e8s de Vienne eut lieu \u00e0 Vienne (Autriche) du 18 septembre 1814 au 9 juin 1815. Il dura plus que pr\u00e9vu \u00e0 cause de l&rsquo;\u00e9chapp\u00e9e de Napol\u00e9on de l&rsquo;\u00eele d&rsquo;Elbe.","og_url":"https:\/\/aline-voinot.com\/index.php\/le-congres-de-vienne\/","og_site_name":"L&#039;Histoire est un roman...","article_modified_time":"2020-06-12T18:47:16+00:00","twitter_card":"summary_large_image","twitter_misc":{"Dur\u00e9e de lecture estim\u00e9e":"5 minutes"},"schema":{"@context":"https:\/\/schema.org","@graph":[{"@type":"WebPage","@id":"https:\/\/aline-voinot.com\/index.php\/le-congres-de-vienne\/","url":"https:\/\/aline-voinot.com\/index.php\/le-congres-de-vienne\/","name":"Le Congr\u00e8s de Vienne - L&#039;Histoire est un roman...","isPartOf":{"@id":"https:\/\/aline-voinot.com\/#website"},"datePublished":"2020-06-12T18:13:10+00:00","dateModified":"2020-06-12T18:47:16+00:00","breadcrumb":{"@id":"https:\/\/aline-voinot.com\/index.php\/le-congres-de-vienne\/#breadcrumb"},"inLanguage":"fr-FR","potentialAction":[{"@type":"ReadAction","target":["https:\/\/aline-voinot.com\/index.php\/le-congres-de-vienne\/"]}]},{"@type":"BreadcrumbList","@id":"https:\/\/aline-voinot.com\/index.php\/le-congres-de-vienne\/#breadcrumb","itemListElement":[{"@type":"ListItem","position":1,"name":"Accueil","item":"https:\/\/aline-voinot.com\/"},{"@type":"ListItem","position":2,"name":"Le Congr\u00e8s de Vienne"}]},{"@type":"WebSite","@id":"https:\/\/aline-voinot.com\/#website","url":"https:\/\/aline-voinot.com\/","name":"L&#039;Histoire est un roman...","description":"&quot;Destins connus, destins crois\u00e9s&quot; la premi\u00e8re encyclop\u00e9die romanc\u00e9e...","potentialAction":[{"@type":"SearchAction","target":{"@type":"EntryPoint","urlTemplate":"https:\/\/aline-voinot.com\/?s={search_term_string}"},"query-input":"required name=search_term_string"}],"inLanguage":"fr-FR"}]}},"_links":{"self":[{"href":"https:\/\/aline-voinot.com\/index.php\/wp-json\/wp\/v2\/pages\/24133","targetHints":{"allow":["GET"]}}],"collection":[{"href":"https:\/\/aline-voinot.com\/index.php\/wp-json\/wp\/v2\/pages"}],"about":[{"href":"https:\/\/aline-voinot.com\/index.php\/wp-json\/wp\/v2\/types\/page"}],"author":[{"embeddable":true,"href":"https:\/\/aline-voinot.com\/index.php\/wp-json\/wp\/v2\/users\/1"}],"replies":[{"embeddable":true,"href":"https:\/\/aline-voinot.com\/index.php\/wp-json\/wp\/v2\/comments?post=24133"}],"version-history":[{"count":0,"href":"https:\/\/aline-voinot.com\/index.php\/wp-json\/wp\/v2\/pages\/24133\/revisions"}],"wp:attachment":[{"href":"https:\/\/aline-voinot.com\/index.php\/wp-json\/wp\/v2\/media?parent=24133"}],"curies":[{"name":"wp","href":"https:\/\/api.w.org\/{rel}","templated":true}]}}