{"id":24683,"date":"2020-11-19T10:39:39","date_gmt":"2020-11-19T09:39:39","guid":{"rendered":"http:\/\/aline-voinot.com\/?page_id=24683"},"modified":"2020-11-23T22:30:36","modified_gmt":"2020-11-23T21:30:36","slug":"plus-dinformations-sur","status":"publish","type":"page","link":"https:\/\/aline-voinot.com\/index.php\/plus-dinformations-sur\/","title":{"rendered":"Plus d&rsquo;infos sur&#8230;"},"content":{"rendered":"<p>[vc_row][vc_column][vc_btn title=\u00a0\u00bbCLIQUEZ SUR LA CASE QUI VOUS INTERESSE\u00a0\u00bb shape=\u00a0\u00bbsquare\u00a0\u00bb color=\u00a0\u00bbdanger\u00a0\u00bb size=\u00a0\u00bblg\u00a0\u00bb align=\u00a0\u00bbcenter\u00a0\u00bb button_block=\u00a0\u00bbtrue\u00a0\u00bb link=\u00a0\u00bb||target:%20_blank|rel:nofollow\u00a0\u00bb][vc_row_inner][vc_column_inner width=\u00a0\u00bb1\/6&Prime;][vc_single_image image=\u00a0\u00bb24686&Prime; alignment=\u00a0\u00bbcenter\u00a0\u00bb onclick=\u00a0\u00bbcustom_link\u00a0\u00bb link=\u00a0\u00bbhttps:\/\/aline-voinot.com\/index.php\/austerlitz\/\u00a0\u00bb][vc_column_text css=\u00a0\u00bb.vc_custom_1606166292585{margin-top: -40px !important;}\u00a0\u00bb]<\/p>\n<p style=\"text-align: center;\">Bataille d&rsquo;Austerlitz<\/p>\n<p>[\/vc_column_text][\/vc_column_inner][vc_column_inner width=\u00a0\u00bb1\/6&Prime;][vc_single_image image=\u00a0\u00bb24687&Prime; alignment=\u00a0\u00bbcenter\u00a0\u00bb onclick=\u00a0\u00bbcustom_link\u00a0\u00bb link=\u00a0\u00bbhttps:\/\/aline-voinot.com\/index.php\/expedition-baudin\/\u00a0\u00bb][vc_column_text css=\u00a0\u00bb.vc_custom_1606166343326{margin-top: -40px !important;}\u00a0\u00bb]<\/p>\n<p style=\"text-align: center;\">Exp\u00e9dition Baudin<\/p>\n<p>[\/vc_column_text][vc_column_text css=\u00a0\u00bb.vc_custom_1605825776941{margin-top: -20px !important;}\u00a0\u00bb]<a href=\"https:\/\/aline-voinot.com\/index.php\/expedition-baudin\/\"><span style=\"color: #ffffff;\">Expedition Baudin<\/span><\/a>[\/vc_column_text][\/vc_column_inner][vc_column_inner width=\u00a0\u00bb1\/6&Prime;][vc_single_image image=\u00a0\u00bb24697&Prime; alignment=\u00a0\u00bbcenter\u00a0\u00bb onclick=\u00a0\u00bbcustom_link\u00a0\u00bb link=\u00a0\u00bbhttps:\/\/aline-voinot.com\/index.php\/lenfant-sauvage\/\u00a0\u00bb][vc_column_text css=\u00a0\u00bb.vc_custom_1606166373041{margin-top: -40px !important;}\u00a0\u00bb]<\/p>\n<p style=\"text-align: center;\">Victor, l&rsquo;enfant sauvage<\/p>\n<p>[\/vc_column_text][\/vc_column_inner][vc_column_inner width=\u00a0\u00bb1\/6&Prime;][\/vc_column_inner][vc_column_inner width=\u00a0\u00bb1\/6&Prime;][\/vc_column_inner][vc_column_inner width=\u00a0\u00bb1\/6&Prime;][\/vc_column_inner][\/vc_row_inner][\/vc_column][\/vc_row][vc_row][vc_column][vc_column_text]<span style=\"color: #ffffff;\">La bataille d&rsquo;Austerlitz est une bataille que s&rsquo;est d\u00e9roul\u00e9e, en 1805, en Autriche aux abords de la ville d&rsquo;Austerlitz, un an apr\u00e8s le sacre. Cette bataille d&rsquo;Austerlitz est aussi appel\u00e9e la bataille des 3 empereurs car Napol\u00e9on, Fran\u00e7ois Ier d&rsquo;Autriche et Alexandre Ier, le Tsar de Russie y particip\u00e8rent. La victoire fut fran\u00e7aise et elle est toujours \u00e9tudi\u00e9e dans les \u00e9cole militaire comme un exemple de strat\u00e9gie militaire.<\/span>[\/vc_column_text][\/vc_column][\/vc_row]<\/p>\n","protected":false},"excerpt":{"rendered":"<p>[vc_row][vc_column][vc_btn title=\u00a0\u00bbCLIQUEZ SUR LA CASE QUI VOUS INTERESSE\u00a0\u00bb shape=\u00a0\u00bbsquare\u00a0\u00bb color=\u00a0\u00bbdanger\u00a0\u00bb size=\u00a0\u00bblg\u00a0\u00bb align=\u00a0\u00bbcenter\u00a0\u00bb button_block=\u00a0\u00bbtrue\u00a0\u00bb link=\u00a0\u00bb||target:%20_blank|rel:nofollow\u00a0\u00bb][vc_row_inner][vc_column_inner width=\u00a0\u00bb1\/6&Prime;][vc_single_image image=\u00a0\u00bb24686&Prime; alignment=\u00a0\u00bbcenter\u00a0\u00bb onclick=\u00a0\u00bbcustom_link\u00a0\u00bb link=\u00a0\u00bbhttps:\/\/aline-voinot.com\/index.php\/austerlitz\/\u00a0\u00bb][vc_column_text css=\u00a0\u00bb.vc_custom_1606166292585{margin-top: -40px !important;}\u00a0\u00bb] Bataille d&rsquo;Austerlitz [\/vc_column_text][\/vc_column_inner][vc_column_inner width=\u00a0\u00bb1\/6&Prime;][vc_single_image image=\u00a0\u00bb24687&Prime; alignment=\u00a0\u00bbcenter\u00a0\u00bb onclick=\u00a0\u00bbcustom_link\u00a0\u00bb link=\u00a0\u00bbhttps:\/\/aline-voinot.com\/index.php\/expedition-baudin\/\u00a0\u00bb][vc_column_text css=\u00a0\u00bb.vc_custom_1606166343326{margin-top: -40px !important;}\u00a0\u00bb] Exp\u00e9dition Baudin [\/vc_column_text][vc_column_text css=\u00a0\u00bb.vc_custom_1605825776941{margin-top: -20px !important;}\u00a0\u00bb]Expedition Baudin[\/vc_column_text][\/vc_column_inner][vc_column_inner<\/p>\n","protected":false},"author":1,"featured_media":0,"parent":0,"menu_order":0,"comment_status":"closed","ping_status":"closed","template":"","meta":{"footnotes":""},"class_list":["post-24683","page","type-page","status-publish","hentry"],"yoast_head":"<!-- This site is optimized with the Yoast SEO plugin v22.8 - https:\/\/yoast.com\/wordpress\/plugins\/seo\/ -->\n<title>Plus d&#039;infos sur... - L&#039;Histoire est un roman...<\/title>\n<meta name=\"robots\" content=\"index, follow, max-snippet:-1, max-image-preview:large, max-video-preview:-1\" \/>\n<link rel=\"canonical\" href=\"https:\/\/aline-voinot.com\/index.php\/plus-dinformations-sur\/\" \/>\n<meta property=\"og:locale\" content=\"fr_FR\" \/>\n<meta property=\"og:type\" content=\"article\" \/>\n<meta property=\"og:title\" content=\"Plus d&#039;infos sur... - L&#039;Histoire est un roman...\" \/>\n<meta property=\"og:description\" content=\"[vc_row][vc_column][vc_btn title=\u00a0\u00bbCLIQUEZ SUR LA CASE QUI VOUS INTERESSE\u00a0\u00bb shape=\u00a0\u00bbsquare\u00a0\u00bb color=\u00a0\u00bbdanger\u00a0\u00bb size=\u00a0\u00bblg\u00a0\u00bb align=\u00a0\u00bbcenter\u00a0\u00bb button_block=\u00a0\u00bbtrue\u00a0\u00bb link=\u00a0\u00bb||target:%20_blank|rel:nofollow\u00a0\u00bb][vc_row_inner][vc_column_inner width=\u00a0\u00bb1\/6&Prime;][vc_single_image image=\u00a0\u00bb24686&Prime; alignment=\u00a0\u00bbcenter\u00a0\u00bb onclick=\u00a0\u00bbcustom_link\u00a0\u00bb link=\u00a0\u00bbhttps:\/\/aline-voinot.com\/index.php\/austerlitz\/\u00a0\u00bb][vc_column_text css=\u00a0\u00bb.vc_custom_1606166292585{margin-top: -40px !important;}\u00a0\u00bb] Bataille d&rsquo;Austerlitz [\/vc_column_text][\/vc_column_inner][vc_column_inner width=\u00a0\u00bb1\/6&Prime;][vc_single_image image=\u00a0\u00bb24687&Prime; alignment=\u00a0\u00bbcenter\u00a0\u00bb onclick=\u00a0\u00bbcustom_link\u00a0\u00bb link=\u00a0\u00bbhttps:\/\/aline-voinot.com\/index.php\/expedition-baudin\/\u00a0\u00bb][vc_column_text css=\u00a0\u00bb.vc_custom_1606166343326{margin-top: -40px !important;}\u00a0\u00bb] Exp\u00e9dition Baudin [\/vc_column_text][vc_column_text css=\u00a0\u00bb.vc_custom_1605825776941{margin-top: -20px !important;}\u00a0\u00bb]Expedition Baudin[\/vc_column_text][\/vc_column_inner][vc_column_inner\" \/>\n<meta property=\"og:url\" content=\"https:\/\/aline-voinot.com\/index.php\/plus-dinformations-sur\/\" \/>\n<meta property=\"og:site_name\" content=\"L&#039;Histoire est un roman...\" \/>\n<meta property=\"article:modified_time\" content=\"2020-11-23T21:30:36+00:00\" \/>\n<meta name=\"twitter:card\" content=\"summary_large_image\" \/>\n<meta name=\"twitter:label1\" content=\"Dur\u00e9e de lecture estim\u00e9e\" \/>\n\t<meta name=\"twitter:data1\" content=\"1 minute\" \/>\n<script type=\"application\/ld+json\" class=\"yoast-schema-graph\">{\"@context\":\"https:\/\/schema.org\",\"@graph\":[{\"@type\":\"WebPage\",\"@id\":\"https:\/\/aline-voinot.com\/index.php\/plus-dinformations-sur\/\",\"url\":\"https:\/\/aline-voinot.com\/index.php\/plus-dinformations-sur\/\",\"name\":\"Plus d'infos sur... - L&#039;Histoire est un roman...\",\"isPartOf\":{\"@id\":\"https:\/\/aline-voinot.com\/#website\"},\"datePublished\":\"2020-11-19T09:39:39+00:00\",\"dateModified\":\"2020-11-23T21:30:36+00:00\",\"breadcrumb\":{\"@id\":\"https:\/\/aline-voinot.com\/index.php\/plus-dinformations-sur\/#breadcrumb\"},\"inLanguage\":\"fr-FR\",\"potentialAction\":[{\"@type\":\"ReadAction\",\"target\":[\"https:\/\/aline-voinot.com\/index.php\/plus-dinformations-sur\/\"]}]},{\"@type\":\"BreadcrumbList\",\"@id\":\"https:\/\/aline-voinot.com\/index.php\/plus-dinformations-sur\/#breadcrumb\",\"itemListElement\":[{\"@type\":\"ListItem\",\"position\":1,\"name\":\"Accueil\",\"item\":\"https:\/\/aline-voinot.com\/\"},{\"@type\":\"ListItem\",\"position\":2,\"name\":\"Plus d&rsquo;infos sur&#8230;\"}]},{\"@type\":\"WebSite\",\"@id\":\"https:\/\/aline-voinot.com\/#website\",\"url\":\"https:\/\/aline-voinot.com\/\",\"name\":\"L&#039;Histoire est un roman...\",\"description\":\"&quot;Destins connus, destins crois\u00e9s&quot; la premi\u00e8re encyclop\u00e9die romanc\u00e9e...\",\"potentialAction\":[{\"@type\":\"SearchAction\",\"target\":{\"@type\":\"EntryPoint\",\"urlTemplate\":\"https:\/\/aline-voinot.com\/?s={search_term_string}\"},\"query-input\":\"required name=search_term_string\"}],\"inLanguage\":\"fr-FR\"}]}<\/script>\n<!-- \/ Yoast SEO plugin. -->","yoast_head_json":{"title":"Plus d'infos sur... - L&#039;Histoire est un roman...","robots":{"index":"index","follow":"follow","max-snippet":"max-snippet:-1","max-image-preview":"max-image-preview:large","max-video-preview":"max-video-preview:-1"},"canonical":"https:\/\/aline-voinot.com\/index.php\/plus-dinformations-sur\/","og_locale":"fr_FR","og_type":"article","og_title":"Plus d'infos sur... - L&#039;Histoire est un roman...","og_description":"[vc_row][vc_column][vc_btn title=\u00a0\u00bbCLIQUEZ SUR LA CASE QUI VOUS INTERESSE\u00a0\u00bb shape=\u00a0\u00bbsquare\u00a0\u00bb color=\u00a0\u00bbdanger\u00a0\u00bb size=\u00a0\u00bblg\u00a0\u00bb align=\u00a0\u00bbcenter\u00a0\u00bb button_block=\u00a0\u00bbtrue\u00a0\u00bb link=\u00a0\u00bb||target:%20_blank|rel:nofollow\u00a0\u00bb][vc_row_inner][vc_column_inner width=\u00a0\u00bb1\/6&Prime;][vc_single_image image=\u00a0\u00bb24686&Prime; alignment=\u00a0\u00bbcenter\u00a0\u00bb onclick=\u00a0\u00bbcustom_link\u00a0\u00bb link=\u00a0\u00bbhttps:\/\/aline-voinot.com\/index.php\/austerlitz\/\u00a0\u00bb][vc_column_text css=\u00a0\u00bb.vc_custom_1606166292585{margin-top: -40px !important;}\u00a0\u00bb] Bataille d&rsquo;Austerlitz [\/vc_column_text][\/vc_column_inner][vc_column_inner width=\u00a0\u00bb1\/6&Prime;][vc_single_image image=\u00a0\u00bb24687&Prime; alignment=\u00a0\u00bbcenter\u00a0\u00bb onclick=\u00a0\u00bbcustom_link\u00a0\u00bb link=\u00a0\u00bbhttps:\/\/aline-voinot.com\/index.php\/expedition-baudin\/\u00a0\u00bb][vc_column_text css=\u00a0\u00bb.vc_custom_1606166343326{margin-top: -40px !important;}\u00a0\u00bb] Exp\u00e9dition Baudin [\/vc_column_text][vc_column_text css=\u00a0\u00bb.vc_custom_1605825776941{margin-top: -20px !important;}\u00a0\u00bb]Expedition Baudin[\/vc_column_text][\/vc_column_inner][vc_column_inner","og_url":"https:\/\/aline-voinot.com\/index.php\/plus-dinformations-sur\/","og_site_name":"L&#039;Histoire est un roman...","article_modified_time":"2020-11-23T21:30:36+00:00","twitter_card":"summary_large_image","twitter_misc":{"Dur\u00e9e de lecture estim\u00e9e":"1 minute"},"schema":{"@context":"https:\/\/schema.org","@graph":[{"@type":"WebPage","@id":"https:\/\/aline-voinot.com\/index.php\/plus-dinformations-sur\/","url":"https:\/\/aline-voinot.com\/index.php\/plus-dinformations-sur\/","name":"Plus d'infos sur... - L&#039;Histoire est un roman...","isPartOf":{"@id":"https:\/\/aline-voinot.com\/#website"},"datePublished":"2020-11-19T09:39:39+00:00","dateModified":"2020-11-23T21:30:36+00:00","breadcrumb":{"@id":"https:\/\/aline-voinot.com\/index.php\/plus-dinformations-sur\/#breadcrumb"},"inLanguage":"fr-FR","potentialAction":[{"@type":"ReadAction","target":["https:\/\/aline-voinot.com\/index.php\/plus-dinformations-sur\/"]}]},{"@type":"BreadcrumbList","@id":"https:\/\/aline-voinot.com\/index.php\/plus-dinformations-sur\/#breadcrumb","itemListElement":[{"@type":"ListItem","position":1,"name":"Accueil","item":"https:\/\/aline-voinot.com\/"},{"@type":"ListItem","position":2,"name":"Plus d&rsquo;infos sur&#8230;"}]},{"@type":"WebSite","@id":"https:\/\/aline-voinot.com\/#website","url":"https:\/\/aline-voinot.com\/","name":"L&#039;Histoire est un roman...","description":"&quot;Destins connus, destins crois\u00e9s&quot; la premi\u00e8re encyclop\u00e9die romanc\u00e9e...","potentialAction":[{"@type":"SearchAction","target":{"@type":"EntryPoint","urlTemplate":"https:\/\/aline-voinot.com\/?s={search_term_string}"},"query-input":"required name=search_term_string"}],"inLanguage":"fr-FR"}]}},"_links":{"self":[{"href":"https:\/\/aline-voinot.com\/index.php\/wp-json\/wp\/v2\/pages\/24683","targetHints":{"allow":["GET"]}}],"collection":[{"href":"https:\/\/aline-voinot.com\/index.php\/wp-json\/wp\/v2\/pages"}],"about":[{"href":"https:\/\/aline-voinot.com\/index.php\/wp-json\/wp\/v2\/types\/page"}],"author":[{"embeddable":true,"href":"https:\/\/aline-voinot.com\/index.php\/wp-json\/wp\/v2\/users\/1"}],"replies":[{"embeddable":true,"href":"https:\/\/aline-voinot.com\/index.php\/wp-json\/wp\/v2\/comments?post=24683"}],"version-history":[{"count":0,"href":"https:\/\/aline-voinot.com\/index.php\/wp-json\/wp\/v2\/pages\/24683\/revisions"}],"wp:attachment":[{"href":"https:\/\/aline-voinot.com\/index.php\/wp-json\/wp\/v2\/media?parent=24683"}],"curies":[{"name":"wp","href":"https:\/\/api.w.org\/{rel}","templated":true}]}}