{"id":25050,"date":"2021-06-08T19:17:10","date_gmt":"2021-06-08T17:17:10","guid":{"rendered":"http:\/\/aline-voinot.com\/?page_id=25050"},"modified":"2021-06-08T19:53:14","modified_gmt":"2021-06-08T17:53:14","slug":"chateau-de-pont-de-briques-saint-leonard-pas-de-calais-hauts-de-france","status":"publish","type":"page","link":"https:\/\/aline-voinot.com\/index.php\/chateau-de-pont-de-briques-saint-leonard-pas-de-calais-hauts-de-france\/","title":{"rendered":"Ch\u00e2teau de Pont-de-Briques &#8211; Saint-L\u00e9onard &#8211; Pas-de-Calais, Hauts-de-France"},"content":{"rendered":"[vc_row][vc_column][vc_btn title=\u00a0\u00bbLe ch\u00e2teau de Pont-de-Briques se trouve pr\u00e8s du lieu-dit \u00ab Pont-de-Briques \u00bb. Il a \u00e9t\u00e9 le quartier g\u00e9n\u00e9ral de Napol\u00e9on Ier pendant le Camp de Boulogne de 1803 \u00e0 1805.\u00a0\u00bb shape=\u00a0\u00bbsquare\u00a0\u00bb color=\u00a0\u00bbdefault\u00a0\u00bb size=\u00a0\u00bblg\u00a0\u00bb align=\u00a0\u00bbcenter\u00a0\u00bb button_block=\u00a0\u00bbtrue\u00a0\u00bb link=\u00a0\u00bb||target:%20_blank|\u00a0\u00bb css=\u00a0\u00bb.vc_custom_1623174597387{margin-top: -5px !important;}\u00a0\u00bb][\/vc_column][\/vc_row][vc_row][vc_column width=\u00a0\u00bb1\/3&Prime;][vc_single_image image=\u00a0\u00bb6248&Prime; img_size=\u00a0\u00bblarge\u00a0\u00bb alignment=\u00a0\u00bbcenter\u00a0\u00bb onclick=\u00a0\u00bblink_image\u00a0\u00bb css=\u00a0\u00bb.vc_custom_1545307195374{margin-bottom: -10px !important;}\u00a0\u00bb][vc_single_image image=\u00a0\u00bb25053&Prime; img_size=\u00a0\u00bb600X330&Prime; alignment=\u00a0\u00bbcenter\u00a0\u00bb css=\u00a0\u00bb.vc_custom_1623173945020{margin-bottom: -10px !important;}\u00a0\u00bb][\/vc_column][vc_column width=\u00a0\u00bb1\/3&Prime;][vc_single_image image=\u00a0\u00bb22518&Prime; img_size=\u00a0\u00bb600X370&Prime; alignment=\u00a0\u00bbcenter\u00a0\u00bb style=\u00a0\u00bbvc_box_outline\u00a0\u00bb onclick=\u00a0\u00bbcustom_link\u00a0\u00bb css_animation=\u00a0\u00bbfadeInUp\u00a0\u00bb css=\u00a0\u00bb.vc_custom_1623174753625{margin-bottom: -10px !important;}\u00a0\u00bb link=\u00a0\u00bbhttps:\/\/www.c-e-n.net\/pont-de-briques\u00a0\u00bb][\/vc_column][vc_column width=\u00a0\u00bb1\/3&Prime;][vc_gmaps link=\u00a0\u00bb#E-8_JTNDaWZyYW1lJTIwc3JjJTNEJTIyaHR0cHMlM0ElMkYlMkZ3d3cuZ29vZ2xlLmNvbSUyRm1hcHMlMkZlbWJlZCUzRnBiJTNEJTIxMW0xOCUyMTFtMTIlMjExbTMlMjExZDI1MjcuODUyNDcxMzkwNTcwNCUyMTJkMS42MjQ4MzYwNTEwMjEwNzMzJTIxM2Q1MC42ODU1NjMzNzgxNzY2NDYlMjEybTMlMjExZjAlMjEyZjAlMjEzZjAlMjEzbTIlMjExaTEwMjQlMjEyaTc2OCUyMTRmMTMuMSUyMTNtMyUyMTFtMiUyMTFzMHg0N2RjMmQyMTdhYzVjOGYxJTI1M0EweGRmODE2NWE2ZDBlNTQ3MmYlMjEyc0NoJTI1QzMlMjVBMnRlYXUlMjUyMEltcCUyNUMzJTI1QTlyaWFsJTI1MjBkZSUyNTIwUG9udC1kZS1CcmlxdWVzJTIxNWUwJTIxM20yJTIxMXNmciUyMTJzZnIlMjE0djE2MjMxNzQzNDgxOTYlMjE1bTIlMjExc2ZyJTIxMnNmciUyMiUyMHdpZHRoJTNEJTIyNjAwJTIyJTIwaGVpZ2h0JTNEJTIyNDUwJTIyJTIwc3R5bGUlM0QlMjJib3JkZXIlM0EwJTNCJTIyJTIwYWxsb3dmdWxsc2NyZWVuJTNEJTIyJTIyJTIwbG9hZGluZyUzRCUyMmxhenklMjIlM0UlM0MlMkZpZnJhbWUlM0U=\u00a0\u00bb size=\u00a0\u00bb\u00a0\u00bb css=\u00a0\u00bb.vc_custom_1623174423639{margin-bottom: -10px !important;}\u00a0\u00bb][\/vc_column][\/vc_row][vc_row][vc_column][vc_column_text][vc_row][vc_column width=\u00a0\u00bb1\/1&Prime;][vc_column_text][vc_row][vc_column width=\u00a0\u00bb1\/1&Prime;][vc_column_text][vc_row][vc_column width=\u00a0\u00bb1\/1&Prime;][vc_column_text][vc_row][vc_column width=\u00a0\u00bb1\/1&Prime;][vc_column_text]\n\n[\/vc_column_text][\/vc_column][\/vc_row][vc_row][vc_column][vc_column_text]\n<!-- \/wp:post-content -->[\/vc_column_text][\/vc_column][\/vc_row]<!-- \/wp:freeform -->","protected":false},"excerpt":{"rendered":"<p>[vc_row][vc_column][vc_btn title=\u00a0\u00bbLe ch\u00e2teau de Pont-de-Briques se trouve pr\u00e8s du lieu-dit \u00ab Pont-de-Briques \u00bb. Il a \u00e9t\u00e9 le quartier g\u00e9n\u00e9ral de Napol\u00e9on Ier pendant le Camp de Boulogne de 1803 \u00e0 1805.\u00a0\u00bb shape=\u00a0\u00bbsquare\u00a0\u00bb color=\u00a0\u00bbdefault\u00a0\u00bb size=\u00a0\u00bblg\u00a0\u00bb align=\u00a0\u00bbcenter\u00a0\u00bb button_block=\u00a0\u00bbtrue\u00a0\u00bb link=\u00a0\u00bb||target:%20_blank|\u00a0\u00bb css=\u00a0\u00bb.vc_custom_1623174597387{margin-top: -5px !important;}\u00a0\u00bb][\/vc_column][\/vc_row][vc_row][vc_column<\/p>\n","protected":false},"author":1,"featured_media":0,"parent":0,"menu_order":0,"comment_status":"closed","ping_status":"closed","template":"","meta":{"footnotes":""},"class_list":["post-25050","page","type-page","status-publish","hentry"],"yoast_head":"<!-- This site is optimized with the Yoast SEO plugin v22.8 - https:\/\/yoast.com\/wordpress\/plugins\/seo\/ -->\n<title>Ch\u00e2teau de Pont-de-Briques - Saint-L\u00e9onard - Pas-de-Calais, Hauts-de-France - L&#039;Histoire est un roman...<\/title>\n<meta name=\"robots\" content=\"index, follow, max-snippet:-1, max-image-preview:large, max-video-preview:-1\" \/>\n<link rel=\"canonical\" href=\"https:\/\/aline-voinot.com\/index.php\/chateau-de-pont-de-briques-saint-leonard-pas-de-calais-hauts-de-france\/\" \/>\n<meta property=\"og:locale\" content=\"fr_FR\" \/>\n<meta property=\"og:type\" content=\"article\" \/>\n<meta property=\"og:title\" content=\"Ch\u00e2teau de Pont-de-Briques - Saint-L\u00e9onard - Pas-de-Calais, Hauts-de-France - L&#039;Histoire est un roman...\" \/>\n<meta property=\"og:description\" content=\"[vc_row][vc_column][vc_btn title=\u00a0\u00bbLe ch\u00e2teau de Pont-de-Briques se trouve pr\u00e8s du lieu-dit \u00ab Pont-de-Briques \u00bb. Il a \u00e9t\u00e9 le quartier g\u00e9n\u00e9ral de Napol\u00e9on Ier pendant le Camp de Boulogne de 1803 \u00e0 1805.\u00a0\u00bb shape=\u00a0\u00bbsquare\u00a0\u00bb color=\u00a0\u00bbdefault\u00a0\u00bb size=\u00a0\u00bblg\u00a0\u00bb align=\u00a0\u00bbcenter\u00a0\u00bb button_block=\u00a0\u00bbtrue\u00a0\u00bb link=\u00a0\u00bb||target:%20_blank|\u00a0\u00bb css=\u00a0\u00bb.vc_custom_1623174597387{margin-top: -5px !important;}\u00a0\u00bb][\/vc_column][\/vc_row][vc_row][vc_column\" \/>\n<meta property=\"og:url\" content=\"https:\/\/aline-voinot.com\/index.php\/chateau-de-pont-de-briques-saint-leonard-pas-de-calais-hauts-de-france\/\" \/>\n<meta property=\"og:site_name\" content=\"L&#039;Histoire est un roman...\" \/>\n<meta property=\"article:modified_time\" content=\"2021-06-08T17:53:14+00:00\" \/>\n<meta name=\"twitter:card\" content=\"summary_large_image\" \/>\n<meta name=\"twitter:label1\" content=\"Dur\u00e9e de lecture estim\u00e9e\" \/>\n\t<meta name=\"twitter:data1\" content=\"1 minute\" \/>\n<script type=\"application\/ld+json\" class=\"yoast-schema-graph\">{\"@context\":\"https:\/\/schema.org\",\"@graph\":[{\"@type\":\"WebPage\",\"@id\":\"https:\/\/aline-voinot.com\/index.php\/chateau-de-pont-de-briques-saint-leonard-pas-de-calais-hauts-de-france\/\",\"url\":\"https:\/\/aline-voinot.com\/index.php\/chateau-de-pont-de-briques-saint-leonard-pas-de-calais-hauts-de-france\/\",\"name\":\"Ch\u00e2teau de Pont-de-Briques - Saint-L\u00e9onard - Pas-de-Calais, Hauts-de-France - L&#039;Histoire est un roman...\",\"isPartOf\":{\"@id\":\"https:\/\/aline-voinot.com\/#website\"},\"datePublished\":\"2021-06-08T17:17:10+00:00\",\"dateModified\":\"2021-06-08T17:53:14+00:00\",\"breadcrumb\":{\"@id\":\"https:\/\/aline-voinot.com\/index.php\/chateau-de-pont-de-briques-saint-leonard-pas-de-calais-hauts-de-france\/#breadcrumb\"},\"inLanguage\":\"fr-FR\",\"potentialAction\":[{\"@type\":\"ReadAction\",\"target\":[\"https:\/\/aline-voinot.com\/index.php\/chateau-de-pont-de-briques-saint-leonard-pas-de-calais-hauts-de-france\/\"]}]},{\"@type\":\"BreadcrumbList\",\"@id\":\"https:\/\/aline-voinot.com\/index.php\/chateau-de-pont-de-briques-saint-leonard-pas-de-calais-hauts-de-france\/#breadcrumb\",\"itemListElement\":[{\"@type\":\"ListItem\",\"position\":1,\"name\":\"Accueil\",\"item\":\"https:\/\/aline-voinot.com\/\"},{\"@type\":\"ListItem\",\"position\":2,\"name\":\"Ch\u00e2teau de Pont-de-Briques &#8211; Saint-L\u00e9onard &#8211; Pas-de-Calais, Hauts-de-France\"}]},{\"@type\":\"WebSite\",\"@id\":\"https:\/\/aline-voinot.com\/#website\",\"url\":\"https:\/\/aline-voinot.com\/\",\"name\":\"L&#039;Histoire est un roman...\",\"description\":\"&quot;Destins connus, destins crois\u00e9s&quot; la premi\u00e8re encyclop\u00e9die romanc\u00e9e...\",\"potentialAction\":[{\"@type\":\"SearchAction\",\"target\":{\"@type\":\"EntryPoint\",\"urlTemplate\":\"https:\/\/aline-voinot.com\/?s={search_term_string}\"},\"query-input\":\"required name=search_term_string\"}],\"inLanguage\":\"fr-FR\"}]}<\/script>\n<!-- \/ Yoast SEO plugin. -->","yoast_head_json":{"title":"Ch\u00e2teau de Pont-de-Briques - Saint-L\u00e9onard - Pas-de-Calais, Hauts-de-France - L&#039;Histoire est un roman...","robots":{"index":"index","follow":"follow","max-snippet":"max-snippet:-1","max-image-preview":"max-image-preview:large","max-video-preview":"max-video-preview:-1"},"canonical":"https:\/\/aline-voinot.com\/index.php\/chateau-de-pont-de-briques-saint-leonard-pas-de-calais-hauts-de-france\/","og_locale":"fr_FR","og_type":"article","og_title":"Ch\u00e2teau de Pont-de-Briques - Saint-L\u00e9onard - Pas-de-Calais, Hauts-de-France - L&#039;Histoire est un roman...","og_description":"[vc_row][vc_column][vc_btn title=\u00a0\u00bbLe ch\u00e2teau de Pont-de-Briques se trouve pr\u00e8s du lieu-dit \u00ab Pont-de-Briques \u00bb. Il a \u00e9t\u00e9 le quartier g\u00e9n\u00e9ral de Napol\u00e9on Ier pendant le Camp de Boulogne de 1803 \u00e0 1805.\u00a0\u00bb shape=\u00a0\u00bbsquare\u00a0\u00bb color=\u00a0\u00bbdefault\u00a0\u00bb size=\u00a0\u00bblg\u00a0\u00bb align=\u00a0\u00bbcenter\u00a0\u00bb button_block=\u00a0\u00bbtrue\u00a0\u00bb link=\u00a0\u00bb||target:%20_blank|\u00a0\u00bb css=\u00a0\u00bb.vc_custom_1623174597387{margin-top: -5px !important;}\u00a0\u00bb][\/vc_column][\/vc_row][vc_row][vc_column","og_url":"https:\/\/aline-voinot.com\/index.php\/chateau-de-pont-de-briques-saint-leonard-pas-de-calais-hauts-de-france\/","og_site_name":"L&#039;Histoire est un roman...","article_modified_time":"2021-06-08T17:53:14+00:00","twitter_card":"summary_large_image","twitter_misc":{"Dur\u00e9e de lecture estim\u00e9e":"1 minute"},"schema":{"@context":"https:\/\/schema.org","@graph":[{"@type":"WebPage","@id":"https:\/\/aline-voinot.com\/index.php\/chateau-de-pont-de-briques-saint-leonard-pas-de-calais-hauts-de-france\/","url":"https:\/\/aline-voinot.com\/index.php\/chateau-de-pont-de-briques-saint-leonard-pas-de-calais-hauts-de-france\/","name":"Ch\u00e2teau de Pont-de-Briques - Saint-L\u00e9onard - Pas-de-Calais, Hauts-de-France - L&#039;Histoire est un roman...","isPartOf":{"@id":"https:\/\/aline-voinot.com\/#website"},"datePublished":"2021-06-08T17:17:10+00:00","dateModified":"2021-06-08T17:53:14+00:00","breadcrumb":{"@id":"https:\/\/aline-voinot.com\/index.php\/chateau-de-pont-de-briques-saint-leonard-pas-de-calais-hauts-de-france\/#breadcrumb"},"inLanguage":"fr-FR","potentialAction":[{"@type":"ReadAction","target":["https:\/\/aline-voinot.com\/index.php\/chateau-de-pont-de-briques-saint-leonard-pas-de-calais-hauts-de-france\/"]}]},{"@type":"BreadcrumbList","@id":"https:\/\/aline-voinot.com\/index.php\/chateau-de-pont-de-briques-saint-leonard-pas-de-calais-hauts-de-france\/#breadcrumb","itemListElement":[{"@type":"ListItem","position":1,"name":"Accueil","item":"https:\/\/aline-voinot.com\/"},{"@type":"ListItem","position":2,"name":"Ch\u00e2teau de Pont-de-Briques &#8211; Saint-L\u00e9onard &#8211; Pas-de-Calais, Hauts-de-France"}]},{"@type":"WebSite","@id":"https:\/\/aline-voinot.com\/#website","url":"https:\/\/aline-voinot.com\/","name":"L&#039;Histoire est un roman...","description":"&quot;Destins connus, destins crois\u00e9s&quot; la premi\u00e8re encyclop\u00e9die romanc\u00e9e...","potentialAction":[{"@type":"SearchAction","target":{"@type":"EntryPoint","urlTemplate":"https:\/\/aline-voinot.com\/?s={search_term_string}"},"query-input":"required name=search_term_string"}],"inLanguage":"fr-FR"}]}},"_links":{"self":[{"href":"https:\/\/aline-voinot.com\/index.php\/wp-json\/wp\/v2\/pages\/25050","targetHints":{"allow":["GET"]}}],"collection":[{"href":"https:\/\/aline-voinot.com\/index.php\/wp-json\/wp\/v2\/pages"}],"about":[{"href":"https:\/\/aline-voinot.com\/index.php\/wp-json\/wp\/v2\/types\/page"}],"author":[{"embeddable":true,"href":"https:\/\/aline-voinot.com\/index.php\/wp-json\/wp\/v2\/users\/1"}],"replies":[{"embeddable":true,"href":"https:\/\/aline-voinot.com\/index.php\/wp-json\/wp\/v2\/comments?post=25050"}],"version-history":[{"count":0,"href":"https:\/\/aline-voinot.com\/index.php\/wp-json\/wp\/v2\/pages\/25050\/revisions"}],"wp:attachment":[{"href":"https:\/\/aline-voinot.com\/index.php\/wp-json\/wp\/v2\/media?parent=25050"}],"curies":[{"name":"wp","href":"https:\/\/api.w.org\/{rel}","templated":true}]}}