{"id":25075,"date":"2021-06-08T23:29:28","date_gmt":"2021-06-08T21:29:28","guid":{"rendered":"http:\/\/aline-voinot.com\/?page_id=25075"},"modified":"2021-06-08T23:55:30","modified_gmt":"2021-06-08T21:55:30","slug":"hotel-desandrouin-dit-palais-imperial-de-boulogne-sur-mer-pas-decalais-hauts-de-france","status":"publish","type":"page","link":"https:\/\/aline-voinot.com\/index.php\/hotel-desandrouin-dit-palais-imperial-de-boulogne-sur-mer-pas-decalais-hauts-de-france\/","title":{"rendered":"Hotel D\u00e9sandrouin dit Palais imp\u00e9rial de Boulogne sur mer, Pas-deCalais, Hauts de France"},"content":{"rendered":"[vc_row][vc_column width=\u00a0\u00bb1\/3&Prime;][vc_single_image image=\u00a0\u00bb6248&Prime; img_size=\u00a0\u00bblarge\u00a0\u00bb alignment=\u00a0\u00bbcenter\u00a0\u00bb onclick=\u00a0\u00bblink_image\u00a0\u00bb css=\u00a0\u00bb.vc_custom_1545307195374{margin-bottom: -10px !important;}\u00a0\u00bb][vc_single_image image=\u00a0\u00bb25077&Prime; img_size=\u00a0\u00bb600X330&Prime; alignment=\u00a0\u00bbcenter\u00a0\u00bb onclick=\u00a0\u00bblink_image\u00a0\u00bb css=\u00a0\u00bb.vc_custom_1623188119666{margin-bottom: -10px !important;}\u00a0\u00bb][\/vc_column][vc_column width=\u00a0\u00bb1\/3&Prime;][vc_single_image image=\u00a0\u00bb22518&Prime; img_size=\u00a0\u00bb600X370&Prime; alignment=\u00a0\u00bbcenter\u00a0\u00bb style=\u00a0\u00bbvc_box_outline\u00a0\u00bb onclick=\u00a0\u00bbcustom_link\u00a0\u00bb css_animation=\u00a0\u00bbfadeInUp\u00a0\u00bb css=\u00a0\u00bb.vc_custom_1623188064634{margin-bottom: -10px !important;}\u00a0\u00bb link=\u00a0\u00bbhttps:\/\/www.guide-tourisme-france.com\/VISITER\/hotel-desandrouin-ou-palais-imperial&#8211;boulogne-mer-31597.htm\u00a0\u00bb][\/vc_column][vc_column width=\u00a0\u00bb1\/3&Prime;][vc_gmaps link=\u00a0\u00bb#E-8_JTNDaWZyYW1lJTIwc3JjJTNEJTIyaHR0cHMlM0ElMkYlMkZ3d3cuZ29vZ2xlLmNvbSUyRm1hcHMlMkZlbWJlZCUzRnBiJTNEJTIxMW0xOCUyMTFtMTIlMjExbTMlMjExZDI1MjUuNzU0NTkxNjAxMTU2MyUyMTJkMS42MTA4MTkzNTEwMjI1MTElMjEzZDUwLjcyNDQ5MTg3NTM2MTYzNiUyMTJtMyUyMTFmMCUyMTJmMCUyMTNmMCUyMTNtMiUyMTFpMTAyNCUyMTJpNzY4JTIxNGYxMy4xJTIxM20zJTIxMW0yJTIxMXMweDQ3ZGMyYzRmNDVlZjZjNTMlMjUzQTB4NTBmNzY3ZmJjNDg4ODU1NyUyMTJzUGFsYWlzJTI1MjBJbXAlMjVDMyUyNUE5cmlhbCUyNTIwZGUlMjUyMEJvdWxvZ25lLXN1ci1NZXIlMjE1ZTAlMjEzbTIlMjExc2ZyJTIxMnNmciUyMTR2MTYyMzE4ODA5MjIwNyUyMTVtMiUyMTFzZnIlMjEyc2ZyJTIyJTIwd2lkdGglM0QlMjI2MDAlMjIlMjBoZWlnaHQlM0QlMjI0NTAlMjIlMjBzdHlsZSUzRCUyMmJvcmRlciUzQTAlM0IlMjIlMjBhbGxvd2Z1bGxzY3JlZW4lM0QlMjIlMjIlMjBsb2FkaW5nJTNEJTIybGF6eSUyMiUzRSUzQyUyRmlmcmFtZSUzRQ==\u00a0\u00bb size=\u00a0\u00bb\u00a0\u00bb css=\u00a0\u00bb.vc_custom_1623188126359{margin-bottom: -10px !important;}\u00a0\u00bb][\/vc_column][\/vc_row][vc_row][vc_column][vc_btn title=\u00a0\u00bbINTERIEURS DU PALAIS\u00a0\u00bb shape=\u00a0\u00bbsquare\u00a0\u00bb color=\u00a0\u00bbdanger\u00a0\u00bb size=\u00a0\u00bblg\u00a0\u00bb align=\u00a0\u00bbcenter\u00a0\u00bb button_block=\u00a0\u00bbtrue\u00a0\u00bb link=\u00a0\u00bb||target:%20_blank|\u00a0\u00bb css=\u00a0\u00bb.vc_custom_1623189112232{margin-top: -5px !important;}\u00a0\u00bb][\/vc_column][\/vc_row][vc_row][vc_column width=\u00a0\u00bb1\/4&Prime;][vc_single_image image=\u00a0\u00bb25080&Prime; img_size=\u00a0\u00bb300&#215;215&Prime; alignment=\u00a0\u00bbcenter\u00a0\u00bb onclick=\u00a0\u00bblink_image\u00a0\u00bb css=\u00a0\u00bb.vc_custom_1623188848172{margin-bottom: -10px !important;}\u00a0\u00bb][vc_single_image image=\u00a0\u00bb17192&Prime; img_size=\u00a0\u00bb300&#215;215&Prime; alignment=\u00a0\u00bbcenter\u00a0\u00bb onclick=\u00a0\u00bblink_image\u00a0\u00bb css=\u00a0\u00bb.vc_custom_1570913483766{margin-bottom: -10px !important;}\u00a0\u00bb][\/vc_column][vc_column width=\u00a0\u00bb1\/4&Prime;][vc_single_image image=\u00a0\u00bb25078&Prime; img_size=\u00a0\u00bb300&#215;215&Prime; alignment=\u00a0\u00bbcenter\u00a0\u00bb onclick=\u00a0\u00bblink_image\u00a0\u00bb css=\u00a0\u00bb.vc_custom_1623188860237{margin-bottom: -10px !important;}\u00a0\u00bb][\/vc_column][vc_column width=\u00a0\u00bb1\/4&Prime;][vc_single_image image=\u00a0\u00bb25079&Prime; img_size=\u00a0\u00bb300&#215;215&Prime; alignment=\u00a0\u00bbcenter\u00a0\u00bb onclick=\u00a0\u00bblink_image\u00a0\u00bb css=\u00a0\u00bb.vc_custom_1623188871897{margin-bottom: -10px !important;}\u00a0\u00bb][vc_single_image image=\u00a0\u00bb17183&Prime; img_size=\u00a0\u00bb300&#215;215&Prime; alignment=\u00a0\u00bbcenter\u00a0\u00bb onclick=\u00a0\u00bblink_image\u00a0\u00bb css=\u00a0\u00bb.vc_custom_1570913513847{margin-bottom: -10px !important;}\u00a0\u00bb][\/vc_column][vc_column width=\u00a0\u00bb1\/4&Prime;][vc_single_image image=\u00a0\u00bb25083&Prime; img_size=\u00a0\u00bb300&#215;215&Prime; alignment=\u00a0\u00bbcenter\u00a0\u00bb onclick=\u00a0\u00bblink_image\u00a0\u00bb css=\u00a0\u00bb.vc_custom_1623189325534{margin-bottom: -10px !important;}\u00a0\u00bb][vc_single_image image=\u00a0\u00bb17184&Prime; img_size=\u00a0\u00bb300&#215;215&Prime; alignment=\u00a0\u00bbcenter\u00a0\u00bb onclick=\u00a0\u00bblink_image\u00a0\u00bb css=\u00a0\u00bb.vc_custom_1570913537111{margin-bottom: -10px !important;}\u00a0\u00bb][\/vc_column][\/vc_row][vc_row][vc_column][vc_btn title=\u00a0\u00bbInt\u00e9rieurs du Palais imp\u00e9rial de Boulogne-sur-mer aussi appel\u00e9 H\u00f4tel Desandrouin, ou plus rarement H\u00f4tel des Androuins, est situ\u00e9 dans la ville fortifi\u00e9e de Boulogne-sur-Mer. Au d\u00e9but du xixe si\u00e8cle, la demeure est pris comme si\u00e8ge de l&rsquo;\u00c9tat-major de la Grande Arm\u00e9e1. Le premier consul puis empereur Napol\u00e9on Bonaparte y s\u00e9journe en 1803, en 1810 (avec l&rsquo;imp\u00e9ratrice Marie-Louise d&rsquo;Autriche) et en 18111,2. Le tsar Alexandre Ier de Russie y habite \u00e9galement.\u00a0\u00bb shape=\u00a0\u00bbsquare\u00a0\u00bb color=\u00a0\u00bbmulled-wine\u00a0\u00bb size=\u00a0\u00bblg\u00a0\u00bb align=\u00a0\u00bbcenter\u00a0\u00bb i_align=\u00a0\u00bbright\u00a0\u00bb i_icon_fontawesome=\u00a0\u00bbfa fa-eye\u00a0\u00bb button_block=\u00a0\u00bbtrue\u00a0\u00bb add_icon=\u00a0\u00bbtrue\u00a0\u00bb link=\u00a0\u00bburl:https%3A%2F%2Ffr.wikipedia.org%2Fwiki%2FPalais_imp%25C3%25A9rial_de_Boulogne-sur-Mer||target:%20_blank|\u00a0\u00bb css=\u00a0\u00bb.vc_custom_1623189090229{margin-top: -5px !important;}\u00a0\u00bb][vc_column_text]\n\n<!-- \/wp:post-content -->\n\n<!-- wp:shortcode -->\n[\/vc_column_text][\/vc_column][\/vc_row][vc_row][vc_column][vc_column_text][vc_row][vc_column width=\u00a0\u00bb1\/1&Prime;][vc_column_text][vc_row][vc_column width=\u00a0\u00bb1\/1&Prime;][vc_column_text][vc_row][vc_column width=\u00a0\u00bb1\/1&Prime;][vc_column_text][vc_row][vc_column width=\u00a0\u00bb1\/1&Prime;][vc_column_text]\n\n<!-- \/wp:shortcode -->[\/vc_column_text][\/vc_column][\/vc_row][vc_row][vc_column][vc_column_text]\n<!-- \/wp:shortcode -->[\/vc_column_text][\/vc_column][\/vc_row]","protected":false},"excerpt":{"rendered":"<p>[vc_row][vc_column width=\u00a0\u00bb1\/3&Prime;][vc_single_image image=\u00a0\u00bb6248&Prime; img_size=\u00a0\u00bblarge\u00a0\u00bb alignment=\u00a0\u00bbcenter\u00a0\u00bb onclick=\u00a0\u00bblink_image\u00a0\u00bb css=\u00a0\u00bb.vc_custom_1545307195374{margin-bottom: -10px !important;}\u00a0\u00bb][vc_single_image image=\u00a0\u00bb25077&Prime; img_size=\u00a0\u00bb600X330&Prime; alignment=\u00a0\u00bbcenter\u00a0\u00bb onclick=\u00a0\u00bblink_image\u00a0\u00bb css=\u00a0\u00bb.vc_custom_1623188119666{margin-bottom: -10px !important;}\u00a0\u00bb][\/vc_column][vc_column width=\u00a0\u00bb1\/3&Prime;][vc_single_image image=\u00a0\u00bb22518&Prime; img_size=\u00a0\u00bb600X370&Prime; alignment=\u00a0\u00bbcenter\u00a0\u00bb style=\u00a0\u00bbvc_box_outline\u00a0\u00bb onclick=\u00a0\u00bbcustom_link\u00a0\u00bb css_animation=\u00a0\u00bbfadeInUp\u00a0\u00bb css=\u00a0\u00bb.vc_custom_1623188064634{margin-bottom: -10px !important;}\u00a0\u00bb link=\u00a0\u00bbhttps:\/\/www.guide-tourisme-france.com\/VISITER\/hotel-desandrouin-ou-palais-imperial&#8211;boulogne-mer-31597.htm\u00a0\u00bb][\/vc_column][vc_column width=\u00a0\u00bb1\/3&Prime;][vc_gmaps link=\u00a0\u00bb#E-8_JTNDaWZyYW1lJTIwc3JjJTNEJTIyaHR0cHMlM0ElMkYlMkZ3d3cuZ29vZ2xlLmNvbSUyRm1hcHMlMkZlbWJlZCUzRnBiJTNEJTIxMW0xOCUyMTFtMTIlMjExbTMlMjExZDI1MjUuNzU0NTkxNjAxMTU2MyUyMTJkMS42MTA4MTkzNTEwMjI1MTElMjEzZDUwLjcyNDQ5MTg3NTM2MTYzNiUyMTJtMyUyMTFmMCUyMTJmMCUyMTNmMCUyMTNtMiUyMTFpMTAyNCUyMTJpNzY4JTIxNGYxMy4xJTIxM20zJTIxMW0yJTIxMXMweDQ3ZGMyYzRmNDVlZjZjNTMlMjUzQTB4NTBmNzY3ZmJjNDg4ODU1NyUyMTJzUGFsYWlzJTI1MjBJbXAlMjVDMyUyNUE5cmlhbCUyNTIwZGUlMjUyMEJvdWxvZ25lLXN1ci1NZXIlMjE1ZTAlMjEzbTIlMjExc2ZyJTIxMnNmciUyMTR2MTYyMzE4ODA5MjIwNyUyMTVtMiUyMTFzZnIlMjEyc2ZyJTIyJTIwd2lkdGglM0QlMjI2MDAlMjIlMjBoZWlnaHQlM0QlMjI0NTAlMjIlMjBzdHlsZSUzRCUyMmJvcmRlciUzQTAlM0IlMjIlMjBhbGxvd2Z1bGxzY3JlZW4lM0QlMjIlMjIlMjBsb2FkaW5nJTNEJTIybGF6eSUyMiUzRSUzQyUyRmlmcmFtZSUzRQ==\u00a0\u00bb size=\u00a0\u00bb\u00a0\u00bb css=\u00a0\u00bb.vc_custom_1623188126359{margin-bottom: -10px !important;}\u00a0\u00bb][\/vc_column][\/vc_row][vc_row][vc_column][vc_btn title=\u00a0\u00bbINTERIEURS DU PALAIS\u00a0\u00bb shape=\u00a0\u00bbsquare\u00a0\u00bb color=\u00a0\u00bbdanger\u00a0\u00bb size=\u00a0\u00bblg\u00a0\u00bb align=\u00a0\u00bbcenter\u00a0\u00bb<\/p>\n","protected":false},"author":1,"featured_media":0,"parent":0,"menu_order":0,"comment_status":"closed","ping_status":"closed","template":"","meta":{"footnotes":""},"class_list":["post-25075","page","type-page","status-publish","hentry"],"yoast_head":"<!-- This site is optimized with the Yoast SEO plugin v22.8 - https:\/\/yoast.com\/wordpress\/plugins\/seo\/ -->\n<title>Hotel D\u00e9sandrouin dit Palais imp\u00e9rial de Boulogne sur mer, Pas-deCalais, Hauts de France - L&#039;Histoire est un roman...<\/title>\n<meta name=\"robots\" content=\"index, follow, max-snippet:-1, max-image-preview:large, max-video-preview:-1\" \/>\n<link rel=\"canonical\" href=\"https:\/\/aline-voinot.com\/index.php\/hotel-desandrouin-dit-palais-imperial-de-boulogne-sur-mer-pas-decalais-hauts-de-france\/\" \/>\n<meta property=\"og:locale\" content=\"fr_FR\" \/>\n<meta property=\"og:type\" content=\"article\" \/>\n<meta property=\"og:title\" content=\"Hotel D\u00e9sandrouin dit Palais imp\u00e9rial de Boulogne sur mer, Pas-deCalais, Hauts de France - L&#039;Histoire est un roman...\" \/>\n<meta property=\"og:description\" content=\"[vc_row][vc_column width=\u00a0\u00bb1\/3&Prime;][vc_single_image image=\u00a0\u00bb6248&Prime; img_size=\u00a0\u00bblarge\u00a0\u00bb alignment=\u00a0\u00bbcenter\u00a0\u00bb onclick=\u00a0\u00bblink_image\u00a0\u00bb css=\u00a0\u00bb.vc_custom_1545307195374{margin-bottom: -10px !important;}\u00a0\u00bb][vc_single_image image=\u00a0\u00bb25077&Prime; img_size=\u00a0\u00bb600X330&Prime; alignment=\u00a0\u00bbcenter\u00a0\u00bb onclick=\u00a0\u00bblink_image\u00a0\u00bb css=\u00a0\u00bb.vc_custom_1623188119666{margin-bottom: -10px !important;}\u00a0\u00bb][\/vc_column][vc_column width=\u00a0\u00bb1\/3&Prime;][vc_single_image image=\u00a0\u00bb22518&Prime; img_size=\u00a0\u00bb600X370&Prime; alignment=\u00a0\u00bbcenter\u00a0\u00bb style=\u00a0\u00bbvc_box_outline\u00a0\u00bb onclick=\u00a0\u00bbcustom_link\u00a0\u00bb css_animation=\u00a0\u00bbfadeInUp\u00a0\u00bb css=\u00a0\u00bb.vc_custom_1623188064634{margin-bottom: -10px !important;}\u00a0\u00bb link=\u00a0\u00bbhttps:\/\/www.guide-tourisme-france.com\/VISITER\/hotel-desandrouin-ou-palais-imperial&#8211;boulogne-mer-31597.htm\u00a0\u00bb][\/vc_column][vc_column width=\u00a0\u00bb1\/3&Prime;][vc_gmaps link=\u00a0\u00bb#E-8_JTNDaWZyYW1lJTIwc3JjJTNEJTIyaHR0cHMlM0ElMkYlMkZ3d3cuZ29vZ2xlLmNvbSUyRm1hcHMlMkZlbWJlZCUzRnBiJTNEJTIxMW0xOCUyMTFtMTIlMjExbTMlMjExZDI1MjUuNzU0NTkxNjAxMTU2MyUyMTJkMS42MTA4MTkzNTEwMjI1MTElMjEzZDUwLjcyNDQ5MTg3NTM2MTYzNiUyMTJtMyUyMTFmMCUyMTJmMCUyMTNmMCUyMTNtMiUyMTFpMTAyNCUyMTJpNzY4JTIxNGYxMy4xJTIxM20zJTIxMW0yJTIxMXMweDQ3ZGMyYzRmNDVlZjZjNTMlMjUzQTB4NTBmNzY3ZmJjNDg4ODU1NyUyMTJzUGFsYWlzJTI1MjBJbXAlMjVDMyUyNUE5cmlhbCUyNTIwZGUlMjUyMEJvdWxvZ25lLXN1ci1NZXIlMjE1ZTAlMjEzbTIlMjExc2ZyJTIxMnNmciUyMTR2MTYyMzE4ODA5MjIwNyUyMTVtMiUyMTFzZnIlMjEyc2ZyJTIyJTIwd2lkdGglM0QlMjI2MDAlMjIlMjBoZWlnaHQlM0QlMjI0NTAlMjIlMjBzdHlsZSUzRCUyMmJvcmRlciUzQTAlM0IlMjIlMjBhbGxvd2Z1bGxzY3JlZW4lM0QlMjIlMjIlMjBsb2FkaW5nJTNEJTIybGF6eSUyMiUzRSUzQyUyRmlmcmFtZSUzRQ==\u00a0\u00bb size=\u00a0\u00bb\u00a0\u00bb css=\u00a0\u00bb.vc_custom_1623188126359{margin-bottom: -10px !important;}\u00a0\u00bb][\/vc_column][\/vc_row][vc_row][vc_column][vc_btn title=\u00a0\u00bbINTERIEURS DU PALAIS\u00a0\u00bb shape=\u00a0\u00bbsquare\u00a0\u00bb color=\u00a0\u00bbdanger\u00a0\u00bb size=\u00a0\u00bblg\u00a0\u00bb align=\u00a0\u00bbcenter\u00a0\u00bb\" \/>\n<meta property=\"og:url\" content=\"https:\/\/aline-voinot.com\/index.php\/hotel-desandrouin-dit-palais-imperial-de-boulogne-sur-mer-pas-decalais-hauts-de-france\/\" \/>\n<meta property=\"og:site_name\" content=\"L&#039;Histoire est un roman...\" \/>\n<meta property=\"article:modified_time\" content=\"2021-06-08T21:55:30+00:00\" \/>\n<meta name=\"twitter:card\" content=\"summary_large_image\" \/>\n<meta name=\"twitter:label1\" content=\"Dur\u00e9e de lecture estim\u00e9e\" \/>\n\t<meta name=\"twitter:data1\" content=\"3 minutes\" \/>\n<script type=\"application\/ld+json\" class=\"yoast-schema-graph\">{\"@context\":\"https:\/\/schema.org\",\"@graph\":[{\"@type\":\"WebPage\",\"@id\":\"https:\/\/aline-voinot.com\/index.php\/hotel-desandrouin-dit-palais-imperial-de-boulogne-sur-mer-pas-decalais-hauts-de-france\/\",\"url\":\"https:\/\/aline-voinot.com\/index.php\/hotel-desandrouin-dit-palais-imperial-de-boulogne-sur-mer-pas-decalais-hauts-de-france\/\",\"name\":\"Hotel D\u00e9sandrouin dit Palais imp\u00e9rial de Boulogne sur mer, Pas-deCalais, Hauts de France - L&#039;Histoire est un roman...\",\"isPartOf\":{\"@id\":\"https:\/\/aline-voinot.com\/#website\"},\"datePublished\":\"2021-06-08T21:29:28+00:00\",\"dateModified\":\"2021-06-08T21:55:30+00:00\",\"breadcrumb\":{\"@id\":\"https:\/\/aline-voinot.com\/index.php\/hotel-desandrouin-dit-palais-imperial-de-boulogne-sur-mer-pas-decalais-hauts-de-france\/#breadcrumb\"},\"inLanguage\":\"fr-FR\",\"potentialAction\":[{\"@type\":\"ReadAction\",\"target\":[\"https:\/\/aline-voinot.com\/index.php\/hotel-desandrouin-dit-palais-imperial-de-boulogne-sur-mer-pas-decalais-hauts-de-france\/\"]}]},{\"@type\":\"BreadcrumbList\",\"@id\":\"https:\/\/aline-voinot.com\/index.php\/hotel-desandrouin-dit-palais-imperial-de-boulogne-sur-mer-pas-decalais-hauts-de-france\/#breadcrumb\",\"itemListElement\":[{\"@type\":\"ListItem\",\"position\":1,\"name\":\"Accueil\",\"item\":\"https:\/\/aline-voinot.com\/\"},{\"@type\":\"ListItem\",\"position\":2,\"name\":\"Hotel D\u00e9sandrouin dit Palais imp\u00e9rial de Boulogne sur mer, Pas-deCalais, Hauts de France\"}]},{\"@type\":\"WebSite\",\"@id\":\"https:\/\/aline-voinot.com\/#website\",\"url\":\"https:\/\/aline-voinot.com\/\",\"name\":\"L&#039;Histoire est un roman...\",\"description\":\"&quot;Destins connus, destins crois\u00e9s&quot; la premi\u00e8re encyclop\u00e9die romanc\u00e9e...\",\"potentialAction\":[{\"@type\":\"SearchAction\",\"target\":{\"@type\":\"EntryPoint\",\"urlTemplate\":\"https:\/\/aline-voinot.com\/?s={search_term_string}\"},\"query-input\":\"required name=search_term_string\"}],\"inLanguage\":\"fr-FR\"}]}<\/script>\n<!-- \/ Yoast SEO plugin. -->","yoast_head_json":{"title":"Hotel D\u00e9sandrouin dit Palais imp\u00e9rial de Boulogne sur mer, Pas-deCalais, Hauts de France - L&#039;Histoire est un roman...","robots":{"index":"index","follow":"follow","max-snippet":"max-snippet:-1","max-image-preview":"max-image-preview:large","max-video-preview":"max-video-preview:-1"},"canonical":"https:\/\/aline-voinot.com\/index.php\/hotel-desandrouin-dit-palais-imperial-de-boulogne-sur-mer-pas-decalais-hauts-de-france\/","og_locale":"fr_FR","og_type":"article","og_title":"Hotel D\u00e9sandrouin dit Palais imp\u00e9rial de Boulogne sur mer, Pas-deCalais, Hauts de France - L&#039;Histoire est un roman...","og_description":"[vc_row][vc_column width=\u00a0\u00bb1\/3&Prime;][vc_single_image image=\u00a0\u00bb6248&Prime; img_size=\u00a0\u00bblarge\u00a0\u00bb alignment=\u00a0\u00bbcenter\u00a0\u00bb onclick=\u00a0\u00bblink_image\u00a0\u00bb css=\u00a0\u00bb.vc_custom_1545307195374{margin-bottom: -10px !important;}\u00a0\u00bb][vc_single_image image=\u00a0\u00bb25077&Prime; img_size=\u00a0\u00bb600X330&Prime; alignment=\u00a0\u00bbcenter\u00a0\u00bb onclick=\u00a0\u00bblink_image\u00a0\u00bb css=\u00a0\u00bb.vc_custom_1623188119666{margin-bottom: -10px !important;}\u00a0\u00bb][\/vc_column][vc_column width=\u00a0\u00bb1\/3&Prime;][vc_single_image image=\u00a0\u00bb22518&Prime; img_size=\u00a0\u00bb600X370&Prime; alignment=\u00a0\u00bbcenter\u00a0\u00bb style=\u00a0\u00bbvc_box_outline\u00a0\u00bb onclick=\u00a0\u00bbcustom_link\u00a0\u00bb css_animation=\u00a0\u00bbfadeInUp\u00a0\u00bb css=\u00a0\u00bb.vc_custom_1623188064634{margin-bottom: -10px !important;}\u00a0\u00bb link=\u00a0\u00bbhttps:\/\/www.guide-tourisme-france.com\/VISITER\/hotel-desandrouin-ou-palais-imperial&#8211;boulogne-mer-31597.htm\u00a0\u00bb][\/vc_column][vc_column width=\u00a0\u00bb1\/3&Prime;][vc_gmaps link=\u00a0\u00bb#E-8_JTNDaWZyYW1lJTIwc3JjJTNEJTIyaHR0cHMlM0ElMkYlMkZ3d3cuZ29vZ2xlLmNvbSUyRm1hcHMlMkZlbWJlZCUzRnBiJTNEJTIxMW0xOCUyMTFtMTIlMjExbTMlMjExZDI1MjUuNzU0NTkxNjAxMTU2MyUyMTJkMS42MTA4MTkzNTEwMjI1MTElMjEzZDUwLjcyNDQ5MTg3NTM2MTYzNiUyMTJtMyUyMTFmMCUyMTJmMCUyMTNmMCUyMTNtMiUyMTFpMTAyNCUyMTJpNzY4JTIxNGYxMy4xJTIxM20zJTIxMW0yJTIxMXMweDQ3ZGMyYzRmNDVlZjZjNTMlMjUzQTB4NTBmNzY3ZmJjNDg4ODU1NyUyMTJzUGFsYWlzJTI1MjBJbXAlMjVDMyUyNUE5cmlhbCUyNTIwZGUlMjUyMEJvdWxvZ25lLXN1ci1NZXIlMjE1ZTAlMjEzbTIlMjExc2ZyJTIxMnNmciUyMTR2MTYyMzE4ODA5MjIwNyUyMTVtMiUyMTFzZnIlMjEyc2ZyJTIyJTIwd2lkdGglM0QlMjI2MDAlMjIlMjBoZWlnaHQlM0QlMjI0NTAlMjIlMjBzdHlsZSUzRCUyMmJvcmRlciUzQTAlM0IlMjIlMjBhbGxvd2Z1bGxzY3JlZW4lM0QlMjIlMjIlMjBsb2FkaW5nJTNEJTIybGF6eSUyMiUzRSUzQyUyRmlmcmFtZSUzRQ==\u00a0\u00bb size=\u00a0\u00bb\u00a0\u00bb css=\u00a0\u00bb.vc_custom_1623188126359{margin-bottom: -10px !important;}\u00a0\u00bb][\/vc_column][\/vc_row][vc_row][vc_column][vc_btn title=\u00a0\u00bbINTERIEURS DU PALAIS\u00a0\u00bb shape=\u00a0\u00bbsquare\u00a0\u00bb color=\u00a0\u00bbdanger\u00a0\u00bb size=\u00a0\u00bblg\u00a0\u00bb align=\u00a0\u00bbcenter\u00a0\u00bb","og_url":"https:\/\/aline-voinot.com\/index.php\/hotel-desandrouin-dit-palais-imperial-de-boulogne-sur-mer-pas-decalais-hauts-de-france\/","og_site_name":"L&#039;Histoire est un roman...","article_modified_time":"2021-06-08T21:55:30+00:00","twitter_card":"summary_large_image","twitter_misc":{"Dur\u00e9e de lecture estim\u00e9e":"3 minutes"},"schema":{"@context":"https:\/\/schema.org","@graph":[{"@type":"WebPage","@id":"https:\/\/aline-voinot.com\/index.php\/hotel-desandrouin-dit-palais-imperial-de-boulogne-sur-mer-pas-decalais-hauts-de-france\/","url":"https:\/\/aline-voinot.com\/index.php\/hotel-desandrouin-dit-palais-imperial-de-boulogne-sur-mer-pas-decalais-hauts-de-france\/","name":"Hotel D\u00e9sandrouin dit Palais imp\u00e9rial de Boulogne sur mer, Pas-deCalais, Hauts de France - L&#039;Histoire est un roman...","isPartOf":{"@id":"https:\/\/aline-voinot.com\/#website"},"datePublished":"2021-06-08T21:29:28+00:00","dateModified":"2021-06-08T21:55:30+00:00","breadcrumb":{"@id":"https:\/\/aline-voinot.com\/index.php\/hotel-desandrouin-dit-palais-imperial-de-boulogne-sur-mer-pas-decalais-hauts-de-france\/#breadcrumb"},"inLanguage":"fr-FR","potentialAction":[{"@type":"ReadAction","target":["https:\/\/aline-voinot.com\/index.php\/hotel-desandrouin-dit-palais-imperial-de-boulogne-sur-mer-pas-decalais-hauts-de-france\/"]}]},{"@type":"BreadcrumbList","@id":"https:\/\/aline-voinot.com\/index.php\/hotel-desandrouin-dit-palais-imperial-de-boulogne-sur-mer-pas-decalais-hauts-de-france\/#breadcrumb","itemListElement":[{"@type":"ListItem","position":1,"name":"Accueil","item":"https:\/\/aline-voinot.com\/"},{"@type":"ListItem","position":2,"name":"Hotel D\u00e9sandrouin dit Palais imp\u00e9rial de Boulogne sur mer, Pas-deCalais, Hauts de France"}]},{"@type":"WebSite","@id":"https:\/\/aline-voinot.com\/#website","url":"https:\/\/aline-voinot.com\/","name":"L&#039;Histoire est un roman...","description":"&quot;Destins connus, destins crois\u00e9s&quot; la premi\u00e8re encyclop\u00e9die romanc\u00e9e...","potentialAction":[{"@type":"SearchAction","target":{"@type":"EntryPoint","urlTemplate":"https:\/\/aline-voinot.com\/?s={search_term_string}"},"query-input":"required name=search_term_string"}],"inLanguage":"fr-FR"}]}},"_links":{"self":[{"href":"https:\/\/aline-voinot.com\/index.php\/wp-json\/wp\/v2\/pages\/25075","targetHints":{"allow":["GET"]}}],"collection":[{"href":"https:\/\/aline-voinot.com\/index.php\/wp-json\/wp\/v2\/pages"}],"about":[{"href":"https:\/\/aline-voinot.com\/index.php\/wp-json\/wp\/v2\/types\/page"}],"author":[{"embeddable":true,"href":"https:\/\/aline-voinot.com\/index.php\/wp-json\/wp\/v2\/users\/1"}],"replies":[{"embeddable":true,"href":"https:\/\/aline-voinot.com\/index.php\/wp-json\/wp\/v2\/comments?post=25075"}],"version-history":[{"count":0,"href":"https:\/\/aline-voinot.com\/index.php\/wp-json\/wp\/v2\/pages\/25075\/revisions"}],"wp:attachment":[{"href":"https:\/\/aline-voinot.com\/index.php\/wp-json\/wp\/v2\/media?parent=25075"}],"curies":[{"name":"wp","href":"https:\/\/api.w.org\/{rel}","templated":true}]}}