{"id":25272,"date":"2021-06-25T15:24:43","date_gmt":"2021-06-25T13:24:43","guid":{"rendered":"http:\/\/aline-voinot.com\/?page_id=25272"},"modified":"2026-04-21T13:31:10","modified_gmt":"2026-04-21T11:31:10","slug":"accueil-2","status":"publish","type":"page","link":"https:\/\/aline-voinot.com\/","title":{"rendered":"Accueil"},"content":{"rendered":"<p>[vc_row full_width=\u00a0\u00bbstretch_row\u00a0\u00bb css=\u00a0\u00bb.vc_custom_1546248415288{border-top-width: -20px !important;padding-bottom: 0px !important;background-color: #dd3333 !important;}\u00a0\u00bb][vc_column parallax=\u00a0\u00bbcontent-moving\u00a0\u00bb][vc_custom_heading text=\u00a0\u00bbL&rsquo;Histoire est un roman&#8230;\u00a0\u00bb font_container=\u00a0\u00bbtag:h1|font_size:50|text_align:center|color:%23ffffff\u00a0\u00bb use_theme_fonts=\u00a0\u00bbyes\u00a0\u00bb css=\u00a0\u00bb.vc_custom_1546970045050{padding-right: 25px !important;padding-left: 25px !important;}\u00a0\u00bb][vc_empty_space][vc_separator color=\u00a0\u00bbcustom\u00a0\u00bb border_width=\u00a0\u00bb2&Prime; el_width=\u00a0\u00bb20&Prime; accent_color=\u00a0\u00bb#e5cb77&Prime; css=\u00a0\u00bb.vc_custom_1478012331522{margin-bottom: 15px !important;}\u00a0\u00bb][vc_empty_space][vc_custom_heading text=\u00a0\u00bbCe site illustre la saga historique napol\u00e9onienne\u00a0\u00bb font_container=\u00a0\u00bbtag:h1|font_size:30|text_align:center|color:%23ffffff\u00a0\u00bb use_theme_fonts=\u00a0\u00bbyes\u00a0\u00bb css=\u00a0\u00bb.vc_custom_1776771053838{padding-right: 25px !important;padding-left: 25px !important;}\u00a0\u00bb][vc_custom_heading text=\u00a0\u00bbMathilde, Juliette, Bonaparte et les autres&#8230;\u00a0\u00bb font_container=\u00a0\u00bbtag:h1|font_size:50|text_align:center|color:%23ffffff\u00a0\u00bb use_theme_fonts=\u00a0\u00bbyes\u00a0\u00bb css=\u00a0\u00bb.vc_custom_1776770909336{padding-right: 25px !important;padding-left: 25px !important;}\u00a0\u00bb][vc_custom_heading text=\u00a0\u00bbMathilde, et Napol\u00e9on &#8211; D&rsquo;alliance en trahison\u00a0\u00bb font_container=\u00a0\u00bbtag:h1|font_size:50|text_align:center|color:%23ffffff\u00a0\u00bb use_theme_fonts=\u00a0\u00bbyes\u00a0\u00bb css=\u00a0\u00bb.vc_custom_1776770900187{padding-right: 25px !important;padding-left: 25px !important;}\u00a0\u00bb][vc_custom_heading text=\u00a0\u00bbNapol\u00e9on, Mathilde et Louis &#8211; Deux cents jours\u00a0\u00bb font_container=\u00a0\u00bbtag:h1|font_size:50|text_align:center|color:%23ffffff\u00a0\u00bb use_theme_fonts=\u00a0\u00bbyes\u00a0\u00bb css=\u00a0\u00bb.vc_custom_1776770890887{padding-right: 25px !important;padding-left: 25px !important;}\u00a0\u00bb][vc_custom_heading text=\u00a0\u00bbpour devenir la premi\u00e8re encyclop\u00e9die romanc\u00e9e interactive\u00a0\u00bb font_container=\u00a0\u00bbtag:h1|font_size:30|text_align:center|color:%23ffffff\u00a0\u00bb use_theme_fonts=\u00a0\u00bbyes\u00a0\u00bb css=\u00a0\u00bb.vc_custom_1676793299123{padding-right: 25px !important;padding-left: 25px !important;}\u00a0\u00bb][vc_empty_space][vc_separator color=\u00a0\u00bbcustom\u00a0\u00bb border_width=\u00a0\u00bb2&Prime; el_width=\u00a0\u00bb20&Prime; accent_color=\u00a0\u00bb#e5cb77&Prime; css=\u00a0\u00bb.vc_custom_1478012331522{margin-bottom: 15px !important;}\u00a0\u00bb][vc_empty_space][vc_column_text]<\/p>\n<h5 style=\"text-align: center;\"><span style=\"color: #ffffff;\"><b>\u00c9coutez Napol\u00e9on Bonaparte, Juliette <\/b><b>R\u00e9camier<\/b><b> et Charles -Maurice Talleyrand vous en parler&#8230;<\/b><\/span><\/h5>\n<p>[\/vc_column_text][\/vc_column][\/vc_row][vc_row full_width=\u00a0\u00bbstretch_row\u00a0\u00bb css=\u00a0\u00bb.vc_custom_1546248415288{border-top-width: -20px !important;padding-bottom: 0px !important;background-color: #dd3333 !important;}\u00a0\u00bb][vc_column parallax=\u00a0\u00bbcontent-moving\u00a0\u00bb width=\u00a0\u00bb1\/4&Prime;][\/vc_column][vc_column width=\u00a0\u00bb1\/2&Prime;][vc_column_text]<iframe loading=\"lazy\" src=\"https:\/\/player.vimeo.com\/video\/817323979?h=df433ea8c8\" width=\"640\" height=\"480\" frameborder=\"0\" allow=\"autoplay; fullscreen; picture-in-picture\" allowfullscreen><\/iframe><br \/>\n[\/vc_column_text][\/vc_column][vc_column width=\u00a0\u00bb1\/4&Prime;][\/vc_column][\/vc_row][vc_row full_width=\u00a0\u00bbstretch_row\u00a0\u00bb css=\u00a0\u00bb.vc_custom_1546248415288{border-top-width: -20px !important;padding-bottom: 0px !important;background-color: #dd3333 !important;}\u00a0\u00bb][vc_column parallax=\u00a0\u00bbcontent-moving\u00a0\u00bb width=\u00a0\u00bb1\/2&Prime;][vc_column_text]<\/p>\n<div style=\"padding:74.96% 0 0 0;position:relative;\"><iframe src=\"https:\/\/player.vimeo.com\/video\/817318060?h=05df5ecac7&amp;badge=0&amp;autopause=0&amp;player_id=0&amp;app_id=58479\" frameborder=\"0\" allow=\"autoplay; fullscreen; picture-in-picture\" allowfullscreen style=\"position:absolute;top:0;left:0;width:100%;height:100%;\" title=\"Juliette RE\u0301CAMIER VF 2023\"><\/iframe><\/div>\n<p><script src=\"https:\/\/player.vimeo.com\/api\/player.js\"><\/script>[\/vc_column_text][\/vc_column][vc_column width=\u00a0\u00bb1\/2&Prime;][vc_column_text]<\/p>\n<div style=\"padding:74.96% 0 0 0;position:relative;\"><iframe src=\"https:\/\/player.vimeo.com\/video\/817325689?h=7a09c7a3b4&amp;badge=0&amp;autopause=0&amp;player_id=0&amp;app_id=58479\" frameborder=\"0\" allow=\"autoplay; fullscreen; picture-in-picture\" allowfullscreen style=\"position:absolute;top:0;left:0;width:100%;height:100%;\" title=\"Charles Maurice de TALLEYRAND VF 2023\"><\/iframe><\/div>\n<p><script src=\"https:\/\/player.vimeo.com\/api\/player.js\"><\/script>[\/vc_column_text][\/vc_column][\/vc_row][vc_row full_width=\u00a0\u00bbstretch_row_content\u00a0\u00bb gap=\u00a0\u00bb30&Prime; equal_height=\u00a0\u00bbyes\u00a0\u00bb content_placement=\u00a0\u00bbbottom\u00a0\u00bb css=\u00a0\u00bb.vc_custom_1546094431423{background-position: center !important;background-repeat: no-repeat !important;background-size: cover !important;}\u00a0\u00bb][vc_column width=\u00a0\u00bb1\/2&Prime; css=\u00a0\u00bb.vc_custom_1546100350485{padding-top: 50px !important;padding-right: 50px !important;padding-left: 0px !important;}\u00a0\u00bb][vc_icon type=\u00a0\u00bbentypo\u00a0\u00bb icon_entypo=\u00a0\u00bbentypo-icon entypo-icon-book\u00a0\u00bb color=\u00a0\u00bbcustom\u00a0\u00bb size=\u00a0\u00bbxl\u00a0\u00bb align=\u00a0\u00bbcenter\u00a0\u00bb custom_color=\u00a0\u00bb#353f56&Prime; link=\u00a0\u00bburl:https%3A%2F%2Faline-voinot.com%2Findex.php%2Flivre%2F|||\u00a0\u00bb][vc_custom_heading text=\u00a0\u00bbDes romans historiques\u00a0\u00bb font_container=\u00a0\u00bbtag:h3|font_size:32|text_align:center\u00a0\u00bb google_fonts=\u00a0\u00bbfont_family:Montserrat%3Aregular%2C700|font_style:400%20regular%3A400%3Anormal\u00a0\u00bb link=\u00a0\u00bburl:https%3A%2F%2Faline-voinot.com%2Findex.php%2Flivre%2F|||\u00a0\u00bb][vc_column_text css=\u00a0\u00bb.vc_custom_1717692579979{margin-left: 20px !important;}\u00a0\u00bb]Mathilde Hamelin est l&rsquo;h\u00e9ro\u00efne de ce premier roman <em>Mathilde, Juliette, Bonaparte et les autres..<\/em>. C&rsquo;est le seul personnage fictif de ce roman qui fait revivre une centaine de personnages r\u00e9els.<\/p>\n<p>&nbsp;[\/vc_column_text][vc_empty_space][\/vc_column][vc_column width=\u00a0\u00bb1\/2&Prime; css=\u00a0\u00bb.vc_custom_1546100372694{padding-top: 50px !important;padding-right: 50px !important;padding-left: 0px !important;}\u00a0\u00bb][vc_icon type=\u00a0\u00bblinecons\u00a0\u00bb icon_linecons=\u00a0\u00bbvc_li vc_li-world\u00a0\u00bb color=\u00a0\u00bbcustom\u00a0\u00bb size=\u00a0\u00bbxl\u00a0\u00bb align=\u00a0\u00bbcenter\u00a0\u00bb custom_color=\u00a0\u00bb#353f56&Prime;][vc_custom_heading text=\u00a0\u00bbUn site internet\u00a0\u00bb font_container=\u00a0\u00bbtag:h3|font_size:32|text_align:center\u00a0\u00bb google_fonts=\u00a0\u00bbfont_family:Montserrat%3Aregular%2C700|font_style:400%20regular%3A400%3Anormal\u00a0\u00bb][vc_column_text css=\u00a0\u00bb.vc_custom_1681399342838{margin-left: 20px !important;}\u00a0\u00bb]Parce que le XXIe si\u00e8cle est le si\u00e8cle de l&rsquo;image et que la lecture peut se faire autrement, d\u00e9couvrez le site internet jumel\u00e9 au roman.[\/vc_column_text][vc_empty_space][vc_empty_space][\/vc_column][\/vc_row][vc_row full_width=\u00a0\u00bbstretch_row_content_no_spaces\u00a0\u00bb gap=\u00a0\u00bb25&Prime; equal_height=\u00a0\u00bbyes\u00a0\u00bb css=\u00a0\u00bb.vc_custom_1546091474560{margin-bottom: 25px !important;background-color: #353f56 !important;}\u00a0\u00bb][vc_column width=\u00a0\u00bb1\/2&Prime; css=\u00a0\u00bb.vc_custom_1676793473240{padding-top: 25px !important;padding-right: 12px !important;padding-bottom: 25px !important;padding-left: 12px !important;background-color: #353f56 !important;}\u00a0\u00bb][vc_custom_heading text=\u00a0\u00bbL&rsquo;auteur, Aline Voinot\u00a0\u00bb font_container=\u00a0\u00bbtag:h1|font_size:40|text_align:center|color:%23ffffff\u00a0\u00bb use_theme_fonts=\u00a0\u00bbyes\u00a0\u00bb css=\u00a0\u00bb.vc_custom_1546099800663{padding-bottom: 10px !important;}\u00a0\u00bb][vc_empty_space][vc_column_text]<\/p>\n<h5><span style=\"color: #ffffff;\">Passionn\u00e9e d\u2019histoire, Aline Voinot propose une immersion dans les salons de l\u2019\u00e9poque napol\u00e9onienne. Deux tomes composent cette saga et le 3e est en cours de r\u00e9daction. L&rsquo;action d\u00e9bute avec le Consulat dans <em>\u00ab\u00a0Mathilde, Juliette, Bonaparte et les autres\u00a0\u00bb,<\/em> pour \u00e9voluer vers le Premier empire avec le second tome <em>\u00ab\u00a0Mathilde et Napol\u00e9on, D&rsquo;alliance en trahison\u00a0\u00bb<\/em>.<\/span><\/h5>\n<p><span style=\"color: #ffffff;\">Mathilde est le seul personnage fictif. Les deux romans peuvent se lire ind\u00e9pendamment l&rsquo;un de l&rsquo;autre.<\/span><\/p>\n<p>&nbsp;<\/p>\n<p><span style=\"color: #ffffff;\">En suivant les pas de la jeune Mathilde, entrez dans l\u2019intimit\u00e9 d\u2019un Bonaparte fra\u00eechement nomm\u00e9 Premier consul, assistez \u00e0 son ascension et participez \u00e0 ses choix\u00a0; vivez le bouillonnement des salons mondains de cette p\u00e9riode pleine de fr\u00e9n\u00e9sie scientifique, juridique, \u00e9conomique et culturelle\u00a0; red\u00e9couvrez une France d\u00e9sireuse de se reconstruire apr\u00e8s les terreurs de la R\u00e9volution, avide d\u2019amour et de progr\u00e8s, et pourtant encore pleine de fureur belliqueuse\u00a0; observez le r\u00f4le des femmes de ce d\u00e9but du XIXe si\u00e8cle &#8211; elles avaient bien plus de pouvoirs que ce que la grande histoire en a retenu, et d\u00e9couvrez une fresque de personnages c\u00e9l\u00e8bres au r\u00e9seau social puissant et aux grandes ambitions.<\/span>[\/vc_column_text][\/vc_column][vc_column width=\u00a0\u00bb1\/4&Prime;][vc_empty_space height=\u00a0\u00bb55px\u00a0\u00bb][vc_single_image image=\u00a0\u00bb4789&Prime; img_size=\u00a0\u00bb300&#215;250&Prime; alignment=\u00a0\u00bbcenter\u00a0\u00bb css=\u00a0\u00bb.vc_custom_1676794547928{margin-top: 10px !important;margin-left: 20px !important;}\u00a0\u00bb][\/vc_column][vc_column width=\u00a0\u00bb1\/4&Prime;][vc_empty_space height=\u00a0\u00bb55px\u00a0\u00bb][vc_single_image image=\u00a0\u00bb36991&Prime; img_size=\u00a0\u00bbfull\u00a0\u00bb alignment=\u00a0\u00bbcenter\u00a0\u00bb onclick=\u00a0\u00bbcustom_link\u00a0\u00bb css=\u00a0\u00bb.vc_custom_1717692464962{margin-top: 10px !important;margin-left: 20px !important;}\u00a0\u00bb link=\u00a0\u00bbhttps:\/\/aline-voinot.com\/index.php\/livre\/\u00a0\u00bb][\/vc_column][\/vc_row][vc_row full_width=\u00a0\u00bbstretch_row_content\u00a0\u00bb gap=\u00a0\u00bb30&Prime; equal_height=\u00a0\u00bbyes\u00a0\u00bb content_placement=\u00a0\u00bbbottom\u00a0\u00bb css=\u00a0\u00bb.vc_custom_1546097203651{background-position: center !important;background-repeat: no-repeat !important;background-size: cover !important;}\u00a0\u00bb][vc_column css=\u00a0\u00bb.vc_custom_1490273511914{border-bottom-width: 4px !important;padding-top: 50px !important;padding-right: 50px !important;padding-left: 0px !important;border-bottom-color: #e5e5e5 !important;border-bottom-style: solid !important;}\u00a0\u00bb][vc_custom_heading text=\u00a0\u00bbTestez vos connaissances sur la p\u00e9riode napol\u00e9onienne&#8230;\u00a0\u00bb font_container=\u00a0\u00bbtag:h3|font_size:32|text_align:center\u00a0\u00bb google_fonts=\u00a0\u00bbfont_family:Montserrat%3Aregular%2C700|font_style:400%20regular%3A400%3Anormal\u00a0\u00bb][vc_column_text css=\u00a0\u00bb.vc_custom_1624379949107{margin-left: 20px !important;}\u00a0\u00bb]<\/p>\n<p style=\"text-align: center;\">Un formidable outil p\u00e9dagogique pour les \u00e9coles et les coll\u00e8ges<\/p>\n<p>[\/vc_column_text][vc_btn title=\u00a0\u00bb********\u00a0\u00bb shape=\u00a0\u00bbsquare\u00a0\u00bb color=\u00a0\u00bbwhite\u00a0\u00bb size=\u00a0\u00bblg\u00a0\u00bb align=\u00a0\u00bbcenter\u00a0\u00bb link=\u00a0\u00bburl:https%3A%2F%2Faline-voinot.com%2Findex.php%2Fles-volcans-conferance-bonaparte-et-les-autres%2F|||\u00a0\u00bb][\/vc_column][\/vc_row][vc_row full_width=\u00a0\u00bbstretch_row_content\u00a0\u00bb gap=\u00a0\u00bb30&Prime; equal_height=\u00a0\u00bbyes\u00a0\u00bb content_placement=\u00a0\u00bbbottom\u00a0\u00bb css=\u00a0\u00bb.vc_custom_1624374055259{background-position: center !important;background-repeat: no-repeat !important;background-size: cover !important;}\u00a0\u00bb][vc_column width=\u00a0\u00bb1\/3&Prime; css=\u00a0\u00bb.vc_custom_1546100304198{padding-top: 50px !important;padding-right: 50px !important;padding-left: 0px !important;}\u00a0\u00bb][vc_icon icon_fontawesome=\u00a0\u00bbfa fa-list-ul\u00a0\u00bb color=\u00a0\u00bbcustom\u00a0\u00bb size=\u00a0\u00bbxl\u00a0\u00bb align=\u00a0\u00bbcenter\u00a0\u00bb custom_color=\u00a0\u00bb#353f56&Prime;][vc_custom_heading text=\u00a0\u00bbQUIZZ\u00a0\u00bb font_container=\u00a0\u00bbtag:h3|font_size:32|text_align:center\u00a0\u00bb google_fonts=\u00a0\u00bbfont_family:Montserrat%3Aregular%2C700|font_style:400%20regular%3A400%3Anormal\u00a0\u00bb link=\u00a0\u00bburl:http%3A%2F%2Faline-voinot.com%2Findex.php%2Fquizz-pour-tester-ses-connaissance%2F||target:%20_blank|\u00a0\u00bb][vc_column_text css=\u00a0\u00bb.vc_custom_1624380554462{margin-left: 20px !important;}\u00a0\u00bb]<\/p>\n<p style=\"text-align: left;\">\u00cates-vous un expert en Histoire ? Des quizz simples afin de tester, r\u00e9viser et am\u00e9liorer votre culture ou vos connaissances historiques. Trouvez la bonne r\u00e9ponse parmi les quatre propositions.<\/p>\n<p>[\/vc_column_text][vc_btn title=\u00a0\u00bbTestez-vous !\u00a0\u00bb shape=\u00a0\u00bbsquare\u00a0\u00bb color=\u00a0\u00bbdanger\u00a0\u00bb align=\u00a0\u00bbcenter\u00a0\u00bb link=\u00a0\u00bburl:http%3A%2F%2Faline-voinot.com%2Findex.php%2Fquizz-pour-tester-ses-connaissance%2F||target:%20_blank|\u00a0\u00bb][\/vc_column][vc_column width=\u00a0\u00bb1\/3&Prime; css=\u00a0\u00bb.vc_custom_1546100320958{padding-top: 50px !important;padding-right: 0px !important;padding-left: 0px !important;}\u00a0\u00bb][vc_icon icon_fontawesome=\u00a0\u00bbfa fa-question-circle\u00a0\u00bb color=\u00a0\u00bbcustom\u00a0\u00bb size=\u00a0\u00bbxl\u00a0\u00bb align=\u00a0\u00bbcenter\u00a0\u00bb custom_color=\u00a0\u00bb#353f56&Prime;][vc_custom_heading text=\u00a0\u00bbJEOPARDY\u00a0\u00bb font_container=\u00a0\u00bbtag:h3|font_size:32|text_align:center\u00a0\u00bb google_fonts=\u00a0\u00bbfont_family:Montserrat%3Aregular%2C700|font_style:400%20regular%3A400%3Anormal\u00a0\u00bb][vc_column_text css=\u00a0\u00bb.vc_custom_1624380601053{margin-left: 20px !important;}\u00a0\u00bb]<\/p>\n<p>\u00c0 partir d&rsquo;indices et de r\u00e9ponses, le joueur doit trouver la question correspondante. \u00c0 faire seul ou \u00e0 plusieurs, ce jeu est id\u00e9al pour r\u00e9viser, tester ses connaissances et s&rsquo;amuser chez soi ou en classe !<\/p>\n<p>[\/vc_column_text][vc_btn title=\u00a0\u00bbAmusez-vous !\u00a0\u00bb shape=\u00a0\u00bbsquare\u00a0\u00bb color=\u00a0\u00bbdanger\u00a0\u00bb align=\u00a0\u00bbcenter\u00a0\u00bb][\/vc_column][vc_column width=\u00a0\u00bb1\/3&Prime; css=\u00a0\u00bb.vc_custom_1624373640713{padding-top: 50px !important;padding-right: 0px !important;padding-left: 0px !important;}\u00a0\u00bb][vc_icon icon_fontawesome=\u00a0\u00bbfa fa-arrows-alt\u00a0\u00bb color=\u00a0\u00bbcustom\u00a0\u00bb size=\u00a0\u00bbxl\u00a0\u00bb align=\u00a0\u00bbcenter\u00a0\u00bb custom_color=\u00a0\u00bb#353f56&Prime;][vc_custom_heading text=\u00a0\u00bb\u00c0 VOUS DE RECONNA\u00ceTRE !\u00a0\u00bb font_container=\u00a0\u00bbtag:h3|font_size:32|text_align:center\u00a0\u00bb google_fonts=\u00a0\u00bbfont_family:Montserrat%3Aregular%2C700|font_style:400%20regular%3A400%3Anormal\u00a0\u00bb link=\u00a0\u00bburl:http%3A%2F%2Faline-voinot.com%2Findex.php%2Fjeux-des-portraits-le-consulat-et-son-gouvernement%2F||target:%20_blank|\u00a0\u00bb][vc_column_text css=\u00a0\u00bb.vc_custom_1624380608609{margin-left: 20px !important;}\u00a0\u00bb]<\/p>\n<p style=\"text-align: left;\">Vrai ou faux ? Qui suis-je ? Qui a dit cela ? D\u00e9m\u00ealez les bonnes r\u00e9ponses des mauvaises. Culture g\u00e9n\u00e9rale, reconnaissances visuelles, personnages illustres, \u0153uvres d&rsquo;art et d\u00e9couvertes scientifiques sont \u00e0 l&rsquo;honneur&#8230;<\/p>\n<p>[\/vc_column_text][vc_btn title=\u00a0\u00bbC&rsquo;est parti !\u00a0\u00bb shape=\u00a0\u00bbsquare\u00a0\u00bb color=\u00a0\u00bbdanger\u00a0\u00bb align=\u00a0\u00bbcenter\u00a0\u00bb link=\u00a0\u00bburl:http%3A%2F%2Faline-voinot.com%2Findex.php%2Fjeux-des-portraits-le-consulat-et-son-gouvernement%2F||target:%20_blank|\u00a0\u00bb][\/vc_column][\/vc_row]<\/p>\n","protected":false},"excerpt":{"rendered":"<p>[vc_row full_width=\u00a0\u00bbstretch_row\u00a0\u00bb css=\u00a0\u00bb.vc_custom_1546248415288{border-top-width: -20px !important;padding-bottom: 0px !important;background-color: #dd3333 !important;}\u00a0\u00bb][vc_column parallax=\u00a0\u00bbcontent-moving\u00a0\u00bb][vc_custom_heading text=\u00a0\u00bbL&rsquo;Histoire est un roman&#8230;\u00a0\u00bb font_container=\u00a0\u00bbtag:h1|font_size:50|text_align:center|color:%23ffffff\u00a0\u00bb use_theme_fonts=\u00a0\u00bbyes\u00a0\u00bb css=\u00a0\u00bb.vc_custom_1546970045050{padding-right: 25px !important;padding-left: 25px !important;}\u00a0\u00bb][vc_empty_space][vc_separator color=\u00a0\u00bbcustom\u00a0\u00bb border_width=\u00a0\u00bb2&Prime; el_width=\u00a0\u00bb20&Prime; accent_color=\u00a0\u00bb#e5cb77&Prime; css=\u00a0\u00bb.vc_custom_1478012331522{margin-bottom: 15px !important;}\u00a0\u00bb][vc_empty_space][vc_custom_heading text=\u00a0\u00bbCe site illustre la saga historique napol\u00e9onienne\u00a0\u00bb font_container=\u00a0\u00bbtag:h1|font_size:30|text_align:center|color:%23ffffff\u00a0\u00bb use_theme_fonts=\u00a0\u00bbyes\u00a0\u00bb css=\u00a0\u00bb.vc_custom_1776771053838{padding-right: 25px !important;padding-left:<\/p>\n","protected":false},"author":1,"featured_media":0,"parent":0,"menu_order":0,"comment_status":"closed","ping_status":"closed","template":"","meta":{"footnotes":""},"class_list":["post-25272","page","type-page","status-publish","hentry"],"yoast_head":"<!-- This site is optimized with the Yoast SEO plugin v22.8 - https:\/\/yoast.com\/wordpress\/plugins\/seo\/ -->\n<title>Accueil - L&#039;Histoire est un roman...<\/title>\n<meta name=\"robots\" content=\"index, follow, max-snippet:-1, max-image-preview:large, max-video-preview:-1\" \/>\n<link rel=\"canonical\" href=\"https:\/\/aline-voinot.com\/\" \/>\n<meta property=\"og:locale\" content=\"fr_FR\" \/>\n<meta property=\"og:type\" content=\"article\" \/>\n<meta property=\"og:title\" content=\"Accueil - L&#039;Histoire est un roman...\" \/>\n<meta property=\"og:description\" content=\"[vc_row full_width=\u00a0\u00bbstretch_row\u00a0\u00bb css=\u00a0\u00bb.vc_custom_1546248415288{border-top-width: -20px !important;padding-bottom: 0px !important;background-color: #dd3333 !important;}\u00a0\u00bb][vc_column parallax=\u00a0\u00bbcontent-moving\u00a0\u00bb][vc_custom_heading text=\u00a0\u00bbL&rsquo;Histoire est un roman&#8230;\u00a0\u00bb font_container=\u00a0\u00bbtag:h1|font_size:50|text_align:center|color:%23ffffff\u00a0\u00bb use_theme_fonts=\u00a0\u00bbyes\u00a0\u00bb css=\u00a0\u00bb.vc_custom_1546970045050{padding-right: 25px !important;padding-left: 25px !important;}\u00a0\u00bb][vc_empty_space][vc_separator color=\u00a0\u00bbcustom\u00a0\u00bb border_width=\u00a0\u00bb2&Prime; el_width=\u00a0\u00bb20&Prime; accent_color=\u00a0\u00bb#e5cb77&Prime; css=\u00a0\u00bb.vc_custom_1478012331522{margin-bottom: 15px !important;}\u00a0\u00bb][vc_empty_space][vc_custom_heading text=\u00a0\u00bbCe site illustre la saga historique napol\u00e9onienne\u00a0\u00bb font_container=\u00a0\u00bbtag:h1|font_size:30|text_align:center|color:%23ffffff\u00a0\u00bb use_theme_fonts=\u00a0\u00bbyes\u00a0\u00bb css=\u00a0\u00bb.vc_custom_1776771053838{padding-right: 25px !important;padding-left:\" \/>\n<meta property=\"og:url\" content=\"https:\/\/aline-voinot.com\/\" \/>\n<meta property=\"og:site_name\" content=\"L&#039;Histoire est un roman...\" \/>\n<meta property=\"article:modified_time\" content=\"2026-04-21T11:31:10+00:00\" \/>\n<meta name=\"twitter:card\" content=\"summary_large_image\" \/>\n<meta name=\"twitter:label1\" content=\"Dur\u00e9e de lecture estim\u00e9e\" \/>\n\t<meta name=\"twitter:data1\" content=\"4 minutes\" \/>\n<script type=\"application\/ld+json\" class=\"yoast-schema-graph\">{\"@context\":\"https:\/\/schema.org\",\"@graph\":[{\"@type\":\"WebPage\",\"@id\":\"https:\/\/aline-voinot.com\/\",\"url\":\"https:\/\/aline-voinot.com\/\",\"name\":\"Accueil - L&#039;Histoire est un roman...\",\"isPartOf\":{\"@id\":\"https:\/\/aline-voinot.com\/#website\"},\"datePublished\":\"2021-06-25T13:24:43+00:00\",\"dateModified\":\"2026-04-21T11:31:10+00:00\",\"breadcrumb\":{\"@id\":\"https:\/\/aline-voinot.com\/#breadcrumb\"},\"inLanguage\":\"fr-FR\",\"potentialAction\":[{\"@type\":\"ReadAction\",\"target\":[\"https:\/\/aline-voinot.com\/\"]}]},{\"@type\":\"BreadcrumbList\",\"@id\":\"https:\/\/aline-voinot.com\/#breadcrumb\",\"itemListElement\":[{\"@type\":\"ListItem\",\"position\":1,\"name\":\"Accueil\",\"item\":\"https:\/\/aline-voinot.com\/\"},{\"@type\":\"ListItem\",\"position\":2,\"name\":\"Accueil\"}]},{\"@type\":\"WebSite\",\"@id\":\"https:\/\/aline-voinot.com\/#website\",\"url\":\"https:\/\/aline-voinot.com\/\",\"name\":\"L&#039;Histoire est un roman...\",\"description\":\"&quot;Destins connus, destins crois\u00e9s&quot; la premi\u00e8re encyclop\u00e9die romanc\u00e9e...\",\"potentialAction\":[{\"@type\":\"SearchAction\",\"target\":{\"@type\":\"EntryPoint\",\"urlTemplate\":\"https:\/\/aline-voinot.com\/?s={search_term_string}\"},\"query-input\":\"required name=search_term_string\"}],\"inLanguage\":\"fr-FR\"}]}<\/script>\n<!-- \/ Yoast SEO plugin. -->","yoast_head_json":{"title":"Accueil - L&#039;Histoire est un roman...","robots":{"index":"index","follow":"follow","max-snippet":"max-snippet:-1","max-image-preview":"max-image-preview:large","max-video-preview":"max-video-preview:-1"},"canonical":"https:\/\/aline-voinot.com\/","og_locale":"fr_FR","og_type":"article","og_title":"Accueil - L&#039;Histoire est un roman...","og_description":"[vc_row full_width=\u00a0\u00bbstretch_row\u00a0\u00bb css=\u00a0\u00bb.vc_custom_1546248415288{border-top-width: -20px !important;padding-bottom: 0px !important;background-color: #dd3333 !important;}\u00a0\u00bb][vc_column parallax=\u00a0\u00bbcontent-moving\u00a0\u00bb][vc_custom_heading text=\u00a0\u00bbL&rsquo;Histoire est un roman&#8230;\u00a0\u00bb font_container=\u00a0\u00bbtag:h1|font_size:50|text_align:center|color:%23ffffff\u00a0\u00bb use_theme_fonts=\u00a0\u00bbyes\u00a0\u00bb css=\u00a0\u00bb.vc_custom_1546970045050{padding-right: 25px !important;padding-left: 25px !important;}\u00a0\u00bb][vc_empty_space][vc_separator color=\u00a0\u00bbcustom\u00a0\u00bb border_width=\u00a0\u00bb2&Prime; el_width=\u00a0\u00bb20&Prime; accent_color=\u00a0\u00bb#e5cb77&Prime; css=\u00a0\u00bb.vc_custom_1478012331522{margin-bottom: 15px !important;}\u00a0\u00bb][vc_empty_space][vc_custom_heading text=\u00a0\u00bbCe site illustre la saga historique napol\u00e9onienne\u00a0\u00bb font_container=\u00a0\u00bbtag:h1|font_size:30|text_align:center|color:%23ffffff\u00a0\u00bb use_theme_fonts=\u00a0\u00bbyes\u00a0\u00bb css=\u00a0\u00bb.vc_custom_1776771053838{padding-right: 25px !important;padding-left:","og_url":"https:\/\/aline-voinot.com\/","og_site_name":"L&#039;Histoire est un roman...","article_modified_time":"2026-04-21T11:31:10+00:00","twitter_card":"summary_large_image","twitter_misc":{"Dur\u00e9e de lecture estim\u00e9e":"4 minutes"},"schema":{"@context":"https:\/\/schema.org","@graph":[{"@type":"WebPage","@id":"https:\/\/aline-voinot.com\/","url":"https:\/\/aline-voinot.com\/","name":"Accueil - L&#039;Histoire est un roman...","isPartOf":{"@id":"https:\/\/aline-voinot.com\/#website"},"datePublished":"2021-06-25T13:24:43+00:00","dateModified":"2026-04-21T11:31:10+00:00","breadcrumb":{"@id":"https:\/\/aline-voinot.com\/#breadcrumb"},"inLanguage":"fr-FR","potentialAction":[{"@type":"ReadAction","target":["https:\/\/aline-voinot.com\/"]}]},{"@type":"BreadcrumbList","@id":"https:\/\/aline-voinot.com\/#breadcrumb","itemListElement":[{"@type":"ListItem","position":1,"name":"Accueil","item":"https:\/\/aline-voinot.com\/"},{"@type":"ListItem","position":2,"name":"Accueil"}]},{"@type":"WebSite","@id":"https:\/\/aline-voinot.com\/#website","url":"https:\/\/aline-voinot.com\/","name":"L&#039;Histoire est un roman...","description":"&quot;Destins connus, destins crois\u00e9s&quot; la premi\u00e8re encyclop\u00e9die romanc\u00e9e...","potentialAction":[{"@type":"SearchAction","target":{"@type":"EntryPoint","urlTemplate":"https:\/\/aline-voinot.com\/?s={search_term_string}"},"query-input":"required name=search_term_string"}],"inLanguage":"fr-FR"}]}},"_links":{"self":[{"href":"https:\/\/aline-voinot.com\/index.php\/wp-json\/wp\/v2\/pages\/25272","targetHints":{"allow":["GET"]}}],"collection":[{"href":"https:\/\/aline-voinot.com\/index.php\/wp-json\/wp\/v2\/pages"}],"about":[{"href":"https:\/\/aline-voinot.com\/index.php\/wp-json\/wp\/v2\/types\/page"}],"author":[{"embeddable":true,"href":"https:\/\/aline-voinot.com\/index.php\/wp-json\/wp\/v2\/users\/1"}],"replies":[{"embeddable":true,"href":"https:\/\/aline-voinot.com\/index.php\/wp-json\/wp\/v2\/comments?post=25272"}],"version-history":[{"count":21,"href":"https:\/\/aline-voinot.com\/index.php\/wp-json\/wp\/v2\/pages\/25272\/revisions"}],"predecessor-version":[{"id":36999,"href":"https:\/\/aline-voinot.com\/index.php\/wp-json\/wp\/v2\/pages\/25272\/revisions\/36999"}],"wp:attachment":[{"href":"https:\/\/aline-voinot.com\/index.php\/wp-json\/wp\/v2\/media?parent=25272"}],"curies":[{"name":"wp","href":"https:\/\/api.w.org\/{rel}","templated":true}]}}