{"id":3319,"date":"2018-03-01T09:26:09","date_gmt":"2018-03-01T08:26:09","guid":{"rendered":"http:\/\/aline-voinot.com\/?page_id=3319"},"modified":"2021-06-28T13:30:44","modified_gmt":"2021-06-28T11:30:44","slug":"2eme-coalition","status":"publish","type":"page","link":"https:\/\/aline-voinot.com\/index.php\/2eme-coalition\/","title":{"rendered":"2\u00e8me coalition (1798-1802)"},"content":{"rendered":"<p>[vc_row full_width=\u00a0\u00bbstretch_row\u00a0\u00bb css=\u00a0\u00bb.vc_custom_1519815156304{background-color: #272727 !important;}\u00a0\u00bb][vc_column width=\u00a0\u00bb1\/2&Prime;][vc_column_text]<\/p>\n<h6 style=\"text-align: center;\"><span style=\"color: #ffffff;\">SYNOPSIS<\/span><\/h6>\n<table>\n<tbody>\n<tr>\n<td width=\"86\"><span style=\"color: #ffffff;\">BELLLIGERANTS<\/span><\/td>\n<td width=\"369\"><span style=\"color: #ffffff;\">R\u00e9publique fran\u00e7aise contre 2\u00e8me\u00a0\u00a0coalition lev\u00e9e par la Grande-Bretagne<\/span><\/td>\n<\/tr>\n<tr>\n<td width=\"86\"><span style=\"color: #ffffff;\">DATE<\/span><\/td>\n<td width=\"369\"><span style=\"color: #ffffff;\">1798-1802<\/span><\/td>\n<\/tr>\n<tr>\n<td width=\"86\"><span style=\"color: #ffffff;\">LIEU<\/span><\/td>\n<td width=\"369\"><span style=\"color: #ffffff;\">France, Italie, Allemagne, Pays-Bas, Irlande, Egypte<\/span><\/td>\n<\/tr>\n<tr>\n<td width=\"86\"><span style=\"color: #ffffff;\">R\u00c9SULTATS<\/span><\/td>\n<td width=\"369\"><span style=\"color: #ffffff;\">Victoire fran\u00e7aise<\/span><\/td>\n<\/tr>\n<tr>\n<td width=\"86\"><span style=\"color: #ffffff;\"><strong>CONS\u00c9QUENCES<\/strong><\/span><\/td>\n<td width=\"369\">\n<ul>\n<li><span style=\"color: #ffffff;\">Trait\u00e9 de Lun\u00e9ville<\/span><\/li>\n<li><span style=\"color: #ffffff;\">Trait\u00e9 d&rsquo;Amiens<\/span><\/li>\n<li><span style=\"color: #ffffff;\">Maintient de la R\u00e9publique fran\u00e7aise<\/span><\/li>\n<li><span style=\"color: #ffffff;\">Dissolution de la Deuxi\u00e8me coalition<\/span><\/li>\n<\/ul>\n<\/td>\n<\/tr>\n<\/tbody>\n<\/table>\n<p><span style=\"text-align: center; color: #ffffff;\">\u00a0<\/span>[\/vc_column_text][vc_btn title=\u00a0\u00bbTome 1&Prime; color=\u00a0\u00bbdanger\u00a0\u00bb size=\u00a0\u00bbxs\u00a0\u00bb][\/vc_column][vc_column width=\u00a0\u00bb1\/4&Prime;][vc_column_text]<\/p>\n<h6 style=\"text-align: center;\"><span style=\"color: #ffffff;\">REPUBLIQUE FRAN\u00c7AISE<\/span><\/h6>\n<p>[\/vc_column_text][vc_btn title=\u00a0\u00bbG\u00e9n\u00e9raux concern\u00e9s\u00a0\u00bb shape=\u00a0\u00bbsquare\u00a0\u00bb color=\u00a0\u00bbmulled-wine\u00a0\u00bb size=\u00a0\u00bblg\u00a0\u00bb align=\u00a0\u00bbcenter\u00a0\u00bb i_align=\u00a0\u00bbright\u00a0\u00bb i_type=\u00a0\u00bbentypo\u00a0\u00bb i_icon_entypo=\u00a0\u00bbentypo-icon entypo-icon-user\u00a0\u00bb button_block=\u00a0\u00bbtrue\u00a0\u00bb add_icon=\u00a0\u00bbtrue\u00a0\u00bb][vc_column_text]<\/p>\n<ul>\n<li><span style=\"color: #ffffff;\">Napol\u00e9on Bonaparte (France)<\/span><\/li>\n<li><span style=\"color: #ffffff;\">Louis Desaix (France)<\/span><\/li>\n<li><span style=\"color: #ffffff;\">Jean-Baptiste Kleber (France)<\/span><\/li>\n<li><span style=\"color: #ffffff;\">Jean Moreau<\/span><\/li>\n<li><span style=\"color: #ffffff;\">Andr\u00e9 Mass\u00e9na<\/span><\/li>\n<li><span style=\"color: #ffffff;\">Guillaume Marie-Anne Brune (France)<\/span><\/li>\n<li><span style=\"color: #ffffff;\">Fran\u00e7ois Paul de Brueys d&rsquo;Aigalliers\u00a0\u2020 (France)<\/span><\/li>\n<li><span style=\"color: #ffffff;\">Don Arturo O&rsquo;Neill Tirone (Espagne)<\/span><\/li>\n<li><span style=\"color: #ffffff;\">Juan Lodares (Espagne)<\/span><\/li>\n<\/ul>\n<p>[\/vc_column_text][\/vc_column][vc_column width=\u00a0\u00bb1\/4&Prime;][vc_column_text]<\/p>\n<h6 style=\"text-align: center;\"><span style=\"color: #ffffff;\">DEUXI\u00c8ME COALITION<\/span><\/h6>\n<p>[\/vc_column_text][vc_btn title=\u00a0\u00bbG\u00e9n\u00e9raux concern\u00e9s\u00a0\u00bb shape=\u00a0\u00bbsquare\u00a0\u00bb color=\u00a0\u00bbmulled-wine\u00a0\u00bb size=\u00a0\u00bblg\u00a0\u00bb align=\u00a0\u00bbcenter\u00a0\u00bb i_align=\u00a0\u00bbright\u00a0\u00bb i_type=\u00a0\u00bbentypo\u00a0\u00bb i_icon_entypo=\u00a0\u00bbentypo-icon entypo-icon-user\u00a0\u00bb button_block=\u00a0\u00bbtrue\u00a0\u00bb add_icon=\u00a0\u00bbtrue\u00a0\u00bb][vc_column_text]<\/p>\n<ul>\n<li class=\"p1\"><span style=\"color: #ffffff;\">Horatio Nelson (Grande-Bretagne)<\/span><\/li>\n<li class=\"p1\"><span style=\"color: #ffffff;\">John Moss (Grande-Bretagne)<\/span><\/li>\n<li class=\"p1\"><span style=\"color: #ffffff;\">Thomas Barrow (Grande-Bretagne)<\/span><\/li>\n<li class=\"p1\"><span style=\"color: #ffffff;\">Ali Pacha de Janina ((Empire Ottoman)<\/span><\/li>\n<li class=\"p1\"><span style=\"color: #ffffff;\">Sir Hyde Parker (Grande-Bretagne)<\/span><\/li>\n<li class=\"p1\"><span style=\"color: #ffffff;\">Abdallah Pacha (Empire Ottoman)<\/span><\/li>\n<li class=\"p1\"><span style=\"color: #ffffff;\">Jean-Baptiste d&rsquo;Autriche<\/span><\/li>\n<li class=\"p1\"><span style=\"color: #ffffff;\">Peter-Carl Ott (Autriche)<\/span><\/li>\n<li class=\"p1\"><span style=\"color: #ffffff;\">Michael von Melas (Autriche)<\/span><\/li>\n<li class=\"p1\"><span style=\"color: #ffffff;\">Paul Kray (Autriche)<\/span><\/li>\n<\/ul>\n<p>[\/vc_column_text][\/vc_column][\/vc_row][vc_row][vc_column][vc_column_text css=\u00a0\u00bb.vc_custom_1624385868549{padding-top: 5px !important;padding-right: 5px !important;padding-bottom: 5px !important;padding-left: 5px !important;}\u00a0\u00bb]L&rsquo;objectif de cette seconde coalition est de contenir l&rsquo;expansion de la R\u00e9publique fran\u00e7aise qui menace tous les royaumes voisins et de\u00a0 revenir \u00e0 la monarchie. Cette fois-ci, c&rsquo;est la Grande-Bretagne qui entra\u00eene les autres alli\u00e9s tels que la Russie, l&rsquo;Autriche, l&rsquo;Empire ottoman, Naples, les Deux-Siciles et la Su\u00e8de. Mais cette tentative sera un \u00e9chec, les acquis territoriaux fran\u00e7ais depuis 1793 seront confirm\u00e9s et renforc\u00e9s par le trait\u00e9 de Lun\u00e9ville&#8230;[\/vc_column_text][vc_row_inner][vc_column_inner width=\u00a0\u00bb1\/6&Prime;][vc_btn title=\u00a0\u00bbCampagne de Hollande\u00a0\u00bb shape=\u00a0\u00bbsquare\u00a0\u00bb color=\u00a0\u00bbwhite\u00a0\u00bb size=\u00a0\u00bblg\u00a0\u00bb align=\u00a0\u00bbcenter\u00a0\u00bb][\/vc_column_inner][vc_column_inner width=\u00a0\u00bb1\/6&Prime;][vc_btn title=\u00a0\u00bbCampagne de Suisse\u00a0\u00bb shape=\u00a0\u00bbsquare\u00a0\u00bb color=\u00a0\u00bbwhite\u00a0\u00bb size=\u00a0\u00bblg\u00a0\u00bb align=\u00a0\u00bbright\u00a0\u00bb][\/vc_column_inner][vc_column_inner width=\u00a0\u00bb1\/3&Prime;][vc_btn title=\u00a0\u00bbCampagne d&rsquo;Egypte\u00a0\u00bb shape=\u00a0\u00bbsquare\u00a0\u00bb color=\u00a0\u00bbprimary\u00a0\u00bb size=\u00a0\u00bblg\u00a0\u00bb align=\u00a0\u00bbcenter\u00a0\u00bb i_align=\u00a0\u00bbright\u00a0\u00bb i_icon_fontawesome=\u00a0\u00bbfa fa-eye\u00a0\u00bb add_icon=\u00a0\u00bbtrue\u00a0\u00bb link=\u00a0\u00bburl:http%3A%2F%2Faline-voinot.com%2Findex.php%2Fcampagne-degypte%2F||target:%20_blank|\u00a0\u00bb][\/vc_column_inner][vc_column_inner width=\u00a0\u00bb1\/3&Prime;][vc_btn title=\u00a0\u00bbDeuxi\u00e8me campagne d&rsquo;Italie\u00a0\u00bb shape=\u00a0\u00bbsquare\u00a0\u00bb color=\u00a0\u00bbprimary\u00a0\u00bb size=\u00a0\u00bblg\u00a0\u00bb align=\u00a0\u00bbcenter\u00a0\u00bb i_align=\u00a0\u00bbright\u00a0\u00bb i_icon_fontawesome=\u00a0\u00bbfa fa-eye\u00a0\u00bb add_icon=\u00a0\u00bbtrue\u00a0\u00bb link=\u00a0\u00bburl:http%3A%2F%2Faline-voinot.com%2Findex.php%2Fcampagne-ditalie-1799-1800%2F||target:%20_blank|\u00a0\u00bb][\/vc_column_inner][\/vc_row_inner][vc_column_text]<\/p>\n<p>&nbsp;<\/p>\n<p>[\/vc_column_text][\/vc_column][\/vc_row][vc_row][vc_column][vc_single_image image=\u00a0\u00bb3350&Prime; img_size=\u00a0\u00bb1450&#215;1120&Prime; alignment=\u00a0\u00bbcenter\u00a0\u00bb onclick=\u00a0\u00bbcustom_link\u00a0\u00bb img_link_target=\u00a0\u00bb_blank\u00a0\u00bb link=\u00a0\u00bbhttps:\/\/www.westpoint.edu\/sites\/default\/files\/inline-images\/academics\/academic_departments\/history\/Napoleonic%20wars\/Nap10.pdf\u00a0\u00bb][vc_column_text]<\/p>\n<p style=\"text-align: center;\">L&rsquo;Europe en 1798 &#8211; Campagne \u00c9gyptiennes &#8211; Situation strat\u00e9gique \u00e0 mars 1798<\/p>\n<p>[\/vc_column_text][vc_separator][vc_single_image image=\u00a0\u00bb3351&Prime; img_size=\u00a0\u00bb1450&#215;1120&Prime; alignment=\u00a0\u00bbcenter\u00a0\u00bb onclick=\u00a0\u00bbcustom_link\u00a0\u00bb img_link_target=\u00a0\u00bb_blank\u00a0\u00bb link=\u00a0\u00bbhttps:\/\/www.westpoint.edu\/sites\/default\/files\/inline-images\/academics\/academic_departments\/history\/Napoleonic%20wars\/Nap12.pdf\u00a0\u00bb][vc_column_text]<\/p>\n<p style=\"text-align: center;\">Europe 1801 &#8211; Expansion territorial de la France suite au trait\u00e9 de Lun\u00e9ville (f\u00e9vrier 1801)<\/p>\n<p>[\/vc_column_text][\/vc_column][\/vc_row]<\/p>\n","protected":false},"excerpt":{"rendered":"<p>[vc_row full_width=\u00a0\u00bbstretch_row\u00a0\u00bb css=\u00a0\u00bb.vc_custom_1519815156304{background-color: #272727 !important;}\u00a0\u00bb][vc_column width=\u00a0\u00bb1\/2&Prime;][vc_column_text] SYNOPSIS BELLLIGERANTS R\u00e9publique fran\u00e7aise contre 2\u00e8me\u00a0\u00a0coalition lev\u00e9e par la Grande-Bretagne DATE 1798-1802 LIEU France, Italie, Allemagne, Pays-Bas, Irlande, Egypte R\u00c9SULTATS Victoire fran\u00e7aise CONS\u00c9QUENCES Trait\u00e9 de Lun\u00e9ville Trait\u00e9 d&rsquo;Amiens Maintient de la R\u00e9publique fran\u00e7aise Dissolution<\/p>\n","protected":false},"author":1,"featured_media":0,"parent":0,"menu_order":0,"comment_status":"closed","ping_status":"closed","template":"","meta":{"footnotes":""},"class_list":["post-3319","page","type-page","status-publish","hentry"],"yoast_head":"<!-- This site is optimized with the Yoast SEO plugin v22.8 - https:\/\/yoast.com\/wordpress\/plugins\/seo\/ -->\n<title>2\u00e8me coalition (1798-1802) - L&#039;Histoire est un roman...<\/title>\n<meta name=\"robots\" content=\"index, follow, max-snippet:-1, max-image-preview:large, max-video-preview:-1\" \/>\n<link rel=\"canonical\" href=\"https:\/\/aline-voinot.com\/index.php\/2eme-coalition\/\" \/>\n<meta property=\"og:locale\" content=\"fr_FR\" \/>\n<meta property=\"og:type\" content=\"article\" \/>\n<meta property=\"og:title\" content=\"2\u00e8me coalition (1798-1802) - L&#039;Histoire est un roman...\" \/>\n<meta property=\"og:description\" content=\"[vc_row full_width=\u00a0\u00bbstretch_row\u00a0\u00bb css=\u00a0\u00bb.vc_custom_1519815156304{background-color: #272727 !important;}\u00a0\u00bb][vc_column width=\u00a0\u00bb1\/2&Prime;][vc_column_text] SYNOPSIS BELLLIGERANTS R\u00e9publique fran\u00e7aise contre 2\u00e8me\u00a0\u00a0coalition lev\u00e9e par la Grande-Bretagne DATE 1798-1802 LIEU France, Italie, Allemagne, Pays-Bas, Irlande, Egypte R\u00c9SULTATS Victoire fran\u00e7aise CONS\u00c9QUENCES Trait\u00e9 de Lun\u00e9ville Trait\u00e9 d&rsquo;Amiens Maintient de la R\u00e9publique fran\u00e7aise Dissolution\" \/>\n<meta property=\"og:url\" content=\"https:\/\/aline-voinot.com\/index.php\/2eme-coalition\/\" \/>\n<meta property=\"og:site_name\" content=\"L&#039;Histoire est un roman...\" \/>\n<meta property=\"article:modified_time\" content=\"2021-06-28T11:30:44+00:00\" \/>\n<meta name=\"twitter:card\" content=\"summary_large_image\" \/>\n<meta name=\"twitter:label1\" content=\"Dur\u00e9e de lecture estim\u00e9e\" \/>\n\t<meta name=\"twitter:data1\" content=\"3 minutes\" \/>\n<script type=\"application\/ld+json\" class=\"yoast-schema-graph\">{\"@context\":\"https:\/\/schema.org\",\"@graph\":[{\"@type\":\"WebPage\",\"@id\":\"https:\/\/aline-voinot.com\/index.php\/2eme-coalition\/\",\"url\":\"https:\/\/aline-voinot.com\/index.php\/2eme-coalition\/\",\"name\":\"2\u00e8me coalition (1798-1802) - L&#039;Histoire est un roman...\",\"isPartOf\":{\"@id\":\"https:\/\/aline-voinot.com\/#website\"},\"datePublished\":\"2018-03-01T08:26:09+00:00\",\"dateModified\":\"2021-06-28T11:30:44+00:00\",\"breadcrumb\":{\"@id\":\"https:\/\/aline-voinot.com\/index.php\/2eme-coalition\/#breadcrumb\"},\"inLanguage\":\"fr-FR\",\"potentialAction\":[{\"@type\":\"ReadAction\",\"target\":[\"https:\/\/aline-voinot.com\/index.php\/2eme-coalition\/\"]}]},{\"@type\":\"BreadcrumbList\",\"@id\":\"https:\/\/aline-voinot.com\/index.php\/2eme-coalition\/#breadcrumb\",\"itemListElement\":[{\"@type\":\"ListItem\",\"position\":1,\"name\":\"Accueil\",\"item\":\"https:\/\/aline-voinot.com\/\"},{\"@type\":\"ListItem\",\"position\":2,\"name\":\"2\u00e8me coalition (1798-1802)\"}]},{\"@type\":\"WebSite\",\"@id\":\"https:\/\/aline-voinot.com\/#website\",\"url\":\"https:\/\/aline-voinot.com\/\",\"name\":\"L&#039;Histoire est un roman...\",\"description\":\"&quot;Destins connus, destins crois\u00e9s&quot; la premi\u00e8re encyclop\u00e9die romanc\u00e9e...\",\"potentialAction\":[{\"@type\":\"SearchAction\",\"target\":{\"@type\":\"EntryPoint\",\"urlTemplate\":\"https:\/\/aline-voinot.com\/?s={search_term_string}\"},\"query-input\":\"required name=search_term_string\"}],\"inLanguage\":\"fr-FR\"}]}<\/script>\n<!-- \/ Yoast SEO plugin. -->","yoast_head_json":{"title":"2\u00e8me coalition (1798-1802) - L&#039;Histoire est un roman...","robots":{"index":"index","follow":"follow","max-snippet":"max-snippet:-1","max-image-preview":"max-image-preview:large","max-video-preview":"max-video-preview:-1"},"canonical":"https:\/\/aline-voinot.com\/index.php\/2eme-coalition\/","og_locale":"fr_FR","og_type":"article","og_title":"2\u00e8me coalition (1798-1802) - L&#039;Histoire est un roman...","og_description":"[vc_row full_width=\u00a0\u00bbstretch_row\u00a0\u00bb css=\u00a0\u00bb.vc_custom_1519815156304{background-color: #272727 !important;}\u00a0\u00bb][vc_column width=\u00a0\u00bb1\/2&Prime;][vc_column_text] SYNOPSIS BELLLIGERANTS R\u00e9publique fran\u00e7aise contre 2\u00e8me\u00a0\u00a0coalition lev\u00e9e par la Grande-Bretagne DATE 1798-1802 LIEU France, Italie, Allemagne, Pays-Bas, Irlande, Egypte R\u00c9SULTATS Victoire fran\u00e7aise CONS\u00c9QUENCES Trait\u00e9 de Lun\u00e9ville Trait\u00e9 d&rsquo;Amiens Maintient de la R\u00e9publique fran\u00e7aise Dissolution","og_url":"https:\/\/aline-voinot.com\/index.php\/2eme-coalition\/","og_site_name":"L&#039;Histoire est un roman...","article_modified_time":"2021-06-28T11:30:44+00:00","twitter_card":"summary_large_image","twitter_misc":{"Dur\u00e9e de lecture estim\u00e9e":"3 minutes"},"schema":{"@context":"https:\/\/schema.org","@graph":[{"@type":"WebPage","@id":"https:\/\/aline-voinot.com\/index.php\/2eme-coalition\/","url":"https:\/\/aline-voinot.com\/index.php\/2eme-coalition\/","name":"2\u00e8me coalition (1798-1802) - L&#039;Histoire est un roman...","isPartOf":{"@id":"https:\/\/aline-voinot.com\/#website"},"datePublished":"2018-03-01T08:26:09+00:00","dateModified":"2021-06-28T11:30:44+00:00","breadcrumb":{"@id":"https:\/\/aline-voinot.com\/index.php\/2eme-coalition\/#breadcrumb"},"inLanguage":"fr-FR","potentialAction":[{"@type":"ReadAction","target":["https:\/\/aline-voinot.com\/index.php\/2eme-coalition\/"]}]},{"@type":"BreadcrumbList","@id":"https:\/\/aline-voinot.com\/index.php\/2eme-coalition\/#breadcrumb","itemListElement":[{"@type":"ListItem","position":1,"name":"Accueil","item":"https:\/\/aline-voinot.com\/"},{"@type":"ListItem","position":2,"name":"2\u00e8me coalition (1798-1802)"}]},{"@type":"WebSite","@id":"https:\/\/aline-voinot.com\/#website","url":"https:\/\/aline-voinot.com\/","name":"L&#039;Histoire est un roman...","description":"&quot;Destins connus, destins crois\u00e9s&quot; la premi\u00e8re encyclop\u00e9die romanc\u00e9e...","potentialAction":[{"@type":"SearchAction","target":{"@type":"EntryPoint","urlTemplate":"https:\/\/aline-voinot.com\/?s={search_term_string}"},"query-input":"required name=search_term_string"}],"inLanguage":"fr-FR"}]}},"_links":{"self":[{"href":"https:\/\/aline-voinot.com\/index.php\/wp-json\/wp\/v2\/pages\/3319","targetHints":{"allow":["GET"]}}],"collection":[{"href":"https:\/\/aline-voinot.com\/index.php\/wp-json\/wp\/v2\/pages"}],"about":[{"href":"https:\/\/aline-voinot.com\/index.php\/wp-json\/wp\/v2\/types\/page"}],"author":[{"embeddable":true,"href":"https:\/\/aline-voinot.com\/index.php\/wp-json\/wp\/v2\/users\/1"}],"replies":[{"embeddable":true,"href":"https:\/\/aline-voinot.com\/index.php\/wp-json\/wp\/v2\/comments?post=3319"}],"version-history":[{"count":0,"href":"https:\/\/aline-voinot.com\/index.php\/wp-json\/wp\/v2\/pages\/3319\/revisions"}],"wp:attachment":[{"href":"https:\/\/aline-voinot.com\/index.php\/wp-json\/wp\/v2\/media?parent=3319"}],"curies":[{"name":"wp","href":"https:\/\/api.w.org\/{rel}","templated":true}]}}