{"id":3497,"date":"2018-03-06T21:43:08","date_gmt":"2018-03-06T20:43:08","guid":{"rendered":"http:\/\/aline-voinot.com\/?page_id=3497"},"modified":"2021-06-23T14:55:32","modified_gmt":"2021-06-23T12:55:32","slug":"batailles-navales","status":"publish","type":"page","link":"https:\/\/aline-voinot.com\/index.php\/batailles-navales\/","title":{"rendered":"Batailles navales"},"content":{"rendered":"<p>[vc_row full_width=\u00a0\u00bbstretch_row\u00a0\u00bb css=\u00a0\u00bb.vc_custom_1519929301374{background-color: #376092 !important;}\u00a0\u00bb][vc_column width=\u00a0\u00bb1\/2&Prime;][vc_row_inner][vc_column_inner css=\u00a0\u00bb.vc_custom_1519814829730{padding-right: 50px !important;}\u00a0\u00bb][vc_column_text]<\/p>\n<h6 style=\"text-align: center;\"><span style=\"color: #ffffff;\">SYNOPSIS<\/span><\/h6>\n<table>\n<tbody>\n<tr>\n<td width=\"88\"><span style=\"color: #ffffff;\"><strong>BELLLIGERANTS<\/strong><\/span><\/td>\n<td width=\"366\"><span style=\"color: #ffffff;\">R\u00e9publique fran\u00e7aise contre le Grande-Bretagne,<\/span><\/td>\n<\/tr>\n<tr>\n<td width=\"88\"><span style=\"color: #ffffff;\"><strong>DATE<\/strong><\/span><\/td>\n<td width=\"366\"><span style=\"color: #ffffff;\">1805<\/span><\/td>\n<\/tr>\n<tr>\n<td width=\"88\"><span style=\"color: #ffffff;\"><strong>LIEU<\/strong><\/span><\/td>\n<td width=\"366\"><span style=\"color: #ffffff;\">Martinique, Espagne<\/span><\/td>\n<\/tr>\n<tr>\n<td width=\"88\"><span style=\"color: #ffffff;\"><strong>CAUSUS BELLI<\/strong><\/span><\/td>\n<td width=\"366\"><span style=\"color: #ffffff;\">Apr\u00e8s la rupture de la Paix d&rsquo;Amiens, Napol\u00e9on s&rsquo;est finalement d\u00e9cid\u00e9 \u00e0 tenter l&rsquo;invasion de l&rsquo;Angleterre. Pour se faire, il a besoin de sa flotte qu&rsquo;il attend avec ses soldats au camp de Boulogne. Mais les anglais feront tout pour \u00e9viter l&rsquo;arriv\u00e9e des bateaux<\/span><\/td>\n<\/tr>\n<tr>\n<td width=\"88\"><span style=\"color: #ffffff;\"><strong>R\u00c9SULTATS<\/strong><\/span><\/td>\n<td width=\"366\"><span style=\"color: #ffffff;\">Victoire anglaise<\/span><\/td>\n<\/tr>\n<tr>\n<td width=\"88\"><span style=\"color: #ffffff;\"><strong>CONS\u00c9QUENCES<\/strong><\/span><\/td>\n<td width=\"366\"><span style=\"color: #ffffff;\">La bataille de Trafalgar met un terme d\u00e9finitif aux ambitions fran\u00e7aises de d\u00e9ployer la guerre sur le sol anglais.<\/span><\/td>\n<\/tr>\n<\/tbody>\n<\/table>\n<p>[\/vc_column_text][\/vc_column_inner][\/vc_row_inner][\/vc_column][vc_column width=\u00a0\u00bb1\/2&Prime;][vc_row_inner][vc_column_inner width=\u00a0\u00bb1\/2&Prime;][vc_column_text]<\/p>\n<h6 style=\"text-align: center;\"><span style=\"color: #ffffff;\">EMPIRE FRAN\u00c7AIS<\/span><\/h6>\n<p style=\"text-align: center;\"><span style=\"color: #ffffff;\">\u2248 30 000 hommes<\/span><\/p>\n<p style=\"text-align: center;\"><span style=\"color: #ffffff;\">dont \u2248 7 000 tu\u00e9s ou bless\u00e9s<\/span><\/p>\n<p>[\/vc_column_text][vc_btn title=\u00a0\u00bbPrincipaux commandants\u00a0\u00bb color=\u00a0\u00bbmulled-wine\u00a0\u00bb size=\u00a0\u00bblg\u00a0\u00bb align=\u00a0\u00bbcenter\u00a0\u00bb i_align=\u00a0\u00bbright\u00a0\u00bb i_type=\u00a0\u00bbentypo\u00a0\u00bb i_icon_entypo=\u00a0\u00bbentypo-icon entypo-icon-user\u00a0\u00bb button_block=\u00a0\u00bbtrue\u00a0\u00bb add_icon=\u00a0\u00bbtrue\u00a0\u00bb][vc_column_text]<span style=\"color: #ffffff;\">de Villeneuve (France)<\/span><br \/>\n<span style=\"color: #ffffff;\">Gravina y N\u00e1poli (Esp)<\/span><br \/>\n<span style=\"color: #ffffff;\">Cosmao (France)<\/span><br \/>\n<span style=\"color: #ffffff;\">Dumanoir le Pelley (France)<\/span>[\/vc_column_text][\/vc_column_inner][vc_column_inner width=\u00a0\u00bb1\/2&Prime;][vc_column_text]<\/p>\n<h6 style=\"text-align: center;\"><span style=\"color: #ffffff;\">TROISI\u00c8ME COALITION<\/span><\/h6>\n<p style=\"text-align: center;\"><span style=\"color: #ffffff;\">\u2248 20 000 hommes<\/span><\/p>\n<p style=\"text-align: center;\"><span style=\"color: #ffffff;\">dont\u00a0\u2248 1 400 tu\u00e9s ou bless\u00e9s<\/span><\/p>\n<p>[\/vc_column_text][vc_btn title=\u00a0\u00bbPrincipaux commandants\u00a0\u00bb color=\u00a0\u00bbmulled-wine\u00a0\u00bb size=\u00a0\u00bblg\u00a0\u00bb align=\u00a0\u00bbcenter\u00a0\u00bb i_align=\u00a0\u00bbright\u00a0\u00bb i_type=\u00a0\u00bbentypo\u00a0\u00bb i_icon_entypo=\u00a0\u00bbentypo-icon entypo-icon-user\u00a0\u00bb button_block=\u00a0\u00bbtrue\u00a0\u00bb add_icon=\u00a0\u00bbtrue\u00a0\u00bb][vc_column_text]<span style=\"color: #ffffff;\">Horatio Nelson \u2020 (Grande-Bretagne)<\/span><br \/>\n<span style=\"color: #ffffff;\">James Maurice (Grande-Bretagne)<\/span><br \/>\n<span style=\"color: #ffffff;\">Robert Calder (Grande-Bretagne)<\/span><br \/>\n<span style=\"color: #ffffff;\">Richard Strachan (Grande-Bretagne)<\/span><br \/>\n<span style=\"color: #ffffff;\">Cuthbert Collingwood (Grande-Bretagne)<\/span>[\/vc_column_text][\/vc_column_inner][\/vc_row_inner][vc_row_inner][vc_column_inner][vc_btn title=\u00a0\u00bbTome 1&Prime; color=\u00a0\u00bbdanger\u00a0\u00bb size=\u00a0\u00bbxs\u00a0\u00bb][\/vc_column_inner][\/vc_row_inner][\/vc_column][\/vc_row][vc_row][vc_column width=\u00a0\u00bb1\/3&Prime;][\/vc_column][vc_column width=\u00a0\u00bb1\/3&Prime;][\/vc_column][vc_column width=\u00a0\u00bb1\/3&Prime;][vc_btn title=\u00a0\u00bbVOIR LA BATAILLE DE TRAFALGAR EN DETAIL\u00a0\u00bb shape=\u00a0\u00bbsquare\u00a0\u00bb color=\u00a0\u00bbdanger\u00a0\u00bb size=\u00a0\u00bbsm\u00a0\u00bb align=\u00a0\u00bbcenter\u00a0\u00bb i_align=\u00a0\u00bbright\u00a0\u00bb i_icon_fontawesome=\u00a0\u00bbfa fa-eye\u00a0\u00bb button_block=\u00a0\u00bbtrue\u00a0\u00bb add_icon=\u00a0\u00bbtrue\u00a0\u00bb link=\u00a0\u00bburl:http%3A%2F%2Faline-voinot.com%2Findex.php%2Fbataille-de-trafalgar%2F||target:%20_blank|\u00a0\u00bb][\/vc_column][\/vc_row][vc_row][vc_column][vc_row_inner][vc_column_inner width=\u00a0\u00bb1\/3&Prime;][vc_single_image image=\u00a0\u00bb23740&Prime; img_size=\u00a0\u00bbfull\u00a0\u00bb onclick=\u00a0\u00bblink_image\u00a0\u00bb css=\u00a0\u00bb.vc_custom_1591449733586{margin-bottom: -10px !important;}\u00a0\u00bb][vc_btn title=\u00a0\u00bbBatailles Navales &#8211; Bataille du Cap Finisterre &#8211; Rocher de Diamant- Prise du rocher du diamant, pre\u0300s de la Martinique &#8211; 2 juin 1805 &#8211; Auguste Mayer &#8211; Mus\u00e9e du ch\u00e2teau de Versailles (France)\u00a0\u00bb style=\u00a0\u00bbclassic\u00a0\u00bb shape=\u00a0\u00bbsquare\u00a0\u00bb color=\u00a0\u00bbdefault\u00a0\u00bb align=\u00a0\u00bbcenter\u00a0\u00bb i_align=\u00a0\u00bbright\u00a0\u00bb i_icon_fontawesome=\u00a0\u00bbfa fa-eye\u00a0\u00bb add_icon=\u00a0\u00bbtrue\u00a0\u00bb css=\u00a0\u00bb.vc_custom_1521722104425{margin-top: -5px !important;margin-left: -5px !important;}\u00a0\u00bb link=\u00a0\u00bb|||\u00a0\u00bb][vc_column_text]<\/p>\n<table width=\"485\">\n<tbody>\n<tr>\n<td width=\"90\"><strong>Bellig\u00e9rants<\/strong><\/td>\n<td width=\"197\">Empire fran\u00e7ais, Royaume d&rsquo;Espagne<\/td>\n<td width=\"197\">Royaume de Grande-Bretagne et d&rsquo;Irlande<\/td>\n<\/tr>\n<tr>\n<td width=\"90\"><strong>Principaux<\/strong><\/p>\n<p><strong>Commandants<\/strong><\/td>\n<td width=\"197\">Jean Cosmao (Esp)<\/td>\n<td width=\"197\">James Maurice (GB)<\/td>\n<\/tr>\n<tr>\n<td width=\"90\"><strong>Forces<\/strong><\/td>\n<td width=\"197\">400 hommes<\/td>\n<td width=\"197\">100 hommes<\/td>\n<\/tr>\n<tr>\n<td width=\"90\"><strong>Pertes<\/strong><\/td>\n<td width=\"197\">50 morts ou bless\u00e9s<\/td>\n<td width=\"197\">2<\/td>\n<\/tr>\n<tr>\n<td width=\"90\"><strong>R\u00e9sultat<\/strong><\/td>\n<td width=\"197\">Victoire franco-espagnole<\/td>\n<td width=\"197\">&nbsp;<\/p>\n<p>&nbsp;<\/td>\n<\/tr>\n<\/tbody>\n<\/table>\n<p>[\/vc_column_text][\/vc_column_inner][vc_column_inner width=\u00a0\u00bb1\/3&Prime;][vc_single_image image=\u00a0\u00bb23818&Prime; img_size=\u00a0\u00bbfull\u00a0\u00bb onclick=\u00a0\u00bblink_image\u00a0\u00bb css=\u00a0\u00bb.vc_custom_1591449702245{margin-bottom: -10px !important;}\u00a0\u00bb][vc_btn title=\u00a0\u00bbBatailles Navales &#8211; Bataille du Cap Finisterre &#8211; 22 juillet 1805 &#8211; William Anderson &#8211; National Maritime Museum, London (Grande-Bretagne)\u00a0\u00bb style=\u00a0\u00bbclassic\u00a0\u00bb shape=\u00a0\u00bbsquare\u00a0\u00bb color=\u00a0\u00bbdefault\u00a0\u00bb align=\u00a0\u00bbcenter\u00a0\u00bb i_align=\u00a0\u00bbright\u00a0\u00bb i_icon_fontawesome=\u00a0\u00bbfa fa-eye\u00a0\u00bb add_icon=\u00a0\u00bbtrue\u00a0\u00bb css=\u00a0\u00bb.vc_custom_1521722178252{margin-top: -5px !important;margin-left: -5px !important;}\u00a0\u00bb link=\u00a0\u00bb|||\u00a0\u00bb][vc_column_text]<\/p>\n<table width=\"485\">\n<tbody>\n<tr>\n<td width=\"90\"><strong>Bellig\u00e9rants<\/strong><\/td>\n<td width=\"197\">Empire fran\u00e7ais, Royaume d&rsquo;Espagne<\/td>\n<td width=\"197\">Royaume de Grande-Bretagne et d&rsquo;Irlande<\/td>\n<\/tr>\n<tr>\n<td width=\"90\"><strong>Principaux<\/strong><\/p>\n<p><strong>Commandants<\/strong><\/td>\n<td width=\"197\">de Villeneuve (Fr), Gravina y N\u00e1poli (Esp)<\/td>\n<td width=\"197\">Robert Calder (GB)<\/td>\n<\/tr>\n<tr>\n<td width=\"90\"><strong>Forces<\/strong><\/td>\n<td style=\"text-align: center;\" width=\"197\">&#8211;<\/td>\n<td style=\"text-align: center;\" width=\"197\">&#8211;<\/td>\n<\/tr>\n<tr>\n<td width=\"90\"><strong>Pertes<\/strong><\/td>\n<td width=\"197\">476 morts ou bless\u00e9s<\/td>\n<td width=\"197\">200\u00a0morts ou bless\u00e9s<\/td>\n<\/tr>\n<tr>\n<td width=\"90\"><strong>R\u00e9sultat<\/strong><\/td>\n<td width=\"197\">800 prisonniers, 2 navires captur\u00e9s<\/td>\n<td width=\"197\">Victoire britannique<\/p>\n<p>&nbsp;<\/td>\n<\/tr>\n<\/tbody>\n<\/table>\n<p>[\/vc_column_text][\/vc_column_inner][vc_column_inner width=\u00a0\u00bb1\/3&Prime;][vc_single_image image=\u00a0\u00bb23752&Prime; img_size=\u00a0\u00bbfull\u00a0\u00bb onclick=\u00a0\u00bblink_image\u00a0\u00bb css=\u00a0\u00bb.vc_custom_1591449793717{margin-bottom: -10px !important;}\u00a0\u00bb][vc_btn title=\u00a0\u00bb Bataille navale &#8211; Bataille de Trafalgar &#8211; 21 octobre 1805 &#8211; La bataille de Trafalgar, situation a\u0300 13 heures &#8211; Nicholas Pocock &#8211; Lieu de conservation inconnu\u00a0\u00bb style=\u00a0\u00bbclassic\u00a0\u00bb shape=\u00a0\u00bbsquare\u00a0\u00bb color=\u00a0\u00bbdefault\u00a0\u00bb align=\u00a0\u00bbcenter\u00a0\u00bb i_align=\u00a0\u00bbright\u00a0\u00bb i_icon_fontawesome=\u00a0\u00bbfa fa-eye\u00a0\u00bb add_icon=\u00a0\u00bbtrue\u00a0\u00bb css=\u00a0\u00bb.vc_custom_1591449745208{margin-top: -5px !important;margin-left: -5px !important;}\u00a0\u00bb link=\u00a0\u00bburl:http%3A%2F%2Faline-voinot.com%2Findex.php%2Fbataille-de-trafalgar%2F|||\u00a0\u00bb][vc_column_text]<\/p>\n<table width=\"485\">\n<tbody>\n<tr>\n<td width=\"90\"><strong>Bellig\u00e9rants<\/strong><\/td>\n<td width=\"197\">Empire fran\u00e7ais, Royaume d&rsquo;Espagne<\/td>\n<td width=\"197\">Royaume de Grande-Bretagne et d&rsquo;Irlande<\/td>\n<\/tr>\n<tr>\n<td width=\"90\"><strong>Principaux<\/strong><\/p>\n<p><strong>Commandants<\/strong><\/td>\n<td width=\"197\">de Villeneuve (Fr), Gravina y N\u00e1poli (Esp)<\/td>\n<td width=\"197\">Nelson\u00a0\u2020 (GB), Collingwood (GB)<\/td>\n<\/tr>\n<tr>\n<td width=\"90\"><strong>Forces<\/strong><\/td>\n<td style=\"text-align: center;\" width=\"197\">26 000 h<\/td>\n<td style=\"text-align: center;\" width=\"197\">18 500 hommes<\/td>\n<\/tr>\n<tr>\n<td width=\"90\"><strong>Pertes<\/strong><\/td>\n<td width=\"197\">5 800 morts ou bless\u00e9s<\/td>\n<td width=\"197\">1 700 morts ou bless\u00e9s<\/td>\n<\/tr>\n<tr>\n<td width=\"90\"><strong>R\u00e9sultat<\/strong><\/td>\n<td width=\"197\">8 000 prisonniers, 17 navires captur\u00e9s, 4 d\u00e9truits<\/td>\n<td width=\"197\">Victoire britannique<\/p>\n<p>&nbsp;<\/td>\n<\/tr>\n<\/tbody>\n<\/table>\n<p>[\/vc_column_text][vc_column_text]En savoir plus sur la <a href=\"https:\/\/aline-voinot.com\/index.php\/bataille-de-trafalgar\/\">bataille de Trafalgar<\/a>[\/vc_column_text][\/vc_column_inner][\/vc_row_inner][vc_row_inner][vc_column_inner width=\u00a0\u00bb1\/3&Prime;][vc_single_image image=\u00a0\u00bb23739&Prime; img_size=\u00a0\u00bbfull\u00a0\u00bb onclick=\u00a0\u00bblink_image\u00a0\u00bb css=\u00a0\u00bb.vc_custom_1591449882094{margin-bottom: -10px !important;}\u00a0\u00bb][vc_btn title=\u00a0\u00bbBatailles Navales &#8211; Bataille du Cap Ortegal &#8211; 3 novembre 1805 &#8211; Thomas Whitcombe &#8211; Lieu de conservation inconnu\u00a0\u00bb style=\u00a0\u00bbclassic\u00a0\u00bb shape=\u00a0\u00bbsquare\u00a0\u00bb color=\u00a0\u00bbdefault\u00a0\u00bb align=\u00a0\u00bbcenter\u00a0\u00bb i_align=\u00a0\u00bbright\u00a0\u00bb i_icon_fontawesome=\u00a0\u00bbfa fa-eye\u00a0\u00bb add_icon=\u00a0\u00bbtrue\u00a0\u00bb css=\u00a0\u00bb.vc_custom_1591449809445{margin-top: -5px !important;margin-left: -5px !important;}\u00a0\u00bb link=\u00a0\u00bb|||\u00a0\u00bb][vc_column_text]<\/p>\n<table width=\"485\">\n<tbody>\n<tr>\n<td width=\"90\"><strong>Bellig\u00e9rants<\/strong><\/td>\n<td width=\"197\">Empire fran\u00e7ais<\/td>\n<td width=\"197\">Royaume de Grande-Bretagne et d&rsquo;Irlande<\/td>\n<\/tr>\n<tr>\n<td width=\"90\"><strong>Principaux<\/strong><\/p>\n<p><strong>Commandants<\/strong><\/td>\n<td width=\"197\">Dumanoir le Pelley (Fr),<\/td>\n<td width=\"197\">Strachan (GB)<\/td>\n<\/tr>\n<tr>\n<td width=\"90\"><strong>Forces<\/strong><\/td>\n<td style=\"text-align: center;\" width=\"197\">&#8211;<\/td>\n<td style=\"text-align: center;\" width=\"197\">&#8211;<\/td>\n<\/tr>\n<tr>\n<td width=\"90\"><strong>Pertes<\/strong><\/td>\n<td width=\"197\">7 30 morts ou bless\u00e9s<\/td>\n<td width=\"197\">1 40 morts ou bless\u00e9s<\/td>\n<\/tr>\n<tr>\n<td width=\"90\"><strong>R\u00e9sultat<\/strong><\/td>\n<td width=\"197\"><\/td>\n<td width=\"197\">Victoire britannique<\/td>\n<\/tr>\n<\/tbody>\n<\/table>\n<p>[\/vc_column_text][\/vc_column_inner][vc_column_inner width=\u00a0\u00bb1\/3&Prime;][\/vc_column_inner][vc_column_inner width=\u00a0\u00bb1\/3&Prime;][\/vc_column_inner][\/vc_row_inner][\/vc_column][\/vc_row]<\/p>\n","protected":false},"excerpt":{"rendered":"<p>[vc_row full_width=\u00a0\u00bbstretch_row\u00a0\u00bb css=\u00a0\u00bb.vc_custom_1519929301374{background-color: #376092 !important;}\u00a0\u00bb][vc_column width=\u00a0\u00bb1\/2&Prime;][vc_row_inner][vc_column_inner css=\u00a0\u00bb.vc_custom_1519814829730{padding-right: 50px !important;}\u00a0\u00bb][vc_column_text] SYNOPSIS BELLLIGERANTS R\u00e9publique fran\u00e7aise contre le Grande-Bretagne, DATE 1805 LIEU Martinique, Espagne CAUSUS BELLI Apr\u00e8s la rupture de la Paix d&rsquo;Amiens, Napol\u00e9on s&rsquo;est finalement d\u00e9cid\u00e9 \u00e0 tenter l&rsquo;invasion de l&rsquo;Angleterre. Pour<\/p>\n","protected":false},"author":1,"featured_media":0,"parent":0,"menu_order":0,"comment_status":"closed","ping_status":"closed","template":"","meta":{"footnotes":""},"class_list":["post-3497","page","type-page","status-publish","hentry"],"yoast_head":"<!-- This site is optimized with the Yoast SEO plugin v22.8 - https:\/\/yoast.com\/wordpress\/plugins\/seo\/ -->\n<title>Batailles navales - L&#039;Histoire est un roman...<\/title>\n<meta name=\"robots\" content=\"index, follow, max-snippet:-1, max-image-preview:large, max-video-preview:-1\" \/>\n<link rel=\"canonical\" href=\"https:\/\/aline-voinot.com\/index.php\/batailles-navales\/\" \/>\n<meta property=\"og:locale\" content=\"fr_FR\" \/>\n<meta property=\"og:type\" content=\"article\" \/>\n<meta property=\"og:title\" content=\"Batailles navales - L&#039;Histoire est un roman...\" \/>\n<meta property=\"og:description\" content=\"[vc_row full_width=\u00a0\u00bbstretch_row\u00a0\u00bb css=\u00a0\u00bb.vc_custom_1519929301374{background-color: #376092 !important;}\u00a0\u00bb][vc_column width=\u00a0\u00bb1\/2&Prime;][vc_row_inner][vc_column_inner css=\u00a0\u00bb.vc_custom_1519814829730{padding-right: 50px !important;}\u00a0\u00bb][vc_column_text] SYNOPSIS BELLLIGERANTS R\u00e9publique fran\u00e7aise contre le Grande-Bretagne, DATE 1805 LIEU Martinique, Espagne CAUSUS BELLI Apr\u00e8s la rupture de la Paix d&rsquo;Amiens, Napol\u00e9on s&rsquo;est finalement d\u00e9cid\u00e9 \u00e0 tenter l&rsquo;invasion de l&rsquo;Angleterre. Pour\" \/>\n<meta property=\"og:url\" content=\"https:\/\/aline-voinot.com\/index.php\/batailles-navales\/\" \/>\n<meta property=\"og:site_name\" content=\"L&#039;Histoire est un roman...\" \/>\n<meta property=\"article:modified_time\" content=\"2021-06-23T12:55:32+00:00\" \/>\n<meta name=\"twitter:card\" content=\"summary_large_image\" \/>\n<meta name=\"twitter:label1\" content=\"Dur\u00e9e de lecture estim\u00e9e\" \/>\n\t<meta name=\"twitter:data1\" content=\"5 minutes\" \/>\n<script type=\"application\/ld+json\" class=\"yoast-schema-graph\">{\"@context\":\"https:\/\/schema.org\",\"@graph\":[{\"@type\":\"WebPage\",\"@id\":\"https:\/\/aline-voinot.com\/index.php\/batailles-navales\/\",\"url\":\"https:\/\/aline-voinot.com\/index.php\/batailles-navales\/\",\"name\":\"Batailles navales - L&#039;Histoire est un roman...\",\"isPartOf\":{\"@id\":\"https:\/\/aline-voinot.com\/#website\"},\"datePublished\":\"2018-03-06T20:43:08+00:00\",\"dateModified\":\"2021-06-23T12:55:32+00:00\",\"breadcrumb\":{\"@id\":\"https:\/\/aline-voinot.com\/index.php\/batailles-navales\/#breadcrumb\"},\"inLanguage\":\"fr-FR\",\"potentialAction\":[{\"@type\":\"ReadAction\",\"target\":[\"https:\/\/aline-voinot.com\/index.php\/batailles-navales\/\"]}]},{\"@type\":\"BreadcrumbList\",\"@id\":\"https:\/\/aline-voinot.com\/index.php\/batailles-navales\/#breadcrumb\",\"itemListElement\":[{\"@type\":\"ListItem\",\"position\":1,\"name\":\"Accueil\",\"item\":\"https:\/\/aline-voinot.com\/\"},{\"@type\":\"ListItem\",\"position\":2,\"name\":\"Batailles navales\"}]},{\"@type\":\"WebSite\",\"@id\":\"https:\/\/aline-voinot.com\/#website\",\"url\":\"https:\/\/aline-voinot.com\/\",\"name\":\"L&#039;Histoire est un roman...\",\"description\":\"&quot;Destins connus, destins crois\u00e9s&quot; la premi\u00e8re encyclop\u00e9die romanc\u00e9e...\",\"potentialAction\":[{\"@type\":\"SearchAction\",\"target\":{\"@type\":\"EntryPoint\",\"urlTemplate\":\"https:\/\/aline-voinot.com\/?s={search_term_string}\"},\"query-input\":\"required name=search_term_string\"}],\"inLanguage\":\"fr-FR\"}]}<\/script>\n<!-- \/ Yoast SEO plugin. -->","yoast_head_json":{"title":"Batailles navales - L&#039;Histoire est un roman...","robots":{"index":"index","follow":"follow","max-snippet":"max-snippet:-1","max-image-preview":"max-image-preview:large","max-video-preview":"max-video-preview:-1"},"canonical":"https:\/\/aline-voinot.com\/index.php\/batailles-navales\/","og_locale":"fr_FR","og_type":"article","og_title":"Batailles navales - L&#039;Histoire est un roman...","og_description":"[vc_row full_width=\u00a0\u00bbstretch_row\u00a0\u00bb css=\u00a0\u00bb.vc_custom_1519929301374{background-color: #376092 !important;}\u00a0\u00bb][vc_column width=\u00a0\u00bb1\/2&Prime;][vc_row_inner][vc_column_inner css=\u00a0\u00bb.vc_custom_1519814829730{padding-right: 50px !important;}\u00a0\u00bb][vc_column_text] SYNOPSIS BELLLIGERANTS R\u00e9publique fran\u00e7aise contre le Grande-Bretagne, DATE 1805 LIEU Martinique, Espagne CAUSUS BELLI Apr\u00e8s la rupture de la Paix d&rsquo;Amiens, Napol\u00e9on s&rsquo;est finalement d\u00e9cid\u00e9 \u00e0 tenter l&rsquo;invasion de l&rsquo;Angleterre. Pour","og_url":"https:\/\/aline-voinot.com\/index.php\/batailles-navales\/","og_site_name":"L&#039;Histoire est un roman...","article_modified_time":"2021-06-23T12:55:32+00:00","twitter_card":"summary_large_image","twitter_misc":{"Dur\u00e9e de lecture estim\u00e9e":"5 minutes"},"schema":{"@context":"https:\/\/schema.org","@graph":[{"@type":"WebPage","@id":"https:\/\/aline-voinot.com\/index.php\/batailles-navales\/","url":"https:\/\/aline-voinot.com\/index.php\/batailles-navales\/","name":"Batailles navales - L&#039;Histoire est un roman...","isPartOf":{"@id":"https:\/\/aline-voinot.com\/#website"},"datePublished":"2018-03-06T20:43:08+00:00","dateModified":"2021-06-23T12:55:32+00:00","breadcrumb":{"@id":"https:\/\/aline-voinot.com\/index.php\/batailles-navales\/#breadcrumb"},"inLanguage":"fr-FR","potentialAction":[{"@type":"ReadAction","target":["https:\/\/aline-voinot.com\/index.php\/batailles-navales\/"]}]},{"@type":"BreadcrumbList","@id":"https:\/\/aline-voinot.com\/index.php\/batailles-navales\/#breadcrumb","itemListElement":[{"@type":"ListItem","position":1,"name":"Accueil","item":"https:\/\/aline-voinot.com\/"},{"@type":"ListItem","position":2,"name":"Batailles navales"}]},{"@type":"WebSite","@id":"https:\/\/aline-voinot.com\/#website","url":"https:\/\/aline-voinot.com\/","name":"L&#039;Histoire est un roman...","description":"&quot;Destins connus, destins crois\u00e9s&quot; la premi\u00e8re encyclop\u00e9die romanc\u00e9e...","potentialAction":[{"@type":"SearchAction","target":{"@type":"EntryPoint","urlTemplate":"https:\/\/aline-voinot.com\/?s={search_term_string}"},"query-input":"required name=search_term_string"}],"inLanguage":"fr-FR"}]}},"_links":{"self":[{"href":"https:\/\/aline-voinot.com\/index.php\/wp-json\/wp\/v2\/pages\/3497","targetHints":{"allow":["GET"]}}],"collection":[{"href":"https:\/\/aline-voinot.com\/index.php\/wp-json\/wp\/v2\/pages"}],"about":[{"href":"https:\/\/aline-voinot.com\/index.php\/wp-json\/wp\/v2\/types\/page"}],"author":[{"embeddable":true,"href":"https:\/\/aline-voinot.com\/index.php\/wp-json\/wp\/v2\/users\/1"}],"replies":[{"embeddable":true,"href":"https:\/\/aline-voinot.com\/index.php\/wp-json\/wp\/v2\/comments?post=3497"}],"version-history":[{"count":0,"href":"https:\/\/aline-voinot.com\/index.php\/wp-json\/wp\/v2\/pages\/3497\/revisions"}],"wp:attachment":[{"href":"https:\/\/aline-voinot.com\/index.php\/wp-json\/wp\/v2\/media?parent=3497"}],"curies":[{"name":"wp","href":"https:\/\/api.w.org\/{rel}","templated":true}]}}