{"id":3632,"date":"2018-03-10T08:32:55","date_gmt":"2018-03-10T07:32:55","guid":{"rendered":"http:\/\/aline-voinot.com\/?page_id=3632"},"modified":"2021-06-23T14:25:06","modified_gmt":"2021-06-23T12:25:06","slug":"campagne-dallemagne","status":"publish","type":"page","link":"https:\/\/aline-voinot.com\/index.php\/campagne-dallemagne\/","title":{"rendered":"Campagne d&rsquo;Allemagne"},"content":{"rendered":"<p>[vc_row full_width=\u00a0\u00bbstretch_row\u00a0\u00bb css=\u00a0\u00bb.vc_custom_1519929301374{background-color: #376092 !important;}\u00a0\u00bb][vc_column width=\u00a0\u00bb1\/2&Prime;][vc_column_text]<\/p>\n<h6 style=\"text-align: center;\"><span style=\"color: #ffffff;\">SYNOPSIS<\/span><\/h6>\n<table>\n<tbody>\n<tr>\n<td width=\"88\"><span style=\"color: #ffffff;\"><strong>BELLLIG\u00c9RANTS<\/strong><\/span><\/td>\n<td width=\"366\"><span style=\"color: #ffffff;\">Empire fran\u00e7ais contre la troisi\u00e8me coalition men\u00e9e par le Royaume-Uni de Grande-Bretagne et d&rsquo;Irlande et ses alli\u00e9s Empire d&rsquo;Autriche, Empire Russe et le Royaume de Su\u00e8de<\/span><\/td>\n<\/tr>\n<tr>\n<td width=\"88\"><span style=\"color: #ffffff;\"><strong>DATE<\/strong><\/span><\/td>\n<td width=\"366\"><span style=\"color: #ffffff;\">1805<\/span><\/td>\n<\/tr>\n<tr>\n<td width=\"88\"><span style=\"color: #ffffff;\"><strong>LIEU<\/strong><\/span><\/td>\n<td width=\"366\"><span style=\"color: #ffffff;\">Europe centrale, Italie et Espagne<\/span><\/td>\n<\/tr>\n<tr>\n<td width=\"88\"><span style=\"color: #ffffff;\"><strong>CAUSUS BELLI<\/strong><\/span><\/td>\n<td width=\"366\"><span style=\"color: #ffffff;\">Les causes sont multiples, car outre l&rsquo;\u00e9chec du trait\u00e9 d&rsquo;Amiens, les Anglais doivent absolument \u00e9viter le d\u00e9barquement des forces fran\u00e7aises mass\u00e9es \u00e0 Boulogne. Elle n&rsquo;aura pas de mal \u00e0 convaincre ses alli\u00e9s face au d\u00e9veloppement de la menace fran\u00e7aise suite \u00e0 la proclamation de l&rsquo;Empire et \u00e0 sa domination en Italie et en Allemagne.<\/span><\/td>\n<\/tr>\n<tr>\n<td width=\"88\"><span style=\"color: #ffffff;\"><strong>CONTEXTE<\/strong><\/span><\/td>\n<td width=\"366\"><span style=\"color: #ffffff;\">La coalition a cherch\u00e9 \u00e0 profiter de la concentration des forces fran\u00e7aises \u00e0 Boulogne en vue d&rsquo;attaquer l&rsquo;Angleterre, pour mener une op\u00e9ration sur le front de l&rsquo;Est. Mais Napol\u00e9on a surpris tout le monde en d\u00e9pla\u00e7ant dans le secret et avec une rapidit\u00e9 extr\u00eame pour surprendre et attaquer ceux qui croyaient \u00eatre les assaillants.<\/span><\/td>\n<\/tr>\n<tr>\n<td width=\"88\"><span style=\"color: #ffffff;\"><strong>R\u00c9SULTATS<\/strong><\/span><\/td>\n<td width=\"366\"><span style=\"color: #ffffff;\">Victoire fran\u00e7aise<\/span><\/td>\n<\/tr>\n<tr>\n<td width=\"88\"><span style=\"color: #ffffff;\"><strong>CONS\u00c9QUENCES<\/strong><\/span><\/td>\n<td width=\"366\"><span style=\"color: #ffffff;\">Trait\u00e9 de Presbourg<\/span><\/p>\n<p><span style=\"color: #ffffff;\">D\u00e9mission de William Pitt\u00a0<em>Le jeune<\/em><\/span><\/td>\n<\/tr>\n<\/tbody>\n<\/table>\n<p>[\/vc_column_text][\/vc_column][vc_column width=\u00a0\u00bb1\/4&Prime;][vc_column_text]<\/p>\n<h6 style=\"text-align: center;\"><span style=\"color: #ffffff;\">PREMIER EMPIRE FRAN\u00c7AIS<\/span><\/h6>\n<p style=\"text-align: center;\"><span style=\"color: #ffffff;\">73 100 hommes dont\u00a01 500 tu\u00e9s, 7 000 bless\u00e9s, 1 drapeau<\/span><\/p>\n<p>&nbsp;[\/vc_column_text][vc_btn title=\u00a0\u00bbPrincipaux commandants\u00a0\u00bb color=\u00a0\u00bbmulled-wine\u00a0\u00bb size=\u00a0\u00bblg\u00a0\u00bb align=\u00a0\u00bbcenter\u00a0\u00bb i_align=\u00a0\u00bbright\u00a0\u00bb i_type=\u00a0\u00bbentypo\u00a0\u00bb i_icon_entypo=\u00a0\u00bbentypo-icon entypo-icon-user\u00a0\u00bb button_block=\u00a0\u00bbtrue\u00a0\u00bb add_icon=\u00a0\u00bbtrue\u00a0\u00bb][vc_column_text]<\/p>\n<p><span style=\"color: #ffffff;\"><a style=\"color: #ffffff;\" href=\"https:\/\/aline-voinot.com\/index.php\/napoleon-bonaparte\/\">Napl\u00e9on Ier<\/a> (Fr)<\/span><\/p>\n<p><span style=\"color: #ffffff;\"><a style=\"color: #ffffff;\" href=\"https:\/\/aline-voinot.com\/index.php\/andre-massena\/\">Andr\u00e9 Massena<\/a> (Fr)<\/span><\/p>\n<p><span style=\"color: #ffffff;\"><a style=\"color: #ffffff;\" href=\"https:\/\/aline-voinot.com\/index.php\/michel-ney-duc-delchingen-prince-de-la-moskowa\/\">Michel Ney<\/a> (Fr)<\/span><\/p>\n<p><span style=\"color: #ffffff;\"><a style=\"color: #ffffff;\" href=\"https:\/\/aline-voinot.com\/index.php\/jean-lannes-duc-de-montebello\/\">Jean Lannes<\/a> (Fr)<\/span><\/p>\n<p><span style=\"color: #ffffff;\"><a style=\"color: #ffffff;\" href=\"https:\/\/aline-voinot.com\/index.php\/jean-baptiste-bernadotte-dit-charles-xiv-jean-de-suede-et-charles-iii-jean-de-norvege\/\">JBaptiste Bernadotte<\/a> (Fr)<\/span><\/p>\n<p><span style=\"color: #ffffff;\"><a style=\"color: #ffffff;\" href=\"https:\/\/aline-voinot.com\/index.php\/joachim-murat-grand-duc-de-berg-et-de-cleves\/\">Joachim Mura<\/a>t (Fr)<\/span><\/p>\n<p>[\/vc_column_text][vc_btn title=\u00a0\u00bbTome 1&Prime; color=\u00a0\u00bbdanger\u00a0\u00bb size=\u00a0\u00bbxs\u00a0\u00bb][\/vc_column][vc_column width=\u00a0\u00bb1\/4&Prime;][vc_column_text]<\/p>\n<h6 style=\"text-align: center;\"><span style=\"color: #ffffff;\">TROISI\u00c8ME COALITION<\/span><\/h6>\n<p style=\"text-align: center;\"><span style=\"color: #ffffff;\">85 700 hommes <\/span><span style=\"color: #ffffff;\">dont 16 000 tu\u00e9s ou bless\u00e9s, 11 000 prisonniers, 45 drapeaux<\/span><\/p>\n<p>[\/vc_column_text][vc_btn title=\u00a0\u00bbPrincipaux commandants\u00a0\u00bb color=\u00a0\u00bbmulled-wine\u00a0\u00bb size=\u00a0\u00bblg\u00a0\u00bb align=\u00a0\u00bbcenter\u00a0\u00bb i_align=\u00a0\u00bbright\u00a0\u00bb i_type=\u00a0\u00bbentypo\u00a0\u00bb i_icon_entypo=\u00a0\u00bbentypo-icon entypo-icon-user\u00a0\u00bb button_block=\u00a0\u00bbtrue\u00a0\u00bb add_icon=\u00a0\u00bbtrue\u00a0\u00bb][vc_column_text]<\/p>\n<p><span style=\"color: #ffffff;\"><a style=\"color: #ffffff;\" title=\"\" href=\"https:\/\/fr.wikipedia.org\/wiki\/Karl_Mack\">Karl Mack von Leiberich<\/a> (Aut)<\/span><\/p>\n<p><span style=\"color: #ffffff;\"><a style=\"color: #ffffff;\" title=\"\" href=\"https:\/\/fr.wikipedia.org\/wiki\/Charles-Louis_d%27Autriche-Teschen\">Charles Louis d&rsquo;Autriche<\/a> (Aut)<\/span><\/p>\n<p><span style=\"color: #ffffff;\"><a class=\"mw-redirect\" style=\"color: #ffffff;\" title=\"\" href=\"https:\/\/fr.wikipedia.org\/wiki\/Ferdinand_d%27Autriche\">Ferdinand d&rsquo;Autriche<\/a> (Aut)<\/span><\/p>\n<p><span style=\"color: #ffffff;\"><a style=\"color: #ffffff;\" title=\"\" href=\"https:\/\/fr.wikipedia.org\/wiki\/Franz_von_Weyrother\">Franz von Weyrother<\/a> (Aut)<\/span><\/p>\n<p><span style=\"color: #ffffff;\"><a style=\"color: #ffffff;\" title=\"\" href=\"https:\/\/fr.wikipedia.org\/wiki\/Piotr_Ivanovitch_Bagration\">Pierre de Bagration<\/a> (Ru)<\/span><\/p>\n<p>[\/vc_column_text][\/vc_column][\/vc_row][vc_row][vc_column][vc_column_text]Finaliser tableaux et liens boutons\u00a0 cartes[\/vc_column_text][vc_row_inner][vc_column_inner width=\u00a0\u00bb1\/3&Prime;][vc_single_image image=\u00a0\u00bb23829&Prime; img_size=\u00a0\u00bbfull\u00a0\u00bb onclick=\u00a0\u00bblink_image\u00a0\u00bb css=\u00a0\u00bb.vc_custom_1591445159029{margin-bottom: -10px !important;}\u00a0\u00bb][vc_btn title=\u00a0\u00bbBataille de Donauw\u00f6rth (Allemagne) &#8211; 7 octobre 1805 &#8211; Victoire fran\u00e7aise\u00a0\u00bb style=\u00a0\u00bbclassic\u00a0\u00bb shape=\u00a0\u00bbsquare\u00a0\u00bb color=\u00a0\u00bbdefault\u00a0\u00bb align=\u00a0\u00bbcenter\u00a0\u00bb i_align=\u00a0\u00bbright\u00a0\u00bb i_icon_fontawesome=\u00a0\u00bbfa fa-eye\u00a0\u00bb button_block=\u00a0\u00bbtrue\u00a0\u00bb add_icon=\u00a0\u00bbtrue\u00a0\u00bb css=\u00a0\u00bb.vc_custom_1591444271872{margin-top: -5px !important;margin-left: -5px !important;}\u00a0\u00bb link=\u00a0\u00bburl:https%3A%2F%2Ffr.wikipedia.org%2Fwiki%2FBataille_de_Donauw%25C3%25B6rth||target:%20_blank|\u00a0\u00bb][\/vc_column_inner][vc_column_inner width=\u00a0\u00bb1\/3&Prime;][vc_single_image image=\u00a0\u00bb23798&Prime; img_size=\u00a0\u00bbfull\u00a0\u00bb onclick=\u00a0\u00bblink_image\u00a0\u00bb css=\u00a0\u00bb.vc_custom_1591445148264{margin-bottom: -10px !important;}\u00a0\u00bb][vc_btn title=\u00a0\u00bbBataille de Wertingen (Allemagne) le 8 Oct 1805 -Gravure du bas-relief repr\u00e9sentant Murat repoussant l&rsquo;ennemi &#8211; Colonne Vend\u00f4me, Paris (France)\u00a0\u00bb style=\u00a0\u00bbclassic\u00a0\u00bb shape=\u00a0\u00bbsquare\u00a0\u00bb color=\u00a0\u00bbdefault\u00a0\u00bb align=\u00a0\u00bbcenter\u00a0\u00bb i_align=\u00a0\u00bbright\u00a0\u00bb i_icon_fontawesome=\u00a0\u00bbfa fa-eye\u00a0\u00bb button_block=\u00a0\u00bbtrue\u00a0\u00bb add_icon=\u00a0\u00bbtrue\u00a0\u00bb css=\u00a0\u00bb.vc_custom_1591445050068{margin-top: -5px !important;margin-left: -5px !important;}\u00a0\u00bb link=\u00a0\u00bburl:https%3A%2F%2Ffr.wikipedia.org%2Fwiki%2FBataille_de_Wertingen%23%2Fmedia%2FFichier%3AColonne_de_la_Grande_Arm%25C3%25A9e_Bataille_de_Wertingen_bas-relief-15.jpg||target:%20_blank|\u00a0\u00bb][\/vc_column_inner][vc_column_inner width=\u00a0\u00bb1\/3&Prime;][vc_single_image image=\u00a0\u00bb23791&Prime; img_size=\u00a0\u00bbfull\u00a0\u00bb onclick=\u00a0\u00bblink_image\u00a0\u00bb css=\u00a0\u00bb.vc_custom_1591445137739{margin-bottom: -10px !important;}\u00a0\u00bb][vc_single_image image=\u00a0\u00bb3596&Prime; img_size=\u00a0\u00bbfull\u00a0\u00bb onclick=\u00a0\u00bbcustom_link\u00a0\u00bb img_link_target=\u00a0\u00bb_blank\u00a0\u00bb css=\u00a0\u00bb.vc_custom_1520670842484{margin-bottom: -10px !important;}\u00a0\u00bb link=\u00a0\u00bbhttp:\/\/www.culture.gouv.fr\/public\/mistral\/joconde_fr?ACTION=RETROUVER&amp;FIELD_98=REPR&amp;VALUE_98=%27Bavi%e8re%27&amp;NUMBER=2&amp;GRP=0&amp;REQ=%28%28%27Bavi%e8re%27%29%20%3aREPR%20%29&amp;USRNAME=nobody&amp;USRPWD=4%24%2534P&amp;SPEC=5&amp;SYN=1&amp;IMLY=&amp;MAX1=1&amp;MAX2=1&amp;MAX3=200&amp;DOM=All\u00a0\u00bb][vc_btn title=\u00a0\u00bbCapitulation de Memmingen, le 14 octobre 1805 &#8211; Victor Adam- Ch\u00e2teau de Versailles (France)\u00a0\u00bb style=\u00a0\u00bbclassic\u00a0\u00bb shape=\u00a0\u00bbsquare\u00a0\u00bb color=\u00a0\u00bbdefault\u00a0\u00bb align=\u00a0\u00bbcenter\u00a0\u00bb i_align=\u00a0\u00bbright\u00a0\u00bb i_icon_fontawesome=\u00a0\u00bbfa fa-eye\u00a0\u00bb add_icon=\u00a0\u00bbtrue\u00a0\u00bb css=\u00a0\u00bb.vc_custom_1591445523858{margin-top: -5px !important;margin-left: -5px !important;}\u00a0\u00bb link=\u00a0\u00bburl:https%3A%2F%2Ffr.wikipedia.org%2Fwiki%2FCombat_de_Memmingen||target:%20_blank|\u00a0\u00bb][\/vc_column_inner][\/vc_row_inner][vc_row_inner][vc_column_inner width=\u00a0\u00bb1\/3&Prime;][vc_single_image image=\u00a0\u00bb23790&Prime; img_size=\u00a0\u00bbfull\u00a0\u00bb onclick=\u00a0\u00bblink_image\u00a0\u00bb css=\u00a0\u00bb.vc_custom_1591445741665{margin-bottom: -10px !important;}\u00a0\u00bb][vc_btn title=\u00a0\u00bbLa bataille Echlingen sous le commandement de Ney, le 14 octobre 1805-Johann VOLZ-Collection prive\u0301e\u00a0\u00bb style=\u00a0\u00bbclassic\u00a0\u00bb shape=\u00a0\u00bbsquare\u00a0\u00bb color=\u00a0\u00bbdefault\u00a0\u00bb align=\u00a0\u00bbcenter\u00a0\u00bb i_align=\u00a0\u00bbright\u00a0\u00bb i_icon_fontawesome=\u00a0\u00bbfa fa-eye\u00a0\u00bb add_icon=\u00a0\u00bbtrue\u00a0\u00bb css=\u00a0\u00bb.vc_custom_1624450899870{margin-top: -5px !important;margin-left: -5px !important;}\u00a0\u00bb link=\u00a0\u00bburl:https%3A%2F%2Ffr.wikipedia.org%2Fwiki%2FBataille_d&rsquo;Elchingen||target:%20_blank|\u00a0\u00bb][\/vc_column_inner][vc_column_inner width=\u00a0\u00bb1\/3&Prime;][vc_single_image image=\u00a0\u00bb23832&Prime; img_size=\u00a0\u00bbfull\u00a0\u00bb onclick=\u00a0\u00bblink_image\u00a0\u00bb css=\u00a0\u00bb.vc_custom_1591446341044{margin-bottom: -10px !important;}\u00a0\u00bb][vc_btn title=\u00a0\u00bbLa reddition d&rsquo;Ulm, le 20 octobre 1805, Napole\u0301on Ier recevant la capitulation du ge\u0301ne\u0301ral Mack- Charles The\u0301venin- Chateau de Versailles\u00a0\u00bb style=\u00a0\u00bbclassic\u00a0\u00bb shape=\u00a0\u00bbsquare\u00a0\u00bb color=\u00a0\u00bbdefault\u00a0\u00bb align=\u00a0\u00bbcenter\u00a0\u00bb i_align=\u00a0\u00bbright\u00a0\u00bb i_icon_fontawesome=\u00a0\u00bbfa fa-eye\u00a0\u00bb add_icon=\u00a0\u00bbtrue\u00a0\u00bb css=\u00a0\u00bb.vc_custom_1591446256507{margin-top: -5px !important;margin-left: -5px !important;}\u00a0\u00bb link=\u00a0\u00bburl:https%3A%2F%2Ffr.wikipedia.org%2Fwiki%2FBataille_d%2527Ulm%23%2Fmedia%2FFichier%3ACharles_Th%25C3%25A9venin_-_Reddition_de_la_ville_d&rsquo;Ulm.jpg||target:%20_blank|\u00a0\u00bb][\/vc_column_inner][vc_column_inner width=\u00a0\u00bb1\/3&Prime;][vc_single_image image=\u00a0\u00bb23775&Prime; img_size=\u00a0\u00bbfull\u00a0\u00bb onclick=\u00a0\u00bblink_image\u00a0\u00bb css=\u00a0\u00bb.vc_custom_1591446481106{margin-bottom: -10px !important;}\u00a0\u00bb][vc_btn title=\u00a0\u00bbLe mare\u0301chal Mortier a\u0300 la bataille de Du\u0308renstein, le 11 novembre 1805 &#8211; 1840 &#8211; A.Sandoz &#8211; Gravure &#8211; Lieu de conservation inconnu\u00a0\u00bb style=\u00a0\u00bbclassic\u00a0\u00bb shape=\u00a0\u00bbsquare\u00a0\u00bb color=\u00a0\u00bbdefault\u00a0\u00bb align=\u00a0\u00bbcenter\u00a0\u00bb i_align=\u00a0\u00bbright\u00a0\u00bb i_icon_fontawesome=\u00a0\u00bbfa fa-eye\u00a0\u00bb add_icon=\u00a0\u00bbtrue\u00a0\u00bb css=\u00a0\u00bb.vc_custom_1591446583947{margin-top: -5px !important;margin-left: -5px !important;}\u00a0\u00bb link=\u00a0\u00bburl:https%3A%2F%2Ffr.wikipedia.org%2Fwiki%2FBataille_de_D%25C3%25BCrenstein%23%2Fmedia%2FFichier%3ABattle_of_durenstein_1805.png||target:%20_blank|\u00a0\u00bb][\/vc_column_inner][\/vc_row_inner][vc_row_inner][vc_column_inner width=\u00a0\u00bb1\/3&Prime;][vc_single_image image=\u00a0\u00bb23833&Prime; img_size=\u00a0\u00bbfull\u00a0\u00bb onclick=\u00a0\u00bblink_image\u00a0\u00bb css=\u00a0\u00bb.vc_custom_1591446752337{margin-bottom: -10px !important;}\u00a0\u00bb][vc_btn title=\u00a0\u00bbLa bataille Hollabrunn 16 novembre 1805 &#8211; Auteur et lieu de conservation inconnus\u00a0\u00bb style=\u00a0\u00bbclassic\u00a0\u00bb shape=\u00a0\u00bbsquare\u00a0\u00bb color=\u00a0\u00bbdefault\u00a0\u00bb align=\u00a0\u00bbcenter\u00a0\u00bb i_align=\u00a0\u00bbright\u00a0\u00bb i_icon_fontawesome=\u00a0\u00bbfa fa-eye\u00a0\u00bb add_icon=\u00a0\u00bbtrue\u00a0\u00bb css=\u00a0\u00bb.vc_custom_1591446822857{margin-top: -5px !important;margin-left: -5px !important;}\u00a0\u00bb link=\u00a0\u00bburl:https%3A%2F%2Ffr.wikipedia.org%2Fwiki%2FBataille_d%2527Hollabrunn_(1805)%23%2Fmedia%2FFichier%3AShengraben1.jpg||target:%20_blank|\u00a0\u00bb][\/vc_column_inner][vc_column_inner width=\u00a0\u00bb1\/3&Prime;][vc_single_image image=\u00a0\u00bb23834&Prime; img_size=\u00a0\u00bb600X420&Prime; onclick=\u00a0\u00bblink_image\u00a0\u00bb css=\u00a0\u00bb.vc_custom_1602106070243{margin-bottom: -10px !important;}\u00a0\u00bb][vc_btn title=\u00a0\u00bbLa bataille d&rsquo;A. -1805 &#8211; Gerard Francois &#8211; Ch\u00e2teau de Versailles, Mus\u00e9e de Trianon (France)\u00a0\u00bb style=\u00a0\u00bbclassic\u00a0\u00bb shape=\u00a0\u00bbsquare\u00a0\u00bb color=\u00a0\u00bbdefault\u00a0\u00bb align=\u00a0\u00bbcenter\u00a0\u00bb i_align=\u00a0\u00bbright\u00a0\u00bb i_icon_fontawesome=\u00a0\u00bbfa fa-eye\u00a0\u00bb button_block=\u00a0\u00bbtrue\u00a0\u00bb add_icon=\u00a0\u00bbtrue\u00a0\u00bb css=\u00a0\u00bb.vc_custom_1624451003939{margin-top: -5px !important;margin-left: -5px !important;}\u00a0\u00bb link=\u00a0\u00bburl:https%3A%2F%2Ffr.wikipedia.org%2Fwiki%2FBataille_d%2527Austerlitz%23%2Fmedia%2FFichier%3ALa_bataille_d&rsquo;Austerlitz._2_decembre_1805_(Fran%25C3%25A7ois_G%25C3%25A9rard).jpg||target:%20_blank|\u00a0\u00bb][\/vc_column_inner][vc_column_inner width=\u00a0\u00bb1\/3&Prime;][vc_single_image image=\u00a0\u00bb24686&Prime; img_size=\u00a0\u00bbfull\u00a0\u00bb onclick=\u00a0\u00bbcustom_link\u00a0\u00bb css=\u00a0\u00bb.vc_custom_1605909798294{margin-bottom: -10px !important;}\u00a0\u00bb link=\u00a0\u00bbhttps:\/\/aline-voinot.com\/index.php\/austerlitz\/\u00a0\u00bb][vc_btn title=\u00a0\u00bbCliquez ici pour plus d&rsquo;infos&#8230;\u00a0\u00bb shape=\u00a0\u00bbsquare\u00a0\u00bb color=\u00a0\u00bbmulled-wine\u00a0\u00bb size=\u00a0\u00bblg\u00a0\u00bb align=\u00a0\u00bbcenter\u00a0\u00bb i_align=\u00a0\u00bbright\u00a0\u00bb i_icon_fontawesome=\u00a0\u00bbfa fa-eye\u00a0\u00bb button_block=\u00a0\u00bbtrue\u00a0\u00bb add_icon=\u00a0\u00bbtrue\u00a0\u00bb link=\u00a0\u00bburl:http%3A%2F%2Faline-voinot.com%2Findex.php%2Fausterlitz%2F||target:%20_blank|\u00a0\u00bb css=\u00a0\u00bb.vc_custom_1605909732524{margin-top: -5px !important;}\u00a0\u00bb][\/vc_column_inner][\/vc_row_inner][vc_column_text css=\u00a0\u00bb.vc_custom_1520677552423{padding-top: 10px !important;padding-bottom: 10px !important;background-color: #272727 !important;}\u00a0\u00bb]<\/p>\n<p style=\"text-align: center;\"><span style=\"color: #ffffff;\">R\u00c9SULTAT &#8211; TRAIT\u00c9 DE PRESBOURG<\/span><\/p>\n<p>[\/vc_column_text][vc_row_inner][vc_column_inner width=\u00a0\u00bb1\/2&Prime;][vc_single_image image=\u00a0\u00bb23838&Prime; img_size=\u00a0\u00bbfull\u00a0\u00bb alignment=\u00a0\u00bbcenter\u00a0\u00bb onclick=\u00a0\u00bbcustom_link\u00a0\u00bb css=\u00a0\u00bb.vc_custom_1591449307761{margin-bottom: -10px !important;}\u00a0\u00bb link=\u00a0\u00bbhttp:\/\/www.culture.gouv.fr\/public\/mistral\/joconde_fr?ACTION=RETROUVER&amp;FIELD_98=REPR&amp;VALUE_98=Berthier%20Louis%20Alexandre&amp;NUMBER=14&amp;GRP=0&amp;REQ=%28%28Berthier%20Louis%20Alexandre%29%20%3aREPR%20%29&amp;USRNAME=nobody&amp;USRPWD=4%24%2534P&amp;SPEC=1&amp;SYN=1&amp;IMLY=&amp;MAX1=1&amp;MAX2=1&amp;MAX3=200&amp;DOM=All\u00a0\u00bb][\/vc_column_inner][vc_column_inner width=\u00a0\u00bb1\/2&Prime;][vc_btn title=\u00a0\u00bbEntrevue de Napole\u0301on 1er et de Franc\u0327ois II, le 4 de\u0301cembre 1805-Antoine Jean Gros &#8211; Mus\u00e9e du ch\u00e2teau de Versailles (France)\u00a0\u00bb style=\u00a0\u00bbclassic\u00a0\u00bb shape=\u00a0\u00bbsquare\u00a0\u00bb color=\u00a0\u00bbdefault\u00a0\u00bb align=\u00a0\u00bbcenter\u00a0\u00bb i_align=\u00a0\u00bbright\u00a0\u00bb i_icon_fontawesome=\u00a0\u00bbfa fa-eye\u00a0\u00bb add_icon=\u00a0\u00bbtrue\u00a0\u00bb css=\u00a0\u00bb.vc_custom_1605358259700{margin-top: -5px !important;margin-left: -5px !important;}\u00a0\u00bb link=\u00a0\u00bburl:https%3A%2F%2Fwww.pop.culture.gouv.fr%2Fnotice%2Fjoconde%2F000PE004993|title:Inventions%20Consulat%20et%20Premier%20empire|target:%20_blank|\u00a0\u00bb][vc_empty_space][vc_column_text]Le trait\u00e9 de Presbourg est un trait\u00e9 de paix, sign\u00e9 le 26 d\u00e9cembre 1805 entre la France et l&rsquo;Autriche, \u00e0 l&rsquo;issue de la campagne d&rsquo;Allemagne. Les acquis des trait\u00e9s de Campo-Formio (guerre 1re coalition) et de Lun\u00e9ville (guerre 2e coalition) sont confirm\u00e9s, l&rsquo;Autriche doit conc\u00e9der un certain nombre de territoires : le Tyrol (\u00e0 la Bavi\u00e8re), la V\u00e9n\u00e9tie, l&rsquo;Istrie et la Dalmatie (au Royaume d&rsquo;Italie dont Napol\u00e9on est le Roi), Augsbourg, ville imp\u00e9riale libre (\u00e0 la Bavi\u00e8re) et l&rsquo;\u00e9lectorat de Salzbourg (\u00e0 l&rsquo;Autriche). Enfin, l&rsquo;Autriche doit se retirer de la 3e coalition.<\/p>\n<p>&nbsp;[\/vc_column_text][\/vc_column_inner][\/vc_row_inner][\/vc_column][\/vc_row]<\/p>\n","protected":false},"excerpt":{"rendered":"<p>[vc_row full_width=\u00a0\u00bbstretch_row\u00a0\u00bb css=\u00a0\u00bb.vc_custom_1519929301374{background-color: #376092 !important;}\u00a0\u00bb][vc_column width=\u00a0\u00bb1\/2&Prime;][vc_column_text] SYNOPSIS BELLLIG\u00c9RANTS Empire fran\u00e7ais contre la troisi\u00e8me coalition men\u00e9e par le Royaume-Uni de Grande-Bretagne et d&rsquo;Irlande et ses alli\u00e9s Empire d&rsquo;Autriche, Empire Russe et le Royaume de Su\u00e8de DATE 1805 LIEU Europe centrale, Italie<\/p>\n","protected":false},"author":1,"featured_media":0,"parent":0,"menu_order":0,"comment_status":"closed","ping_status":"closed","template":"","meta":{"footnotes":""},"class_list":["post-3632","page","type-page","status-publish","hentry"],"yoast_head":"<!-- This site is optimized with the Yoast SEO plugin v22.8 - https:\/\/yoast.com\/wordpress\/plugins\/seo\/ -->\n<title>Campagne d&#039;Allemagne - L&#039;Histoire est un roman...<\/title>\n<meta name=\"robots\" content=\"index, follow, max-snippet:-1, max-image-preview:large, max-video-preview:-1\" \/>\n<link rel=\"canonical\" href=\"https:\/\/aline-voinot.com\/index.php\/campagne-dallemagne\/\" \/>\n<meta property=\"og:locale\" content=\"fr_FR\" \/>\n<meta property=\"og:type\" content=\"article\" \/>\n<meta property=\"og:title\" content=\"Campagne d&#039;Allemagne - L&#039;Histoire est un roman...\" \/>\n<meta property=\"og:description\" content=\"[vc_row full_width=\u00a0\u00bbstretch_row\u00a0\u00bb css=\u00a0\u00bb.vc_custom_1519929301374{background-color: #376092 !important;}\u00a0\u00bb][vc_column width=\u00a0\u00bb1\/2&Prime;][vc_column_text] SYNOPSIS BELLLIG\u00c9RANTS Empire fran\u00e7ais contre la troisi\u00e8me coalition men\u00e9e par le Royaume-Uni de Grande-Bretagne et d&rsquo;Irlande et ses alli\u00e9s Empire d&rsquo;Autriche, Empire Russe et le Royaume de Su\u00e8de DATE 1805 LIEU Europe centrale, Italie\" \/>\n<meta property=\"og:url\" content=\"https:\/\/aline-voinot.com\/index.php\/campagne-dallemagne\/\" \/>\n<meta property=\"og:site_name\" content=\"L&#039;Histoire est un roman...\" \/>\n<meta property=\"article:modified_time\" content=\"2021-06-23T12:25:06+00:00\" \/>\n<meta name=\"twitter:card\" content=\"summary_large_image\" \/>\n<meta name=\"twitter:label1\" content=\"Dur\u00e9e de lecture estim\u00e9e\" \/>\n\t<meta name=\"twitter:data1\" content=\"8 minutes\" \/>\n<script type=\"application\/ld+json\" class=\"yoast-schema-graph\">{\"@context\":\"https:\/\/schema.org\",\"@graph\":[{\"@type\":\"WebPage\",\"@id\":\"https:\/\/aline-voinot.com\/index.php\/campagne-dallemagne\/\",\"url\":\"https:\/\/aline-voinot.com\/index.php\/campagne-dallemagne\/\",\"name\":\"Campagne d'Allemagne - L&#039;Histoire est un roman...\",\"isPartOf\":{\"@id\":\"https:\/\/aline-voinot.com\/#website\"},\"datePublished\":\"2018-03-10T07:32:55+00:00\",\"dateModified\":\"2021-06-23T12:25:06+00:00\",\"breadcrumb\":{\"@id\":\"https:\/\/aline-voinot.com\/index.php\/campagne-dallemagne\/#breadcrumb\"},\"inLanguage\":\"fr-FR\",\"potentialAction\":[{\"@type\":\"ReadAction\",\"target\":[\"https:\/\/aline-voinot.com\/index.php\/campagne-dallemagne\/\"]}]},{\"@type\":\"BreadcrumbList\",\"@id\":\"https:\/\/aline-voinot.com\/index.php\/campagne-dallemagne\/#breadcrumb\",\"itemListElement\":[{\"@type\":\"ListItem\",\"position\":1,\"name\":\"Accueil\",\"item\":\"https:\/\/aline-voinot.com\/\"},{\"@type\":\"ListItem\",\"position\":2,\"name\":\"Campagne d&rsquo;Allemagne\"}]},{\"@type\":\"WebSite\",\"@id\":\"https:\/\/aline-voinot.com\/#website\",\"url\":\"https:\/\/aline-voinot.com\/\",\"name\":\"L&#039;Histoire est un roman...\",\"description\":\"&quot;Destins connus, destins crois\u00e9s&quot; la premi\u00e8re encyclop\u00e9die romanc\u00e9e...\",\"potentialAction\":[{\"@type\":\"SearchAction\",\"target\":{\"@type\":\"EntryPoint\",\"urlTemplate\":\"https:\/\/aline-voinot.com\/?s={search_term_string}\"},\"query-input\":\"required name=search_term_string\"}],\"inLanguage\":\"fr-FR\"}]}<\/script>\n<!-- \/ Yoast SEO plugin. -->","yoast_head_json":{"title":"Campagne d'Allemagne - L&#039;Histoire est un roman...","robots":{"index":"index","follow":"follow","max-snippet":"max-snippet:-1","max-image-preview":"max-image-preview:large","max-video-preview":"max-video-preview:-1"},"canonical":"https:\/\/aline-voinot.com\/index.php\/campagne-dallemagne\/","og_locale":"fr_FR","og_type":"article","og_title":"Campagne d'Allemagne - L&#039;Histoire est un roman...","og_description":"[vc_row full_width=\u00a0\u00bbstretch_row\u00a0\u00bb css=\u00a0\u00bb.vc_custom_1519929301374{background-color: #376092 !important;}\u00a0\u00bb][vc_column width=\u00a0\u00bb1\/2&Prime;][vc_column_text] SYNOPSIS BELLLIG\u00c9RANTS Empire fran\u00e7ais contre la troisi\u00e8me coalition men\u00e9e par le Royaume-Uni de Grande-Bretagne et d&rsquo;Irlande et ses alli\u00e9s Empire d&rsquo;Autriche, Empire Russe et le Royaume de Su\u00e8de DATE 1805 LIEU Europe centrale, Italie","og_url":"https:\/\/aline-voinot.com\/index.php\/campagne-dallemagne\/","og_site_name":"L&#039;Histoire est un roman...","article_modified_time":"2021-06-23T12:25:06+00:00","twitter_card":"summary_large_image","twitter_misc":{"Dur\u00e9e de lecture estim\u00e9e":"8 minutes"},"schema":{"@context":"https:\/\/schema.org","@graph":[{"@type":"WebPage","@id":"https:\/\/aline-voinot.com\/index.php\/campagne-dallemagne\/","url":"https:\/\/aline-voinot.com\/index.php\/campagne-dallemagne\/","name":"Campagne d'Allemagne - L&#039;Histoire est un roman...","isPartOf":{"@id":"https:\/\/aline-voinot.com\/#website"},"datePublished":"2018-03-10T07:32:55+00:00","dateModified":"2021-06-23T12:25:06+00:00","breadcrumb":{"@id":"https:\/\/aline-voinot.com\/index.php\/campagne-dallemagne\/#breadcrumb"},"inLanguage":"fr-FR","potentialAction":[{"@type":"ReadAction","target":["https:\/\/aline-voinot.com\/index.php\/campagne-dallemagne\/"]}]},{"@type":"BreadcrumbList","@id":"https:\/\/aline-voinot.com\/index.php\/campagne-dallemagne\/#breadcrumb","itemListElement":[{"@type":"ListItem","position":1,"name":"Accueil","item":"https:\/\/aline-voinot.com\/"},{"@type":"ListItem","position":2,"name":"Campagne d&rsquo;Allemagne"}]},{"@type":"WebSite","@id":"https:\/\/aline-voinot.com\/#website","url":"https:\/\/aline-voinot.com\/","name":"L&#039;Histoire est un roman...","description":"&quot;Destins connus, destins crois\u00e9s&quot; la premi\u00e8re encyclop\u00e9die romanc\u00e9e...","potentialAction":[{"@type":"SearchAction","target":{"@type":"EntryPoint","urlTemplate":"https:\/\/aline-voinot.com\/?s={search_term_string}"},"query-input":"required name=search_term_string"}],"inLanguage":"fr-FR"}]}},"_links":{"self":[{"href":"https:\/\/aline-voinot.com\/index.php\/wp-json\/wp\/v2\/pages\/3632","targetHints":{"allow":["GET"]}}],"collection":[{"href":"https:\/\/aline-voinot.com\/index.php\/wp-json\/wp\/v2\/pages"}],"about":[{"href":"https:\/\/aline-voinot.com\/index.php\/wp-json\/wp\/v2\/types\/page"}],"author":[{"embeddable":true,"href":"https:\/\/aline-voinot.com\/index.php\/wp-json\/wp\/v2\/users\/1"}],"replies":[{"embeddable":true,"href":"https:\/\/aline-voinot.com\/index.php\/wp-json\/wp\/v2\/comments?post=3632"}],"version-history":[{"count":0,"href":"https:\/\/aline-voinot.com\/index.php\/wp-json\/wp\/v2\/pages\/3632\/revisions"}],"wp:attachment":[{"href":"https:\/\/aline-voinot.com\/index.php\/wp-json\/wp\/v2\/media?parent=3632"}],"curies":[{"name":"wp","href":"https:\/\/api.w.org\/{rel}","templated":true}]}}