{"id":36843,"date":"2024-06-06T09:39:14","date_gmt":"2024-06-06T07:39:14","guid":{"rendered":"https:\/\/aline-voinot.com\/?page_id=36843"},"modified":"2024-06-06T18:42:40","modified_gmt":"2024-06-06T16:42:40","slug":"livre","status":"publish","type":"page","link":"https:\/\/aline-voinot.com\/index.php\/livre\/","title":{"rendered":"Livres"},"content":{"rendered":"[vc_row full_width=\u00a0\u00bbstretch_row\u00a0\u00bb css=\u00a0\u00bb.vc_custom_1582106083486{background-color: #262626 !important;}\u00a0\u00bb][vc_column][vc_btn title=\u00a0\u00bbLES DEUX OUVRAGES DE LA COLLECTION\u00a0\u00bb color=\u00a0\u00bbmulled-wine\u00a0\u00bb size=\u00a0\u00bblg\u00a0\u00bb align=\u00a0\u00bbcenter\u00a0\u00bb button_block=\u00a0\u00bbtrue\u00a0\u00bb css=\u00a0\u00bb.vc_custom_1717660963073{border-bottom-width: -20px !important;}\u00a0\u00bb][vc_column_text css=\u00a0\u00bb.vc_custom_1717678182261{padding-top: 10px !important;padding-bottom: 10px !important;background-color: #272727 !important;}\u00a0\u00bb]\n<h3 style=\"text-align: center;\"><span style=\"color: #ffffff;\">SAGA HISTORIQUE <\/span><\/h3>\n<h3 style=\"text-align: center;\"><span style=\"color: #ffffff;\">qui relate l&rsquo;histoire de celles et ceux qui ont marqu\u00e9 le d\u00e9but du 19\u1d49 si\u00e8cle<\/span><\/h3>\n[\/vc_column_text][\/vc_column][\/vc_row][vc_row][vc_column][vc_column_text css=\u00a0\u00bb.vc_custom_1717678246923{margin-bottom: -15px !important;}\u00a0\u00bb]\n<h3 class=\"p1\" style=\"text-align: center;\"><span style=\"color: #333333;\">Vous avez aim\u00e9 les \u00ab\u00a0Fortune de France\u00a0\u00bb de Robert Merle.<\/span><\/h3>\n<h3 class=\"p1\" style=\"text-align: center;\"><span style=\"color: #333333;\">D\u00e9couvrez cette saga historique qui permet d&rsquo;apprendre l&rsquo;Histoire de France autrement :<\/span><\/h3>\n<h3 class=\"p1\" style=\"text-align: center;\"><\/h3>\n[\/vc_column_text][vc_column_text][vc_row][vc_column width=\u00a0\u00bb1\/1&Prime;][vc_column_text]\n[\/vc_column_text][\/vc_column][\/vc_row][vc_row full_width=\u00a0\u00bbstretch_row\u00a0\u00bb css=\u00a0\u00bb.vc_custom_1717663550624{margin-top: -20px !important;background-color: #efefef !important;}\u00a0\u00bb][vc_column width=\u00a0\u00bb1\/2&Prime;][vc_single_image image=\u00a0\u00bb36880&Prime; img_size=\u00a0\u00bb350 X 500&Prime; alignment=\u00a0\u00bbcenter\u00a0\u00bb onclick=\u00a0\u00bbcustom_link\u00a0\u00bb link=\u00a0\u00bbhttps:\/\/aline-voinot.com\/index.php\/presse-critiques\/\u00a0\u00bb css=\u00a0\u00bb.vc_custom_1717688404008{margin-bottom: -10px !important;}\u00a0\u00bb][vc_empty_space][\/vc_column][vc_column width=\u00a0\u00bb1\/2&Prime;][vc_empty_space][vc_single_image image=\u00a0\u00bb36879&Prime; img_size=\u00a0\u00bb250 X 400&Prime; alignment=\u00a0\u00bbcenter\u00a0\u00bb onclick=\u00a0\u00bbcustom_link\u00a0\u00bb link=\u00a0\u00bbhttps:\/\/aline-voinot.com\/index.php\/laudacieuse-madame-cambaceres\/\u00a0\u00bb css=\u00a0\u00bb.vc_custom_1717667325304{margin-bottom: -10px !important;}\u00a0\u00bb][\/vc_column][\/vc_row][vc_row][vc_column][vc_column_text css=\u00a0\u00bb.vc_custom_1717678262490{margin-bottom: -15px !important;}\u00a0\u00bb]\n<h3 class=\"p1\" style=\"text-align: center;\">\u00ab\u00a0<strong>Mathilde, Juliette, Bonaparte et les autres<\/strong>\u00a0\u00bb et \u00ab\u00a0<strong>Mathilde et Napol\u00e9on : D&rsquo; alliance en trahison<\/strong>\u00ab\u00a0<\/h3>\n<h3 class=\"p1\" style=\"text-align: center;\">sont les deux premiers tomes, relatant l&rsquo;histoire de celles et ceux qui ont marqu\u00e9 le d\u00e9but du 19\u1d49 si\u00e8cle. L&rsquo;histoire de cette saga commence avec <strong>le Consulat,<\/strong> se poursuit avec <strong>l&rsquo;Empire de Napol\u00e9on Bonaparte<\/strong> et le troisi\u00e8me tome, centr\u00e9 sur les <strong>Cent-Jours et la Restauration.<\/strong><\/h3>\n[\/vc_column_text][vc_empty_space][\/vc_column][vc_column][\/vc_column][\/vc_row][vc_row full_width=\u00a0\u00bbstretch_row\u00a0\u00bb css=\u00a0\u00bb.vc_custom_1717663550624{margin-top: -20px !important;background-color: #efefef !important;}\u00a0\u00bb][vc_column width=\u00a0\u00bb1\/2&Prime;][vc_single_image image=\u00a0\u00bb36883&Prime; img_size=\u00a0\u00bbfull\u00a0\u00bb alignment=\u00a0\u00bbcenter\u00a0\u00bb onclick=\u00a0\u00bbcustom_link\u00a0\u00bb link=\u00a0\u00bbhttps:\/\/aline-voinot.com\/index.php\/laudacieuse-madame-cambaceres\/\u00a0\u00bb css=\u00a0\u00bb.vc_custom_1717668244423{margin-bottom: -10px !important;}\u00a0\u00bb][vc_single_image image=\u00a0\u00bb36805&Prime; img_size=\u00a0\u00bbfull\u00a0\u00bb alignment=\u00a0\u00bbcenter\u00a0\u00bb onclick=\u00a0\u00bbcustom_link\u00a0\u00bb link=\u00a0\u00bbhttps:\/\/aline-voinot.com\/index.php\/laudacieuse-madame-cambaceres\/\u00a0\u00bb css=\u00a0\u00bb.vc_custom_1717668290858{margin-bottom: -10px !important;}\u00a0\u00bb][vc_single_image image=\u00a0\u00bb36807&Prime; img_size=\u00a0\u00bbfull\u00a0\u00bb alignment=\u00a0\u00bbcenter\u00a0\u00bb onclick=\u00a0\u00bbcustom_link\u00a0\u00bb link=\u00a0\u00bbhttps:\/\/aline-voinot.com\/index.php\/laudacieuse-madame-cambaceres\/\u00a0\u00bb css=\u00a0\u00bb.vc_custom_1717670763719{margin-bottom: -10px !important;}\u00a0\u00bb][vc_single_image image=\u00a0\u00bb36806&Prime; img_size=\u00a0\u00bbfull\u00a0\u00bb alignment=\u00a0\u00bbcenter\u00a0\u00bb onclick=\u00a0\u00bblink_image\u00a0\u00bb css=\u00a0\u00bb.vc_custom_1717674834858{margin-bottom: -10px !important;}\u00a0\u00bb][vc_single_image image=\u00a0\u00bb36814&Prime; img_size=\u00a0\u00bbfull\u00a0\u00bb alignment=\u00a0\u00bbcenter\u00a0\u00bb onclick=\u00a0\u00bblink_image\u00a0\u00bb css=\u00a0\u00bb.vc_custom_1717674891668{margin-bottom: -10px !important;}\u00a0\u00bb][vc_single_image image=\u00a0\u00bb36891&Prime; img_size=\u00a0\u00bbfull\u00a0\u00bb alignment=\u00a0\u00bbcenter\u00a0\u00bb onclick=\u00a0\u00bbcustom_link\u00a0\u00bb link=\u00a0\u00bbhttps:\/\/www.radiofrance.fr\/francebleu\/podcasts\/a-la-rencontre-du-2eme-type\/aline-voinot-auteure-et-julien-robalo-du-groupe-the-marshals-2186232&Prime; css=\u00a0\u00bb.vc_custom_1717670586711{margin-bottom: -10px !important;}\u00a0\u00bb][vc_single_image image=\u00a0\u00bb36890&Prime; img_size=\u00a0\u00bbfull\u00a0\u00bb alignment=\u00a0\u00bbcenter\u00a0\u00bb onclick=\u00a0\u00bbcustom_link\u00a0\u00bb link=\u00a0\u00bbhttps:\/\/www.aa-ihedn.org\/articles\/124968-coup-de-projecteur-de-l-aa-ihed\u00a0\u00bb css=\u00a0\u00bb.vc_custom_1717670726479{margin-bottom: -10px !important;}\u00a0\u00bb][vc_empty_space][\/vc_column][vc_column width=\u00a0\u00bb1\/2&Prime;][vc_single_image image=\u00a0\u00bb36885&Prime; img_size=\u00a0\u00bbfull\u00a0\u00bb alignment=\u00a0\u00bbcenter\u00a0\u00bb onclick=\u00a0\u00bbcustom_link\u00a0\u00bb link=\u00a0\u00bbhttps:\/\/aline-voinot.com\/index.php\/laudacieuse-madame-cambaceres\/\u00a0\u00bb css=\u00a0\u00bb.vc_custom_1717668795216{margin-bottom: -10px !important;}\u00a0\u00bb][vc_empty_space][\/vc_column][\/vc_row]<!-- \/wp:post-content -->","protected":false},"excerpt":{"rendered":"<p>[vc_row full_width=\u00a0\u00bbstretch_row\u00a0\u00bb css=\u00a0\u00bb.vc_custom_1582106083486{background-color: #262626 !important;}\u00a0\u00bb][vc_column][vc_btn title=\u00a0\u00bbLES DEUX OUVRAGES DE LA COLLECTION\u00a0\u00bb color=\u00a0\u00bbmulled-wine\u00a0\u00bb size=\u00a0\u00bblg\u00a0\u00bb align=\u00a0\u00bbcenter\u00a0\u00bb button_block=\u00a0\u00bbtrue\u00a0\u00bb css=\u00a0\u00bb.vc_custom_1717660963073{border-bottom-width: -20px !important;}\u00a0\u00bb][vc_column_text css=\u00a0\u00bb.vc_custom_1717678182261{padding-top: 10px !important;padding-bottom: 10px !important;background-color: #272727 !important;}\u00a0\u00bb] SAGA HISTORIQUE qui relate l&rsquo;histoire de celles et ceux qui ont marqu\u00e9 le d\u00e9but du<\/p>\n","protected":false},"author":1,"featured_media":0,"parent":0,"menu_order":0,"comment_status":"closed","ping_status":"closed","template":"","meta":{"footnotes":""},"class_list":["post-36843","page","type-page","status-publish","hentry"],"yoast_head":"<!-- This site is optimized with the Yoast SEO plugin v22.8 - https:\/\/yoast.com\/wordpress\/plugins\/seo\/ -->\n<title>Livres - L&#039;Histoire est un roman...<\/title>\n<meta name=\"robots\" content=\"index, follow, max-snippet:-1, max-image-preview:large, max-video-preview:-1\" \/>\n<link rel=\"canonical\" href=\"https:\/\/aline-voinot.com\/index.php\/livre\/\" \/>\n<meta property=\"og:locale\" content=\"fr_FR\" \/>\n<meta property=\"og:type\" content=\"article\" \/>\n<meta property=\"og:title\" content=\"Livres - L&#039;Histoire est un roman...\" \/>\n<meta property=\"og:description\" content=\"[vc_row full_width=\u00a0\u00bbstretch_row\u00a0\u00bb css=\u00a0\u00bb.vc_custom_1582106083486{background-color: #262626 !important;}\u00a0\u00bb][vc_column][vc_btn title=\u00a0\u00bbLES DEUX OUVRAGES DE LA COLLECTION\u00a0\u00bb color=\u00a0\u00bbmulled-wine\u00a0\u00bb size=\u00a0\u00bblg\u00a0\u00bb align=\u00a0\u00bbcenter\u00a0\u00bb button_block=\u00a0\u00bbtrue\u00a0\u00bb css=\u00a0\u00bb.vc_custom_1717660963073{border-bottom-width: -20px !important;}\u00a0\u00bb][vc_column_text css=\u00a0\u00bb.vc_custom_1717678182261{padding-top: 10px !important;padding-bottom: 10px !important;background-color: #272727 !important;}\u00a0\u00bb] SAGA HISTORIQUE qui relate l&rsquo;histoire de celles et ceux qui ont marqu\u00e9 le d\u00e9but du\" \/>\n<meta property=\"og:url\" content=\"https:\/\/aline-voinot.com\/index.php\/livre\/\" \/>\n<meta property=\"og:site_name\" content=\"L&#039;Histoire est un roman...\" \/>\n<meta property=\"article:modified_time\" content=\"2024-06-06T16:42:40+00:00\" \/>\n<meta name=\"twitter:card\" content=\"summary_large_image\" \/>\n<meta name=\"twitter:label1\" content=\"Dur\u00e9e de lecture estim\u00e9e\" \/>\n\t<meta name=\"twitter:data1\" content=\"2 minutes\" \/>\n<script type=\"application\/ld+json\" class=\"yoast-schema-graph\">{\"@context\":\"https:\/\/schema.org\",\"@graph\":[{\"@type\":\"WebPage\",\"@id\":\"https:\/\/aline-voinot.com\/index.php\/livre\/\",\"url\":\"https:\/\/aline-voinot.com\/index.php\/livre\/\",\"name\":\"Livres - L&#039;Histoire est un roman...\",\"isPartOf\":{\"@id\":\"https:\/\/aline-voinot.com\/#website\"},\"datePublished\":\"2024-06-06T07:39:14+00:00\",\"dateModified\":\"2024-06-06T16:42:40+00:00\",\"breadcrumb\":{\"@id\":\"https:\/\/aline-voinot.com\/index.php\/livre\/#breadcrumb\"},\"inLanguage\":\"fr-FR\",\"potentialAction\":[{\"@type\":\"ReadAction\",\"target\":[\"https:\/\/aline-voinot.com\/index.php\/livre\/\"]}]},{\"@type\":\"BreadcrumbList\",\"@id\":\"https:\/\/aline-voinot.com\/index.php\/livre\/#breadcrumb\",\"itemListElement\":[{\"@type\":\"ListItem\",\"position\":1,\"name\":\"Accueil\",\"item\":\"https:\/\/aline-voinot.com\/\"},{\"@type\":\"ListItem\",\"position\":2,\"name\":\"Livres\"}]},{\"@type\":\"WebSite\",\"@id\":\"https:\/\/aline-voinot.com\/#website\",\"url\":\"https:\/\/aline-voinot.com\/\",\"name\":\"L&#039;Histoire est un roman...\",\"description\":\"&quot;Destins connus, destins crois\u00e9s&quot; la premi\u00e8re encyclop\u00e9die romanc\u00e9e...\",\"potentialAction\":[{\"@type\":\"SearchAction\",\"target\":{\"@type\":\"EntryPoint\",\"urlTemplate\":\"https:\/\/aline-voinot.com\/?s={search_term_string}\"},\"query-input\":\"required name=search_term_string\"}],\"inLanguage\":\"fr-FR\"}]}<\/script>\n<!-- \/ Yoast SEO plugin. -->","yoast_head_json":{"title":"Livres - L&#039;Histoire est un roman...","robots":{"index":"index","follow":"follow","max-snippet":"max-snippet:-1","max-image-preview":"max-image-preview:large","max-video-preview":"max-video-preview:-1"},"canonical":"https:\/\/aline-voinot.com\/index.php\/livre\/","og_locale":"fr_FR","og_type":"article","og_title":"Livres - L&#039;Histoire est un roman...","og_description":"[vc_row full_width=\u00a0\u00bbstretch_row\u00a0\u00bb css=\u00a0\u00bb.vc_custom_1582106083486{background-color: #262626 !important;}\u00a0\u00bb][vc_column][vc_btn title=\u00a0\u00bbLES DEUX OUVRAGES DE LA COLLECTION\u00a0\u00bb color=\u00a0\u00bbmulled-wine\u00a0\u00bb size=\u00a0\u00bblg\u00a0\u00bb align=\u00a0\u00bbcenter\u00a0\u00bb button_block=\u00a0\u00bbtrue\u00a0\u00bb css=\u00a0\u00bb.vc_custom_1717660963073{border-bottom-width: -20px !important;}\u00a0\u00bb][vc_column_text css=\u00a0\u00bb.vc_custom_1717678182261{padding-top: 10px !important;padding-bottom: 10px !important;background-color: #272727 !important;}\u00a0\u00bb] SAGA HISTORIQUE qui relate l&rsquo;histoire de celles et ceux qui ont marqu\u00e9 le d\u00e9but du","og_url":"https:\/\/aline-voinot.com\/index.php\/livre\/","og_site_name":"L&#039;Histoire est un roman...","article_modified_time":"2024-06-06T16:42:40+00:00","twitter_card":"summary_large_image","twitter_misc":{"Dur\u00e9e de lecture estim\u00e9e":"2 minutes"},"schema":{"@context":"https:\/\/schema.org","@graph":[{"@type":"WebPage","@id":"https:\/\/aline-voinot.com\/index.php\/livre\/","url":"https:\/\/aline-voinot.com\/index.php\/livre\/","name":"Livres - L&#039;Histoire est un roman...","isPartOf":{"@id":"https:\/\/aline-voinot.com\/#website"},"datePublished":"2024-06-06T07:39:14+00:00","dateModified":"2024-06-06T16:42:40+00:00","breadcrumb":{"@id":"https:\/\/aline-voinot.com\/index.php\/livre\/#breadcrumb"},"inLanguage":"fr-FR","potentialAction":[{"@type":"ReadAction","target":["https:\/\/aline-voinot.com\/index.php\/livre\/"]}]},{"@type":"BreadcrumbList","@id":"https:\/\/aline-voinot.com\/index.php\/livre\/#breadcrumb","itemListElement":[{"@type":"ListItem","position":1,"name":"Accueil","item":"https:\/\/aline-voinot.com\/"},{"@type":"ListItem","position":2,"name":"Livres"}]},{"@type":"WebSite","@id":"https:\/\/aline-voinot.com\/#website","url":"https:\/\/aline-voinot.com\/","name":"L&#039;Histoire est un roman...","description":"&quot;Destins connus, destins crois\u00e9s&quot; la premi\u00e8re encyclop\u00e9die romanc\u00e9e...","potentialAction":[{"@type":"SearchAction","target":{"@type":"EntryPoint","urlTemplate":"https:\/\/aline-voinot.com\/?s={search_term_string}"},"query-input":"required name=search_term_string"}],"inLanguage":"fr-FR"}]}},"_links":{"self":[{"href":"https:\/\/aline-voinot.com\/index.php\/wp-json\/wp\/v2\/pages\/36843","targetHints":{"allow":["GET"]}}],"collection":[{"href":"https:\/\/aline-voinot.com\/index.php\/wp-json\/wp\/v2\/pages"}],"about":[{"href":"https:\/\/aline-voinot.com\/index.php\/wp-json\/wp\/v2\/types\/page"}],"author":[{"embeddable":true,"href":"https:\/\/aline-voinot.com\/index.php\/wp-json\/wp\/v2\/users\/1"}],"replies":[{"embeddable":true,"href":"https:\/\/aline-voinot.com\/index.php\/wp-json\/wp\/v2\/comments?post=36843"}],"version-history":[{"count":15,"href":"https:\/\/aline-voinot.com\/index.php\/wp-json\/wp\/v2\/pages\/36843\/revisions"}],"predecessor-version":[{"id":36990,"href":"https:\/\/aline-voinot.com\/index.php\/wp-json\/wp\/v2\/pages\/36843\/revisions\/36990"}],"wp:attachment":[{"href":"https:\/\/aline-voinot.com\/index.php\/wp-json\/wp\/v2\/media?parent=36843"}],"curies":[{"name":"wp","href":"https:\/\/api.w.org\/{rel}","templated":true}]}}