{"id":3747,"date":"2018-03-10T23:38:05","date_gmt":"2018-03-10T22:38:05","guid":{"rendered":"http:\/\/aline-voinot.com\/?page_id=3747"},"modified":"2021-06-23T14:30:55","modified_gmt":"2021-06-23T12:30:55","slug":"campagne-de-prusse","status":"publish","type":"page","link":"https:\/\/aline-voinot.com\/index.php\/campagne-de-prusse\/","title":{"rendered":"Campagne de Prusse"},"content":{"rendered":"<p>[vc_row full_width=\u00a0\u00bbstretch_row\u00a0\u00bb css=\u00a0\u00bb.vc_custom_1519929301374{background-color: #376092 !important;}\u00a0\u00bb][vc_column width=\u00a0\u00bb1\/2&Prime;][vc_column_text]<\/p>\n<h6 style=\"text-align: center;\"><span style=\"color: #ffffff;\"><strong>SYNOPSIS<\/strong><\/span><\/h6>\n<table>\n<tbody>\n<tr>\n<td width=\"88\"><span style=\"color: #ffffff;\"><strong>BELLLIGERANTS<\/strong><\/span><\/td>\n<td width=\"366\"><span style=\"color: #ffffff;\"><strong>Empire fran\u00e7ais contre la Prusse qui avec d&rsquo;autres puissances (Royaume-Unie, Russie, Su\u00e8de) cr\u00e9e&nbsp;la quatri\u00e8me coalition<\/strong><\/span><\/td>\n<\/tr>\n<tr>\n<td width=\"88\"><span style=\"color: #ffffff;\"><strong>DATE<\/strong><\/span><\/td>\n<td width=\"366\"><span style=\"color: #ffffff;\"><strong>1806-1807<\/strong><\/span><\/td>\n<\/tr>\n<tr>\n<td width=\"88\"><span style=\"color: #ffffff;\"><strong>LIEU<\/strong><\/span><\/td>\n<td width=\"366\"><span style=\"color: #ffffff;\"><strong>Prusse<\/strong><\/span><\/td>\n<\/tr>\n<tr>\n<td width=\"88\"><span style=\"color: #ffffff;\"><strong>CAUSUS BELLI<\/strong><\/span><\/td>\n<td width=\"366\"><span style=\"color: #ffffff;\"><strong>La r\u00e9organisation par Napol\u00e9on Ier de l\u2019Allemagne avec la cr\u00e9ation de la Conf\u00e9d\u00e9ration du Rhin est inacceptable pour la Prusse. Cette derni\u00e8re rejoint les autres \u00e9tats rest\u00e9s en guerre avec l\u2019Empire fran\u00e7ais depuis la 3<sup>e<\/sup> coalition<\/strong><\/span><\/td>\n<\/tr>\n<tr>\n<td width=\"88\"><span style=\"color: #ffffff;\"><strong>CONTEXTE<\/strong><\/span><\/td>\n<td width=\"366\"><span style=\"color: #ffffff;\"><strong>Apr\u00e8s la victoire d\u2019Austerlitz en d\u00e9cembre 1805, l\u2019expansion de l\u2019Empire fran\u00e7ais en Europe a largement modifi\u00e9 les fronti\u00e8res europ\u00e9ennes. Napol\u00e9on esp\u00e9rait que la cession de Hanovre \u00e0 la Prusse permettrait un rapprochement entre les deux \u00e9tats. Ce fut l\u2019inverse. La Prusse d\u00e9clara la guerre \u00e0 la France le 9 octobre 1806<\/strong><\/span><\/td>\n<\/tr>\n<tr>\n<td width=\"88\"><span style=\"color: #ffffff;\"><strong>R\u00c9SULTATS<\/strong><\/span><\/td>\n<td width=\"366\"><span style=\"color: #ffffff;\"><strong>Victoire fran\u00e7aise d\u00e9cisive<\/strong><\/span><\/td>\n<\/tr>\n<tr>\n<td width=\"88\"><span style=\"color: #ffffff;\"><strong>CONS\u00c9QUENCES<\/strong><\/span><\/td>\n<td width=\"366\"><span style=\"color: #ffffff;\"><strong>L\u2019arm\u00e9e prussienne est en d\u00e9route. Napol\u00e9on Ier et son arm\u00e9e entre dans Berlin le 27 octobre 1807<\/strong><\/span><\/td>\n<\/tr>\n<\/tbody>\n<\/table>\n<p>[\/vc_column_text][\/vc_column][vc_column width=\u00a0\u00bb1\/4&Prime;][vc_column_text]<\/p>\n<h6 style=\"text-align: center;\"><span style=\"color: #ffffff;\">PREMIER EMPIRE FRAN\u00c7AIS<\/span><\/h6>\n<p style=\"text-align: center;\"><span style=\"color: #ffffff;\">&#8211;<\/span><\/p>\n<p>[\/vc_column_text][vc_btn title=\u00a0\u00bbPrincipaux commandants\u00a0\u00bb shape=\u00a0\u00bbsquare\u00a0\u00bb color=\u00a0\u00bbmulled-wine\u00a0\u00bb size=\u00a0\u00bblg\u00a0\u00bb i_align=\u00a0\u00bbright\u00a0\u00bb i_type=\u00a0\u00bbentypo\u00a0\u00bb i_icon_entypo=\u00a0\u00bbentypo-icon entypo-icon-user\u00a0\u00bb add_icon=\u00a0\u00bbtrue\u00a0\u00bb][vc_column_text]<\/p>\n<ul>\n<li><span style=\"color: #ffffff;\">Napl\u00e9on Ier&nbsp;(France)<\/span><\/li>\n<li><span style=\"color: #ffffff;\">Jean-Baptiste Bernadotte (France)<\/span><\/li>\n<li><span style=\"color: #ffffff;\">Jean-de-Dieu Soult&nbsp;(France)<\/span><\/li>\n<li><span style=\"color: #ffffff;\">Michel Ney&nbsp;(France)<\/span><\/li>\n<li><span style=\"color: #ffffff;\">Joachim Murat (France)<\/span><\/li>\n<li><span style=\"color: #ffffff;\">Jean Lannes (France)<\/span><\/li>\n<li><span style=\"color: #ffffff;\">Louis Nicolas Davout (France)<\/span><\/li>\n<li><span style=\"color: #ffffff;\">Edouard Mortier (France)<\/span><\/li>\n<li><span style=\"color: #ffffff;\">Guillaume Brune (France)<\/span><\/li>\n<\/ul>\n<p>[\/vc_column_text][vc_btn title=\u00a0\u00bbTome 1&Prime; color=\u00a0\u00bbdanger\u00a0\u00bb size=\u00a0\u00bbxs\u00a0\u00bb][\/vc_column][vc_column width=\u00a0\u00bb1\/4&Prime;][vc_column_text]<\/p>\n<h6 style=\"text-align: center;\"><span style=\"color: #ffffff;\">QUATRIEME COALITION<\/span><\/h6>\n<p style=\"text-align: center;\"><span style=\"color: #ffffff;\">&#8211;<\/span><\/p>\n<p>[\/vc_column_text][vc_btn title=\u00a0\u00bbPrincipaux commandants\u00a0\u00bb shape=\u00a0\u00bbsquare\u00a0\u00bb color=\u00a0\u00bbmulled-wine\u00a0\u00bb size=\u00a0\u00bblg\u00a0\u00bb i_align=\u00a0\u00bbright\u00a0\u00bb i_type=\u00a0\u00bbentypo\u00a0\u00bb i_icon_entypo=\u00a0\u00bbentypo-icon entypo-icon-user\u00a0\u00bb add_icon=\u00a0\u00bbtrue\u00a0\u00bb][vc_column_text]<\/p>\n<ul>\n<li><span style=\"color: #ffffff;\">Frederic Guillaume II (Prusse)<\/span><\/li>\n<li><span style=\"color: #ffffff;\">Prince de Hohenlohe-Ingelfingen (Prusse)<\/span><\/li>\n<li><span style=\"color: #ffffff;\">Louis Ferdinand de Prusse&nbsp;\u2020 (Prusse)<\/span><\/li>\n<li><span style=\"color: #ffffff;\">Alexandre Ier (Russie)<\/span><\/li>\n<li><span style=\"color: #ffffff;\">Ch-Guillaume de Brunswick \u2020 (Prusse)<\/span><\/li>\n<li><span style=\"color: #ffffff;\">Bogislav Von Tauentzien (Prusse)<\/span><\/li>\n<li><span style=\"color: #ffffff;\">Eug\u00e8ne de Wuttemberg-Stuttgart (Prusse)<\/span><\/li>\n<li><span style=\"color: #ffffff;\">Franz Kasimir von Kleist (Prusse)<\/span><\/li>\n<li><span style=\"color: #ffffff;\">Gebhard von Bl\u00fccher (Prusse)<\/span><\/li>\n<li><span style=\"color: #ffffff;\">Hans Henrik von Essen (Su\u00e8de)<\/span><\/li>\n<li><span style=\"color: #ffffff;\">Gustave IV Adolph (Su\u00e8de)<\/span><\/li>\n<li><span style=\"color: #ffffff;\">Dmitri Galitzine (Russe)<\/span><\/li>\n<li><span style=\"color: #ffffff;\">Levin Von Bennigsen (Hanovre)<\/span><\/li>\n<\/ul>\n<p>[\/vc_column_text][\/vc_column][\/vc_row][vc_row][vc_column][vc_row_inner][vc_column_inner width=\u00a0\u00bb1\/3&Prime;][vc_single_image image=\u00a0\u00bb23852&Prime; img_size=\u00a0\u00bbfull\u00a0\u00bb alignment=\u00a0\u00bbcenter\u00a0\u00bb onclick=\u00a0\u00bblink_image\u00a0\u00bb css=\u00a0\u00bb.vc_custom_1591521552108{margin-bottom: -10px !important;}\u00a0\u00bb][vc_single_image image=\u00a0\u00bb3982&Prime; img_size=\u00a0\u00bbfull\u00a0\u00bb alignment=\u00a0\u00bbcenter\u00a0\u00bb onclick=\u00a0\u00bbcustom_link\u00a0\u00bb img_link_target=\u00a0\u00bb_blank\u00a0\u00bb css=\u00a0\u00bb.vc_custom_1522151333282{margin-bottom: -10px !important;}\u00a0\u00bb link=\u00a0\u00bbhttps:\/\/fr.wikipedia.org\/wiki\/Batailles_de_Saalbourg_et_de_Schleiz#\/media\/File:Schleiz_1810.jpg\u00a0\u00bb][vc_btn title=\u00a0\u00bbBatailles de Saalbourg et de Schleiz &#8211; 9 octobre 1806 &#8211; La ville de Schleiz en 1810 &#8211; Johann Baptist H\u0153ssel &#8211; Lieu de conservation inconnu\u00a0\u00bb style=\u00a0\u00bbclassic\u00a0\u00bb shape=\u00a0\u00bbsquare\u00a0\u00bb color=\u00a0\u00bbdefault\u00a0\u00bb align=\u00a0\u00bbcenter\u00a0\u00bb i_align=\u00a0\u00bbright\u00a0\u00bb i_icon_fontawesome=\u00a0\u00bbfa fa-eye\u00a0\u00bb add_icon=\u00a0\u00bbtrue\u00a0\u00bb css=\u00a0\u00bb.vc_custom_1591521559342{margin-top: -5px !important;margin-left: -5px !important;}\u00a0\u00bb link=\u00a0\u00bburl:https%3A%2F%2Ffr.wikipedia.org%2Fwiki%2FBatailles_de_Saalbourg_et_de_Schleiz%23%2Fmedia%2FFile%3ASchleiz_1810.jpg||target:%20_blank|\u00a0\u00bb][\/vc_column_inner][vc_column_inner width=\u00a0\u00bb1\/3&Prime;][vc_single_image image=\u00a0\u00bb23851&Prime; img_size=\u00a0\u00bbfull\u00a0\u00bb alignment=\u00a0\u00bbcenter\u00a0\u00bb onclick=\u00a0\u00bblink_image\u00a0\u00bb css=\u00a0\u00bb.vc_custom_1591521621166{margin-bottom: -10px !important;}\u00a0\u00bb][vc_btn title=\u00a0\u00bbBataille de Saalfeld &#8211; 10 octobre 1806 &#8211; Le prince Louis-Ferdinand de Prusse &#8211; Carl Ro\u0308chling, Richard Kno\u0308tel, Woldemar Friedrich &#8211; Die Ko\u0308nigin Luise in 50 Bildern, Berlin (Allemagne)\u00a0\u00bb style=\u00a0\u00bbclassic\u00a0\u00bb shape=\u00a0\u00bbsquare\u00a0\u00bb color=\u00a0\u00bbdefault\u00a0\u00bb align=\u00a0\u00bbcenter\u00a0\u00bb i_align=\u00a0\u00bbright\u00a0\u00bb i_icon_fontawesome=\u00a0\u00bbfa fa-eye\u00a0\u00bb add_icon=\u00a0\u00bbtrue\u00a0\u00bb css=\u00a0\u00bb.vc_custom_1591521629624{margin-top: -5px !important;margin-left: -5px !important;}\u00a0\u00bb link=\u00a0\u00bburl:https%3A%2F%2Ffr.wikipedia.org%2Fwiki%2FBataille_de_Saalfeld%23%2Fmedia%2FFile%3AHeldentod_der_Prinzen_Louis_Ferdinand_bei_Saalfeld.jpg||target:%20_blank|\u00a0\u00bb][\/vc_column_inner][vc_column_inner width=\u00a0\u00bb1\/3&Prime;][vc_single_image image=\u00a0\u00bb23848&Prime; img_size=\u00a0\u00bbfull\u00a0\u00bb alignment=\u00a0\u00bbcenter\u00a0\u00bb onclick=\u00a0\u00bblink_image\u00a0\u00bb css=\u00a0\u00bb.vc_custom_1591521641627{margin-bottom: -10px !important;}\u00a0\u00bb][vc_btn title=\u00a0\u00bbBataille d&rsquo;Auerstaedt &#8211; 14 octobre 1806 &#8211; Davout a\u0300 Auerstaedt &#8211; Dick de Lonlay &#8211; Lieu de conservation inconnu\u00a0\u00bb style=\u00a0\u00bbclassic\u00a0\u00bb shape=\u00a0\u00bbsquare\u00a0\u00bb color=\u00a0\u00bbdefault\u00a0\u00bb align=\u00a0\u00bbcenter\u00a0\u00bb i_align=\u00a0\u00bbright\u00a0\u00bb i_icon_fontawesome=\u00a0\u00bbfa fa-eye\u00a0\u00bb add_icon=\u00a0\u00bbtrue\u00a0\u00bb css=\u00a0\u00bb.vc_custom_1591521648638{margin-top: -5px !important;margin-left: -5px !important;}\u00a0\u00bb link=\u00a0\u00bburl:https%3A%2F%2Ffr.wikipedia.org%2Fwiki%2FBataille_d%2527Auerstaedt%23%2Fmedia%2FFile%3ADavout-a-auerstaedt.jpg||target:%20_blank|\u00a0\u00bb][\/vc_column_inner][\/vc_row_inner][vc_row_inner][vc_column_inner width=\u00a0\u00bb1\/3&Prime;][vc_single_image image=\u00a0\u00bb23849&Prime; img_size=\u00a0\u00bb450X300&Prime; alignment=\u00a0\u00bbcenter\u00a0\u00bb onclick=\u00a0\u00bblink_image\u00a0\u00bb css=\u00a0\u00bb.vc_custom_1591521669813{margin-bottom: -10px !important;}\u00a0\u00bb][vc_btn title=\u00a0\u00bbBataille d&rsquo;Ie\u0301na &#8211; 14 octobre 1806 &#8211; Napole\u0301on passe en revue la Garde impe\u0301riale a\u0300 Ie\u0301na &#8211; Horace Vernet &#8211; Muse\u0301e du cha\u0302teau de Versailles (France)\u00a0\u00bb style=\u00a0\u00bbclassic\u00a0\u00bb shape=\u00a0\u00bbsquare\u00a0\u00bb color=\u00a0\u00bbdefault\u00a0\u00bb align=\u00a0\u00bbcenter\u00a0\u00bb i_align=\u00a0\u00bbright\u00a0\u00bb i_icon_fontawesome=\u00a0\u00bbfa fa-eye\u00a0\u00bb add_icon=\u00a0\u00bbtrue\u00a0\u00bb css=\u00a0\u00bb.vc_custom_1521726136520{margin-top: -5px !important;margin-left: -5px !important;}\u00a0\u00bb link=\u00a0\u00bburl:https%3A%2F%2Ffr.wikipedia.org%2Fwiki%2FBataille_d%2527I%25C3%25A9na%23%2Fmedia%2FFile%3AIena.jpg||target:%20_blank|\u00a0\u00bb][\/vc_column_inner][vc_column_inner width=\u00a0\u00bb1\/3&Prime;][vc_single_image image=\u00a0\u00bb23853&Prime; img_size=\u00a0\u00bbfull\u00a0\u00bb alignment=\u00a0\u00bbcenter\u00a0\u00bb onclick=\u00a0\u00bblink_image\u00a0\u00bb css=\u00a0\u00bb.vc_custom_1591521602487{margin-bottom: -10px !important;}\u00a0\u00bb][vc_btn title=\u00a0\u00bbBerlin &#8211; Entre\u0301e de la Grande-arme\u0301e a\u0300 Berlin &#8211; 27 Octobre 1807 &#8211; Les arme\u0301es franc\u0327aises de\u0301filent a\u0300 Berlin &#8211; Charles Meynier &#8211; Muse\u0301e du cha\u0302teau. de Versailles (France)\u00a0\u00bb style=\u00a0\u00bbclassic\u00a0\u00bb shape=\u00a0\u00bbsquare\u00a0\u00bb color=\u00a0\u00bbdefault\u00a0\u00bb align=\u00a0\u00bbcenter\u00a0\u00bb i_align=\u00a0\u00bbright\u00a0\u00bb i_icon_fontawesome=\u00a0\u00bbfa fa-eye\u00a0\u00bb add_icon=\u00a0\u00bbtrue\u00a0\u00bb css=\u00a0\u00bb.vc_custom_1591521592197{margin-top: -5px !important;margin-left: -5px !important;}\u00a0\u00bb link=\u00a0\u00bburl:https%3A%2F%2Ffr.wikipedia.org%2Fwiki%2FCampagne_de_Prusse_et_de_Pologne%23%2Fmedia%2FFichier%3ACharles_Meynier_-_Napoleon_in_Berlin.png||target:%20_blank|\u00a0\u00bb][\/vc_column_inner][vc_column_inner width=\u00a0\u00bb1\/3&Prime;][vc_single_image image=\u00a0\u00bb3770&Prime; img_size=\u00a0\u00bb450X300&Prime; alignment=\u00a0\u00bbcenter\u00a0\u00bb onclick=\u00a0\u00bblink_image\u00a0\u00bb css=\u00a0\u00bb.vc_custom_1591521682765{margin-bottom: -10px !important;}\u00a0\u00bb][vc_btn title=\u00a0\u00bbHenri-Jacques-Guillaume Clarke &#8211; Comte d&rsquo;Hunebourg et duc de Feltre, nomm\u00e9 gouverneur g\u00e9n\u00e9ral de Berlin &#8211; Franc\u0327ois-Xavier Fabre, 1810 &#8211; Muse\u0301e des Beaux-arts de Nantes\u00a0\u00bb style=\u00a0\u00bbclassic\u00a0\u00bb shape=\u00a0\u00bbsquare\u00a0\u00bb color=\u00a0\u00bbdefault\u00a0\u00bb align=\u00a0\u00bbcenter\u00a0\u00bb i_align=\u00a0\u00bbright\u00a0\u00bb i_icon_fontawesome=\u00a0\u00bbfa fa-eye\u00a0\u00bb add_icon=\u00a0\u00bbtrue\u00a0\u00bb css=\u00a0\u00bb.vc_custom_1591521689871{margin-top: -5px !important;margin-left: -5px !important;}\u00a0\u00bb link=\u00a0\u00bburl:https%3A%2F%2Ffr.wikipedia.org%2Fwiki%2FHenri-Jacques-Guillaume_Clarke%23%2Fmedia%2FFile%3AFabre_-_Henri-Jacques-Guillaume_Clarke%2C_Comte_d%2527Hunebourg_et_Duc_de_Feltre%2C_Mar%25C3%25A9chal_de_l%2527Empire_et_Ministre_de_la_Guerre.jpg||target:%20_blank|\u00a0\u00bb][\/vc_column_inner][\/vc_row_inner][vc_column_text css=\u00a0\u00bb.vc_custom_1520724435405{padding-top: 10px !important;padding-bottom: 10px !important;background-color: #272727 !important;}\u00a0\u00bb]<\/p>\n<p style=\"text-align: center;\"><span style=\"color: #ffffff;\">R\u00c9SULTAT &#8211; N\u00c9C\u00c9SSIT\u00c9 de R\u00c9FORMER LA GRANDE ALLEMAGNE<\/span><\/p>\n<p>[\/vc_column_text][vc_row_inner][vc_column_inner width=\u00a0\u00bb1\/2&Prime;][vc_single_image image=\u00a0\u00bb21521&Prime; img_size=\u00a0\u00bbfull\u00a0\u00bb alignment=\u00a0\u00bbcenter\u00a0\u00bb onclick=\u00a0\u00bbcustom_link\u00a0\u00bb css=\u00a0\u00bb.vc_custom_1591521744705{margin-bottom: -10px !important;}\u00a0\u00bb link=\u00a0\u00bbhttps:\/\/aline-voinot.com\/index.php\/Frederick-guillaume-de-prusse\/\u00a0\u00bb][\/vc_column_inner][vc_column_inner width=\u00a0\u00bb1\/2&Prime;][vc_btn title=\u00a0\u00bbFr\u00e9d\u00e9ric-Guillaume III &#8211; Roi de Prusse (1797-1840) &#8211; Auteur et lieu de conservation inconnu\u00a0\u00bb style=\u00a0\u00bbclassic\u00a0\u00bb shape=\u00a0\u00bbsquare\u00a0\u00bb color=\u00a0\u00bbdefault\u00a0\u00bb align=\u00a0\u00bbcenter\u00a0\u00bb i_align=\u00a0\u00bbright\u00a0\u00bb i_icon_fontawesome=\u00a0\u00bbfa fa-eye\u00a0\u00bb add_icon=\u00a0\u00bbtrue\u00a0\u00bb css=\u00a0\u00bb.vc_custom_1591521778675{margin-top: -5px !important;margin-left: -5px !important;}\u00a0\u00bb link=\u00a0\u00bburl:https%3A%2F%2Ffr.wikipedia.org%2Fwiki%2FFr%25C3%25A9d%25C3%25A9ric-Guillaume_III_de_Prusse%23%2Fmedia%2FFile%3AFriedrich_Wilhelm_III.%2C_K%25C3%25B6nig_von_Preu%25C3%259Fen_(unbekannter_Maler).jpg||target:%20_blank|\u00a0\u00bb][vc_empty_space][vc_column_text]\u00a0\u00bbCette grande et belle arm\u00e9e prussienne a disparu comme un brouillard d\u2019automne au lever du soleil. Il n\u2019en reste plus rien\u2026\u00a0\u00bb Extrait du Recueil des <a href=\"https:\/\/books.google.fr\/books?id=SH0_AQAAMAAJ&amp;pg=PA99&amp;dq=Cette+grande+arm%C3%A9e+prussienne+a+disparu+comme+un+brouillard+d%E2%80%99automne+au+lever+du+soleil.+Il+n%E2%80%99en+reste+plus+rien%E2%80%A6&amp;hl=fr&amp;sa=X&amp;ved=0ahUKEwjDlZCDhuTZAhUHL8AKHURLBmYQ6AEIMzAC#v=onepage&amp;q=Cette%20grande%20arm%C3%A9e%20prussienne%20a%20disparu%20comme%20un%20brouillard%20d%E2%80%99automne%20au%20lever%20du%20soleil.%20Il%20n%E2%80%99en%20reste%20plus%20rien%E2%80%A6&amp;f=false\">Bulletins officiels sur les op\u00e9rations de la grande-arm\u00e9e contre la quatri\u00e8me coalition<\/a> &#8211; \u00c9dition Cordier &amp; Legras -1806-page 99.<\/p>\n<p>&nbsp;[\/vc_column_text][\/vc_column_inner][\/vc_row_inner][\/vc_column][\/vc_row]<\/p>\n","protected":false},"excerpt":{"rendered":"<p>[vc_row full_width=\u00a0\u00bbstretch_row\u00a0\u00bb css=\u00a0\u00bb.vc_custom_1519929301374{background-color: #376092 !important;}\u00a0\u00bb][vc_column width=\u00a0\u00bb1\/2&Prime;][vc_column_text] SYNOPSIS BELLLIGERANTS Empire fran\u00e7ais contre la Prusse qui avec d&rsquo;autres puissances (Royaume-Unie, Russie, Su\u00e8de) cr\u00e9e&nbsp;la quatri\u00e8me coalition DATE 1806-1807 LIEU Prusse CAUSUS BELLI La r\u00e9organisation par Napol\u00e9on Ier de l\u2019Allemagne avec la cr\u00e9ation de<\/p>\n","protected":false},"author":1,"featured_media":0,"parent":0,"menu_order":0,"comment_status":"closed","ping_status":"closed","template":"","meta":{"footnotes":""},"class_list":["post-3747","page","type-page","status-publish","hentry"],"yoast_head":"<!-- This site is optimized with the Yoast SEO plugin v22.8 - https:\/\/yoast.com\/wordpress\/plugins\/seo\/ -->\n<title>Campagne de Prusse - L&#039;Histoire est un roman...<\/title>\n<meta name=\"robots\" content=\"index, follow, max-snippet:-1, max-image-preview:large, max-video-preview:-1\" \/>\n<link rel=\"canonical\" href=\"https:\/\/aline-voinot.com\/index.php\/campagne-de-prusse\/\" \/>\n<meta property=\"og:locale\" content=\"fr_FR\" \/>\n<meta property=\"og:type\" content=\"article\" \/>\n<meta property=\"og:title\" content=\"Campagne de Prusse - L&#039;Histoire est un roman...\" \/>\n<meta property=\"og:description\" content=\"[vc_row full_width=\u00a0\u00bbstretch_row\u00a0\u00bb css=\u00a0\u00bb.vc_custom_1519929301374{background-color: #376092 !important;}\u00a0\u00bb][vc_column width=\u00a0\u00bb1\/2&Prime;][vc_column_text] SYNOPSIS BELLLIGERANTS Empire fran\u00e7ais contre la Prusse qui avec d&rsquo;autres puissances (Royaume-Unie, Russie, Su\u00e8de) cr\u00e9e&nbsp;la quatri\u00e8me coalition DATE 1806-1807 LIEU Prusse CAUSUS BELLI La r\u00e9organisation par Napol\u00e9on Ier de l\u2019Allemagne avec la cr\u00e9ation de\" \/>\n<meta property=\"og:url\" content=\"https:\/\/aline-voinot.com\/index.php\/campagne-de-prusse\/\" \/>\n<meta property=\"og:site_name\" content=\"L&#039;Histoire est un roman...\" \/>\n<meta property=\"article:modified_time\" content=\"2021-06-23T12:30:55+00:00\" \/>\n<meta name=\"twitter:card\" content=\"summary_large_image\" \/>\n<meta name=\"twitter:label1\" content=\"Dur\u00e9e de lecture estim\u00e9e\" \/>\n\t<meta name=\"twitter:data1\" content=\"7 minutes\" \/>\n<script type=\"application\/ld+json\" class=\"yoast-schema-graph\">{\"@context\":\"https:\/\/schema.org\",\"@graph\":[{\"@type\":\"WebPage\",\"@id\":\"https:\/\/aline-voinot.com\/index.php\/campagne-de-prusse\/\",\"url\":\"https:\/\/aline-voinot.com\/index.php\/campagne-de-prusse\/\",\"name\":\"Campagne de Prusse - L&#039;Histoire est un roman...\",\"isPartOf\":{\"@id\":\"https:\/\/aline-voinot.com\/#website\"},\"datePublished\":\"2018-03-10T22:38:05+00:00\",\"dateModified\":\"2021-06-23T12:30:55+00:00\",\"breadcrumb\":{\"@id\":\"https:\/\/aline-voinot.com\/index.php\/campagne-de-prusse\/#breadcrumb\"},\"inLanguage\":\"fr-FR\",\"potentialAction\":[{\"@type\":\"ReadAction\",\"target\":[\"https:\/\/aline-voinot.com\/index.php\/campagne-de-prusse\/\"]}]},{\"@type\":\"BreadcrumbList\",\"@id\":\"https:\/\/aline-voinot.com\/index.php\/campagne-de-prusse\/#breadcrumb\",\"itemListElement\":[{\"@type\":\"ListItem\",\"position\":1,\"name\":\"Accueil\",\"item\":\"https:\/\/aline-voinot.com\/\"},{\"@type\":\"ListItem\",\"position\":2,\"name\":\"Campagne de Prusse\"}]},{\"@type\":\"WebSite\",\"@id\":\"https:\/\/aline-voinot.com\/#website\",\"url\":\"https:\/\/aline-voinot.com\/\",\"name\":\"L&#039;Histoire est un roman...\",\"description\":\"&quot;Destins connus, destins crois\u00e9s&quot; la premi\u00e8re encyclop\u00e9die romanc\u00e9e...\",\"potentialAction\":[{\"@type\":\"SearchAction\",\"target\":{\"@type\":\"EntryPoint\",\"urlTemplate\":\"https:\/\/aline-voinot.com\/?s={search_term_string}\"},\"query-input\":\"required name=search_term_string\"}],\"inLanguage\":\"fr-FR\"}]}<\/script>\n<!-- \/ Yoast SEO plugin. -->","yoast_head_json":{"title":"Campagne de Prusse - L&#039;Histoire est un roman...","robots":{"index":"index","follow":"follow","max-snippet":"max-snippet:-1","max-image-preview":"max-image-preview:large","max-video-preview":"max-video-preview:-1"},"canonical":"https:\/\/aline-voinot.com\/index.php\/campagne-de-prusse\/","og_locale":"fr_FR","og_type":"article","og_title":"Campagne de Prusse - L&#039;Histoire est un roman...","og_description":"[vc_row full_width=\u00a0\u00bbstretch_row\u00a0\u00bb css=\u00a0\u00bb.vc_custom_1519929301374{background-color: #376092 !important;}\u00a0\u00bb][vc_column width=\u00a0\u00bb1\/2&Prime;][vc_column_text] SYNOPSIS BELLLIGERANTS Empire fran\u00e7ais contre la Prusse qui avec d&rsquo;autres puissances (Royaume-Unie, Russie, Su\u00e8de) cr\u00e9e&nbsp;la quatri\u00e8me coalition DATE 1806-1807 LIEU Prusse CAUSUS BELLI La r\u00e9organisation par Napol\u00e9on Ier de l\u2019Allemagne avec la cr\u00e9ation de","og_url":"https:\/\/aline-voinot.com\/index.php\/campagne-de-prusse\/","og_site_name":"L&#039;Histoire est un roman...","article_modified_time":"2021-06-23T12:30:55+00:00","twitter_card":"summary_large_image","twitter_misc":{"Dur\u00e9e de lecture estim\u00e9e":"7 minutes"},"schema":{"@context":"https:\/\/schema.org","@graph":[{"@type":"WebPage","@id":"https:\/\/aline-voinot.com\/index.php\/campagne-de-prusse\/","url":"https:\/\/aline-voinot.com\/index.php\/campagne-de-prusse\/","name":"Campagne de Prusse - L&#039;Histoire est un roman...","isPartOf":{"@id":"https:\/\/aline-voinot.com\/#website"},"datePublished":"2018-03-10T22:38:05+00:00","dateModified":"2021-06-23T12:30:55+00:00","breadcrumb":{"@id":"https:\/\/aline-voinot.com\/index.php\/campagne-de-prusse\/#breadcrumb"},"inLanguage":"fr-FR","potentialAction":[{"@type":"ReadAction","target":["https:\/\/aline-voinot.com\/index.php\/campagne-de-prusse\/"]}]},{"@type":"BreadcrumbList","@id":"https:\/\/aline-voinot.com\/index.php\/campagne-de-prusse\/#breadcrumb","itemListElement":[{"@type":"ListItem","position":1,"name":"Accueil","item":"https:\/\/aline-voinot.com\/"},{"@type":"ListItem","position":2,"name":"Campagne de Prusse"}]},{"@type":"WebSite","@id":"https:\/\/aline-voinot.com\/#website","url":"https:\/\/aline-voinot.com\/","name":"L&#039;Histoire est un roman...","description":"&quot;Destins connus, destins crois\u00e9s&quot; la premi\u00e8re encyclop\u00e9die romanc\u00e9e...","potentialAction":[{"@type":"SearchAction","target":{"@type":"EntryPoint","urlTemplate":"https:\/\/aline-voinot.com\/?s={search_term_string}"},"query-input":"required name=search_term_string"}],"inLanguage":"fr-FR"}]}},"_links":{"self":[{"href":"https:\/\/aline-voinot.com\/index.php\/wp-json\/wp\/v2\/pages\/3747","targetHints":{"allow":["GET"]}}],"collection":[{"href":"https:\/\/aline-voinot.com\/index.php\/wp-json\/wp\/v2\/pages"}],"about":[{"href":"https:\/\/aline-voinot.com\/index.php\/wp-json\/wp\/v2\/types\/page"}],"author":[{"embeddable":true,"href":"https:\/\/aline-voinot.com\/index.php\/wp-json\/wp\/v2\/users\/1"}],"replies":[{"embeddable":true,"href":"https:\/\/aline-voinot.com\/index.php\/wp-json\/wp\/v2\/comments?post=3747"}],"version-history":[{"count":0,"href":"https:\/\/aline-voinot.com\/index.php\/wp-json\/wp\/v2\/pages\/3747\/revisions"}],"wp:attachment":[{"href":"https:\/\/aline-voinot.com\/index.php\/wp-json\/wp\/v2\/media?parent=3747"}],"curies":[{"name":"wp","href":"https:\/\/api.w.org\/{rel}","templated":true}]}}