{"id":3945,"date":"2018-03-14T22:51:32","date_gmt":"2018-03-14T21:51:32","guid":{"rendered":"http:\/\/aline-voinot.com\/?page_id=3945"},"modified":"2020-06-08T18:43:35","modified_gmt":"2020-06-08T16:43:35","slug":"guerre-despagne","status":"publish","type":"page","link":"https:\/\/aline-voinot.com\/index.php\/guerre-despagne\/","title":{"rendered":"Guerre d&rsquo;Espagne"},"content":{"rendered":"<p>[vc_row full_width=\u00a0\u00bbstretch_row\u00a0\u00bb css=\u00a0\u00bb.vc_custom_1521064525244{background-color: #6d4a6d !important;}\u00a0\u00bb][vc_column width=\u00a0\u00bb1\/2&Prime;][vc_column_text]<\/p>\n<h6 style=\"text-align: center;\"><span style=\"color: #ffffff;\">SYNOPSIS<\/span><\/h6>\n<table>\n<tbody>\n<tr>\n<td width=\"86\"><span style=\"color: #ffffff;\">BELLLIGERANTS<\/span><\/td>\n<td width=\"369\"><span style=\"color: #ffffff;\">Empire fran\u00e7ais&nbsp; contre la 5eme coalition constitu\u00e9e du Royaume d&rsquo;Espagne (Bourbon), Royaume du Portugal et Royaume-Uni de Grande-Bretagne et d&rsquo;Irlande<\/span><\/td>\n<\/tr>\n<tr>\n<td width=\"86\"><span style=\"color: #ffffff;\">DATE<\/span><\/td>\n<td width=\"369\"><span style=\"color: #ffffff;\">1808 &#8211; 1814<\/span><\/td>\n<\/tr>\n<tr>\n<td width=\"86\"><span style=\"color: #ffffff;\">LIEU<\/span><\/td>\n<td width=\"369\"><span style=\"color: #ffffff;\">Espagne, Portugal, Sud-ouest de la France<\/span><\/td>\n<\/tr>\n<tr>\n<td width=\"86\"><span style=\"color: #ffffff;\">R\u00c9SULTATS<\/span><\/td>\n<td width=\"369\"><span style=\"color: #ffffff;\">Victoire de la coalition<\/span><\/td>\n<\/tr>\n<tr>\n<td width=\"86\"><span style=\"color: #ffffff;\"><strong>CONS\u00c9QUENCES<\/strong><\/span><\/td>\n<td width=\"369\"><span style=\"color: #ffffff;\">Trait\u00e9 de Valen\u00e7ay : Ferdinand VII retrouve son tr\u00f4ne<\/span><\/td>\n<\/tr>\n<\/tbody>\n<\/table>\n<p style=\"text-align: center;\"><span style=\"color: #ffffff;\">&nbsp;<\/span><\/p>\n<p>[\/vc_column_text][vc_row_inner][vc_column_inner css=\u00a0\u00bb.vc_custom_1519814829730{padding-right: 50px !important;}\u00a0\u00bb][vc_btn title=\u00a0\u00bbTome 1&Prime; color=\u00a0\u00bbdanger\u00a0\u00bb size=\u00a0\u00bbxs\u00a0\u00bb css=\u00a0\u00bb.vc_custom_1521814849694{margin-top: -10px !important;}\u00a0\u00bb][\/vc_column_inner][\/vc_row_inner][\/vc_column][vc_column width=\u00a0\u00bb1\/4&Prime;][vc_column_text]<\/p>\n<h6 style=\"text-align: center;\"><span style=\"color: #ffffff;\">EMPIRE FRAN\u00c7AIS<\/span><\/h6>\n<p style=\"text-align: center;\"><span style=\"color: #ffffff;\">300 000 hommes <\/span><\/p>\n<p style=\"text-align: center;\"><span style=\"color: #ffffff;\">dont 217 000 hommes tu\u00e9s ou bless\u00e9s<\/span><\/p>\n<p>[\/vc_column_text][vc_btn title=\u00a0\u00bbG\u00e9n\u00e9raux concern\u00e9s\u00a0\u00bb shape=\u00a0\u00bbsquare\u00a0\u00bb color=\u00a0\u00bbmulled-wine\u00a0\u00bb size=\u00a0\u00bblg\u00a0\u00bb align=\u00a0\u00bbcenter\u00a0\u00bb i_align=\u00a0\u00bbright\u00a0\u00bb i_type=\u00a0\u00bbentypo\u00a0\u00bb i_icon_entypo=\u00a0\u00bbentypo-icon entypo-icon-user\u00a0\u00bb add_icon=\u00a0\u00bbtrue\u00a0\u00bb][vc_column_text]<span style=\"color: #ffffff;\">Arthur Wellesley (GB), William Carr Beresford (GB), John Moore \u2020 (GB), Francisco Casta\u00f1os (Espagne), Juan Mart\u00edn D\u00edez (Espagne), Jos\u00e9 de Palafox y Melzi (Espagne), Gregorio Garc\u00eda de la Cuesta (Espagne), Miguel Ricardo de \u00c1lava (Espagne), Joaqu\u00edn Blake y Joyes (Espagne), Bernardino Freire \u2020 (Portugal), Miguel Pereira Forjaz (Portugal), Francisco Silveira (Portugal)<\/span>[\/vc_column_text][\/vc_column][vc_column width=\u00a0\u00bb1\/4&Prime;][vc_column_text]<\/p>\n<h6 style=\"text-align: center;\"><span style=\"color: #ffffff;\">CINQUI\u00c8ME COALITION<\/span><\/h6>\n<p style=\"text-align: center;\"><span style=\"color: #ffffff;\">212 000 hommes<\/span><\/p>\n<p style=\"text-align: center;\"><span style=\"color: #ffffff;\">&#8211;<\/span><\/p>\n<p>[\/vc_column_text][vc_btn title=\u00a0\u00bbG\u00e9n\u00e9raux concern\u00e9s\u00a0\u00bb shape=\u00a0\u00bbsquare\u00a0\u00bb color=\u00a0\u00bbmulled-wine\u00a0\u00bb size=\u00a0\u00bblg\u00a0\u00bb align=\u00a0\u00bbcenter\u00a0\u00bb i_align=\u00a0\u00bbright\u00a0\u00bb i_type=\u00a0\u00bbentypo\u00a0\u00bb i_icon_entypo=\u00a0\u00bbentypo-icon entypo-icon-user\u00a0\u00bb add_icon=\u00a0\u00bbtrue\u00a0\u00bb][vc_column_text]<span style=\"color: #ffffff;\">Napol\u00e9on Ier, Joseph Ier d&rsquo;Espagne (Espagne), et les fran\u00e7ais : Jean-Baptiste Bessi\u00e8res, Jean-Baptiste Jourdan, Jean-Andoche Junot, Fran\u00e7ois-Joseph Lefebvre, Auguste de Marmont, Andr\u00e9 Mass\u00e9na, \u00c9douard Mortier, Joachim Murat, Michel Ney, Claude Victor-Perrin, Jean-de-Dieu Soult, Louis Gabriel Suchet<\/span>[\/vc_column_text][\/vc_column][\/vc_row][vc_row][vc_column][vc_row_inner][vc_column_inner width=\u00a0\u00bb1\/4&Prime;][vc_btn title=\u00a0\u00bb1\u00e8re invasion du Portugal et insurrection espagnole\u00a0\u00bb shape=\u00a0\u00bbsquare\u00a0\u00bb color=\u00a0\u00bbprimary\u00a0\u00bb size=\u00a0\u00bblg\u00a0\u00bb align=\u00a0\u00bbcenter\u00a0\u00bb i_align=\u00a0\u00bbright\u00a0\u00bb i_icon_fontawesome=\u00a0\u00bbfa fa-eye\u00a0\u00bb add_icon=\u00a0\u00bbtrue\u00a0\u00bb link=\u00a0\u00bburl:http%3A%2F%2Faline-voinot.com%2Findex.php%2Fpremiere-invasion-du-portugal-et-insurrection-espagnole%2F|||\u00a0\u00bb][\/vc_column_inner][vc_column_inner width=\u00a0\u00bb1\/4&Prime;][vc_btn title=\u00a0\u00bbCampagne de Napol\u00e9on Ier en Espagne\u00a0\u00bb shape=\u00a0\u00bbsquare\u00a0\u00bb color=\u00a0\u00bbprimary\u00a0\u00bb size=\u00a0\u00bblg\u00a0\u00bb align=\u00a0\u00bbcenter\u00a0\u00bb link=\u00a0\u00bburl:http%3A%2F%2Faline-voinot.com%2Findex.php%2Fcampagne-de-napoleon-en-espagne%2F||target:%20_blank|\u00a0\u00bb][\/vc_column_inner][vc_column_inner width=\u00a0\u00bb1\/4&Prime;][vc_btn title=\u00a0\u00bb2e campagne du Portugal et du nord de l&rsquo;Espagne\u00a0\u00bb shape=\u00a0\u00bbsquare\u00a0\u00bb color=\u00a0\u00bbwhite\u00a0\u00bb size=\u00a0\u00bblg\u00a0\u00bb align=\u00a0\u00bbcenter\u00a0\u00bb][\/vc_column_inner][vc_column_inner width=\u00a0\u00bb1\/4&Prime;][vc_btn title=\u00a0\u00bbCampagne de Castille et d&rsquo;Andalousi\u00a0\u00bb shape=\u00a0\u00bbsquare\u00a0\u00bb color=\u00a0\u00bbprimary\u00a0\u00bb size=\u00a0\u00bblg\u00a0\u00bb align=\u00a0\u00bbcenter\u00a0\u00bb i_align=\u00a0\u00bbright\u00a0\u00bb add_icon=\u00a0\u00bbtrue\u00a0\u00bb link=\u00a0\u00bburl:http%3A%2F%2Faline-voinot.com%2Findex.php%2Fcampagne-de-castille-et-dandalousi%2F|||\u00a0\u00bb][\/vc_column_inner][\/vc_row_inner][vc_row_inner][vc_column_inner width=\u00a0\u00bb1\/4&Prime;][vc_btn title=\u00a0\u00bbCampagne de Victoria et des Pyr\u00e9n\u00e9es\u00a0\u00bb shape=\u00a0\u00bbsquare\u00a0\u00bb color=\u00a0\u00bbprimary\u00a0\u00bb size=\u00a0\u00bblg\u00a0\u00bb align=\u00a0\u00bbcenter\u00a0\u00bb i_align=\u00a0\u00bbright\u00a0\u00bb i_icon_fontawesome=\u00a0\u00bbfa fa-eye\u00a0\u00bb add_icon=\u00a0\u00bbtrue\u00a0\u00bb link=\u00a0\u00bburl:http%3A%2F%2Faline-voinot.com%2Findex.php%2Fcampagne-de-victoria-et-des-pyrenees%2F|||\u00a0\u00bb][\/vc_column_inner][vc_column_inner width=\u00a0\u00bb1\/4&Prime;][vc_btn title=\u00a0\u00bbTrait\u00e9 de Valen\u00e7ay\u00a0\u00bb shape=\u00a0\u00bbsquare\u00a0\u00bb color=\u00a0\u00bbwhite\u00a0\u00bb size=\u00a0\u00bblg\u00a0\u00bb align=\u00a0\u00bbcenter\u00a0\u00bb][\/vc_column_inner][vc_column_inner width=\u00a0\u00bb1\/4&Prime;][vc_btn title=\u00a0\u00bbCampagne d&rsquo;Aragon et de Catalogne\u00a0\u00bb shape=\u00a0\u00bbsquare\u00a0\u00bb color=\u00a0\u00bbwhite\u00a0\u00bb size=\u00a0\u00bblg\u00a0\u00bb align=\u00a0\u00bbcenter\u00a0\u00bb][\/vc_column_inner][vc_column_inner width=\u00a0\u00bb1\/4&Prime;][vc_btn title=\u00a0\u00bbCampagne de Castille\u00a0\u00bb shape=\u00a0\u00bbsquare\u00a0\u00bb color=\u00a0\u00bbwhite\u00a0\u00bb size=\u00a0\u00bblg\u00a0\u00bb align=\u00a0\u00bbcenter\u00a0\u00bb][\/vc_column_inner][\/vc_row_inner][\/vc_column][\/vc_row][vc_row][vc_column width=\u00a0\u00bb1\/3&Prime;][vc_single_image image=\u00a0\u00bb4036&Prime; img_size=\u00a0\u00bbfull\u00a0\u00bb onclick=\u00a0\u00bbcustom_link\u00a0\u00bb img_link_target=\u00a0\u00bb_blank\u00a0\u00bb css=\u00a0\u00bb.vc_custom_1521737707095{margin-bottom: -10px !important;}\u00a0\u00bb link=\u00a0\u00bbhttp:\/\/https:\/\/www.westpoint.edu\/history\/SiteAssets\/SitePages\/Napoleonic%20War\/Nap36.gif\u00a0\u00bb][vc_btn title=\u00a0\u00bb1. Situation dans la pe\u0301ninsule Ibe\u0301rique &#8211; au 21 aout 1808 &#8211; E\u0301ve\u0301nements majeurs de juin \u00e0 ao\u00fbt 1808&Prime; color=\u00a0\u00bbwhite\u00a0\u00bb size=\u00a0\u00bblg\u00a0\u00bb align=\u00a0\u00bbcenter\u00a0\u00bb i_align=\u00a0\u00bbright\u00a0\u00bb i_icon_fontawesome=\u00a0\u00bbfa fa-eye\u00a0\u00bb add_icon=\u00a0\u00bbtrue\u00a0\u00bb][\/vc_column][vc_column width=\u00a0\u00bb1\/3&Prime;][vc_single_image image=\u00a0\u00bb4037&Prime; img_size=\u00a0\u00bbfull\u00a0\u00bb onclick=\u00a0\u00bbcustom_link\u00a0\u00bb img_link_target=\u00a0\u00bb_blank\u00a0\u00bb css=\u00a0\u00bb.vc_custom_1521737728353{margin-bottom: -10px !important;}\u00a0\u00bb link=\u00a0\u00bbhttps:\/\/www.westpoint.edu\/history\/SiteAssets\/SitePages\/Napoleonic%20War\/Nap37.gif\u00a0\u00bb][vc_btn title=\u00a0\u00bb2. Situation dans la pe\u0301ninsule Ibe\u0301rique &#8211; au 20 janvier 1809 &#8211; Mouvements majeurs depuis octobre1808&Prime; color=\u00a0\u00bbwhite\u00a0\u00bb size=\u00a0\u00bblg\u00a0\u00bb align=\u00a0\u00bbcenter\u00a0\u00bb i_align=\u00a0\u00bbright\u00a0\u00bb i_icon_fontawesome=\u00a0\u00bbfa fa-eye\u00a0\u00bb add_icon=\u00a0\u00bbtrue\u00a0\u00bb][\/vc_column][vc_column width=\u00a0\u00bb1\/3&Prime;][vc_single_image image=\u00a0\u00bb4038&Prime; img_size=\u00a0\u00bbfull\u00a0\u00bb onclick=\u00a0\u00bblink_image\u00a0\u00bb css=\u00a0\u00bb.vc_custom_1521737741461{margin-bottom: -10px !important;}\u00a0\u00bb][vc_btn title=\u00a0\u00bb3. Situation dans la pe\u0301ninsule Ibe\u0301rique  &#8211; E\u0301ve\u0301nements majeurs 1808-1814&Prime; color=\u00a0\u00bbwhite\u00a0\u00bb size=\u00a0\u00bblg\u00a0\u00bb align=\u00a0\u00bbcenter\u00a0\u00bb i_align=\u00a0\u00bbright\u00a0\u00bb i_icon_fontawesome=\u00a0\u00bbfa fa-eye\u00a0\u00bb add_icon=\u00a0\u00bbtrue\u00a0\u00bb][\/vc_column][\/vc_row]<\/p>\n","protected":false},"excerpt":{"rendered":"<p>[vc_row full_width=\u00a0\u00bbstretch_row\u00a0\u00bb css=\u00a0\u00bb.vc_custom_1521064525244{background-color: #6d4a6d !important;}\u00a0\u00bb][vc_column width=\u00a0\u00bb1\/2&Prime;][vc_column_text] SYNOPSIS BELLLIGERANTS Empire fran\u00e7ais&nbsp; contre la 5eme coalition constitu\u00e9e du Royaume d&rsquo;Espagne (Bourbon), Royaume du Portugal et Royaume-Uni de Grande-Bretagne et d&rsquo;Irlande DATE 1808 &#8211; 1814 LIEU Espagne, Portugal, Sud-ouest de la France R\u00c9SULTATS<\/p>\n","protected":false},"author":1,"featured_media":0,"parent":0,"menu_order":0,"comment_status":"closed","ping_status":"closed","template":"","meta":{"footnotes":""},"class_list":["post-3945","page","type-page","status-publish","hentry"],"yoast_head":"<!-- This site is optimized with the Yoast SEO plugin v22.8 - https:\/\/yoast.com\/wordpress\/plugins\/seo\/ -->\n<title>Guerre d&#039;Espagne - L&#039;Histoire est un roman...<\/title>\n<meta name=\"robots\" content=\"index, follow, max-snippet:-1, max-image-preview:large, max-video-preview:-1\" \/>\n<link rel=\"canonical\" href=\"https:\/\/aline-voinot.com\/index.php\/guerre-despagne\/\" \/>\n<meta property=\"og:locale\" content=\"fr_FR\" \/>\n<meta property=\"og:type\" content=\"article\" \/>\n<meta property=\"og:title\" content=\"Guerre d&#039;Espagne - L&#039;Histoire est un roman...\" \/>\n<meta property=\"og:description\" content=\"[vc_row full_width=\u00a0\u00bbstretch_row\u00a0\u00bb css=\u00a0\u00bb.vc_custom_1521064525244{background-color: #6d4a6d !important;}\u00a0\u00bb][vc_column width=\u00a0\u00bb1\/2&Prime;][vc_column_text] SYNOPSIS BELLLIGERANTS Empire fran\u00e7ais&nbsp; contre la 5eme coalition constitu\u00e9e du Royaume d&rsquo;Espagne (Bourbon), Royaume du Portugal et Royaume-Uni de Grande-Bretagne et d&rsquo;Irlande DATE 1808 &#8211; 1814 LIEU Espagne, Portugal, Sud-ouest de la France R\u00c9SULTATS\" \/>\n<meta property=\"og:url\" content=\"https:\/\/aline-voinot.com\/index.php\/guerre-despagne\/\" \/>\n<meta property=\"og:site_name\" content=\"L&#039;Histoire est un roman...\" \/>\n<meta property=\"article:modified_time\" content=\"2020-06-08T16:43:35+00:00\" \/>\n<meta name=\"twitter:card\" content=\"summary_large_image\" \/>\n<meta name=\"twitter:label1\" content=\"Dur\u00e9e de lecture estim\u00e9e\" \/>\n\t<meta name=\"twitter:data1\" content=\"4 minutes\" \/>\n<script type=\"application\/ld+json\" class=\"yoast-schema-graph\">{\"@context\":\"https:\/\/schema.org\",\"@graph\":[{\"@type\":\"WebPage\",\"@id\":\"https:\/\/aline-voinot.com\/index.php\/guerre-despagne\/\",\"url\":\"https:\/\/aline-voinot.com\/index.php\/guerre-despagne\/\",\"name\":\"Guerre d'Espagne - L&#039;Histoire est un roman...\",\"isPartOf\":{\"@id\":\"https:\/\/aline-voinot.com\/#website\"},\"datePublished\":\"2018-03-14T21:51:32+00:00\",\"dateModified\":\"2020-06-08T16:43:35+00:00\",\"breadcrumb\":{\"@id\":\"https:\/\/aline-voinot.com\/index.php\/guerre-despagne\/#breadcrumb\"},\"inLanguage\":\"fr-FR\",\"potentialAction\":[{\"@type\":\"ReadAction\",\"target\":[\"https:\/\/aline-voinot.com\/index.php\/guerre-despagne\/\"]}]},{\"@type\":\"BreadcrumbList\",\"@id\":\"https:\/\/aline-voinot.com\/index.php\/guerre-despagne\/#breadcrumb\",\"itemListElement\":[{\"@type\":\"ListItem\",\"position\":1,\"name\":\"Accueil\",\"item\":\"https:\/\/aline-voinot.com\/\"},{\"@type\":\"ListItem\",\"position\":2,\"name\":\"Guerre d&rsquo;Espagne\"}]},{\"@type\":\"WebSite\",\"@id\":\"https:\/\/aline-voinot.com\/#website\",\"url\":\"https:\/\/aline-voinot.com\/\",\"name\":\"L&#039;Histoire est un roman...\",\"description\":\"&quot;Destins connus, destins crois\u00e9s&quot; la premi\u00e8re encyclop\u00e9die romanc\u00e9e...\",\"potentialAction\":[{\"@type\":\"SearchAction\",\"target\":{\"@type\":\"EntryPoint\",\"urlTemplate\":\"https:\/\/aline-voinot.com\/?s={search_term_string}\"},\"query-input\":\"required name=search_term_string\"}],\"inLanguage\":\"fr-FR\"}]}<\/script>\n<!-- \/ Yoast SEO plugin. -->","yoast_head_json":{"title":"Guerre d'Espagne - L&#039;Histoire est un roman...","robots":{"index":"index","follow":"follow","max-snippet":"max-snippet:-1","max-image-preview":"max-image-preview:large","max-video-preview":"max-video-preview:-1"},"canonical":"https:\/\/aline-voinot.com\/index.php\/guerre-despagne\/","og_locale":"fr_FR","og_type":"article","og_title":"Guerre d'Espagne - L&#039;Histoire est un roman...","og_description":"[vc_row full_width=\u00a0\u00bbstretch_row\u00a0\u00bb css=\u00a0\u00bb.vc_custom_1521064525244{background-color: #6d4a6d !important;}\u00a0\u00bb][vc_column width=\u00a0\u00bb1\/2&Prime;][vc_column_text] SYNOPSIS BELLLIGERANTS Empire fran\u00e7ais&nbsp; contre la 5eme coalition constitu\u00e9e du Royaume d&rsquo;Espagne (Bourbon), Royaume du Portugal et Royaume-Uni de Grande-Bretagne et d&rsquo;Irlande DATE 1808 &#8211; 1814 LIEU Espagne, Portugal, Sud-ouest de la France R\u00c9SULTATS","og_url":"https:\/\/aline-voinot.com\/index.php\/guerre-despagne\/","og_site_name":"L&#039;Histoire est un roman...","article_modified_time":"2020-06-08T16:43:35+00:00","twitter_card":"summary_large_image","twitter_misc":{"Dur\u00e9e de lecture estim\u00e9e":"4 minutes"},"schema":{"@context":"https:\/\/schema.org","@graph":[{"@type":"WebPage","@id":"https:\/\/aline-voinot.com\/index.php\/guerre-despagne\/","url":"https:\/\/aline-voinot.com\/index.php\/guerre-despagne\/","name":"Guerre d'Espagne - L&#039;Histoire est un roman...","isPartOf":{"@id":"https:\/\/aline-voinot.com\/#website"},"datePublished":"2018-03-14T21:51:32+00:00","dateModified":"2020-06-08T16:43:35+00:00","breadcrumb":{"@id":"https:\/\/aline-voinot.com\/index.php\/guerre-despagne\/#breadcrumb"},"inLanguage":"fr-FR","potentialAction":[{"@type":"ReadAction","target":["https:\/\/aline-voinot.com\/index.php\/guerre-despagne\/"]}]},{"@type":"BreadcrumbList","@id":"https:\/\/aline-voinot.com\/index.php\/guerre-despagne\/#breadcrumb","itemListElement":[{"@type":"ListItem","position":1,"name":"Accueil","item":"https:\/\/aline-voinot.com\/"},{"@type":"ListItem","position":2,"name":"Guerre d&rsquo;Espagne"}]},{"@type":"WebSite","@id":"https:\/\/aline-voinot.com\/#website","url":"https:\/\/aline-voinot.com\/","name":"L&#039;Histoire est un roman...","description":"&quot;Destins connus, destins crois\u00e9s&quot; la premi\u00e8re encyclop\u00e9die romanc\u00e9e...","potentialAction":[{"@type":"SearchAction","target":{"@type":"EntryPoint","urlTemplate":"https:\/\/aline-voinot.com\/?s={search_term_string}"},"query-input":"required name=search_term_string"}],"inLanguage":"fr-FR"}]}},"_links":{"self":[{"href":"https:\/\/aline-voinot.com\/index.php\/wp-json\/wp\/v2\/pages\/3945","targetHints":{"allow":["GET"]}}],"collection":[{"href":"https:\/\/aline-voinot.com\/index.php\/wp-json\/wp\/v2\/pages"}],"about":[{"href":"https:\/\/aline-voinot.com\/index.php\/wp-json\/wp\/v2\/types\/page"}],"author":[{"embeddable":true,"href":"https:\/\/aline-voinot.com\/index.php\/wp-json\/wp\/v2\/users\/1"}],"replies":[{"embeddable":true,"href":"https:\/\/aline-voinot.com\/index.php\/wp-json\/wp\/v2\/comments?post=3945"}],"version-history":[{"count":0,"href":"https:\/\/aline-voinot.com\/index.php\/wp-json\/wp\/v2\/pages\/3945\/revisions"}],"wp:attachment":[{"href":"https:\/\/aline-voinot.com\/index.php\/wp-json\/wp\/v2\/media?parent=3945"}],"curies":[{"name":"wp","href":"https:\/\/api.w.org\/{rel}","templated":true}]}}