{"id":4047,"date":"2018-03-22T18:25:03","date_gmt":"2018-03-22T17:25:03","guid":{"rendered":"http:\/\/aline-voinot.com\/?page_id=4047"},"modified":"2021-06-22T20:27:35","modified_gmt":"2021-06-22T18:27:35","slug":"premiere-invasion-du-portugal-et-insurrection-espagnole","status":"publish","type":"page","link":"https:\/\/aline-voinot.com\/index.php\/premiere-invasion-du-portugal-et-insurrection-espagnole\/","title":{"rendered":"Premi\u00e8re invasion du Portugal et insurrection espagnole"},"content":{"rendered":"<p>[vc_row full_width=\u00a0\u00bbstretch_row\u00a0\u00bb css=\u00a0\u00bb.vc_custom_1519929301374{background-color: #376092 !important;}\u00a0\u00bb][vc_column width=\u00a0\u00bb1\/2&Prime;][vc_column_text]<\/p>\n<h6 style=\"text-align: center;\"><span style=\"color: #ffffff;\"><strong>SYNOPSIS<\/strong><\/span><\/h6>\n<table>\n<tbody>\n<tr>\n<td width=\"88\"><span style=\"color: #ffffff;\"><strong>BELLLIGERANTS<\/strong><\/span><\/td>\n<td width=\"365\"><span style=\"color: #ffffff;\"><strong>Empire fran\u00e7ais contre Grande-Bretagne, Royaume du Portugal<\/strong><\/span><\/td>\n<\/tr>\n<tr>\n<td width=\"88\"><span style=\"color: #ffffff;\"><strong>DATE<\/strong><\/span><\/td>\n<td width=\"365\"><span style=\"color: #ffffff;\"><strong>20 novembre 1807 \u00e0 novembre 1808<\/strong><\/span><\/td>\n<\/tr>\n<tr>\n<td width=\"88\"><span style=\"color: #ffffff;\"><strong>LIEU<\/strong><\/span><\/td>\n<td width=\"365\"><span style=\"color: #ffffff;\"><strong>Portugal et Espagne<\/strong><\/span><\/td>\n<\/tr>\n<tr>\n<td width=\"88\"><span style=\"color: #ffffff;\"><strong>CONTEXTE<\/strong><\/span><\/td>\n<td width=\"365\"><span style=\"color: #ffffff;\">Napol\u00e9on d\u00e9cide d&rsquo;envahir le Portugal\u00a0pour punir les\u00a0Bragance\u00a0d&rsquo;avoir refus\u00e9 d&rsquo;appliquer le\u00a0blocus continental dirig\u00e9 contre le Royaume-Uni<\/span>.<\/td>\n<\/tr>\n<tr>\n<td width=\"88\"><span style=\"color: #ffffff;\"><strong>R\u00c9SULTATS<\/strong><\/span><\/td>\n<td width=\"365\"><span style=\"color: #ffffff;\"><strong>Victoire fran\u00e7aise<\/strong><\/span><\/td>\n<\/tr>\n<tr>\n<td width=\"88\"><span style=\"color: #ffffff;\"><strong>CONS\u00c9QUENCES<\/strong><\/span><\/td>\n<td width=\"365\"><span style=\"color: #ffffff;\"><strong>Guerre p\u00e9ninsulaire au Portugal<\/strong><\/span><\/p>\n<p><span style=\"color: #ffffff;\"><strong>Guerre d&rsquo;Ind\u00e9pendance espagnole<\/strong><\/span><\/p>\n<p><span style=\"color: #ffffff;\"><strong>Convention de Sintra<\/strong><\/span><\/td>\n<\/tr>\n<\/tbody>\n<\/table>\n<p>[\/vc_column_text][\/vc_column][vc_column width=\u00a0\u00bb1\/4&Prime;][vc_column_text]<\/p>\n<h6 style=\"text-align: center;\"><span style=\"color: #ffffff;\">PREMIER EMPIRE FRAN\u00c7AIS<\/span><\/h6>\n<p style=\"text-align: center;\"><span style=\"color: #ffffff;\">&#8211;<\/span><\/p>\n<p>[\/vc_column_text][vc_btn title=\u00a0\u00bbPrincipax commandants\u00a0\u00bb shape=\u00a0\u00bbsquare\u00a0\u00bb color=\u00a0\u00bbmulled-wine\u00a0\u00bb size=\u00a0\u00bblg\u00a0\u00bb align=\u00a0\u00bbright\u00a0\u00bb i_align=\u00a0\u00bbright\u00a0\u00bb i_icon_fontawesome=\u00a0\u00bbfa fa-eye\u00a0\u00bb button_block=\u00a0\u00bbtrue\u00a0\u00bb add_icon=\u00a0\u00bbtrue\u00a0\u00bb][vc_column_text]<span style=\"color: #ffffff;\">Jean-Andoche Junot (Fr)<\/span>[\/vc_column_text][vc_btn title=\u00a0\u00bbTome 1&Prime; color=\u00a0\u00bbdanger\u00a0\u00bb size=\u00a0\u00bbxs\u00a0\u00bb][\/vc_column][vc_column width=\u00a0\u00bb1\/4&Prime;][vc_column_text]<\/p>\n<h6 style=\"text-align: center;\"><span style=\"color: #ffffff;\">QUATRIEME COALITION<\/span><\/h6>\n<p style=\"text-align: center;\"><span style=\"color: #ffffff;\">&#8211;<\/span><\/p>\n<p>[\/vc_column_text][vc_btn title=\u00a0\u00bbPrincipax commandants\u00a0\u00bb shape=\u00a0\u00bbsquare\u00a0\u00bb color=\u00a0\u00bbmulled-wine\u00a0\u00bb size=\u00a0\u00bblg\u00a0\u00bb align=\u00a0\u00bbright\u00a0\u00bb i_align=\u00a0\u00bbright\u00a0\u00bb i_icon_fontawesome=\u00a0\u00bbfa fa-eye\u00a0\u00bb button_block=\u00a0\u00bbtrue\u00a0\u00bb add_icon=\u00a0\u00bbtrue\u00a0\u00bb][vc_column_text]<strong><span style=\"color: #ffffff;\">Arm\u00e9e portugaise<\/span><br \/>\n<\/strong>[\/vc_column_text][\/vc_column][\/vc_row][vc_row][vc_column][vc_row_inner][vc_column_inner width=\u00a0\u00bb1\/3&Prime;][vc_single_image image=\u00a0\u00bb23962&Prime; img_size=\u00a0\u00bbfull\u00a0\u00bb alignment=\u00a0\u00bbcenter\u00a0\u00bb onclick=\u00a0\u00bbcustom_link\u00a0\u00bb img_link_target=\u00a0\u00bb_blank\u00a0\u00bb css=\u00a0\u00bb.vc_custom_1591699988748{margin-bottom: -10px !important;}\u00a0\u00bb link=\u00a0\u00bbhttps:\/\/fr.wikipedia.org\/wiki\/Soul%C3%A8vement_du_Dos_de_Mayo#\/media\/File:El_dos_de_mayo_de_1808_en_Madrid.jpg\u00a0\u00bb][vc_btn title=\u00a0\u00bbInvasion du Portugal et insurrection espagnole &#8211; Madrid &#8211; Le 2 mai 1808 ou La Charge des Mamelouks &#8211; Francisco Goya &#8211; Muse\u0301e du Prado, Madrid (Espagne)\u00a0\u00bb style=\u00a0\u00bbclassic\u00a0\u00bb shape=\u00a0\u00bbsquare\u00a0\u00bb color=\u00a0\u00bbdefault\u00a0\u00bb align=\u00a0\u00bbcenter\u00a0\u00bb i_align=\u00a0\u00bbright\u00a0\u00bb i_icon_fontawesome=\u00a0\u00bbfa fa-eye\u00a0\u00bb add_icon=\u00a0\u00bbtrue\u00a0\u00bb css=\u00a0\u00bb.vc_custom_1521740498354{margin-top: -5px !important;margin-left: -5px !important;}\u00a0\u00bb link=\u00a0\u00bb||target:%20_blank|\u00a0\u00bb][\/vc_column_inner][vc_column_inner width=\u00a0\u00bb1\/3&Prime;][vc_single_image image=\u00a0\u00bb23956&Prime; img_size=\u00a0\u00bbfull\u00a0\u00bb alignment=\u00a0\u00bbcenter\u00a0\u00bb onclick=\u00a0\u00bbcustom_link\u00a0\u00bb img_link_target=\u00a0\u00bb_blank\u00a0\u00bb css=\u00a0\u00bb.vc_custom_1591699999110{margin-bottom: -10px !important;}\u00a0\u00bb link=\u00a0\u00bbhttps:\/\/fr.wikipedia.org\/wiki\/Bataille_de_El_Bruc#\/media\/File:Bataille_de_Bruc.jpg\u00a0\u00bb][vc_btn title=\u00a0\u00bbInvasion du Portugal et insurrection espagnole &#8211; Bataille de Bruc (de\u0301tail) &#8211; 6 juin 1808 &#8211; Ramo\u0301n Marti\u0301 Alsina &#8211; Lieu de conservation inconnu\u00a0\u00bb style=\u00a0\u00bbclassic\u00a0\u00bb shape=\u00a0\u00bbsquare\u00a0\u00bb color=\u00a0\u00bbdefault\u00a0\u00bb align=\u00a0\u00bbcenter\u00a0\u00bb i_align=\u00a0\u00bbright\u00a0\u00bb i_icon_fontawesome=\u00a0\u00bbfa fa-eye\u00a0\u00bb add_icon=\u00a0\u00bbtrue\u00a0\u00bb css=\u00a0\u00bb.vc_custom_1521740784485{margin-top: -5px !important;margin-left: -5px !important;}\u00a0\u00bb link=\u00a0\u00bburl:https%3A%2F%2Ffr.wikipedia.org%2Fwiki%2FBataille_de_Saalfeld%23%2Fmedia%2FFile%3AHeldentod_der_Prinzen_Louis_Ferdinand_bei_Saalfeld.jpg||target:%20_blank|\u00a0\u00bb][\/vc_column_inner][vc_column_inner width=\u00a0\u00bb1\/3&Prime;][vc_single_image image=\u00a0\u00bb23964&Prime; img_size=\u00a0\u00bbfull\u00a0\u00bb alignment=\u00a0\u00bbcenter\u00a0\u00bb onclick=\u00a0\u00bbcustom_link\u00a0\u00bb img_link_target=\u00a0\u00bb_blank\u00a0\u00bb css=\u00a0\u00bb.vc_custom_1591700009193{margin-bottom: -10px !important;}\u00a0\u00bb link=\u00a0\u00bbhttps:\/\/fr.wikipedia.org\/wiki\/Soul%C3%A8vement_de_Valdepe%C3%B1as#\/media\/File:6-de-junio-1808.jpg\u00a0\u00bb][vc_btn title=\u00a0\u00bb Invasion du Portugal et insurrection espagnole &#8211; Combat de Valdepen\u0303as contre les troupes napole\u0301oniennes &#8211; 6 juin 1808 &#8211; Peintre et lieu de conservation inconnu\u00a0\u00bb style=\u00a0\u00bbclassic\u00a0\u00bb shape=\u00a0\u00bbsquare\u00a0\u00bb color=\u00a0\u00bbdefault\u00a0\u00bb align=\u00a0\u00bbcenter\u00a0\u00bb i_align=\u00a0\u00bbright\u00a0\u00bb i_icon_fontawesome=\u00a0\u00bbfa fa-eye\u00a0\u00bb add_icon=\u00a0\u00bbtrue\u00a0\u00bb css=\u00a0\u00bb.vc_custom_1521740844643{margin-top: -5px !important;margin-left: -5px !important;}\u00a0\u00bb link=\u00a0\u00bb||target:%20_blank|\u00a0\u00bb][\/vc_column_inner][\/vc_row_inner][vc_row_inner][vc_column_inner width=\u00a0\u00bb1\/3&Prime;][vc_single_image image=\u00a0\u00bb23955&Prime; img_size=\u00a0\u00bbfull\u00a0\u00bb alignment=\u00a0\u00bbcenter\u00a0\u00bb onclick=\u00a0\u00bbcustom_link\u00a0\u00bb img_link_target=\u00a0\u00bb_blank\u00a0\u00bb css=\u00a0\u00bb.vc_custom_1591700023130{margin-bottom: -10px !important;}\u00a0\u00bb link=\u00a0\u00bbhttps:\/\/fr.wikipedia.org\/wiki\/Bataille_de_Bail%C3%A9n#\/media\/File:La_Rendici%C3%B3n_de_Bail%C3%A9n_(Casado_del_Alisal).jpg\u00a0\u00bb][vc_btn title=\u00a0\u00bbInvasion du Portugal et insurrection espagnole &#8211; Bataille de Baile\u0301n &#8211; 19 au 22 juillet 2808 &#8211; La Reddition de Baile\u0301n &#8211; Jose\u0301 Casado del Alisal &#8211; muse\u0301e du Prado, Madrid (Espagne)\u00a0\u00bb style=\u00a0\u00bbclassic\u00a0\u00bb shape=\u00a0\u00bbsquare\u00a0\u00bb color=\u00a0\u00bbdefault\u00a0\u00bb align=\u00a0\u00bbcenter\u00a0\u00bb i_align=\u00a0\u00bbright\u00a0\u00bb i_icon_fontawesome=\u00a0\u00bbfa fa-eye\u00a0\u00bb add_icon=\u00a0\u00bbtrue\u00a0\u00bb css=\u00a0\u00bb.vc_custom_1521740956182{margin-top: -5px !important;margin-left: -5px !important;}\u00a0\u00bb link=\u00a0\u00bb||target:%20_blank|\u00a0\u00bb][\/vc_column_inner][vc_column_inner width=\u00a0\u00bb1\/3&Prime;][vc_single_image image=\u00a0\u00bb23958&Prime; img_size=\u00a0\u00bbfull\u00a0\u00bb alignment=\u00a0\u00bbcenter\u00a0\u00bb onclick=\u00a0\u00bbcustom_link\u00a0\u00bb img_link_target=\u00a0\u00bb_blank\u00a0\u00bb css=\u00a0\u00bb.vc_custom_1591700033392{margin-bottom: -10px !important;}\u00a0\u00bb link=\u00a0\u00bbhttps:\/\/fr.wikipedia.org\/wiki\/Bataille_de_Roli%C3%A7a#\/media\/File:Batalha_da_Roli%C3%A7a.jpg\u00a0\u00bb][vc_btn title=\u00a0\u00bb Invasion du Portugal et insurrection espagnole &#8211; Bataille de la Rolic\u0327a &#8211; William Heath &#8211; Biblioteca Nacional de Portugal, Lisbonne (Portugal)\u00a0\u00bb style=\u00a0\u00bbclassic\u00a0\u00bb shape=\u00a0\u00bbsquare\u00a0\u00bb color=\u00a0\u00bbdefault\u00a0\u00bb align=\u00a0\u00bbcenter\u00a0\u00bb i_align=\u00a0\u00bbright\u00a0\u00bb i_icon_fontawesome=\u00a0\u00bbfa fa-eye\u00a0\u00bb add_icon=\u00a0\u00bbtrue\u00a0\u00bb css=\u00a0\u00bb.vc_custom_1521741014959{margin-top: -5px !important;margin-left: -5px !important;}\u00a0\u00bb link=\u00a0\u00bburl:https%3A%2F%2Ffr.wikipedia.org%2Fwiki%2FBataille_d%2527I%25C3%25A9na%23%2Fmedia%2FFile%3AIena.jpg||target:%20_blank|\u00a0\u00bb][\/vc_column_inner][vc_column_inner width=\u00a0\u00bb1\/3&Prime;][vc_single_image image=\u00a0\u00bb23959&Prime; img_size=\u00a0\u00bbfull\u00a0\u00bb alignment=\u00a0\u00bbcenter\u00a0\u00bb onclick=\u00a0\u00bbcustom_link\u00a0\u00bb img_link_target=\u00a0\u00bb_blank\u00a0\u00bb css=\u00a0\u00bb.vc_custom_1591700043706{margin-bottom: -10px !important;}\u00a0\u00bb link=\u00a0\u00bbhttps:\/\/fr.wikipedia.org\/wiki\/Bataille_de_Vimeiro#\/media\/File:Batalha_do_Vimeiro.jpg\u00a0\u00bb][vc_btn title=\u00a0\u00bbInvasion du Portugal et insurrection espagnole &#8211; Bataille du Vimeiro, Lourinha\u0303 &#8211; 20 aou\u0302t 1808 &#8211; J. Cardini esculp e D. Schioppetta delin &#8211; Imagem Biblioteca Nacional\u00a0\u00bb style=\u00a0\u00bbclassic\u00a0\u00bb shape=\u00a0\u00bbsquare\u00a0\u00bb color=\u00a0\u00bbdefault\u00a0\u00bb align=\u00a0\u00bbcenter\u00a0\u00bb i_align=\u00a0\u00bbright\u00a0\u00bb i_icon_fontawesome=\u00a0\u00bbfa fa-eye\u00a0\u00bb add_icon=\u00a0\u00bbtrue\u00a0\u00bb css=\u00a0\u00bb.vc_custom_1591701091575{margin-top: -5px !important;margin-left: -5px !important;}\u00a0\u00bb link=\u00a0\u00bburl:https%3A%2F%2Ffr.wikipedia.org%2Fwiki%2FBataille_d%2527I%25C3%25A9na%23%2Fmedia%2FFile%3AIena.jpg||target:%20_blank|\u00a0\u00bb][\/vc_column_inner][\/vc_row_inner][vc_column_text css=\u00a0\u00bb.vc_custom_1521019712993{padding-top: 10px !important;padding-bottom: 10px !important;background-color: #272727 !important;}\u00a0\u00bb]<\/p>\n<p style=\"text-align: center;\"><span style=\"color: #ffffff;\">\u00c9V\u00c9NEMENTS &#8211; H\u00c9RITAGES<\/span><\/p>\n<p>[\/vc_column_text][\/vc_column][\/vc_row][vc_row][vc_column width=\u00a0\u00bb1\/3&Prime;][vc_single_image image=\u00a0\u00bb23969&Prime; img_size=\u00a0\u00bbfull\u00a0\u00bb alignment=\u00a0\u00bbcenter\u00a0\u00bb onclick=\u00a0\u00bbcustom_link\u00a0\u00bb img_link_target=\u00a0\u00bb_blank\u00a0\u00bb css=\u00a0\u00bb.vc_custom_1591700974078{margin-bottom: -10px !important;}\u00a0\u00bb link=\u00a0\u00bbhttps:\/\/fr.wikipedia.org\/wiki\/Bataille_de_Vimeiro#\/media\/File:Batalha_do_Vimeiro.jpg\u00a0\u00bb][vc_btn title=\u00a0\u00bb Le ge\u0301ne\u0301ral napole\u0301onien Andoche Junot &#8211; Henri Fe\u0301lix Emmanuel Philippoteaux &#8211; Ch. de Versailles, Versailles (France)\u00a0\u00bb style=\u00a0\u00bbclassic\u00a0\u00bb shape=\u00a0\u00bbsquare\u00a0\u00bb color=\u00a0\u00bbdefault\u00a0\u00bb align=\u00a0\u00bbcenter\u00a0\u00bb i_align=\u00a0\u00bbright\u00a0\u00bb i_icon_fontawesome=\u00a0\u00bbfa fa-eye\u00a0\u00bb add_icon=\u00a0\u00bbtrue\u00a0\u00bb css=\u00a0\u00bb.vc_custom_1591701604655{margin-top: -5px !important;margin-left: -5px !important;}\u00a0\u00bb link=\u00a0\u00bburl:https%3A%2F%2Ffr.wikipedia.org%2Fwiki%2FJean_VI_(roi_de_Portugal)%23%2Fmedia%2FFichier%3AGeneral_Jean_Andoche_Junot.jpg||target:%20_blank|\u00a0\u00bb][vc_column_text]<\/p>\n<p>[\/vc_column_text][\/vc_column][vc_column width=\u00a0\u00bb1\/3&Prime;][vc_empty_space height=\u00a0\u00bb45px\u00a0\u00bb][vc_column_text]Junot prend Lisbonne sans r\u00e9sistance de l&rsquo;arm\u00e9e portugaise. La famille royale est en fuite et a d\u00e9cid\u00e9 de transf\u00e9rer la couronne au Br\u00e9sil. Elle perdra ainsi sa l\u00e9gitimit\u00e9 qui la conduira \u00e0 sa chute en 1910.<\/p>\n<p>Lisbonne est traumatis\u00e9e car, elle vient de subir un important tremblement de terre, une longue p\u00e9riode de crise enlise le Portugal. Junot prend le titre de gouverneur g\u00e9n\u00e9ral et s&rsquo;installe \u00e0 Lisbonne au Palais du Baron de Quintela.<\/p>\n<p>Le\u00a0<abbr class=\"abbr\" title=\"Premier\">1<sup>er<\/sup><\/abbr> f\u00e9vrier 1808, Junot dissout le Conseil de la R\u00e9gence et le remplace par un conseil militaire qu&rsquo;il pr\u00e9side lui-m\u00eame. Il fait proclamer la destitution de la Maison royale de Bragance.\u00a0 Dans les actes publics, le nom du Prince R\u00e9gent est remplac\u00e9 par le nom de l&rsquo;Empereur, les armes portugaises sont remplac\u00e9es par les armes fran\u00e7aises. L&rsquo;arm\u00e9e portugaise est dissoute. Seule reste en activit\u00e9 une force de 9 000 hommes, connue sous le nom de L\u00e9gion portugaise. Elle est envoy\u00e9e hors du pays afin d&rsquo;int\u00e9grer l&rsquo;arm\u00e9e napol\u00e9onienne.[\/vc_column_text][\/vc_column][vc_column width=\u00a0\u00bb1\/3&Prime;][vc_single_image image=\u00a0\u00bb23967&Prime; img_size=\u00a0\u00bbfull\u00a0\u00bb alignment=\u00a0\u00bbcenter\u00a0\u00bb onclick=\u00a0\u00bbcustom_link\u00a0\u00bb img_link_target=\u00a0\u00bb_blank\u00a0\u00bb css=\u00a0\u00bb.vc_custom_1591701066866{margin-bottom: -10px !important;}\u00a0\u00bb link=\u00a0\u00bbhttps:\/\/fr.wikipedia.org\/wiki\/Bataille_de_Vimeiro#\/media\/File:Batalha_do_Vimeiro.jpg\u00a0\u00bb][vc_btn title=\u00a0\u00bbLe roi Jean VI du Portugal &#8211; Jean-Baptiste Debret &#8211; Muse\u0301e National d&rsquo;Histoire du Bre\u0301sil, Rio de Janeiro (Bre\u0301sil)\u00a0\u00bb style=\u00a0\u00bbclassic\u00a0\u00bb shape=\u00a0\u00bbsquare\u00a0\u00bb color=\u00a0\u00bbdefault\u00a0\u00bb align=\u00a0\u00bbcenter\u00a0\u00bb i_align=\u00a0\u00bbright\u00a0\u00bb i_icon_fontawesome=\u00a0\u00bbfa fa-eye\u00a0\u00bb add_icon=\u00a0\u00bbtrue\u00a0\u00bb css=\u00a0\u00bb.vc_custom_1591701509759{margin-top: -5px !important;margin-left: -5px !important;}\u00a0\u00bb link=\u00a0\u00bburl:https%3A%2F%2Ffr.wikipedia.org%2Fwiki%2FJean-Baptiste_Debret%23%2Fmedia%2FFichier%3ADebret-djo%25C3%25A3oVI-MHN.jpg||target:%20_blank|\u00a0\u00bb][\/vc_column][\/vc_row]<\/p>\n","protected":false},"excerpt":{"rendered":"<p>[vc_row full_width=\u00a0\u00bbstretch_row\u00a0\u00bb css=\u00a0\u00bb.vc_custom_1519929301374{background-color: #376092 !important;}\u00a0\u00bb][vc_column width=\u00a0\u00bb1\/2&Prime;][vc_column_text] SYNOPSIS BELLLIGERANTS Empire fran\u00e7ais contre Grande-Bretagne, Royaume du Portugal DATE 20 novembre 1807 \u00e0 novembre 1808 LIEU Portugal et Espagne CONTEXTE Napol\u00e9on d\u00e9cide d&rsquo;envahir le Portugal\u00a0pour punir les\u00a0Bragance\u00a0d&rsquo;avoir refus\u00e9 d&rsquo;appliquer le\u00a0blocus continental dirig\u00e9 contre<\/p>\n","protected":false},"author":1,"featured_media":0,"parent":0,"menu_order":0,"comment_status":"closed","ping_status":"closed","template":"","meta":{"footnotes":""},"class_list":["post-4047","page","type-page","status-publish","hentry"],"yoast_head":"<!-- This site is optimized with the Yoast SEO plugin v22.8 - https:\/\/yoast.com\/wordpress\/plugins\/seo\/ -->\n<title>Premi\u00e8re invasion du Portugal et insurrection espagnole - L&#039;Histoire est un roman...<\/title>\n<meta name=\"robots\" content=\"index, follow, max-snippet:-1, max-image-preview:large, max-video-preview:-1\" \/>\n<link rel=\"canonical\" href=\"https:\/\/aline-voinot.com\/index.php\/premiere-invasion-du-portugal-et-insurrection-espagnole\/\" \/>\n<meta property=\"og:locale\" content=\"fr_FR\" \/>\n<meta property=\"og:type\" content=\"article\" \/>\n<meta property=\"og:title\" content=\"Premi\u00e8re invasion du Portugal et insurrection espagnole - L&#039;Histoire est un roman...\" \/>\n<meta property=\"og:description\" content=\"[vc_row full_width=\u00a0\u00bbstretch_row\u00a0\u00bb css=\u00a0\u00bb.vc_custom_1519929301374{background-color: #376092 !important;}\u00a0\u00bb][vc_column width=\u00a0\u00bb1\/2&Prime;][vc_column_text] SYNOPSIS BELLLIGERANTS Empire fran\u00e7ais contre Grande-Bretagne, Royaume du Portugal DATE 20 novembre 1807 \u00e0 novembre 1808 LIEU Portugal et Espagne CONTEXTE Napol\u00e9on d\u00e9cide d&rsquo;envahir le Portugal\u00a0pour punir les\u00a0Bragance\u00a0d&rsquo;avoir refus\u00e9 d&rsquo;appliquer le\u00a0blocus continental dirig\u00e9 contre\" \/>\n<meta property=\"og:url\" content=\"https:\/\/aline-voinot.com\/index.php\/premiere-invasion-du-portugal-et-insurrection-espagnole\/\" \/>\n<meta property=\"og:site_name\" content=\"L&#039;Histoire est un roman...\" \/>\n<meta property=\"article:modified_time\" content=\"2021-06-22T18:27:35+00:00\" \/>\n<meta name=\"twitter:card\" content=\"summary_large_image\" \/>\n<meta name=\"twitter:label1\" content=\"Dur\u00e9e de lecture estim\u00e9e\" \/>\n\t<meta name=\"twitter:data1\" content=\"7 minutes\" \/>\n<script type=\"application\/ld+json\" class=\"yoast-schema-graph\">{\"@context\":\"https:\/\/schema.org\",\"@graph\":[{\"@type\":\"WebPage\",\"@id\":\"https:\/\/aline-voinot.com\/index.php\/premiere-invasion-du-portugal-et-insurrection-espagnole\/\",\"url\":\"https:\/\/aline-voinot.com\/index.php\/premiere-invasion-du-portugal-et-insurrection-espagnole\/\",\"name\":\"Premi\u00e8re invasion du Portugal et insurrection espagnole - L&#039;Histoire est un roman...\",\"isPartOf\":{\"@id\":\"https:\/\/aline-voinot.com\/#website\"},\"datePublished\":\"2018-03-22T17:25:03+00:00\",\"dateModified\":\"2021-06-22T18:27:35+00:00\",\"breadcrumb\":{\"@id\":\"https:\/\/aline-voinot.com\/index.php\/premiere-invasion-du-portugal-et-insurrection-espagnole\/#breadcrumb\"},\"inLanguage\":\"fr-FR\",\"potentialAction\":[{\"@type\":\"ReadAction\",\"target\":[\"https:\/\/aline-voinot.com\/index.php\/premiere-invasion-du-portugal-et-insurrection-espagnole\/\"]}]},{\"@type\":\"BreadcrumbList\",\"@id\":\"https:\/\/aline-voinot.com\/index.php\/premiere-invasion-du-portugal-et-insurrection-espagnole\/#breadcrumb\",\"itemListElement\":[{\"@type\":\"ListItem\",\"position\":1,\"name\":\"Accueil\",\"item\":\"https:\/\/aline-voinot.com\/\"},{\"@type\":\"ListItem\",\"position\":2,\"name\":\"Premi\u00e8re invasion du Portugal et insurrection espagnole\"}]},{\"@type\":\"WebSite\",\"@id\":\"https:\/\/aline-voinot.com\/#website\",\"url\":\"https:\/\/aline-voinot.com\/\",\"name\":\"L&#039;Histoire est un roman...\",\"description\":\"&quot;Destins connus, destins crois\u00e9s&quot; la premi\u00e8re encyclop\u00e9die romanc\u00e9e...\",\"potentialAction\":[{\"@type\":\"SearchAction\",\"target\":{\"@type\":\"EntryPoint\",\"urlTemplate\":\"https:\/\/aline-voinot.com\/?s={search_term_string}\"},\"query-input\":\"required name=search_term_string\"}],\"inLanguage\":\"fr-FR\"}]}<\/script>\n<!-- \/ Yoast SEO plugin. -->","yoast_head_json":{"title":"Premi\u00e8re invasion du Portugal et insurrection espagnole - L&#039;Histoire est un roman...","robots":{"index":"index","follow":"follow","max-snippet":"max-snippet:-1","max-image-preview":"max-image-preview:large","max-video-preview":"max-video-preview:-1"},"canonical":"https:\/\/aline-voinot.com\/index.php\/premiere-invasion-du-portugal-et-insurrection-espagnole\/","og_locale":"fr_FR","og_type":"article","og_title":"Premi\u00e8re invasion du Portugal et insurrection espagnole - L&#039;Histoire est un roman...","og_description":"[vc_row full_width=\u00a0\u00bbstretch_row\u00a0\u00bb css=\u00a0\u00bb.vc_custom_1519929301374{background-color: #376092 !important;}\u00a0\u00bb][vc_column width=\u00a0\u00bb1\/2&Prime;][vc_column_text] SYNOPSIS BELLLIGERANTS Empire fran\u00e7ais contre Grande-Bretagne, Royaume du Portugal DATE 20 novembre 1807 \u00e0 novembre 1808 LIEU Portugal et Espagne CONTEXTE Napol\u00e9on d\u00e9cide d&rsquo;envahir le Portugal\u00a0pour punir les\u00a0Bragance\u00a0d&rsquo;avoir refus\u00e9 d&rsquo;appliquer le\u00a0blocus continental dirig\u00e9 contre","og_url":"https:\/\/aline-voinot.com\/index.php\/premiere-invasion-du-portugal-et-insurrection-espagnole\/","og_site_name":"L&#039;Histoire est un roman...","article_modified_time":"2021-06-22T18:27:35+00:00","twitter_card":"summary_large_image","twitter_misc":{"Dur\u00e9e de lecture estim\u00e9e":"7 minutes"},"schema":{"@context":"https:\/\/schema.org","@graph":[{"@type":"WebPage","@id":"https:\/\/aline-voinot.com\/index.php\/premiere-invasion-du-portugal-et-insurrection-espagnole\/","url":"https:\/\/aline-voinot.com\/index.php\/premiere-invasion-du-portugal-et-insurrection-espagnole\/","name":"Premi\u00e8re invasion du Portugal et insurrection espagnole - L&#039;Histoire est un roman...","isPartOf":{"@id":"https:\/\/aline-voinot.com\/#website"},"datePublished":"2018-03-22T17:25:03+00:00","dateModified":"2021-06-22T18:27:35+00:00","breadcrumb":{"@id":"https:\/\/aline-voinot.com\/index.php\/premiere-invasion-du-portugal-et-insurrection-espagnole\/#breadcrumb"},"inLanguage":"fr-FR","potentialAction":[{"@type":"ReadAction","target":["https:\/\/aline-voinot.com\/index.php\/premiere-invasion-du-portugal-et-insurrection-espagnole\/"]}]},{"@type":"BreadcrumbList","@id":"https:\/\/aline-voinot.com\/index.php\/premiere-invasion-du-portugal-et-insurrection-espagnole\/#breadcrumb","itemListElement":[{"@type":"ListItem","position":1,"name":"Accueil","item":"https:\/\/aline-voinot.com\/"},{"@type":"ListItem","position":2,"name":"Premi\u00e8re invasion du Portugal et insurrection espagnole"}]},{"@type":"WebSite","@id":"https:\/\/aline-voinot.com\/#website","url":"https:\/\/aline-voinot.com\/","name":"L&#039;Histoire est un roman...","description":"&quot;Destins connus, destins crois\u00e9s&quot; la premi\u00e8re encyclop\u00e9die romanc\u00e9e...","potentialAction":[{"@type":"SearchAction","target":{"@type":"EntryPoint","urlTemplate":"https:\/\/aline-voinot.com\/?s={search_term_string}"},"query-input":"required name=search_term_string"}],"inLanguage":"fr-FR"}]}},"_links":{"self":[{"href":"https:\/\/aline-voinot.com\/index.php\/wp-json\/wp\/v2\/pages\/4047","targetHints":{"allow":["GET"]}}],"collection":[{"href":"https:\/\/aline-voinot.com\/index.php\/wp-json\/wp\/v2\/pages"}],"about":[{"href":"https:\/\/aline-voinot.com\/index.php\/wp-json\/wp\/v2\/types\/page"}],"author":[{"embeddable":true,"href":"https:\/\/aline-voinot.com\/index.php\/wp-json\/wp\/v2\/users\/1"}],"replies":[{"embeddable":true,"href":"https:\/\/aline-voinot.com\/index.php\/wp-json\/wp\/v2\/comments?post=4047"}],"version-history":[{"count":0,"href":"https:\/\/aline-voinot.com\/index.php\/wp-json\/wp\/v2\/pages\/4047\/revisions"}],"wp:attachment":[{"href":"https:\/\/aline-voinot.com\/index.php\/wp-json\/wp\/v2\/media?parent=4047"}],"curies":[{"name":"wp","href":"https:\/\/api.w.org\/{rel}","templated":true}]}}