{"id":505,"date":"2017-10-24T10:22:35","date_gmt":"2017-10-24T08:22:35","guid":{"rendered":"http:\/\/aline-voinot.com\/?page_id=505"},"modified":"2017-11-06T12:18:38","modified_gmt":"2017-11-06T11:18:38","slug":"recamier-juliette-portrait","status":"publish","type":"page","link":"https:\/\/aline-voinot.com\/index.php\/recamier-juliette-portrait\/","title":{"rendered":"R\u00c9CAMIER Juliette &#8211;  Portrait &#8211; (1777-1849)"},"content":{"rendered":"<p>[vc_row css=\u00a0\u00bb.vc_custom_1508922560459{border-top-width: 1px !important;border-right-width: 1px !important;border-bottom-width: 1px !important;border-left-width: 1px !important;border-left-color: #545454 !important;border-left-style: solid !important;border-right-color: #545454 !important;border-right-style: solid !important;border-top-color: #545454 !important;border-top-style: solid !important;border-bottom-color: #545454 !important;border-bottom-style: solid !important;border-radius: 1px !important;}\u00a0\u00bb][vc_column width=\u00a0\u00bb1\/3&Prime; css=\u00a0\u00bb.vc_custom_1508922772018{border-top-width: 1px !important;border-right-width: 1px !important;border-bottom-width: 1px !important;border-left-width: 1px !important;}\u00a0\u00bb][vc_single_image image=\u00a0\u00bb284&Prime; img_size=\u00a0\u00bb150X150&Prime; alignment=\u00a0\u00bbcenter\u00a0\u00bb style=\u00a0\u00bbvc_box_rounded\u00a0\u00bb css=\u00a0\u00bb.vc_custom_1508829130650{margin-bottom: -10px !important;}\u00a0\u00bb][vc_column_text css=\u00a0\u00bb.vc_custom_1508829141597{margin-top: -10px !important;margin-bottom: 0px !important;}\u00a0\u00bb]<\/p>\n<p style=\"text-align: center;\"><span style=\"color: #000000;\">Juliette R\u00c9CAMIER<\/span><\/p>\n<p><span style=\"color: #000000;\">[\/vc_column_text][vc_column_text css=\u00a0\u00bb.vc_custom_1508829259736{margin-top: px !important;margin-bottom: 0px !important;}\u00a0\u00bb]<\/span><\/p>\n<p style=\"text-align: center;\"><span style=\"color: #000000;\"><strong>Lyon (1777) &#8211; Paris (1849)<\/strong><\/span><\/p>\n<p><span style=\"color: #000000;\">[\/vc_column_text][vc_column_text css=\u00a0\u00bb.vc_custom_1508829468003{margin-top: 0px !important;margin-bottom: 0px !important;}\u00a0\u00bb]<\/span><\/p>\n<p style=\"text-align: center;\"><span style=\"color: #000000;\"><em><strong>Salonni\u00e8re &#8211; Femme d&rsquo;esprit<\/strong><\/em><\/span><\/p>\n<p><span style=\"color: #000000;\">[\/vc_column_text][vc_column_text css=\u00a0\u00bb.vc_custom_1508921952855{margin-top: 0px !important;margin-bottom: 0px !important;}\u00a0\u00bb]<\/span><\/p>\n<p style=\"text-align: center;\"><strong><span style=\"color: #000000;\">TOMES : 1 +2 +3<\/span><\/strong><\/p>\n<p>[\/vc_column_text][\/vc_column][vc_column width=\u00a0\u00bb1\/3&Prime; css=\u00a0\u00bb.vc_custom_1508922736524{border-top-width: 1px !important;border-right-width: 1px !important;border-bottom-width: 1px !important;border-left-width: 1px !important;}\u00a0\u00bb][vc_column_text css=\u00a0\u00bb.vc_custom_1508921971788{margin-top: 0px !important;margin-bottom: 0px !important;}\u00a0\u00bb]<\/p>\n<p style=\"text-align: center;\"><span style=\"color: #000000;\"><strong>Fran\u00e7aise\u00a0<\/strong> \u00a0 \u00a0<img loading=\"lazy\" decoding=\"async\" class=\"wp-image-472 alignnone\" src=\"https:\/\/aline-voinot.com\/wp-content\/uploads\/2017\/10\/D-France-300x194.png\" alt=\"\" width=\"30\" height=\"19\" \/><\/span><\/p>\n<p>[\/vc_column_text][vc_separator][vc_column_text css=\u00a0\u00bb.vc_custom_1508922334055{margin-top: px !important;margin-right: 0px !important;margin-bottom: 10px !important;margin-left: 0px !important;}\u00a0\u00bb]<\/p>\n<p style=\"text-align: center;\"><strong><span style=\"color: #000000;\">Mari\u00e9e \u00e0 Jacques-Rose R\u00e9camier<\/span><\/strong><\/p>\n<p style=\"text-align: center;\"><strong><span style=\"color: #000000;\"> (1751-1830)<\/span><\/strong><\/p>\n<p style=\"text-align: center;\"><strong><span style=\"color: #000000;\">Banquier<\/span><\/strong><\/p>\n<p>[\/vc_column_text][vc_separator][vc_column_text css=\u00a0\u00bb.vc_custom_1508924562606{margin-top: px !important;margin-bottom: 0px !important;}\u00a0\u00bb]<\/p>\n<p style=\"text-align: center;\">\u00a0<span style=\"color: #000000;\"><strong>Un enfant : Am\u00e9lie Cyvoct Lenormand\u00a0(1803-1893), \u00e9tait la ni\u00e8ce de Jacques R\u00e9camier, orpheline de m\u00e8re elle fut adopt\u00e9e par Juliette<\/strong><\/span><\/p>\n<p>[\/vc_column_text][vc_empty_space height=\u00a0\u00bb60px\u00a0\u00bb][\/vc_column][vc_column width=\u00a0\u00bb1\/3&Prime;][vc_empty_space height=\u00a0\u00bb60px\u00a0\u00bb][vc_column_text]<\/p>\n<p style=\"text-align: center;\"><strong><span style=\"color: #000000;\">Personnages cl\u00e9s de la saga, elle est la cousine de Mathilde notre h\u00e9ro\u00efne<\/span><\/strong><\/p>\n<p>[\/vc_column_text][vc_separator][vc_single_image image=\u00a0\u00bb496&Prime; img_size=\u00a0\u00bb300X100&Prime; alignment=\u00a0\u00bbcenter\u00a0\u00bb style=\u00a0\u00bbvc_box_rounded\u00a0\u00bb onclick=\u00a0\u00bblink_image\u00a0\u00bb][vc_empty_space height=\u00a0\u00bb8px\u00a0\u00bb][\/vc_column][vc_column][vc_tta_tabs][vc_tta_section i_icon_fontawesome=\u00a0\u00bbfa fa-user\u00a0\u00bb title=\u00a0\u00bbPortraits\u00a0\u00bb tab_id=\u00a0\u00bb1508877212238-5ca98cbb-1454&Prime; add_icon=\u00a0\u00bbtrue\u00a0\u00bb][vc_row_inner][vc_column_inner width=\u00a0\u00bb1\/4&Prime;][vc_single_image image=\u00a0\u00bb284&Prime; img_size=\u00a0\u00bb300X300&Prime; alignment=\u00a0\u00bbcenter\u00a0\u00bb style=\u00a0\u00bbvc_box_rounded\u00a0\u00bb onclick=\u00a0\u00bblink_image\u00a0\u00bb css=\u00a0\u00bb.vc_custom_1508752809236{margin-bottom: -10px !important;}\u00a0\u00bb][vc_column_text css=\u00a0\u00bb.vc_custom_1508752635110{margin-bottom: -10px !important;}\u00a0\u00bb]<\/p>\n<h6><span style=\"color: #000000;\"><strong>Juliette R\u00c9CAMIER<\/strong><\/span><\/h6>\n<p><span style=\"color: #000000;\">[\/vc_column_text][vc_column_text css=\u00a0\u00bb.vc_custom_1508753942520{margin-bottom: -10px !important;}\u00a0\u00bb]<\/span><\/p>\n<p><span style=\"color: #000000;\">(1790-1842)<\/span><\/p>\n<p><span style=\"color: #000000;\">[\/vc_column_text][vc_column_text css=\u00a0\u00bb.vc_custom_1508754179967{margin-bottom: 20px !important;}\u00a0\u00bb]<\/span><\/p>\n<p><span style=\"color: #000000;\"><strong><em>Salonni\u00e8re<\/em><\/strong><\/span><\/p>\n<p><span style=\"color: #000000;\">[\/vc_column_text][\/vc_column_inner][vc_column_inner width=\u00a0\u00bb1\/4&Prime;][vc_single_image image=\u00a0\u00bb287&Prime; img_size=\u00a0\u00bb300X300&Prime; alignment=\u00a0\u00bbcenter\u00a0\u00bb style=\u00a0\u00bbvc_box_rounded\u00a0\u00bb onclick=\u00a0\u00bblink_image\u00a0\u00bb css=\u00a0\u00bb.vc_custom_1508754633588{margin-bottom: -10px !important;}\u00a0\u00bb][vc_column_text css=\u00a0\u00bb.vc_custom_1508752635110{margin-bottom: -10px !important;}\u00a0\u00bb]<\/span><\/p>\n<h6><span style=\"color: #000000;\"><strong>Juliette R\u00c9CAMIER<\/strong><\/span><\/h6>\n<p><span style=\"color: #000000;\">[\/vc_column_text][vc_column_text css=\u00a0\u00bb.vc_custom_1508753942520{margin-bottom: -10px !important;}\u00a0\u00bb]<\/span><\/p>\n<p><span style=\"color: #000000;\">(1790-1842)<\/span><\/p>\n<p><span style=\"color: #000000;\">[\/vc_column_text][vc_column_text css=\u00a0\u00bb.vc_custom_1508754198861{margin-bottom: 20px !important;}\u00a0\u00bb]<\/span><\/p>\n<p><span style=\"color: #000000;\"><strong><em>Salonni\u00e8re<\/em><\/strong><\/span><\/p>\n<p><span style=\"color: #000000;\">[\/vc_column_text][\/vc_column_inner][vc_column_inner width=\u00a0\u00bb1\/4&Prime;][vc_single_image image=\u00a0\u00bb290&Prime; img_size=\u00a0\u00bb300X300&Prime; alignment=\u00a0\u00bbcenter\u00a0\u00bb style=\u00a0\u00bbvc_box_rounded\u00a0\u00bb onclick=\u00a0\u00bblink_image\u00a0\u00bb css=\u00a0\u00bb.vc_custom_1508754035013{margin-bottom: -10px !important;}\u00a0\u00bb][vc_column_text css=\u00a0\u00bb.vc_custom_1508752635110{margin-bottom: -10px !important;}\u00a0\u00bb]<\/span><\/p>\n<h6><span style=\"color: #000000;\"><strong>Juliette R\u00c9CAMIER<\/strong><\/span><\/h6>\n<p><span style=\"color: #000000;\">[\/vc_column_text][vc_column_text css=\u00a0\u00bb.vc_custom_1508753942520{margin-bottom: -10px !important;}\u00a0\u00bb]<\/span><\/p>\n<p><span style=\"color: #000000;\">(1790-1842)<\/span><\/p>\n<p><span style=\"color: #000000;\">[\/vc_column_text][vc_column_text css=\u00a0\u00bb.vc_custom_1508754230092{margin-bottom: 20px !important;}\u00a0\u00bb]<\/span><\/p>\n<p><span style=\"color: #000000;\"><strong><em>Salonni\u00e8re<\/em><\/strong><\/span><\/p>\n<p><span style=\"color: #000000;\">[\/vc_column_text][\/vc_column_inner][vc_column_inner width=\u00a0\u00bb1\/4&Prime;][vc_single_image image=\u00a0\u00bb290&Prime; img_size=\u00a0\u00bb300X300&Prime; alignment=\u00a0\u00bbcenter\u00a0\u00bb style=\u00a0\u00bbvc_box_rounded\u00a0\u00bb onclick=\u00a0\u00bblink_image\u00a0\u00bb css=\u00a0\u00bb.vc_custom_1508754042863{margin-bottom: -10px !important;}\u00a0\u00bb][vc_column_text css=\u00a0\u00bb.vc_custom_1508752635110{margin-bottom: -10px !important;}\u00a0\u00bb]<\/span><\/p>\n<h6><span style=\"color: #000000;\"><strong>Juliette R\u00c9CAMIER<\/strong><\/span><\/h6>\n<p><span style=\"color: #000000;\">[\/vc_column_text][vc_column_text css=\u00a0\u00bb.vc_custom_1508753942520{margin-bottom: -10px !important;}\u00a0\u00bb]<\/span><\/p>\n<p><span style=\"color: #000000;\">(1790-1842)<\/span><\/p>\n<p><span style=\"color: #000000;\">[\/vc_column_text][vc_column_text css=\u00a0\u00bb.vc_custom_1508754242533{margin-bottom: 20px !important;}\u00a0\u00bb]<\/span><\/p>\n<p><span style=\"color: #000000;\"><strong><em>Salonni\u00e8re<\/em><\/strong><\/span><\/p>\n<p><span style=\"color: #000000;\">[\/vc_column_text][\/vc_column_inner][\/vc_row_inner][vc_row_inner][vc_column_inner width=\u00a0\u00bb1\/4&Prime;][vc_single_image image=\u00a0\u00bb284&Prime; img_size=\u00a0\u00bb300X300&Prime; alignment=\u00a0\u00bbcenter\u00a0\u00bb style=\u00a0\u00bbvc_box_rounded\u00a0\u00bb onclick=\u00a0\u00bblink_image\u00a0\u00bb css=\u00a0\u00bb.vc_custom_1508752809236{margin-bottom: -10px !important;}\u00a0\u00bb][vc_column_text css=\u00a0\u00bb.vc_custom_1508752635110{margin-bottom: -10px !important;}\u00a0\u00bb]<\/span><\/p>\n<h6><span style=\"color: #000000;\"><strong>Juliette R\u00c9CAMIER<\/strong><\/span><\/h6>\n<p><span style=\"color: #000000;\">[\/vc_column_text][vc_column_text css=\u00a0\u00bb.vc_custom_1508753942520{margin-bottom: -10px !important;}\u00a0\u00bb]<\/span><\/p>\n<p><span style=\"color: #000000;\">(1790-1842)<\/span><\/p>\n<p><span style=\"color: #000000;\">[\/vc_column_text][vc_column_text css=\u00a0\u00bb.vc_custom_1508754179967{margin-bottom: 20px !important;}\u00a0\u00bb]<\/span><\/p>\n<p><span style=\"color: #000000;\"><strong><em>Salonni\u00e8re<\/em><\/strong><\/span><\/p>\n<p><span style=\"color: #000000;\">[\/vc_column_text][\/vc_column_inner][vc_column_inner width=\u00a0\u00bb1\/4&Prime;][vc_single_image image=\u00a0\u00bb287&Prime; img_size=\u00a0\u00bb300X300&Prime; alignment=\u00a0\u00bbcenter\u00a0\u00bb style=\u00a0\u00bbvc_box_rounded\u00a0\u00bb onclick=\u00a0\u00bblink_image\u00a0\u00bb css=\u00a0\u00bb.vc_custom_1508754633588{margin-bottom: -10px !important;}\u00a0\u00bb][vc_column_text css=\u00a0\u00bb.vc_custom_1508752635110{margin-bottom: -10px !important;}\u00a0\u00bb]<\/span><\/p>\n<h6><span style=\"color: #000000;\"><strong>Juliette R\u00c9CAMIER<\/strong><\/span><\/h6>\n<p><span style=\"color: #000000;\">[\/vc_column_text][vc_column_text css=\u00a0\u00bb.vc_custom_1508753942520{margin-bottom: -10px !important;}\u00a0\u00bb]<\/span><\/p>\n<p><span style=\"color: #000000;\">(1790-1842)<\/span><\/p>\n<p><span style=\"color: #000000;\">[\/vc_column_text][vc_column_text css=\u00a0\u00bb.vc_custom_1508754198861{margin-bottom: 20px !important;}\u00a0\u00bb]<\/span><\/p>\n<p><span style=\"color: #000000;\"><strong><em>Salonni\u00e8re<\/em><\/strong><\/span><\/p>\n<p><span style=\"color: #000000;\">[\/vc_column_text][\/vc_column_inner][vc_column_inner width=\u00a0\u00bb1\/4&Prime;][vc_single_image image=\u00a0\u00bb290&Prime; img_size=\u00a0\u00bb300X300&Prime; alignment=\u00a0\u00bbcenter\u00a0\u00bb style=\u00a0\u00bbvc_box_rounded\u00a0\u00bb onclick=\u00a0\u00bblink_image\u00a0\u00bb css=\u00a0\u00bb.vc_custom_1508754035013{margin-bottom: -10px !important;}\u00a0\u00bb][vc_column_text css=\u00a0\u00bb.vc_custom_1508752635110{margin-bottom: -10px !important;}\u00a0\u00bb]<\/span><\/p>\n<h6><span style=\"color: #000000;\"><strong>Juliette R\u00c9CAMIER<\/strong><\/span><\/h6>\n<p><span style=\"color: #000000;\">[\/vc_column_text][vc_column_text css=\u00a0\u00bb.vc_custom_1508753942520{margin-bottom: -10px !important;}\u00a0\u00bb]<\/span><\/p>\n<p><span style=\"color: #000000;\">(1790-1842)<\/span><\/p>\n<p><span style=\"color: #000000;\">[\/vc_column_text][vc_column_text css=\u00a0\u00bb.vc_custom_1508754230092{margin-bottom: 20px !important;}\u00a0\u00bb]<\/span><\/p>\n<p><span style=\"color: #000000;\"><strong><em>Salonni\u00e8re<\/em><\/strong><\/span><\/p>\n<p><span style=\"color: #000000;\">[\/vc_column_text][\/vc_column_inner][vc_column_inner width=\u00a0\u00bb1\/4&Prime;][vc_single_image image=\u00a0\u00bb290&Prime; img_size=\u00a0\u00bb300X300&Prime; alignment=\u00a0\u00bbcenter\u00a0\u00bb style=\u00a0\u00bbvc_box_rounded\u00a0\u00bb onclick=\u00a0\u00bblink_image\u00a0\u00bb css=\u00a0\u00bb.vc_custom_1508754042863{margin-bottom: -10px !important;}\u00a0\u00bb][vc_column_text css=\u00a0\u00bb.vc_custom_1508752635110{margin-bottom: -10px !important;}\u00a0\u00bb]<\/span><\/p>\n<h6><span style=\"color: #000000;\"><strong>Juliette R\u00c9CAMIER<\/strong><\/span><\/h6>\n<p><span style=\"color: #000000;\">[\/vc_column_text][vc_column_text css=\u00a0\u00bb.vc_custom_1508753942520{margin-bottom: -10px !important;}\u00a0\u00bb]<\/span><\/p>\n<p><span style=\"color: #000000;\">(1790-1842)<\/span><\/p>\n<p><span style=\"color: #000000;\">[\/vc_column_text][vc_column_text css=\u00a0\u00bb.vc_custom_1508754242533{margin-bottom: 20px !important;}\u00a0\u00bb]<\/span><\/p>\n<p><span style=\"color: #000000;\"><strong><em>Salonni\u00e8re<\/em><\/strong><\/span><\/p>\n<p><span style=\"color: #000000;\">[\/vc_column_text][\/vc_column_inner][\/vc_row_inner][\/vc_tta_section][vc_tta_section i_icon_fontawesome=\u00a0\u00bbfa fa-map-marker\u00a0\u00bb title=\u00a0\u00bbAdresses\u00a0\u00bb tab_id=\u00a0\u00bb1508877212239-bebe2c55-338b\u00a0\u00bb add_icon=\u00a0\u00bbtrue\u00a0\u00bb][\/vc_tta_section][vc_tta_section i_type=\u00a0\u00bbentypo\u00a0\u00bb i_icon_entypo=\u00a0\u00bbentypo-icon entypo-icon-network\u00a0\u00bb title=\u00a0\u00bbR\u00e9seau Social\u00a0\u00bb tab_id=\u00a0\u00bb1508877426918-343d185f-1b01&Prime; add_icon=\u00a0\u00bbtrue\u00a0\u00bb][\/vc_tta_section][vc_tta_section i_icon_fontawesome=\u00a0\u00bbfa fa-sitemap\u00a0\u00bb title=\u00a0\u00bbG\u00e9n\u00e9alogie\u00a0\u00bb tab_id=\u00a0\u00bb1508877428761-a8048ac8-ef45&Prime; add_icon=\u00a0\u00bbtrue\u00a0\u00bb][\/vc_tta_section][vc_tta_section i_icon_fontawesome=\u00a0\u00bbfa fa-female\u00a0\u00bb title=\u00a0\u00bbMode\u00a0\u00bb tab_id=\u00a0\u00bb1508877430018-1faf93a0-e69e\u00a0\u00bb add_icon=\u00a0\u00bbtrue\u00a0\u00bb][\/vc_tta_section][vc_tta_section i_icon_fontawesome=\u00a0\u00bbfa fa-wifi\u00a0\u00bb title=\u00a0\u00bbRayonnement\u00a0\u00bb tab_id=\u00a0\u00bb1508877431140-ca51a56d-8892&Prime; add_icon=\u00a0\u00bbtrue\u00a0\u00bb][\/vc_tta_section][\/vc_tta_tabs][\/vc_column][\/vc_row][vc_row][vc_column][vc_column_text]<span style=\"color: #000000;\">[\/vc_column_text][\/vc_column][\/vc_row][vc_row][vc_column][vc_empty_space][vc_column_text]<strong>Le lecteur d\u00e9couvre ou red\u00e9couvre ainsi cette tranche d\u2019histoire de mani\u00e8re vivante et divertissante afin de situer dans leur contexte les dates importantes, les mouvements de pens\u00e9e, les inventions et les cr\u00e9ations d\u2019illustres savants et artistes.<\/strong>[\/vc_column_text][\/vc_column][\/vc_row][vc_row][vc_column][vc_column_text]<\/span>[\/vc_column_text][\/vc_column][\/vc_row][vc_row][vc_column][vc_column_text]<\/span>[\/vc_column_text][\/vc_column][\/vc_row]<\/p>\n","protected":false},"excerpt":{"rendered":"<p>[vc_row css=\u00a0\u00bb.vc_custom_1508922560459{border-top-width: 1px !important;border-right-width: 1px !important;border-bottom-width: 1px !important;border-left-width: 1px !important;border-left-color: #545454 !important;border-left-style: solid !important;border-right-color: #545454 !important;border-right-style: solid !important;border-top-color: #545454 !important;border-top-style: solid !important;border-bottom-color: #545454 !important;border-bottom-style: solid !important;border-radius: 1px !important;}\u00a0\u00bb][vc_column width=\u00a0\u00bb1\/3&Prime; css=\u00a0\u00bb.vc_custom_1508922772018{border-top-width: 1px !important;border-right-width: 1px !important;border-bottom-width: 1px !important;border-left-width: 1px !important;}\u00a0\u00bb][vc_single_image image=\u00a0\u00bb284&Prime; img_size=\u00a0\u00bb150X150&Prime;<\/p>\n","protected":false},"author":1,"featured_media":0,"parent":0,"menu_order":0,"comment_status":"closed","ping_status":"closed","template":"","meta":{"footnotes":""},"class_list":["post-505","page","type-page","status-publish","hentry"],"yoast_head":"<!-- This site is optimized with the Yoast SEO plugin v22.8 - https:\/\/yoast.com\/wordpress\/plugins\/seo\/ -->\n<title>R\u00c9CAMIER Juliette - Portrait - (1777-1849) - L&#039;Histoire est un roman...<\/title>\n<meta name=\"robots\" content=\"index, follow, max-snippet:-1, max-image-preview:large, max-video-preview:-1\" \/>\n<link rel=\"canonical\" href=\"https:\/\/aline-voinot.com\/index.php\/recamier-juliette-portrait\/\" \/>\n<meta property=\"og:locale\" content=\"fr_FR\" \/>\n<meta property=\"og:type\" content=\"article\" \/>\n<meta property=\"og:title\" content=\"R\u00c9CAMIER Juliette - Portrait - (1777-1849) - L&#039;Histoire est un roman...\" \/>\n<meta property=\"og:description\" content=\"[vc_row css=\u00a0\u00bb.vc_custom_1508922560459{border-top-width: 1px !important;border-right-width: 1px !important;border-bottom-width: 1px !important;border-left-width: 1px !important;border-left-color: #545454 !important;border-left-style: solid !important;border-right-color: #545454 !important;border-right-style: solid !important;border-top-color: #545454 !important;border-top-style: solid !important;border-bottom-color: #545454 !important;border-bottom-style: solid !important;border-radius: 1px !important;}\u00a0\u00bb][vc_column width=\u00a0\u00bb1\/3&Prime; css=\u00a0\u00bb.vc_custom_1508922772018{border-top-width: 1px !important;border-right-width: 1px !important;border-bottom-width: 1px !important;border-left-width: 1px !important;}\u00a0\u00bb][vc_single_image image=\u00a0\u00bb284&Prime; img_size=\u00a0\u00bb150X150&Prime;\" \/>\n<meta property=\"og:url\" content=\"https:\/\/aline-voinot.com\/index.php\/recamier-juliette-portrait\/\" \/>\n<meta property=\"og:site_name\" content=\"L&#039;Histoire est un roman...\" \/>\n<meta property=\"article:modified_time\" content=\"2017-11-06T11:18:38+00:00\" \/>\n<meta property=\"og:image\" content=\"http:\/\/aline-voinot.com\/wp-content\/uploads\/2017\/10\/D-France-300x194.png\" \/>\n<meta name=\"twitter:card\" content=\"summary_large_image\" \/>\n<meta name=\"twitter:label1\" content=\"Dur\u00e9e de lecture estim\u00e9e\" \/>\n\t<meta name=\"twitter:data1\" content=\"6 minutes\" \/>\n<script type=\"application\/ld+json\" class=\"yoast-schema-graph\">{\"@context\":\"https:\/\/schema.org\",\"@graph\":[{\"@type\":\"WebPage\",\"@id\":\"https:\/\/aline-voinot.com\/index.php\/recamier-juliette-portrait\/\",\"url\":\"https:\/\/aline-voinot.com\/index.php\/recamier-juliette-portrait\/\",\"name\":\"R\u00c9CAMIER Juliette - Portrait - (1777-1849) - L&#039;Histoire est un roman...\",\"isPartOf\":{\"@id\":\"https:\/\/aline-voinot.com\/#website\"},\"primaryImageOfPage\":{\"@id\":\"https:\/\/aline-voinot.com\/index.php\/recamier-juliette-portrait\/#primaryimage\"},\"image\":{\"@id\":\"https:\/\/aline-voinot.com\/index.php\/recamier-juliette-portrait\/#primaryimage\"},\"thumbnailUrl\":\"http:\/\/aline-voinot.com\/wp-content\/uploads\/2017\/10\/D-France-300x194.png\",\"datePublished\":\"2017-10-24T08:22:35+00:00\",\"dateModified\":\"2017-11-06T11:18:38+00:00\",\"breadcrumb\":{\"@id\":\"https:\/\/aline-voinot.com\/index.php\/recamier-juliette-portrait\/#breadcrumb\"},\"inLanguage\":\"fr-FR\",\"potentialAction\":[{\"@type\":\"ReadAction\",\"target\":[\"https:\/\/aline-voinot.com\/index.php\/recamier-juliette-portrait\/\"]}]},{\"@type\":\"ImageObject\",\"inLanguage\":\"fr-FR\",\"@id\":\"https:\/\/aline-voinot.com\/index.php\/recamier-juliette-portrait\/#primaryimage\",\"url\":\"http:\/\/aline-voinot.com\/wp-content\/uploads\/2017\/10\/D-France-300x194.png\",\"contentUrl\":\"http:\/\/aline-voinot.com\/wp-content\/uploads\/2017\/10\/D-France-300x194.png\"},{\"@type\":\"BreadcrumbList\",\"@id\":\"https:\/\/aline-voinot.com\/index.php\/recamier-juliette-portrait\/#breadcrumb\",\"itemListElement\":[{\"@type\":\"ListItem\",\"position\":1,\"name\":\"Accueil\",\"item\":\"https:\/\/aline-voinot.com\/\"},{\"@type\":\"ListItem\",\"position\":2,\"name\":\"R\u00c9CAMIER Juliette &#8211; Portrait &#8211; (1777-1849)\"}]},{\"@type\":\"WebSite\",\"@id\":\"https:\/\/aline-voinot.com\/#website\",\"url\":\"https:\/\/aline-voinot.com\/\",\"name\":\"L&#039;Histoire est un roman...\",\"description\":\"&quot;Destins connus, destins crois\u00e9s&quot; la premi\u00e8re encyclop\u00e9die romanc\u00e9e...\",\"potentialAction\":[{\"@type\":\"SearchAction\",\"target\":{\"@type\":\"EntryPoint\",\"urlTemplate\":\"https:\/\/aline-voinot.com\/?s={search_term_string}\"},\"query-input\":\"required name=search_term_string\"}],\"inLanguage\":\"fr-FR\"}]}<\/script>\n<!-- \/ Yoast SEO plugin. -->","yoast_head_json":{"title":"R\u00c9CAMIER Juliette - Portrait - (1777-1849) - L&#039;Histoire est un roman...","robots":{"index":"index","follow":"follow","max-snippet":"max-snippet:-1","max-image-preview":"max-image-preview:large","max-video-preview":"max-video-preview:-1"},"canonical":"https:\/\/aline-voinot.com\/index.php\/recamier-juliette-portrait\/","og_locale":"fr_FR","og_type":"article","og_title":"R\u00c9CAMIER Juliette - Portrait - (1777-1849) - L&#039;Histoire est un roman...","og_description":"[vc_row css=\u00a0\u00bb.vc_custom_1508922560459{border-top-width: 1px !important;border-right-width: 1px !important;border-bottom-width: 1px !important;border-left-width: 1px !important;border-left-color: #545454 !important;border-left-style: solid !important;border-right-color: #545454 !important;border-right-style: solid !important;border-top-color: #545454 !important;border-top-style: solid !important;border-bottom-color: #545454 !important;border-bottom-style: solid !important;border-radius: 1px !important;}\u00a0\u00bb][vc_column width=\u00a0\u00bb1\/3&Prime; css=\u00a0\u00bb.vc_custom_1508922772018{border-top-width: 1px !important;border-right-width: 1px !important;border-bottom-width: 1px !important;border-left-width: 1px !important;}\u00a0\u00bb][vc_single_image image=\u00a0\u00bb284&Prime; img_size=\u00a0\u00bb150X150&Prime;","og_url":"https:\/\/aline-voinot.com\/index.php\/recamier-juliette-portrait\/","og_site_name":"L&#039;Histoire est un roman...","article_modified_time":"2017-11-06T11:18:38+00:00","og_image":[{"url":"http:\/\/aline-voinot.com\/wp-content\/uploads\/2017\/10\/D-France-300x194.png"}],"twitter_card":"summary_large_image","twitter_misc":{"Dur\u00e9e de lecture estim\u00e9e":"6 minutes"},"schema":{"@context":"https:\/\/schema.org","@graph":[{"@type":"WebPage","@id":"https:\/\/aline-voinot.com\/index.php\/recamier-juliette-portrait\/","url":"https:\/\/aline-voinot.com\/index.php\/recamier-juliette-portrait\/","name":"R\u00c9CAMIER Juliette - Portrait - (1777-1849) - L&#039;Histoire est un roman...","isPartOf":{"@id":"https:\/\/aline-voinot.com\/#website"},"primaryImageOfPage":{"@id":"https:\/\/aline-voinot.com\/index.php\/recamier-juliette-portrait\/#primaryimage"},"image":{"@id":"https:\/\/aline-voinot.com\/index.php\/recamier-juliette-portrait\/#primaryimage"},"thumbnailUrl":"http:\/\/aline-voinot.com\/wp-content\/uploads\/2017\/10\/D-France-300x194.png","datePublished":"2017-10-24T08:22:35+00:00","dateModified":"2017-11-06T11:18:38+00:00","breadcrumb":{"@id":"https:\/\/aline-voinot.com\/index.php\/recamier-juliette-portrait\/#breadcrumb"},"inLanguage":"fr-FR","potentialAction":[{"@type":"ReadAction","target":["https:\/\/aline-voinot.com\/index.php\/recamier-juliette-portrait\/"]}]},{"@type":"ImageObject","inLanguage":"fr-FR","@id":"https:\/\/aline-voinot.com\/index.php\/recamier-juliette-portrait\/#primaryimage","url":"http:\/\/aline-voinot.com\/wp-content\/uploads\/2017\/10\/D-France-300x194.png","contentUrl":"http:\/\/aline-voinot.com\/wp-content\/uploads\/2017\/10\/D-France-300x194.png"},{"@type":"BreadcrumbList","@id":"https:\/\/aline-voinot.com\/index.php\/recamier-juliette-portrait\/#breadcrumb","itemListElement":[{"@type":"ListItem","position":1,"name":"Accueil","item":"https:\/\/aline-voinot.com\/"},{"@type":"ListItem","position":2,"name":"R\u00c9CAMIER Juliette &#8211; Portrait &#8211; (1777-1849)"}]},{"@type":"WebSite","@id":"https:\/\/aline-voinot.com\/#website","url":"https:\/\/aline-voinot.com\/","name":"L&#039;Histoire est un roman...","description":"&quot;Destins connus, destins crois\u00e9s&quot; la premi\u00e8re encyclop\u00e9die romanc\u00e9e...","potentialAction":[{"@type":"SearchAction","target":{"@type":"EntryPoint","urlTemplate":"https:\/\/aline-voinot.com\/?s={search_term_string}"},"query-input":"required name=search_term_string"}],"inLanguage":"fr-FR"}]}},"_links":{"self":[{"href":"https:\/\/aline-voinot.com\/index.php\/wp-json\/wp\/v2\/pages\/505","targetHints":{"allow":["GET"]}}],"collection":[{"href":"https:\/\/aline-voinot.com\/index.php\/wp-json\/wp\/v2\/pages"}],"about":[{"href":"https:\/\/aline-voinot.com\/index.php\/wp-json\/wp\/v2\/types\/page"}],"author":[{"embeddable":true,"href":"https:\/\/aline-voinot.com\/index.php\/wp-json\/wp\/v2\/users\/1"}],"replies":[{"embeddable":true,"href":"https:\/\/aline-voinot.com\/index.php\/wp-json\/wp\/v2\/comments?post=505"}],"version-history":[{"count":0,"href":"https:\/\/aline-voinot.com\/index.php\/wp-json\/wp\/v2\/pages\/505\/revisions"}],"wp:attachment":[{"href":"https:\/\/aline-voinot.com\/index.php\/wp-json\/wp\/v2\/media?parent=505"}],"curies":[{"name":"wp","href":"https:\/\/api.w.org\/{rel}","templated":true}]}}